{"id":2982,"date":"2020-03-19T11:53:41","date_gmt":"2020-03-19T14:53:41","guid":{"rendered":"https:\/\/ciavento.com.br\/2024\/?post_type=product&#038;p=2982"},"modified":"2020-04-23T17:14:29","modified_gmt":"2020-04-23T20:14:29","slug":"ventilador-de-parede-ventisilva-50-silencioso-e-potente","status":"publish","type":"product","link":"https:\/\/ciavento.com.br\/2024\/produto\/ventiladores\/ventiladores-de-parede\/ventilador-de-parede-ventisilva-50-silencioso-e-potente\/","title":{"rendered":"Ventilador de Parede Ventisilva 50 Silencioso e Potente"},"content":{"rendered":"<p><strong>Caracter\u00edsticas T\u00e9cnicas:<\/strong><\/p>\n<p>&#8211;\u00a0Di\u00e2metro: 50 cm<br \/>\n&#8211;\u00a0Carca\u00e7a: Nylon<br \/>\n&#8211;\u00a0Tens\u00e3o: 127 \/ 220 V<br \/>\n&#8211;\u00a0Pot\u00eancia: 137\/135 W<br \/>\n&#8211;\u00a0Rota\u00e7\u00e3o: 1570\/1480 RPM<br \/>\n&#8211;\u00a0Ru\u00eddo: 70 dBA<br \/>\n&#8211;\u00a0Frequ\u00eancia: 60 Hz<br \/>\n&#8211;\u00a0Acabamento: Grade em pintura Epoxi<\/p>\n","protected":false},"excerpt":{"rendered":"<p>O ventilador de parede VENTISILVA modelo VENTI50P \u00e9 resistente, silencioso e de f\u00e1cil manuseio.<br \/>\nIdeal para todos os ambientes que necessitem de uma excelente circula\u00e7\u00e3o de ar.<br \/>\nEste ventilador possui protetor t\u00e9rmico auto-relig\u00e1vel e interruptor &#8220;liga-desliga&#8221; com controle de velocidade cont\u00ednuo.<\/p>\n","protected":false},"featured_media":3156,"template":"","meta":[],"yoast_head":"<!-- This site is optimized with the Yoast SEO plugin v20.0 - https:\/\/yoast.com\/wordpress\/plugins\/seo\/ -->\n<title>Ventilador de Parede Ventisilva 50 Silencioso e Potente - Cia do Vento<\/title>\n<meta name=\"robots\" content=\"index, follow, max-snippet:-1, max-image-preview:large, max-video-preview:-1\" \/>\n<link rel=\"canonical\" href=\"https:\/\/ciavento.com.br\/2024\/produto\/ventiladores\/ventiladores-de-parede\/ventilador-de-parede-ventisilva-50-silencioso-e-potente\/\" \/>\n<meta property=\"og:locale\" content=\"pt_BR\" \/>\n<meta property=\"og:type\" content=\"article\" \/>\n<meta property=\"og:title\" content=\"Ventilador de Parede Ventisilva 50 Silencioso e Potente - Cia do Vento\" \/>\n<meta property=\"og:description\" content=\"O ventilador de parede VENTISILVA modelo VENTI50P \u00e9 resistente, silencioso e de f\u00e1cil manuseio. Ideal para todos os ambientes que necessitem de uma excelente circula\u00e7\u00e3o de ar. Este ventilador possui protetor t\u00e9rmico auto-relig\u00e1vel e interruptor &quot;liga-desliga&quot; com controle de velocidade cont\u00ednuo.\" \/>\n<meta property=\"og:url\" content=\"https:\/\/ciavento.com.br\/2024\/produto\/ventiladores\/ventiladores-de-parede\/ventilador-de-parede-ventisilva-50-silencioso-e-potente\/\" \/>\n<meta property=\"og:site_name\" content=\"Cia do Vento\" \/>\n<meta property=\"article:modified_time\" content=\"2020-04-23T20:14:29+00:00\" \/>\n<meta property=\"og:image\" content=\"https:\/\/ciavento.com.br\/2024\/wp-content\/uploads\/2020\/03\/parede-ventisilva-50cm-cromado.jpg\" \/>\n\t<meta property=\"og:image:width\" content=\"600\" \/>\n\t<meta property=\"og:image:height\" content=\"600\" \/>\n\t<meta property=\"og:image:type\" content=\"image\/jpeg\" \/>\n<meta name=\"twitter:card\" content=\"summary_large_image\" \/>\n<script type=\"application\/ld+json\" class=\"yoast-schema-graph\">{\"@context\":\"https:\/\/schema.org\",\"@graph\":[{\"@type\":\"WebPage\",\"@id\":\"https:\/\/ciavento.com.br\/2024\/produto\/ventiladores\/ventiladores-de-parede\/ventilador-de-parede-ventisilva-50-silencioso-e-potente\/\",\"url\":\"https:\/\/ciavento.com.br\/2024\/produto\/ventiladores\/ventiladores-de-parede\/ventilador-de-parede-ventisilva-50-silencioso-e-potente\/\",\"name\":\"Ventilador de Parede Ventisilva 50 Silencioso e Potente - Cia do Vento\",\"isPartOf\":{\"@id\":\"https:\/\/ciavento.com.br\/2024\/#website\"},\"datePublished\":\"2020-03-19T14:53:41+00:00\",\"dateModified\":\"2020-04-23T20:14:29+00:00\",\"breadcrumb\":{\"@id\":\"https:\/\/ciavento.com.br\/2024\/produto\/ventiladores\/ventiladores-de-parede\/ventilador-de-parede-ventisilva-50-silencioso-e-potente\/#breadcrumb\"},\"inLanguage\":\"pt-BR\",\"potentialAction\":[{\"@type\":\"ReadAction\",\"target\":[\"https:\/\/ciavento.com.br\/2024\/produto\/ventiladores\/ventiladores-de-parede\/ventilador-de-parede-ventisilva-50-silencioso-e-potente\/\"]}]},{\"@type\":\"BreadcrumbList\",\"@id\":\"https:\/\/ciavento.com.br\/2024\/produto\/ventiladores\/ventiladores-de-parede\/ventilador-de-parede-ventisilva-50-silencioso-e-potente\/#breadcrumb\",\"itemListElement\":[{\"@type\":\"ListItem\",\"position\":1,\"name\":\"In\u00edcio\",\"item\":\"https:\/\/ciavento.com.br\/2024\/\"},{\"@type\":\"ListItem\",\"position\":2,\"name\":\"Linha de Produtos\",\"item\":\"https:\/\/ciavento.com.br\/2024\/shop\/\"},{\"@type\":\"ListItem\",\"position\":3,\"name\":\"Ventilador de Parede Ventisilva 50 Silencioso e Potente\"}]},{\"@type\":\"WebSite\",\"@id\":\"https:\/\/ciavento.com.br\/2024\/#website\",\"url\":\"https:\/\/ciavento.com.br\/2024\/\",\"name\":\"Cia do Vento\",\"description\":\"VENTILADORES \u00b7 Ver VENTILADORES \u00b7 Ventiladores de Parede \u00b7 Ventiladores de Coluna \u00b7 Ventiladores de Mesa \u00b7 Ventiladores de Teto \u00b7 Circuladores de Ar.\",\"publisher\":{\"@id\":\"https:\/\/ciavento.com.br\/2024\/#organization\"},\"potentialAction\":[{\"@type\":\"SearchAction\",\"target\":{\"@type\":\"EntryPoint\",\"urlTemplate\":\"https:\/\/ciavento.com.br\/2024\/?s={search_term_string}\"},\"query-input\":\"required name=search_term_string\"}],\"inLanguage\":\"pt-BR\"},{\"@type\":\"Organization\",\"@id\":\"https:\/\/ciavento.com.br\/2024\/#organization\",\"name\":\"Cia do Vento\",\"url\":\"https:\/\/ciavento.com.br\/2024\/\",\"logo\":{\"@type\":\"ImageObject\",\"inLanguage\":\"pt-BR\",\"@id\":\"https:\/\/ciavento.com.br\/2024\/#\/schema\/logo\/image\/\",\"url\":\"https:\/\/ciavento.com.br\/2024\/wp-content\/uploads\/2023\/09\/logo-22.jpg\",\"contentUrl\":\"https:\/\/ciavento.com.br\/2024\/wp-content\/uploads\/2023\/09\/logo-22.jpg\",\"width\":1280,\"height\":617,\"caption\":\"Cia do Vento\"},\"image\":{\"@id\":\"https:\/\/ciavento.com.br\/2024\/#\/schema\/logo\/image\/\"}}]}<\/script>\n<!-- \/ Yoast SEO plugin. -->","yoast_head_json":{"title":"Ventilador de Parede Ventisilva 50 Silencioso e Potente - Cia do Vento","robots":{"index":"index","follow":"follow","max-snippet":"max-snippet:-1","max-image-preview":"max-image-preview:large","max-video-preview":"max-video-preview:-1"},"canonical":"https:\/\/ciavento.com.br\/2024\/produto\/ventiladores\/ventiladores-de-parede\/ventilador-de-parede-ventisilva-50-silencioso-e-potente\/","og_locale":"pt_BR","og_type":"article","og_title":"Ventilador de Parede Ventisilva 50 Silencioso e Potente - Cia do Vento","og_description":"O ventilador de parede VENTISILVA modelo VENTI50P \u00e9 resistente, silencioso e de f\u00e1cil manuseio. Ideal para todos os ambientes que necessitem de uma excelente circula\u00e7\u00e3o de ar. Este ventilador possui protetor t\u00e9rmico auto-relig\u00e1vel e interruptor \"liga-desliga\" com controle de velocidade cont\u00ednuo.","og_url":"https:\/\/ciavento.com.br\/2024\/produto\/ventiladores\/ventiladores-de-parede\/ventilador-de-parede-ventisilva-50-silencioso-e-potente\/","og_site_name":"Cia do Vento","article_modified_time":"2020-04-23T20:14:29+00:00","og_image":[{"width":600,"height":600,"url":"https:\/\/ciavento.com.br\/2024\/wp-content\/uploads\/2020\/03\/parede-ventisilva-50cm-cromado.jpg","type":"image\/jpeg"}],"twitter_card":"summary_large_image","schema":{"@context":"https:\/\/schema.org","@graph":[{"@type":"WebPage","@id":"https:\/\/ciavento.com.br\/2024\/produto\/ventiladores\/ventiladores-de-parede\/ventilador-de-parede-ventisilva-50-silencioso-e-potente\/","url":"https:\/\/ciavento.com.br\/2024\/produto\/ventiladores\/ventiladores-de-parede\/ventilador-de-parede-ventisilva-50-silencioso-e-potente\/","name":"Ventilador de Parede Ventisilva 50 Silencioso e Potente - Cia do Vento","isPartOf":{"@id":"https:\/\/ciavento.com.br\/2024\/#website"},"datePublished":"2020-03-19T14:53:41+00:00","dateModified":"2020-04-23T20:14:29+00:00","breadcrumb":{"@id":"https:\/\/ciavento.com.br\/2024\/produto\/ventiladores\/ventiladores-de-parede\/ventilador-de-parede-ventisilva-50-silencioso-e-potente\/#breadcrumb"},"inLanguage":"pt-BR","potentialAction":[{"@type":"ReadAction","target":["https:\/\/ciavento.com.br\/2024\/produto\/ventiladores\/ventiladores-de-parede\/ventilador-de-parede-ventisilva-50-silencioso-e-potente\/"]}]},{"@type":"BreadcrumbList","@id":"https:\/\/ciavento.com.br\/2024\/produto\/ventiladores\/ventiladores-de-parede\/ventilador-de-parede-ventisilva-50-silencioso-e-potente\/#breadcrumb","itemListElement":[{"@type":"ListItem","position":1,"name":"In\u00edcio","item":"https:\/\/ciavento.com.br\/2024\/"},{"@type":"ListItem","position":2,"name":"Linha de Produtos","item":"https:\/\/ciavento.com.br\/2024\/shop\/"},{"@type":"ListItem","position":3,"name":"Ventilador de Parede Ventisilva 50 Silencioso e Potente"}]},{"@type":"WebSite","@id":"https:\/\/ciavento.com.br\/2024\/#website","url":"https:\/\/ciavento.com.br\/2024\/","name":"Cia do Vento","description":"VENTILADORES \u00b7 Ver VENTILADORES \u00b7 Ventiladores de Parede \u00b7 Ventiladores de Coluna \u00b7 Ventiladores de Mesa \u00b7 Ventiladores de Teto \u00b7 Circuladores de Ar.","publisher":{"@id":"https:\/\/ciavento.com.br\/2024\/#organization"},"potentialAction":[{"@type":"SearchAction","target":{"@type":"EntryPoint","urlTemplate":"https:\/\/ciavento.com.br\/2024\/?s={search_term_string}"},"query-input":"required name=search_term_string"}],"inLanguage":"pt-BR"},{"@type":"Organization","@id":"https:\/\/ciavento.com.br\/2024\/#organization","name":"Cia do Vento","url":"https:\/\/ciavento.com.br\/2024\/","logo":{"@type":"ImageObject","inLanguage":"pt-BR","@id":"https:\/\/ciavento.com.br\/2024\/#\/schema\/logo\/image\/","url":"https:\/\/ciavento.com.br\/2024\/wp-content\/uploads\/2023\/09\/logo-22.jpg","contentUrl":"https:\/\/ciavento.com.br\/2024\/wp-content\/uploads\/2023\/09\/logo-22.jpg","width":1280,"height":617,"caption":"Cia do Vento"},"image":{"@id":"https:\/\/ciavento.com.br\/2024\/#\/schema\/logo\/image\/"}}]}},"_links":{"self":[{"href":"https:\/\/ciavento.com.br\/2024\/wp-json\/wp\/v2\/product\/2982"}],"collection":[{"href":"https:\/\/ciavento.com.br\/2024\/wp-json\/wp\/v2\/product"}],"about":[{"href":"https:\/\/ciavento.com.br\/2024\/wp-json\/wp\/v2\/types\/product"}],"wp:featuredmedia":[{"embeddable":true,"href":"https:\/\/ciavento.com.br\/2024\/wp-json\/wp\/v2\/media\/3156"}],"wp:attachment":[{"href":"https:\/\/ciavento.com.br\/2024\/wp-json\/wp\/v2\/media?parent=2982"}],"curies":[{"name":"wp","href":"https:\/\/api.w.org\/{rel}","templated":true}]}}