{"id":3018,"date":"2020-03-23T08:34:59","date_gmt":"2020-03-23T11:34:59","guid":{"rendered":"https:\/\/ciavento.com.br\/2024\/?post_type=product&#038;p=3018"},"modified":"2020-04-23T17:18:29","modified_gmt":"2020-04-23T20:18:29","slug":"ventilador-de-parede-venti-delta-60-bivolt-ventura","status":"publish","type":"product","link":"https:\/\/ciavento.com.br\/2024\/produto\/ventiladores\/ventiladores-de-parede\/ventilador-de-parede-venti-delta-60-bivolt-ventura\/","title":{"rendered":"Ventilador de Parede Venti-delta 60 Bivolt Ventura"},"content":{"rendered":"<p><strong>Caracter\u00edsticas t\u00e9cnicas:<\/strong><\/p>\n<p>&#8211; H\u00e9lice 3 p\u00e1s<br \/>\n&#8211;\u00a0Grade de 60cm em A\u00e7o com 60fios<br \/>\n&#8211;\u00a0Voltagem: Bivolt (seletor de voltagem no motor)<br \/>\n&#8211;\u00a0Controle de Velocidade Rotativo (Acompanha o produto)<br \/>\n&#8211;\u00a0Suporte de Parede em Nylon injetado<br \/>\n&#8211;\u00a0\u00c1rea de ventila\u00e7\u00e3o : 40 m\u00b2<br \/>\n&#8211;\u00a0Alta potencia com Baixo consumo de energia : 0,20 kW\/h<br \/>\n&#8211;\u00a0Pot\u00eancia : 150 W<br \/>\n&#8211;\u00a0\u00c1rea de Abrang\u00eancia : 120 graus<br \/>\n&#8211;\u00a0RPM : 1350 rpm (127v) e 1430 rpm (220v)<br \/>\n&#8211;\u00a0Vaz\u00e3o : 65m3\/m<\/p>\n","protected":false},"excerpt":{"rendered":"<p>Calor n\u00e3o \u00e9 problema, quando se tem o Ventilador Parede Ventura 60 cm, em seu ambiente. Aqui voc\u00ea encontra!<br \/>\nCom um design moderno e arrojado, o ventilador conta com 3 p\u00e1s, que deixar\u00e1 seu ambiente muito mais agrad\u00e1vel, maior praticidade voc\u00ea ter\u00e1 com o controle de velocidade rotativo.<\/p>\n","protected":false},"featured_media":3019,"template":"","meta":[],"yoast_head":"<!-- This site is optimized with the Yoast SEO plugin v20.0 - https:\/\/yoast.com\/wordpress\/plugins\/seo\/ -->\n<title>Ventilador de Parede Venti-delta 60 Bivolt Ventura - Cia do Vento<\/title>\n<meta name=\"robots\" content=\"index, follow, max-snippet:-1, max-image-preview:large, max-video-preview:-1\" \/>\n<link rel=\"canonical\" href=\"https:\/\/ciavento.com.br\/2024\/produto\/ventiladores\/ventiladores-de-parede\/ventilador-de-parede-venti-delta-60-bivolt-ventura\/\" \/>\n<meta property=\"og:locale\" content=\"pt_BR\" \/>\n<meta property=\"og:type\" content=\"article\" \/>\n<meta property=\"og:title\" content=\"Ventilador de Parede Venti-delta 60 Bivolt Ventura - Cia do Vento\" \/>\n<meta property=\"og:description\" content=\"Calor n\u00e3o \u00e9 problema, quando se tem o Ventilador Parede Ventura 60 cm, em seu ambiente. Aqui voc\u00ea encontra! Com um design moderno e arrojado, o ventilador conta com 3 p\u00e1s, que deixar\u00e1 seu ambiente muito mais agrad\u00e1vel, maior praticidade voc\u00ea ter\u00e1 com o controle de velocidade rotativo.\" \/>\n<meta property=\"og:url\" content=\"https:\/\/ciavento.com.br\/2024\/produto\/ventiladores\/ventiladores-de-parede\/ventilador-de-parede-venti-delta-60-bivolt-ventura\/\" \/>\n<meta property=\"og:site_name\" content=\"Cia do Vento\" \/>\n<meta property=\"article:modified_time\" content=\"2020-04-23T20:18:29+00:00\" \/>\n<meta property=\"og:image\" content=\"https:\/\/ciavento.com.br\/2024\/wp-content\/uploads\/2020\/03\/VP-Delta-60-Ventura-Preto.jpg-.jpg..jpg\" \/>\n\t<meta property=\"og:image:width\" content=\"600\" \/>\n\t<meta property=\"og:image:height\" content=\"600\" \/>\n\t<meta property=\"og:image:type\" content=\"image\/jpeg\" \/>\n<meta name=\"twitter:card\" content=\"summary_large_image\" \/>\n<script type=\"application\/ld+json\" class=\"yoast-schema-graph\">{\"@context\":\"https:\/\/schema.org\",\"@graph\":[{\"@type\":\"WebPage\",\"@id\":\"https:\/\/ciavento.com.br\/2024\/produto\/ventiladores\/ventiladores-de-parede\/ventilador-de-parede-venti-delta-60-bivolt-ventura\/\",\"url\":\"https:\/\/ciavento.com.br\/2024\/produto\/ventiladores\/ventiladores-de-parede\/ventilador-de-parede-venti-delta-60-bivolt-ventura\/\",\"name\":\"Ventilador de Parede Venti-delta 60 Bivolt Ventura - Cia do Vento\",\"isPartOf\":{\"@id\":\"https:\/\/ciavento.com.br\/2024\/#website\"},\"datePublished\":\"2020-03-23T11:34:59+00:00\",\"dateModified\":\"2020-04-23T20:18:29+00:00\",\"breadcrumb\":{\"@id\":\"https:\/\/ciavento.com.br\/2024\/produto\/ventiladores\/ventiladores-de-parede\/ventilador-de-parede-venti-delta-60-bivolt-ventura\/#breadcrumb\"},\"inLanguage\":\"pt-BR\",\"potentialAction\":[{\"@type\":\"ReadAction\",\"target\":[\"https:\/\/ciavento.com.br\/2024\/produto\/ventiladores\/ventiladores-de-parede\/ventilador-de-parede-venti-delta-60-bivolt-ventura\/\"]}]},{\"@type\":\"BreadcrumbList\",\"@id\":\"https:\/\/ciavento.com.br\/2024\/produto\/ventiladores\/ventiladores-de-parede\/ventilador-de-parede-venti-delta-60-bivolt-ventura\/#breadcrumb\",\"itemListElement\":[{\"@type\":\"ListItem\",\"position\":1,\"name\":\"In\u00edcio\",\"item\":\"https:\/\/ciavento.com.br\/2024\/\"},{\"@type\":\"ListItem\",\"position\":2,\"name\":\"Linha de Produtos\",\"item\":\"https:\/\/ciavento.com.br\/2024\/shop\/\"},{\"@type\":\"ListItem\",\"position\":3,\"name\":\"Ventilador de Parede Venti-delta 60 Bivolt Ventura\"}]},{\"@type\":\"WebSite\",\"@id\":\"https:\/\/ciavento.com.br\/2024\/#website\",\"url\":\"https:\/\/ciavento.com.br\/2024\/\",\"name\":\"Cia do Vento\",\"description\":\"VENTILADORES \u00b7 Ver VENTILADORES \u00b7 Ventiladores de Parede \u00b7 Ventiladores de Coluna \u00b7 Ventiladores de Mesa \u00b7 Ventiladores de Teto \u00b7 Circuladores de Ar.\",\"publisher\":{\"@id\":\"https:\/\/ciavento.com.br\/2024\/#organization\"},\"potentialAction\":[{\"@type\":\"SearchAction\",\"target\":{\"@type\":\"EntryPoint\",\"urlTemplate\":\"https:\/\/ciavento.com.br\/2024\/?s={search_term_string}\"},\"query-input\":\"required name=search_term_string\"}],\"inLanguage\":\"pt-BR\"},{\"@type\":\"Organization\",\"@id\":\"https:\/\/ciavento.com.br\/2024\/#organization\",\"name\":\"Cia do Vento\",\"url\":\"https:\/\/ciavento.com.br\/2024\/\",\"logo\":{\"@type\":\"ImageObject\",\"inLanguage\":\"pt-BR\",\"@id\":\"https:\/\/ciavento.com.br\/2024\/#\/schema\/logo\/image\/\",\"url\":\"https:\/\/ciavento.com.br\/2024\/wp-content\/uploads\/2023\/09\/logo-22.jpg\",\"contentUrl\":\"https:\/\/ciavento.com.br\/2024\/wp-content\/uploads\/2023\/09\/logo-22.jpg\",\"width\":1280,\"height\":617,\"caption\":\"Cia do Vento\"},\"image\":{\"@id\":\"https:\/\/ciavento.com.br\/2024\/#\/schema\/logo\/image\/\"}}]}<\/script>\n<!-- \/ Yoast SEO plugin. -->","yoast_head_json":{"title":"Ventilador de Parede Venti-delta 60 Bivolt Ventura - Cia do Vento","robots":{"index":"index","follow":"follow","max-snippet":"max-snippet:-1","max-image-preview":"max-image-preview:large","max-video-preview":"max-video-preview:-1"},"canonical":"https:\/\/ciavento.com.br\/2024\/produto\/ventiladores\/ventiladores-de-parede\/ventilador-de-parede-venti-delta-60-bivolt-ventura\/","og_locale":"pt_BR","og_type":"article","og_title":"Ventilador de Parede Venti-delta 60 Bivolt Ventura - Cia do Vento","og_description":"Calor n\u00e3o \u00e9 problema, quando se tem o Ventilador Parede Ventura 60 cm, em seu ambiente. Aqui voc\u00ea encontra! Com um design moderno e arrojado, o ventilador conta com 3 p\u00e1s, que deixar\u00e1 seu ambiente muito mais agrad\u00e1vel, maior praticidade voc\u00ea ter\u00e1 com o controle de velocidade rotativo.","og_url":"https:\/\/ciavento.com.br\/2024\/produto\/ventiladores\/ventiladores-de-parede\/ventilador-de-parede-venti-delta-60-bivolt-ventura\/","og_site_name":"Cia do Vento","article_modified_time":"2020-04-23T20:18:29+00:00","og_image":[{"width":600,"height":600,"url":"https:\/\/ciavento.com.br\/2024\/wp-content\/uploads\/2020\/03\/VP-Delta-60-Ventura-Preto.jpg-.jpg..jpg","type":"image\/jpeg"}],"twitter_card":"summary_large_image","schema":{"@context":"https:\/\/schema.org","@graph":[{"@type":"WebPage","@id":"https:\/\/ciavento.com.br\/2024\/produto\/ventiladores\/ventiladores-de-parede\/ventilador-de-parede-venti-delta-60-bivolt-ventura\/","url":"https:\/\/ciavento.com.br\/2024\/produto\/ventiladores\/ventiladores-de-parede\/ventilador-de-parede-venti-delta-60-bivolt-ventura\/","name":"Ventilador de Parede Venti-delta 60 Bivolt Ventura - Cia do Vento","isPartOf":{"@id":"https:\/\/ciavento.com.br\/2024\/#website"},"datePublished":"2020-03-23T11:34:59+00:00","dateModified":"2020-04-23T20:18:29+00:00","breadcrumb":{"@id":"https:\/\/ciavento.com.br\/2024\/produto\/ventiladores\/ventiladores-de-parede\/ventilador-de-parede-venti-delta-60-bivolt-ventura\/#breadcrumb"},"inLanguage":"pt-BR","potentialAction":[{"@type":"ReadAction","target":["https:\/\/ciavento.com.br\/2024\/produto\/ventiladores\/ventiladores-de-parede\/ventilador-de-parede-venti-delta-60-bivolt-ventura\/"]}]},{"@type":"BreadcrumbList","@id":"https:\/\/ciavento.com.br\/2024\/produto\/ventiladores\/ventiladores-de-parede\/ventilador-de-parede-venti-delta-60-bivolt-ventura\/#breadcrumb","itemListElement":[{"@type":"ListItem","position":1,"name":"In\u00edcio","item":"https:\/\/ciavento.com.br\/2024\/"},{"@type":"ListItem","position":2,"name":"Linha de Produtos","item":"https:\/\/ciavento.com.br\/2024\/shop\/"},{"@type":"ListItem","position":3,"name":"Ventilador de Parede Venti-delta 60 Bivolt Ventura"}]},{"@type":"WebSite","@id":"https:\/\/ciavento.com.br\/2024\/#website","url":"https:\/\/ciavento.com.br\/2024\/","name":"Cia do Vento","description":"VENTILADORES \u00b7 Ver VENTILADORES \u00b7 Ventiladores de Parede \u00b7 Ventiladores de Coluna \u00b7 Ventiladores de Mesa \u00b7 Ventiladores de Teto \u00b7 Circuladores de Ar.","publisher":{"@id":"https:\/\/ciavento.com.br\/2024\/#organization"},"potentialAction":[{"@type":"SearchAction","target":{"@type":"EntryPoint","urlTemplate":"https:\/\/ciavento.com.br\/2024\/?s={search_term_string}"},"query-input":"required name=search_term_string"}],"inLanguage":"pt-BR"},{"@type":"Organization","@id":"https:\/\/ciavento.com.br\/2024\/#organization","name":"Cia do Vento","url":"https:\/\/ciavento.com.br\/2024\/","logo":{"@type":"ImageObject","inLanguage":"pt-BR","@id":"https:\/\/ciavento.com.br\/2024\/#\/schema\/logo\/image\/","url":"https:\/\/ciavento.com.br\/2024\/wp-content\/uploads\/2023\/09\/logo-22.jpg","contentUrl":"https:\/\/ciavento.com.br\/2024\/wp-content\/uploads\/2023\/09\/logo-22.jpg","width":1280,"height":617,"caption":"Cia do Vento"},"image":{"@id":"https:\/\/ciavento.com.br\/2024\/#\/schema\/logo\/image\/"}}]}},"_links":{"self":[{"href":"https:\/\/ciavento.com.br\/2024\/wp-json\/wp\/v2\/product\/3018"}],"collection":[{"href":"https:\/\/ciavento.com.br\/2024\/wp-json\/wp\/v2\/product"}],"about":[{"href":"https:\/\/ciavento.com.br\/2024\/wp-json\/wp\/v2\/types\/product"}],"wp:featuredmedia":[{"embeddable":true,"href":"https:\/\/ciavento.com.br\/2024\/wp-json\/wp\/v2\/media\/3019"}],"wp:attachment":[{"href":"https:\/\/ciavento.com.br\/2024\/wp-json\/wp\/v2\/media?parent=3018"}],"curies":[{"name":"wp","href":"https:\/\/api.w.org\/{rel}","templated":true}]}}