{"id":3032,"date":"2020-03-23T09:13:41","date_gmt":"2020-03-23T12:13:41","guid":{"rendered":"https:\/\/ciavento.com.br\/2024\/?post_type=product&#038;p=3032"},"modified":"2022-10-03T15:42:00","modified_gmt":"2022-10-03T18:42:00","slug":"ventilador-de-coluna-ventisol-turbo-40","status":"publish","type":"product","link":"https:\/\/ciavento.com.br\/2024\/produto\/ventiladores\/ventiladores-de-pedestal\/ventilador-de-coluna-ventisol-turbo-40\/","title":{"rendered":"Ventilador de Coluna Ventisol Turbo 40"},"content":{"rendered":"<p>Caracter\u00edsticas do produto<\/p>\n<p>Cor Bronze<br \/>\nVoltagem 127 V<br \/>\nPot\u00eancia 80 W<br \/>\nRpm 1500<br \/>\nVas\u00e3o 0,65 m3\/s<br \/>\nConsumo 2,28 kWh\/M\u00eas<br \/>\nDimens\u00e3o h\u00e9lice 380 mm<br \/>\nCertificado Inmetro 001 968\/2016<br \/>\nH\u00e9lices 6 P\u00e1s<br \/>\nTamanho das P\u00e1s 40 cm<br \/>\nRegulagem de inclina\u00e7\u00e3o Manual<br \/>\nOscila\u00e7\u00e3o Horizontal autom\u00e1tica<br \/>\nVelocidades 3<br \/>\nMarca Ventisol<br \/>\nConte\u00fado da embalagem 1 Ventilador<\/p>\n<p>Dimens\u00f5es aproximadas do produto:<br \/>\nAltura: 125 cm<br \/>\nLargura: 40 cm<br \/>\nProfundidade: 14 cm<\/p>\n<p>Dimens\u00f5es aproximadas da embalagem:<br \/>\nAltura: 45 cm<br \/>\nLargura: 46 cm<br \/>\nProfundidade: 14 cm<\/p>\n","protected":false},"excerpt":{"rendered":"<p>Se voc\u00ea deseja um ambiente mais refrescante e agrad\u00e1vel, o Ventilador de Coluna Ventisol Turbo 6 p\u00e1s de 40 cm \u00e9 perfeito.<br \/>\nSeu Motor Turbo, junto com sua h\u00e9lice de 6 p\u00e1s com nova aerodin\u00e2mica s\u00e3o silenciosos, e geram uma maior ventila\u00e7\u00e3o no aparelho.<br \/>\nPossui regulagem de inclina\u00e7\u00e3o manual, oscila\u00e7\u00e3o horizontal autom\u00e1tica e tr\u00eas velocidades para escolher a que melhor agrade.<br \/>\nAr mais refrescante para voc\u00ea e sua fam\u00edlia.<\/p>\n","protected":false},"featured_media":3672,"template":"","meta":[],"yoast_head":"<!-- This site is optimized with the Yoast SEO plugin v20.0 - https:\/\/yoast.com\/wordpress\/plugins\/seo\/ -->\n<title>Ventilador de Coluna Ventisol Turbo 40 - Cia do Vento<\/title>\n<meta name=\"robots\" content=\"index, follow, max-snippet:-1, max-image-preview:large, max-video-preview:-1\" \/>\n<link rel=\"canonical\" href=\"https:\/\/ciavento.com.br\/2024\/produto\/ventiladores\/ventiladores-de-pedestal\/ventilador-de-coluna-ventisol-turbo-40\/\" \/>\n<meta property=\"og:locale\" content=\"pt_BR\" \/>\n<meta property=\"og:type\" content=\"article\" \/>\n<meta property=\"og:title\" content=\"Ventilador de Coluna Ventisol Turbo 40 - Cia do Vento\" \/>\n<meta property=\"og:description\" content=\"Se voc\u00ea deseja um ambiente mais refrescante e agrad\u00e1vel, o Ventilador de Coluna Ventisol Turbo 6 p\u00e1s de 40 cm \u00e9 perfeito. Seu Motor Turbo, junto com sua h\u00e9lice de 6 p\u00e1s com nova aerodin\u00e2mica s\u00e3o silenciosos, e geram uma maior ventila\u00e7\u00e3o no aparelho. Possui regulagem de inclina\u00e7\u00e3o manual, oscila\u00e7\u00e3o horizontal autom\u00e1tica e tr\u00eas velocidades para escolher a que melhor agrade. Ar mais refrescante para voc\u00ea e sua fam\u00edlia.\" \/>\n<meta property=\"og:url\" content=\"https:\/\/ciavento.com.br\/2024\/produto\/ventiladores\/ventiladores-de-pedestal\/ventilador-de-coluna-ventisol-turbo-40\/\" \/>\n<meta property=\"og:site_name\" content=\"Cia do Vento\" \/>\n<meta property=\"article:modified_time\" content=\"2022-10-03T18:42:00+00:00\" \/>\n<meta property=\"og:image\" content=\"https:\/\/ciavento.com.br\/2024\/wp-content\/uploads\/2022\/10\/40turbo-azul.jpg\" \/>\n\t<meta property=\"og:image:width\" content=\"1000\" \/>\n\t<meta property=\"og:image:height\" content=\"1000\" \/>\n\t<meta property=\"og:image:type\" content=\"image\/jpeg\" \/>\n<meta name=\"twitter:card\" content=\"summary_large_image\" \/>\n<script type=\"application\/ld+json\" class=\"yoast-schema-graph\">{\"@context\":\"https:\/\/schema.org\",\"@graph\":[{\"@type\":\"WebPage\",\"@id\":\"https:\/\/ciavento.com.br\/2024\/produto\/ventiladores\/ventiladores-de-pedestal\/ventilador-de-coluna-ventisol-turbo-40\/\",\"url\":\"https:\/\/ciavento.com.br\/2024\/produto\/ventiladores\/ventiladores-de-pedestal\/ventilador-de-coluna-ventisol-turbo-40\/\",\"name\":\"Ventilador de Coluna Ventisol Turbo 40 - Cia do Vento\",\"isPartOf\":{\"@id\":\"https:\/\/ciavento.com.br\/2024\/#website\"},\"datePublished\":\"2020-03-23T12:13:41+00:00\",\"dateModified\":\"2022-10-03T18:42:00+00:00\",\"breadcrumb\":{\"@id\":\"https:\/\/ciavento.com.br\/2024\/produto\/ventiladores\/ventiladores-de-pedestal\/ventilador-de-coluna-ventisol-turbo-40\/#breadcrumb\"},\"inLanguage\":\"pt-BR\",\"potentialAction\":[{\"@type\":\"ReadAction\",\"target\":[\"https:\/\/ciavento.com.br\/2024\/produto\/ventiladores\/ventiladores-de-pedestal\/ventilador-de-coluna-ventisol-turbo-40\/\"]}]},{\"@type\":\"BreadcrumbList\",\"@id\":\"https:\/\/ciavento.com.br\/2024\/produto\/ventiladores\/ventiladores-de-pedestal\/ventilador-de-coluna-ventisol-turbo-40\/#breadcrumb\",\"itemListElement\":[{\"@type\":\"ListItem\",\"position\":1,\"name\":\"In\u00edcio\",\"item\":\"https:\/\/ciavento.com.br\/2024\/\"},{\"@type\":\"ListItem\",\"position\":2,\"name\":\"Linha de Produtos\",\"item\":\"https:\/\/ciavento.com.br\/2024\/shop\/\"},{\"@type\":\"ListItem\",\"position\":3,\"name\":\"Ventilador de Coluna Ventisol Turbo 40\"}]},{\"@type\":\"WebSite\",\"@id\":\"https:\/\/ciavento.com.br\/2024\/#website\",\"url\":\"https:\/\/ciavento.com.br\/2024\/\",\"name\":\"Cia do Vento\",\"description\":\"VENTILADORES \u00b7 Ver VENTILADORES \u00b7 Ventiladores de Parede \u00b7 Ventiladores de Coluna \u00b7 Ventiladores de Mesa \u00b7 Ventiladores de Teto \u00b7 Circuladores de Ar.\",\"publisher\":{\"@id\":\"https:\/\/ciavento.com.br\/2024\/#organization\"},\"potentialAction\":[{\"@type\":\"SearchAction\",\"target\":{\"@type\":\"EntryPoint\",\"urlTemplate\":\"https:\/\/ciavento.com.br\/2024\/?s={search_term_string}\"},\"query-input\":\"required name=search_term_string\"}],\"inLanguage\":\"pt-BR\"},{\"@type\":\"Organization\",\"@id\":\"https:\/\/ciavento.com.br\/2024\/#organization\",\"name\":\"Cia do Vento\",\"url\":\"https:\/\/ciavento.com.br\/2024\/\",\"logo\":{\"@type\":\"ImageObject\",\"inLanguage\":\"pt-BR\",\"@id\":\"https:\/\/ciavento.com.br\/2024\/#\/schema\/logo\/image\/\",\"url\":\"https:\/\/ciavento.com.br\/2024\/wp-content\/uploads\/2023\/09\/logo-22.jpg\",\"contentUrl\":\"https:\/\/ciavento.com.br\/2024\/wp-content\/uploads\/2023\/09\/logo-22.jpg\",\"width\":1280,\"height\":617,\"caption\":\"Cia do Vento\"},\"image\":{\"@id\":\"https:\/\/ciavento.com.br\/2024\/#\/schema\/logo\/image\/\"}}]}<\/script>\n<!-- \/ Yoast SEO plugin. -->","yoast_head_json":{"title":"Ventilador de Coluna Ventisol Turbo 40 - Cia do Vento","robots":{"index":"index","follow":"follow","max-snippet":"max-snippet:-1","max-image-preview":"max-image-preview:large","max-video-preview":"max-video-preview:-1"},"canonical":"https:\/\/ciavento.com.br\/2024\/produto\/ventiladores\/ventiladores-de-pedestal\/ventilador-de-coluna-ventisol-turbo-40\/","og_locale":"pt_BR","og_type":"article","og_title":"Ventilador de Coluna Ventisol Turbo 40 - Cia do Vento","og_description":"Se voc\u00ea deseja um ambiente mais refrescante e agrad\u00e1vel, o Ventilador de Coluna Ventisol Turbo 6 p\u00e1s de 40 cm \u00e9 perfeito. Seu Motor Turbo, junto com sua h\u00e9lice de 6 p\u00e1s com nova aerodin\u00e2mica s\u00e3o silenciosos, e geram uma maior ventila\u00e7\u00e3o no aparelho. Possui regulagem de inclina\u00e7\u00e3o manual, oscila\u00e7\u00e3o horizontal autom\u00e1tica e tr\u00eas velocidades para escolher a que melhor agrade. Ar mais refrescante para voc\u00ea e sua fam\u00edlia.","og_url":"https:\/\/ciavento.com.br\/2024\/produto\/ventiladores\/ventiladores-de-pedestal\/ventilador-de-coluna-ventisol-turbo-40\/","og_site_name":"Cia do Vento","article_modified_time":"2022-10-03T18:42:00+00:00","og_image":[{"width":1000,"height":1000,"url":"https:\/\/ciavento.com.br\/2024\/wp-content\/uploads\/2022\/10\/40turbo-azul.jpg","type":"image\/jpeg"}],"twitter_card":"summary_large_image","schema":{"@context":"https:\/\/schema.org","@graph":[{"@type":"WebPage","@id":"https:\/\/ciavento.com.br\/2024\/produto\/ventiladores\/ventiladores-de-pedestal\/ventilador-de-coluna-ventisol-turbo-40\/","url":"https:\/\/ciavento.com.br\/2024\/produto\/ventiladores\/ventiladores-de-pedestal\/ventilador-de-coluna-ventisol-turbo-40\/","name":"Ventilador de Coluna Ventisol Turbo 40 - Cia do Vento","isPartOf":{"@id":"https:\/\/ciavento.com.br\/2024\/#website"},"datePublished":"2020-03-23T12:13:41+00:00","dateModified":"2022-10-03T18:42:00+00:00","breadcrumb":{"@id":"https:\/\/ciavento.com.br\/2024\/produto\/ventiladores\/ventiladores-de-pedestal\/ventilador-de-coluna-ventisol-turbo-40\/#breadcrumb"},"inLanguage":"pt-BR","potentialAction":[{"@type":"ReadAction","target":["https:\/\/ciavento.com.br\/2024\/produto\/ventiladores\/ventiladores-de-pedestal\/ventilador-de-coluna-ventisol-turbo-40\/"]}]},{"@type":"BreadcrumbList","@id":"https:\/\/ciavento.com.br\/2024\/produto\/ventiladores\/ventiladores-de-pedestal\/ventilador-de-coluna-ventisol-turbo-40\/#breadcrumb","itemListElement":[{"@type":"ListItem","position":1,"name":"In\u00edcio","item":"https:\/\/ciavento.com.br\/2024\/"},{"@type":"ListItem","position":2,"name":"Linha de Produtos","item":"https:\/\/ciavento.com.br\/2024\/shop\/"},{"@type":"ListItem","position":3,"name":"Ventilador de Coluna Ventisol Turbo 40"}]},{"@type":"WebSite","@id":"https:\/\/ciavento.com.br\/2024\/#website","url":"https:\/\/ciavento.com.br\/2024\/","name":"Cia do Vento","description":"VENTILADORES \u00b7 Ver VENTILADORES \u00b7 Ventiladores de Parede \u00b7 Ventiladores de Coluna \u00b7 Ventiladores de Mesa \u00b7 Ventiladores de Teto \u00b7 Circuladores de Ar.","publisher":{"@id":"https:\/\/ciavento.com.br\/2024\/#organization"},"potentialAction":[{"@type":"SearchAction","target":{"@type":"EntryPoint","urlTemplate":"https:\/\/ciavento.com.br\/2024\/?s={search_term_string}"},"query-input":"required name=search_term_string"}],"inLanguage":"pt-BR"},{"@type":"Organization","@id":"https:\/\/ciavento.com.br\/2024\/#organization","name":"Cia do Vento","url":"https:\/\/ciavento.com.br\/2024\/","logo":{"@type":"ImageObject","inLanguage":"pt-BR","@id":"https:\/\/ciavento.com.br\/2024\/#\/schema\/logo\/image\/","url":"https:\/\/ciavento.com.br\/2024\/wp-content\/uploads\/2023\/09\/logo-22.jpg","contentUrl":"https:\/\/ciavento.com.br\/2024\/wp-content\/uploads\/2023\/09\/logo-22.jpg","width":1280,"height":617,"caption":"Cia do Vento"},"image":{"@id":"https:\/\/ciavento.com.br\/2024\/#\/schema\/logo\/image\/"}}]}},"_links":{"self":[{"href":"https:\/\/ciavento.com.br\/2024\/wp-json\/wp\/v2\/product\/3032"}],"collection":[{"href":"https:\/\/ciavento.com.br\/2024\/wp-json\/wp\/v2\/product"}],"about":[{"href":"https:\/\/ciavento.com.br\/2024\/wp-json\/wp\/v2\/types\/product"}],"wp:featuredmedia":[{"embeddable":true,"href":"https:\/\/ciavento.com.br\/2024\/wp-json\/wp\/v2\/media\/3672"}],"wp:attachment":[{"href":"https:\/\/ciavento.com.br\/2024\/wp-json\/wp\/v2\/media?parent=3032"}],"curies":[{"name":"wp","href":"https:\/\/api.w.org\/{rel}","templated":true}]}}