{"id":3039,"date":"2020-03-23T09:30:56","date_gmt":"2020-03-23T12:30:56","guid":{"rendered":"https:\/\/ciavento.com.br\/2024\/?post_type=product&#038;p=3039"},"modified":"2023-11-28T17:31:41","modified_gmt":"2023-11-28T20:31:41","slug":"ventilador-de-coluna-ventisol-turbo-50-bivolt","status":"publish","type":"product","link":"https:\/\/ciavento.com.br\/2024\/produto\/ventiladores\/ventiladores-de-pedestal\/ventilador-de-coluna-ventisol-turbo-50-bivolt\/","title":{"rendered":"Ventilador de Coluna Ventisol Turbo 50 127V"},"content":{"rendered":"","protected":false},"excerpt":{"rendered":"<p><strong>\u2022\u00a0Motor Turbo<\/strong><br \/>\nMotor turbo com alta performance. Gera menos ru\u00eddo.<br \/>\n<strong>\u2022 H\u00e9lice 6 P\u00e1s<\/strong><br \/>\nCom nova aerodin\u00e2mica. Gera mais ventila\u00e7\u00e3o.<br \/>\n<strong>\u2022 Chave de Liga\u00e7\u00e3o no Capacete<\/strong><br \/>\nMais praticidade para o uso.<br \/>\n<strong>\u2022 Grade Fechada<\/strong><br \/>\nMais seguran\u00e7a para a fam\u00edlia.<br \/>\n<strong>\u2022 Oscila\u00e7\u00e3o Horizontal<\/strong><br \/>\nProporciona um fluxo de ar mais distribu\u00eddo por todo o ambiente.<br \/>\n<strong>\u2022 Regulagem de inclina\u00e7\u00e3o manual<\/strong><br \/>\nAjustada de acordo com a necessidade.<br \/>\n<strong>\u2022 Tr\u00eas Velocidades<\/strong><br \/>\nVoc\u00ea poder\u00e1 escolher a que mais agrade.<br \/>\n<strong>\u2022 Ajuste de Altura<\/strong><br \/>\nMIN 115cm | M\u00c1X 130cm<\/p>\n<p>Sua empresa ou institui\u00e7\u00e3o com o ar mais refrescante.<br \/>\nPara grandes \u00e1reas que precisem de ventila\u00e7\u00e3o, o Ventilador de Coluna Ventisol 50cm \u00e9 ideal.<br \/>\nIndicado para grandes ambientes como lojas, escolas, restaurantes, igrejas, ind\u00fastrias, entre outros.<br \/>\nCom controle de velocidade, a oscila\u00e7\u00e3o horizontal autom\u00e1tica, o controle de altura e pintura eletrost\u00e1tica, voc\u00ea pode escolher a ventila\u00e7\u00e3o que mais agrade.<\/p>\n","protected":false},"featured_media":3684,"template":"","meta":[],"yoast_head":"<!-- This site is optimized with the Yoast SEO plugin v20.0 - https:\/\/yoast.com\/wordpress\/plugins\/seo\/ -->\n<title>Ventilador de Coluna Ventisol Turbo 50 127V - Cia do Vento<\/title>\n<meta name=\"robots\" content=\"index, follow, max-snippet:-1, max-image-preview:large, max-video-preview:-1\" \/>\n<link rel=\"canonical\" href=\"https:\/\/ciavento.com.br\/2024\/produto\/ventiladores\/ventiladores-de-pedestal\/ventilador-de-coluna-ventisol-turbo-50-bivolt\/\" \/>\n<meta property=\"og:locale\" content=\"pt_BR\" \/>\n<meta property=\"og:type\" content=\"article\" \/>\n<meta property=\"og:title\" content=\"Ventilador de Coluna Ventisol Turbo 50 127V - Cia do Vento\" \/>\n<meta property=\"og:description\" content=\"\u2022\u00a0Motor Turbo Motor turbo com alta performance. Gera menos ru\u00eddo. \u2022 H\u00e9lice 6 P\u00e1s Com nova aerodin\u00e2mica. Gera mais ventila\u00e7\u00e3o. \u2022 Chave de Liga\u00e7\u00e3o no Capacete Mais praticidade para o uso. \u2022 Grade Fechada Mais seguran\u00e7a para a fam\u00edlia. \u2022 Oscila\u00e7\u00e3o Horizontal Proporciona um fluxo de ar mais distribu\u00eddo por todo o ambiente. \u2022 Regulagem de inclina\u00e7\u00e3o manual Ajustada de acordo com a necessidade. \u2022 Tr\u00eas Velocidades Voc\u00ea poder\u00e1 escolher a que mais agrade. \u2022 Ajuste de Altura MIN 115cm | M\u00c1X 130cm  Sua empresa ou institui\u00e7\u00e3o com o ar mais refrescante. Para grandes \u00e1reas que precisem de ventila\u00e7\u00e3o, o Ventilador de Coluna Ventisol 50cm \u00e9 ideal. Indicado para grandes ambientes como lojas, escolas, restaurantes, igrejas, ind\u00fastrias, entre outros. Com controle de velocidade, a oscila\u00e7\u00e3o horizontal autom\u00e1tica, o controle de altura e pintura eletrost\u00e1tica, voc\u00ea pode escolher a ventila\u00e7\u00e3o que mais agrade.\" \/>\n<meta property=\"og:url\" content=\"https:\/\/ciavento.com.br\/2024\/produto\/ventiladores\/ventiladores-de-pedestal\/ventilador-de-coluna-ventisol-turbo-50-bivolt\/\" \/>\n<meta property=\"og:site_name\" content=\"Cia do Vento\" \/>\n<meta property=\"article:modified_time\" content=\"2023-11-28T20:31:41+00:00\" \/>\n<meta property=\"og:image\" content=\"https:\/\/ciavento.com.br\/2024\/wp-content\/uploads\/2020\/03\/50turbo-preto.jpg\" \/>\n\t<meta property=\"og:image:width\" content=\"1000\" \/>\n\t<meta property=\"og:image:height\" content=\"1000\" \/>\n\t<meta property=\"og:image:type\" content=\"image\/jpeg\" \/>\n<meta name=\"twitter:card\" content=\"summary_large_image\" \/>\n<script type=\"application\/ld+json\" class=\"yoast-schema-graph\">{\"@context\":\"https:\/\/schema.org\",\"@graph\":[{\"@type\":\"WebPage\",\"@id\":\"https:\/\/ciavento.com.br\/2024\/produto\/ventiladores\/ventiladores-de-pedestal\/ventilador-de-coluna-ventisol-turbo-50-bivolt\/\",\"url\":\"https:\/\/ciavento.com.br\/2024\/produto\/ventiladores\/ventiladores-de-pedestal\/ventilador-de-coluna-ventisol-turbo-50-bivolt\/\",\"name\":\"Ventilador de Coluna Ventisol Turbo 50 127V - Cia do Vento\",\"isPartOf\":{\"@id\":\"https:\/\/ciavento.com.br\/2024\/#website\"},\"datePublished\":\"2020-03-23T12:30:56+00:00\",\"dateModified\":\"2023-11-28T20:31:41+00:00\",\"breadcrumb\":{\"@id\":\"https:\/\/ciavento.com.br\/2024\/produto\/ventiladores\/ventiladores-de-pedestal\/ventilador-de-coluna-ventisol-turbo-50-bivolt\/#breadcrumb\"},\"inLanguage\":\"pt-BR\",\"potentialAction\":[{\"@type\":\"ReadAction\",\"target\":[\"https:\/\/ciavento.com.br\/2024\/produto\/ventiladores\/ventiladores-de-pedestal\/ventilador-de-coluna-ventisol-turbo-50-bivolt\/\"]}]},{\"@type\":\"BreadcrumbList\",\"@id\":\"https:\/\/ciavento.com.br\/2024\/produto\/ventiladores\/ventiladores-de-pedestal\/ventilador-de-coluna-ventisol-turbo-50-bivolt\/#breadcrumb\",\"itemListElement\":[{\"@type\":\"ListItem\",\"position\":1,\"name\":\"In\u00edcio\",\"item\":\"https:\/\/ciavento.com.br\/2024\/\"},{\"@type\":\"ListItem\",\"position\":2,\"name\":\"Linha de Produtos\",\"item\":\"https:\/\/ciavento.com.br\/2024\/shop\/\"},{\"@type\":\"ListItem\",\"position\":3,\"name\":\"Ventilador de Coluna Ventisol Turbo 50 127V\"}]},{\"@type\":\"WebSite\",\"@id\":\"https:\/\/ciavento.com.br\/2024\/#website\",\"url\":\"https:\/\/ciavento.com.br\/2024\/\",\"name\":\"Cia do Vento\",\"description\":\"VENTILADORES \u00b7 Ver VENTILADORES \u00b7 Ventiladores de Parede \u00b7 Ventiladores de Coluna \u00b7 Ventiladores de Mesa \u00b7 Ventiladores de Teto \u00b7 Circuladores de Ar.\",\"publisher\":{\"@id\":\"https:\/\/ciavento.com.br\/2024\/#organization\"},\"potentialAction\":[{\"@type\":\"SearchAction\",\"target\":{\"@type\":\"EntryPoint\",\"urlTemplate\":\"https:\/\/ciavento.com.br\/2024\/?s={search_term_string}\"},\"query-input\":\"required name=search_term_string\"}],\"inLanguage\":\"pt-BR\"},{\"@type\":\"Organization\",\"@id\":\"https:\/\/ciavento.com.br\/2024\/#organization\",\"name\":\"Cia do Vento\",\"url\":\"https:\/\/ciavento.com.br\/2024\/\",\"logo\":{\"@type\":\"ImageObject\",\"inLanguage\":\"pt-BR\",\"@id\":\"https:\/\/ciavento.com.br\/2024\/#\/schema\/logo\/image\/\",\"url\":\"https:\/\/ciavento.com.br\/2024\/wp-content\/uploads\/2023\/09\/logo-22.jpg\",\"contentUrl\":\"https:\/\/ciavento.com.br\/2024\/wp-content\/uploads\/2023\/09\/logo-22.jpg\",\"width\":1280,\"height\":617,\"caption\":\"Cia do Vento\"},\"image\":{\"@id\":\"https:\/\/ciavento.com.br\/2024\/#\/schema\/logo\/image\/\"}}]}<\/script>\n<!-- \/ Yoast SEO plugin. -->","yoast_head_json":{"title":"Ventilador de Coluna Ventisol Turbo 50 127V - Cia do Vento","robots":{"index":"index","follow":"follow","max-snippet":"max-snippet:-1","max-image-preview":"max-image-preview:large","max-video-preview":"max-video-preview:-1"},"canonical":"https:\/\/ciavento.com.br\/2024\/produto\/ventiladores\/ventiladores-de-pedestal\/ventilador-de-coluna-ventisol-turbo-50-bivolt\/","og_locale":"pt_BR","og_type":"article","og_title":"Ventilador de Coluna Ventisol Turbo 50 127V - Cia do Vento","og_description":"\u2022\u00a0Motor Turbo Motor turbo com alta performance. Gera menos ru\u00eddo. \u2022 H\u00e9lice 6 P\u00e1s Com nova aerodin\u00e2mica. Gera mais ventila\u00e7\u00e3o. \u2022 Chave de Liga\u00e7\u00e3o no Capacete Mais praticidade para o uso. \u2022 Grade Fechada Mais seguran\u00e7a para a fam\u00edlia. \u2022 Oscila\u00e7\u00e3o Horizontal Proporciona um fluxo de ar mais distribu\u00eddo por todo o ambiente. \u2022 Regulagem de inclina\u00e7\u00e3o manual Ajustada de acordo com a necessidade. \u2022 Tr\u00eas Velocidades Voc\u00ea poder\u00e1 escolher a que mais agrade. \u2022 Ajuste de Altura MIN 115cm | M\u00c1X 130cm  Sua empresa ou institui\u00e7\u00e3o com o ar mais refrescante. Para grandes \u00e1reas que precisem de ventila\u00e7\u00e3o, o Ventilador de Coluna Ventisol 50cm \u00e9 ideal. Indicado para grandes ambientes como lojas, escolas, restaurantes, igrejas, ind\u00fastrias, entre outros. Com controle de velocidade, a oscila\u00e7\u00e3o horizontal autom\u00e1tica, o controle de altura e pintura eletrost\u00e1tica, voc\u00ea pode escolher a ventila\u00e7\u00e3o que mais agrade.","og_url":"https:\/\/ciavento.com.br\/2024\/produto\/ventiladores\/ventiladores-de-pedestal\/ventilador-de-coluna-ventisol-turbo-50-bivolt\/","og_site_name":"Cia do Vento","article_modified_time":"2023-11-28T20:31:41+00:00","og_image":[{"width":1000,"height":1000,"url":"https:\/\/ciavento.com.br\/2024\/wp-content\/uploads\/2020\/03\/50turbo-preto.jpg","type":"image\/jpeg"}],"twitter_card":"summary_large_image","schema":{"@context":"https:\/\/schema.org","@graph":[{"@type":"WebPage","@id":"https:\/\/ciavento.com.br\/2024\/produto\/ventiladores\/ventiladores-de-pedestal\/ventilador-de-coluna-ventisol-turbo-50-bivolt\/","url":"https:\/\/ciavento.com.br\/2024\/produto\/ventiladores\/ventiladores-de-pedestal\/ventilador-de-coluna-ventisol-turbo-50-bivolt\/","name":"Ventilador de Coluna Ventisol Turbo 50 127V - Cia do Vento","isPartOf":{"@id":"https:\/\/ciavento.com.br\/2024\/#website"},"datePublished":"2020-03-23T12:30:56+00:00","dateModified":"2023-11-28T20:31:41+00:00","breadcrumb":{"@id":"https:\/\/ciavento.com.br\/2024\/produto\/ventiladores\/ventiladores-de-pedestal\/ventilador-de-coluna-ventisol-turbo-50-bivolt\/#breadcrumb"},"inLanguage":"pt-BR","potentialAction":[{"@type":"ReadAction","target":["https:\/\/ciavento.com.br\/2024\/produto\/ventiladores\/ventiladores-de-pedestal\/ventilador-de-coluna-ventisol-turbo-50-bivolt\/"]}]},{"@type":"BreadcrumbList","@id":"https:\/\/ciavento.com.br\/2024\/produto\/ventiladores\/ventiladores-de-pedestal\/ventilador-de-coluna-ventisol-turbo-50-bivolt\/#breadcrumb","itemListElement":[{"@type":"ListItem","position":1,"name":"In\u00edcio","item":"https:\/\/ciavento.com.br\/2024\/"},{"@type":"ListItem","position":2,"name":"Linha de Produtos","item":"https:\/\/ciavento.com.br\/2024\/shop\/"},{"@type":"ListItem","position":3,"name":"Ventilador de Coluna Ventisol Turbo 50 127V"}]},{"@type":"WebSite","@id":"https:\/\/ciavento.com.br\/2024\/#website","url":"https:\/\/ciavento.com.br\/2024\/","name":"Cia do Vento","description":"VENTILADORES \u00b7 Ver VENTILADORES \u00b7 Ventiladores de Parede \u00b7 Ventiladores de Coluna \u00b7 Ventiladores de Mesa \u00b7 Ventiladores de Teto \u00b7 Circuladores de Ar.","publisher":{"@id":"https:\/\/ciavento.com.br\/2024\/#organization"},"potentialAction":[{"@type":"SearchAction","target":{"@type":"EntryPoint","urlTemplate":"https:\/\/ciavento.com.br\/2024\/?s={search_term_string}"},"query-input":"required name=search_term_string"}],"inLanguage":"pt-BR"},{"@type":"Organization","@id":"https:\/\/ciavento.com.br\/2024\/#organization","name":"Cia do Vento","url":"https:\/\/ciavento.com.br\/2024\/","logo":{"@type":"ImageObject","inLanguage":"pt-BR","@id":"https:\/\/ciavento.com.br\/2024\/#\/schema\/logo\/image\/","url":"https:\/\/ciavento.com.br\/2024\/wp-content\/uploads\/2023\/09\/logo-22.jpg","contentUrl":"https:\/\/ciavento.com.br\/2024\/wp-content\/uploads\/2023\/09\/logo-22.jpg","width":1280,"height":617,"caption":"Cia do Vento"},"image":{"@id":"https:\/\/ciavento.com.br\/2024\/#\/schema\/logo\/image\/"}}]}},"_links":{"self":[{"href":"https:\/\/ciavento.com.br\/2024\/wp-json\/wp\/v2\/product\/3039"}],"collection":[{"href":"https:\/\/ciavento.com.br\/2024\/wp-json\/wp\/v2\/product"}],"about":[{"href":"https:\/\/ciavento.com.br\/2024\/wp-json\/wp\/v2\/types\/product"}],"wp:featuredmedia":[{"embeddable":true,"href":"https:\/\/ciavento.com.br\/2024\/wp-json\/wp\/v2\/media\/3684"}],"wp:attachment":[{"href":"https:\/\/ciavento.com.br\/2024\/wp-json\/wp\/v2\/media?parent=3039"}],"curies":[{"name":"wp","href":"https:\/\/api.w.org\/{rel}","templated":true}]}}