{"id":3057,"date":"2020-04-06T09:07:19","date_gmt":"2020-04-06T12:07:19","guid":{"rendered":"https:\/\/ciavento.com.br\/2024\/?post_type=product&#038;p=3057"},"modified":"2020-04-23T17:26:08","modified_gmt":"2020-04-23T20:26:08","slug":"ventilador-de-coluna-ventisol-60-bivolt-200w","status":"publish","type":"product","link":"https:\/\/ciavento.com.br\/2024\/produto\/ventiladores\/ventiladores-de-pedestal\/ventilador-de-coluna-ventisol-60-bivolt-200w\/","title":{"rendered":"Ventilador de Coluna Ventisol 60 Bivolt 200W"},"content":{"rendered":"<p><strong>&#8211; Ideal para grandes espa\u00e7os:<\/strong> Lojas, escolas, igrejas, restaurantes, ind\u00fastrias, ambientes que precisam de grande ventila\u00e7\u00e3o.<br \/>\n<strong>&#8211; Pot\u00eancia e velocidade:<\/strong> Motor potente de 200W.<br \/>\n<strong>&#8211; H\u00e9lices em pl\u00e1stico de engenharia:<\/strong> Al\u00e9m de fortes, s\u00e3o leves e aumentam a vida \u00fatil do motor.<br \/>\n<strong>&#8211; Bivolt seletivo:<\/strong> Selecionar na chave seletora a tens\u00e3o, 127V ou 220V.<br \/>\n<strong>&#8211; Pintura Eletrost\u00e1tica:<\/strong> Grade com pintura de alta resist\u00eancia.<br \/>\n<strong>&#8211; Oscila\u00e7\u00e3o horizontal autom\u00e1tica:<\/strong> Proporciona um fluxo de ar melhor distribu\u00eddo por todo o ambiente.<br \/>\n<strong>&#8211; Regulagem de altura manual:<\/strong> Altura m\u00ednima de 120cm, altura m\u00e1xima de 175cm.<br \/>\n<strong>&#8211; Controle deslizante de velocidade:<\/strong> Controle deslizante de velocidade no capacete do aparelho.<br \/>\n&#8211; Dispon\u00edvel em 65cm.<\/p>\n<p><strong>Caracter\u00edsticas t\u00e9cnicas:<\/strong><\/p>\n<p>&#8211; Pot\u00eancia: 200W<br \/>\n&#8211; RPM: 1.400<br \/>\n&#8211; Di\u00e2metro da grade: 610mm<br \/>\n&#8211; Di\u00e2metro da h\u00e9lice: 521mm<br \/>\n&#8211; Vaz\u00e3o: 1,09m\u00b3\/s<\/p>\n","protected":false},"excerpt":{"rendered":"<p>Sua empresa ou institui\u00e7\u00e3o com o ar refrescante.<br \/>\nPara grandes \u00e1reas que precisem de ventila\u00e7\u00e3o, o Ventilador de Coluna Ventisol 60cm \u00e9 ideal.<br \/>\nIndicado para grandes ambientes como lojas, escolas, restaurantes, igrejas, ind\u00fastrias, entre outros.<br \/>\nCircula o ar e deixa sua vida mais prazerosa Com design discreto e silencioso ele \u00e9 perfeito para tornar seus ambientes mais agrad\u00e1veis e confort\u00e1veis<\/p>\n","protected":false},"featured_media":3059,"template":"","meta":[],"yoast_head":"<!-- This site is optimized with the Yoast SEO plugin v20.0 - https:\/\/yoast.com\/wordpress\/plugins\/seo\/ -->\n<title>Ventilador de Coluna Ventisol 60 Bivolt 200W - Cia do Vento<\/title>\n<meta name=\"robots\" content=\"index, follow, max-snippet:-1, max-image-preview:large, max-video-preview:-1\" \/>\n<link rel=\"canonical\" href=\"https:\/\/ciavento.com.br\/2024\/produto\/ventiladores\/ventiladores-de-pedestal\/ventilador-de-coluna-ventisol-60-bivolt-200w\/\" \/>\n<meta property=\"og:locale\" content=\"pt_BR\" \/>\n<meta property=\"og:type\" content=\"article\" \/>\n<meta property=\"og:title\" content=\"Ventilador de Coluna Ventisol 60 Bivolt 200W - Cia do Vento\" \/>\n<meta property=\"og:description\" content=\"Sua empresa ou institui\u00e7\u00e3o com o ar refrescante. Para grandes \u00e1reas que precisem de ventila\u00e7\u00e3o, o Ventilador de Coluna Ventisol 60cm \u00e9 ideal. Indicado para grandes ambientes como lojas, escolas, restaurantes, igrejas, ind\u00fastrias, entre outros. Circula o ar e deixa sua vida mais prazerosa Com design discreto e silencioso ele \u00e9 perfeito para tornar seus ambientes mais agrad\u00e1veis e confort\u00e1veis\" \/>\n<meta property=\"og:url\" content=\"https:\/\/ciavento.com.br\/2024\/produto\/ventiladores\/ventiladores-de-pedestal\/ventilador-de-coluna-ventisol-60-bivolt-200w\/\" \/>\n<meta property=\"og:site_name\" content=\"Cia do Vento\" \/>\n<meta property=\"article:modified_time\" content=\"2020-04-23T20:26:08+00:00\" \/>\n<meta property=\"og:image\" content=\"https:\/\/ciavento.com.br\/2024\/wp-content\/uploads\/2020\/04\/VC-Ventisol-60-preto-.jpg\" \/>\n\t<meta property=\"og:image:width\" content=\"1000\" \/>\n\t<meta property=\"og:image:height\" content=\"1000\" \/>\n\t<meta property=\"og:image:type\" content=\"image\/jpeg\" \/>\n<meta name=\"twitter:card\" content=\"summary_large_image\" \/>\n<meta name=\"twitter:label1\" content=\"Est. tempo de leitura\" \/>\n\t<meta name=\"twitter:data1\" content=\"1 minuto\" \/>\n<script type=\"application\/ld+json\" class=\"yoast-schema-graph\">{\"@context\":\"https:\/\/schema.org\",\"@graph\":[{\"@type\":\"WebPage\",\"@id\":\"https:\/\/ciavento.com.br\/2024\/produto\/ventiladores\/ventiladores-de-pedestal\/ventilador-de-coluna-ventisol-60-bivolt-200w\/\",\"url\":\"https:\/\/ciavento.com.br\/2024\/produto\/ventiladores\/ventiladores-de-pedestal\/ventilador-de-coluna-ventisol-60-bivolt-200w\/\",\"name\":\"Ventilador de Coluna Ventisol 60 Bivolt 200W - Cia do Vento\",\"isPartOf\":{\"@id\":\"https:\/\/ciavento.com.br\/2024\/#website\"},\"datePublished\":\"2020-04-06T12:07:19+00:00\",\"dateModified\":\"2020-04-23T20:26:08+00:00\",\"breadcrumb\":{\"@id\":\"https:\/\/ciavento.com.br\/2024\/produto\/ventiladores\/ventiladores-de-pedestal\/ventilador-de-coluna-ventisol-60-bivolt-200w\/#breadcrumb\"},\"inLanguage\":\"pt-BR\",\"potentialAction\":[{\"@type\":\"ReadAction\",\"target\":[\"https:\/\/ciavento.com.br\/2024\/produto\/ventiladores\/ventiladores-de-pedestal\/ventilador-de-coluna-ventisol-60-bivolt-200w\/\"]}]},{\"@type\":\"BreadcrumbList\",\"@id\":\"https:\/\/ciavento.com.br\/2024\/produto\/ventiladores\/ventiladores-de-pedestal\/ventilador-de-coluna-ventisol-60-bivolt-200w\/#breadcrumb\",\"itemListElement\":[{\"@type\":\"ListItem\",\"position\":1,\"name\":\"In\u00edcio\",\"item\":\"https:\/\/ciavento.com.br\/2024\/\"},{\"@type\":\"ListItem\",\"position\":2,\"name\":\"Linha de Produtos\",\"item\":\"https:\/\/ciavento.com.br\/2024\/shop\/\"},{\"@type\":\"ListItem\",\"position\":3,\"name\":\"Ventilador de Coluna Ventisol 60 Bivolt 200W\"}]},{\"@type\":\"WebSite\",\"@id\":\"https:\/\/ciavento.com.br\/2024\/#website\",\"url\":\"https:\/\/ciavento.com.br\/2024\/\",\"name\":\"Cia do Vento\",\"description\":\"VENTILADORES \u00b7 Ver VENTILADORES \u00b7 Ventiladores de Parede \u00b7 Ventiladores de Coluna \u00b7 Ventiladores de Mesa \u00b7 Ventiladores de Teto \u00b7 Circuladores de Ar.\",\"publisher\":{\"@id\":\"https:\/\/ciavento.com.br\/2024\/#organization\"},\"potentialAction\":[{\"@type\":\"SearchAction\",\"target\":{\"@type\":\"EntryPoint\",\"urlTemplate\":\"https:\/\/ciavento.com.br\/2024\/?s={search_term_string}\"},\"query-input\":\"required name=search_term_string\"}],\"inLanguage\":\"pt-BR\"},{\"@type\":\"Organization\",\"@id\":\"https:\/\/ciavento.com.br\/2024\/#organization\",\"name\":\"Cia do Vento\",\"url\":\"https:\/\/ciavento.com.br\/2024\/\",\"logo\":{\"@type\":\"ImageObject\",\"inLanguage\":\"pt-BR\",\"@id\":\"https:\/\/ciavento.com.br\/2024\/#\/schema\/logo\/image\/\",\"url\":\"https:\/\/ciavento.com.br\/2024\/wp-content\/uploads\/2023\/09\/logo-22.jpg\",\"contentUrl\":\"https:\/\/ciavento.com.br\/2024\/wp-content\/uploads\/2023\/09\/logo-22.jpg\",\"width\":1280,\"height\":617,\"caption\":\"Cia do Vento\"},\"image\":{\"@id\":\"https:\/\/ciavento.com.br\/2024\/#\/schema\/logo\/image\/\"}}]}<\/script>\n<!-- \/ Yoast SEO plugin. -->","yoast_head_json":{"title":"Ventilador de Coluna Ventisol 60 Bivolt 200W - Cia do Vento","robots":{"index":"index","follow":"follow","max-snippet":"max-snippet:-1","max-image-preview":"max-image-preview:large","max-video-preview":"max-video-preview:-1"},"canonical":"https:\/\/ciavento.com.br\/2024\/produto\/ventiladores\/ventiladores-de-pedestal\/ventilador-de-coluna-ventisol-60-bivolt-200w\/","og_locale":"pt_BR","og_type":"article","og_title":"Ventilador de Coluna Ventisol 60 Bivolt 200W - Cia do Vento","og_description":"Sua empresa ou institui\u00e7\u00e3o com o ar refrescante. Para grandes \u00e1reas que precisem de ventila\u00e7\u00e3o, o Ventilador de Coluna Ventisol 60cm \u00e9 ideal. Indicado para grandes ambientes como lojas, escolas, restaurantes, igrejas, ind\u00fastrias, entre outros. Circula o ar e deixa sua vida mais prazerosa Com design discreto e silencioso ele \u00e9 perfeito para tornar seus ambientes mais agrad\u00e1veis e confort\u00e1veis","og_url":"https:\/\/ciavento.com.br\/2024\/produto\/ventiladores\/ventiladores-de-pedestal\/ventilador-de-coluna-ventisol-60-bivolt-200w\/","og_site_name":"Cia do Vento","article_modified_time":"2020-04-23T20:26:08+00:00","og_image":[{"width":1000,"height":1000,"url":"https:\/\/ciavento.com.br\/2024\/wp-content\/uploads\/2020\/04\/VC-Ventisol-60-preto-.jpg","type":"image\/jpeg"}],"twitter_card":"summary_large_image","twitter_misc":{"Est. tempo de leitura":"1 minuto"},"schema":{"@context":"https:\/\/schema.org","@graph":[{"@type":"WebPage","@id":"https:\/\/ciavento.com.br\/2024\/produto\/ventiladores\/ventiladores-de-pedestal\/ventilador-de-coluna-ventisol-60-bivolt-200w\/","url":"https:\/\/ciavento.com.br\/2024\/produto\/ventiladores\/ventiladores-de-pedestal\/ventilador-de-coluna-ventisol-60-bivolt-200w\/","name":"Ventilador de Coluna Ventisol 60 Bivolt 200W - Cia do Vento","isPartOf":{"@id":"https:\/\/ciavento.com.br\/2024\/#website"},"datePublished":"2020-04-06T12:07:19+00:00","dateModified":"2020-04-23T20:26:08+00:00","breadcrumb":{"@id":"https:\/\/ciavento.com.br\/2024\/produto\/ventiladores\/ventiladores-de-pedestal\/ventilador-de-coluna-ventisol-60-bivolt-200w\/#breadcrumb"},"inLanguage":"pt-BR","potentialAction":[{"@type":"ReadAction","target":["https:\/\/ciavento.com.br\/2024\/produto\/ventiladores\/ventiladores-de-pedestal\/ventilador-de-coluna-ventisol-60-bivolt-200w\/"]}]},{"@type":"BreadcrumbList","@id":"https:\/\/ciavento.com.br\/2024\/produto\/ventiladores\/ventiladores-de-pedestal\/ventilador-de-coluna-ventisol-60-bivolt-200w\/#breadcrumb","itemListElement":[{"@type":"ListItem","position":1,"name":"In\u00edcio","item":"https:\/\/ciavento.com.br\/2024\/"},{"@type":"ListItem","position":2,"name":"Linha de Produtos","item":"https:\/\/ciavento.com.br\/2024\/shop\/"},{"@type":"ListItem","position":3,"name":"Ventilador de Coluna Ventisol 60 Bivolt 200W"}]},{"@type":"WebSite","@id":"https:\/\/ciavento.com.br\/2024\/#website","url":"https:\/\/ciavento.com.br\/2024\/","name":"Cia do Vento","description":"VENTILADORES \u00b7 Ver VENTILADORES \u00b7 Ventiladores de Parede \u00b7 Ventiladores de Coluna \u00b7 Ventiladores de Mesa \u00b7 Ventiladores de Teto \u00b7 Circuladores de Ar.","publisher":{"@id":"https:\/\/ciavento.com.br\/2024\/#organization"},"potentialAction":[{"@type":"SearchAction","target":{"@type":"EntryPoint","urlTemplate":"https:\/\/ciavento.com.br\/2024\/?s={search_term_string}"},"query-input":"required name=search_term_string"}],"inLanguage":"pt-BR"},{"@type":"Organization","@id":"https:\/\/ciavento.com.br\/2024\/#organization","name":"Cia do Vento","url":"https:\/\/ciavento.com.br\/2024\/","logo":{"@type":"ImageObject","inLanguage":"pt-BR","@id":"https:\/\/ciavento.com.br\/2024\/#\/schema\/logo\/image\/","url":"https:\/\/ciavento.com.br\/2024\/wp-content\/uploads\/2023\/09\/logo-22.jpg","contentUrl":"https:\/\/ciavento.com.br\/2024\/wp-content\/uploads\/2023\/09\/logo-22.jpg","width":1280,"height":617,"caption":"Cia do Vento"},"image":{"@id":"https:\/\/ciavento.com.br\/2024\/#\/schema\/logo\/image\/"}}]}},"_links":{"self":[{"href":"https:\/\/ciavento.com.br\/2024\/wp-json\/wp\/v2\/product\/3057"}],"collection":[{"href":"https:\/\/ciavento.com.br\/2024\/wp-json\/wp\/v2\/product"}],"about":[{"href":"https:\/\/ciavento.com.br\/2024\/wp-json\/wp\/v2\/types\/product"}],"wp:featuredmedia":[{"embeddable":true,"href":"https:\/\/ciavento.com.br\/2024\/wp-json\/wp\/v2\/media\/3059"}],"wp:attachment":[{"href":"https:\/\/ciavento.com.br\/2024\/wp-json\/wp\/v2\/media?parent=3057"}],"curies":[{"name":"wp","href":"https:\/\/api.w.org\/{rel}","templated":true}]}}