{"id":3069,"date":"2020-04-06T09:42:30","date_gmt":"2020-04-06T12:42:30","guid":{"rendered":"https:\/\/ciavento.com.br\/2024\/?post_type=product&#038;p=3069"},"modified":"2020-04-23T17:26:28","modified_gmt":"2020-04-23T20:26:28","slug":"ventilador-de-coluna-ventisilva-65-vcl","status":"publish","type":"product","link":"https:\/\/ciavento.com.br\/2024\/produto\/ventiladores\/ventiladores-de-pedestal\/ventilador-de-coluna-ventisilva-65-vcl\/","title":{"rendered":"Ventilador de Coluna Ventisilva 65 VCL"},"content":{"rendered":"<p><strong>Caracter\u00edsticas t\u00e9cnicas:<\/strong><\/p>\n<p>&#8211; Modelo: VCL Preto Grade Em Pintura Ep\u00f3xi Cromada<br \/>\n&#8211; Di\u00e2metro: 65 cm<br \/>\n&#8211; Comprimento: 210 cm<br \/>\n&#8211; Dimens\u00e3o: 65 cm<br \/>\n&#8211; Tens\u00e3o: 127 \/ 220 V<br \/>\n&#8211; Pot\u00eancia: 150\/147\u00a0W<br \/>\n&#8211; Rota\u00e7\u00e3o: 600\/1500 RPM<br \/>\n&#8211; Ru\u00eddo: 72 dBA<br \/>\n&#8211; Frequ\u00eancia: 60 Hz<br \/>\n&#8211; Peso L\u00edquido: 9,94 Kg<\/p>\n","protected":false},"excerpt":{"rendered":"<p>O ventilador de coluna VENTISILVA modelo VCL \u00e9 resistente, silencioso e de f\u00e1cil manuseio.<br \/>\nIdeal para escrit\u00f3rios, laborat\u00f3rios, lojas, restaurantes, escolas, fast-foods, industrias, hospitais, igrejas, templos, clubes e todos ambientes que necessitem de uma excelente circulat\u00f3rio de ar.<br \/>\nO Ventilador tem 2,10m de altura, inclui caixa de controle de velocidades. Equipado com protetor t\u00e9rmico que garante total seguran\u00e7a ao aparelho.<\/p>\n","protected":false},"featured_media":3070,"template":"","meta":[],"yoast_head":"<!-- This site is optimized with the Yoast SEO plugin v20.0 - https:\/\/yoast.com\/wordpress\/plugins\/seo\/ -->\n<title>Ventilador de Coluna Ventisilva 65 VCL - Cia do Vento<\/title>\n<meta name=\"robots\" content=\"index, follow, max-snippet:-1, max-image-preview:large, max-video-preview:-1\" \/>\n<link rel=\"canonical\" href=\"https:\/\/ciavento.com.br\/2024\/produto\/ventiladores\/ventiladores-de-pedestal\/ventilador-de-coluna-ventisilva-65-vcl\/\" \/>\n<meta property=\"og:locale\" content=\"pt_BR\" \/>\n<meta property=\"og:type\" content=\"article\" \/>\n<meta property=\"og:title\" content=\"Ventilador de Coluna Ventisilva 65 VCL - Cia do Vento\" \/>\n<meta property=\"og:description\" content=\"O ventilador de coluna VENTISILVA modelo VCL \u00e9 resistente, silencioso e de f\u00e1cil manuseio. Ideal para escrit\u00f3rios, laborat\u00f3rios, lojas, restaurantes, escolas, fast-foods, industrias, hospitais, igrejas, templos, clubes e todos ambientes que necessitem de uma excelente circulat\u00f3rio de ar. O Ventilador tem 2,10m de altura, inclui caixa de controle de velocidades. Equipado com protetor t\u00e9rmico que garante total seguran\u00e7a ao aparelho.\" \/>\n<meta property=\"og:url\" content=\"https:\/\/ciavento.com.br\/2024\/produto\/ventiladores\/ventiladores-de-pedestal\/ventilador-de-coluna-ventisilva-65-vcl\/\" \/>\n<meta property=\"og:site_name\" content=\"Cia do Vento\" \/>\n<meta property=\"article:modified_time\" content=\"2020-04-23T20:26:28+00:00\" \/>\n<meta property=\"og:image\" content=\"https:\/\/ciavento.com.br\/2024\/wp-content\/uploads\/2020\/04\/VC-Ventisilva-65-cromado.jpg1_.jpg\" \/>\n\t<meta property=\"og:image:width\" content=\"350\" \/>\n\t<meta property=\"og:image:height\" content=\"350\" \/>\n\t<meta property=\"og:image:type\" content=\"image\/jpeg\" \/>\n<meta name=\"twitter:card\" content=\"summary_large_image\" \/>\n<script type=\"application\/ld+json\" class=\"yoast-schema-graph\">{\"@context\":\"https:\/\/schema.org\",\"@graph\":[{\"@type\":\"WebPage\",\"@id\":\"https:\/\/ciavento.com.br\/2024\/produto\/ventiladores\/ventiladores-de-pedestal\/ventilador-de-coluna-ventisilva-65-vcl\/\",\"url\":\"https:\/\/ciavento.com.br\/2024\/produto\/ventiladores\/ventiladores-de-pedestal\/ventilador-de-coluna-ventisilva-65-vcl\/\",\"name\":\"Ventilador de Coluna Ventisilva 65 VCL - Cia do Vento\",\"isPartOf\":{\"@id\":\"https:\/\/ciavento.com.br\/2024\/#website\"},\"datePublished\":\"2020-04-06T12:42:30+00:00\",\"dateModified\":\"2020-04-23T20:26:28+00:00\",\"breadcrumb\":{\"@id\":\"https:\/\/ciavento.com.br\/2024\/produto\/ventiladores\/ventiladores-de-pedestal\/ventilador-de-coluna-ventisilva-65-vcl\/#breadcrumb\"},\"inLanguage\":\"pt-BR\",\"potentialAction\":[{\"@type\":\"ReadAction\",\"target\":[\"https:\/\/ciavento.com.br\/2024\/produto\/ventiladores\/ventiladores-de-pedestal\/ventilador-de-coluna-ventisilva-65-vcl\/\"]}]},{\"@type\":\"BreadcrumbList\",\"@id\":\"https:\/\/ciavento.com.br\/2024\/produto\/ventiladores\/ventiladores-de-pedestal\/ventilador-de-coluna-ventisilva-65-vcl\/#breadcrumb\",\"itemListElement\":[{\"@type\":\"ListItem\",\"position\":1,\"name\":\"In\u00edcio\",\"item\":\"https:\/\/ciavento.com.br\/2024\/\"},{\"@type\":\"ListItem\",\"position\":2,\"name\":\"Linha de Produtos\",\"item\":\"https:\/\/ciavento.com.br\/2024\/shop\/\"},{\"@type\":\"ListItem\",\"position\":3,\"name\":\"Ventilador de Coluna Ventisilva 65 VCL\"}]},{\"@type\":\"WebSite\",\"@id\":\"https:\/\/ciavento.com.br\/2024\/#website\",\"url\":\"https:\/\/ciavento.com.br\/2024\/\",\"name\":\"Cia do Vento\",\"description\":\"VENTILADORES \u00b7 Ver VENTILADORES \u00b7 Ventiladores de Parede \u00b7 Ventiladores de Coluna \u00b7 Ventiladores de Mesa \u00b7 Ventiladores de Teto \u00b7 Circuladores de Ar.\",\"publisher\":{\"@id\":\"https:\/\/ciavento.com.br\/2024\/#organization\"},\"potentialAction\":[{\"@type\":\"SearchAction\",\"target\":{\"@type\":\"EntryPoint\",\"urlTemplate\":\"https:\/\/ciavento.com.br\/2024\/?s={search_term_string}\"},\"query-input\":\"required name=search_term_string\"}],\"inLanguage\":\"pt-BR\"},{\"@type\":\"Organization\",\"@id\":\"https:\/\/ciavento.com.br\/2024\/#organization\",\"name\":\"Cia do Vento\",\"url\":\"https:\/\/ciavento.com.br\/2024\/\",\"logo\":{\"@type\":\"ImageObject\",\"inLanguage\":\"pt-BR\",\"@id\":\"https:\/\/ciavento.com.br\/2024\/#\/schema\/logo\/image\/\",\"url\":\"https:\/\/ciavento.com.br\/2024\/wp-content\/uploads\/2023\/09\/logo-22.jpg\",\"contentUrl\":\"https:\/\/ciavento.com.br\/2024\/wp-content\/uploads\/2023\/09\/logo-22.jpg\",\"width\":1280,\"height\":617,\"caption\":\"Cia do Vento\"},\"image\":{\"@id\":\"https:\/\/ciavento.com.br\/2024\/#\/schema\/logo\/image\/\"}}]}<\/script>\n<!-- \/ Yoast SEO plugin. -->","yoast_head_json":{"title":"Ventilador de Coluna Ventisilva 65 VCL - Cia do Vento","robots":{"index":"index","follow":"follow","max-snippet":"max-snippet:-1","max-image-preview":"max-image-preview:large","max-video-preview":"max-video-preview:-1"},"canonical":"https:\/\/ciavento.com.br\/2024\/produto\/ventiladores\/ventiladores-de-pedestal\/ventilador-de-coluna-ventisilva-65-vcl\/","og_locale":"pt_BR","og_type":"article","og_title":"Ventilador de Coluna Ventisilva 65 VCL - Cia do Vento","og_description":"O ventilador de coluna VENTISILVA modelo VCL \u00e9 resistente, silencioso e de f\u00e1cil manuseio. Ideal para escrit\u00f3rios, laborat\u00f3rios, lojas, restaurantes, escolas, fast-foods, industrias, hospitais, igrejas, templos, clubes e todos ambientes que necessitem de uma excelente circulat\u00f3rio de ar. O Ventilador tem 2,10m de altura, inclui caixa de controle de velocidades. Equipado com protetor t\u00e9rmico que garante total seguran\u00e7a ao aparelho.","og_url":"https:\/\/ciavento.com.br\/2024\/produto\/ventiladores\/ventiladores-de-pedestal\/ventilador-de-coluna-ventisilva-65-vcl\/","og_site_name":"Cia do Vento","article_modified_time":"2020-04-23T20:26:28+00:00","og_image":[{"width":350,"height":350,"url":"https:\/\/ciavento.com.br\/2024\/wp-content\/uploads\/2020\/04\/VC-Ventisilva-65-cromado.jpg1_.jpg","type":"image\/jpeg"}],"twitter_card":"summary_large_image","schema":{"@context":"https:\/\/schema.org","@graph":[{"@type":"WebPage","@id":"https:\/\/ciavento.com.br\/2024\/produto\/ventiladores\/ventiladores-de-pedestal\/ventilador-de-coluna-ventisilva-65-vcl\/","url":"https:\/\/ciavento.com.br\/2024\/produto\/ventiladores\/ventiladores-de-pedestal\/ventilador-de-coluna-ventisilva-65-vcl\/","name":"Ventilador de Coluna Ventisilva 65 VCL - Cia do Vento","isPartOf":{"@id":"https:\/\/ciavento.com.br\/2024\/#website"},"datePublished":"2020-04-06T12:42:30+00:00","dateModified":"2020-04-23T20:26:28+00:00","breadcrumb":{"@id":"https:\/\/ciavento.com.br\/2024\/produto\/ventiladores\/ventiladores-de-pedestal\/ventilador-de-coluna-ventisilva-65-vcl\/#breadcrumb"},"inLanguage":"pt-BR","potentialAction":[{"@type":"ReadAction","target":["https:\/\/ciavento.com.br\/2024\/produto\/ventiladores\/ventiladores-de-pedestal\/ventilador-de-coluna-ventisilva-65-vcl\/"]}]},{"@type":"BreadcrumbList","@id":"https:\/\/ciavento.com.br\/2024\/produto\/ventiladores\/ventiladores-de-pedestal\/ventilador-de-coluna-ventisilva-65-vcl\/#breadcrumb","itemListElement":[{"@type":"ListItem","position":1,"name":"In\u00edcio","item":"https:\/\/ciavento.com.br\/2024\/"},{"@type":"ListItem","position":2,"name":"Linha de Produtos","item":"https:\/\/ciavento.com.br\/2024\/shop\/"},{"@type":"ListItem","position":3,"name":"Ventilador de Coluna Ventisilva 65 VCL"}]},{"@type":"WebSite","@id":"https:\/\/ciavento.com.br\/2024\/#website","url":"https:\/\/ciavento.com.br\/2024\/","name":"Cia do Vento","description":"VENTILADORES \u00b7 Ver VENTILADORES \u00b7 Ventiladores de Parede \u00b7 Ventiladores de Coluna \u00b7 Ventiladores de Mesa \u00b7 Ventiladores de Teto \u00b7 Circuladores de Ar.","publisher":{"@id":"https:\/\/ciavento.com.br\/2024\/#organization"},"potentialAction":[{"@type":"SearchAction","target":{"@type":"EntryPoint","urlTemplate":"https:\/\/ciavento.com.br\/2024\/?s={search_term_string}"},"query-input":"required name=search_term_string"}],"inLanguage":"pt-BR"},{"@type":"Organization","@id":"https:\/\/ciavento.com.br\/2024\/#organization","name":"Cia do Vento","url":"https:\/\/ciavento.com.br\/2024\/","logo":{"@type":"ImageObject","inLanguage":"pt-BR","@id":"https:\/\/ciavento.com.br\/2024\/#\/schema\/logo\/image\/","url":"https:\/\/ciavento.com.br\/2024\/wp-content\/uploads\/2023\/09\/logo-22.jpg","contentUrl":"https:\/\/ciavento.com.br\/2024\/wp-content\/uploads\/2023\/09\/logo-22.jpg","width":1280,"height":617,"caption":"Cia do Vento"},"image":{"@id":"https:\/\/ciavento.com.br\/2024\/#\/schema\/logo\/image\/"}}]}},"_links":{"self":[{"href":"https:\/\/ciavento.com.br\/2024\/wp-json\/wp\/v2\/product\/3069"}],"collection":[{"href":"https:\/\/ciavento.com.br\/2024\/wp-json\/wp\/v2\/product"}],"about":[{"href":"https:\/\/ciavento.com.br\/2024\/wp-json\/wp\/v2\/types\/product"}],"wp:featuredmedia":[{"embeddable":true,"href":"https:\/\/ciavento.com.br\/2024\/wp-json\/wp\/v2\/media\/3070"}],"wp:attachment":[{"href":"https:\/\/ciavento.com.br\/2024\/wp-json\/wp\/v2\/media?parent=3069"}],"curies":[{"name":"wp","href":"https:\/\/api.w.org\/{rel}","templated":true}]}}