{"id":3077,"date":"2020-04-06T10:05:06","date_gmt":"2020-04-06T13:05:06","guid":{"rendered":"https:\/\/ciavento.com.br\/2024\/?post_type=product&#038;p=3077"},"modified":"2020-04-23T17:47:53","modified_gmt":"2020-04-23T20:47:53","slug":"ventilador-de-mesa-ventisol-30-turbo-preto-127-v","status":"publish","type":"product","link":"https:\/\/ciavento.com.br\/2024\/produto\/ventiladores\/ventiladores-de-mesa\/ventilador-de-mesa-ventisol-30-turbo-preto-127-v\/","title":{"rendered":"Ventilador de Mesa Ventisol 30 Turbo Preto 127 V"},"content":{"rendered":"<p><strong>&#8211; Nova Base<\/strong>: Design moderno e arrojado. Maior estabilidade para o ventilador.<br \/>\n<strong>&#8211; Motor Turbo<\/strong>: Motor turbo com alta performance. Gera menos ru\u00eddo.<br \/>\n<strong>&#8211; H\u00e9lice 6 P\u00e1s<\/strong>: Com nova aerodin\u00e2mica. Gera mais ventila\u00e7\u00e3o.<br \/>\n<strong>&#8211; Chave de Liga\u00e7\u00e3o no Capacete<\/strong>: Mais praticidade para o uso.<br \/>\n<strong>&#8211; Grade Fechada<\/strong>: Mais seguran\u00e7a para a fam\u00edlia.<br \/>\n&#8211;<strong> Oscila\u00e7\u00e3o Horizontal<\/strong>: Proporciona um fluxo de ar mais distribu\u00eddo por todo o ambiente.<br \/>\n<strong>&#8211; Regulagem de inclina\u00e7\u00e3o manual<\/strong>: Ajustada de acordo com a necessidade.<br \/>\n<strong>&#8211; Tr\u00eas Velocidades<\/strong>: Voc\u00ea poder\u00e1 escolher a que mais agrade.<br \/>\n<strong>&#8211; Suporte de parede integrado<\/strong>: Pode ser usado no ch\u00e3o, na mesa ou na parede em algum ponto de fixa\u00e7\u00e3o.<\/p>\n<p><strong>Caracter\u00edsticas t\u00e9cnicas:<\/strong><\/p>\n<p>&#8211; Pot\u00eancia: 52W<br \/>\n&#8211; RPM: 1.500<br \/>\n&#8211; Di\u00e2metro da grade: 350mm<br \/>\n&#8211; Di\u00e2metro da h\u00e9lice: 330mm<br \/>\n&#8211; Vaz\u00e3o: 0,47m\u00b3\/s<\/p>\n","protected":false},"excerpt":{"rendered":"<p>Ar mais refrescante para voc\u00ea e sua fam\u00edlia.<br \/>\nSe voc\u00ea deseja um ambiente mais refrescante e agrad\u00e1vel, o Ventilador de Mesa Ventisol Turbo 6 30cm \u00e9 perfeito.<br \/>\nSeu Motor Turbo junto com sua h\u00e9lice de 6 p\u00e1s com nova aerodin\u00e2mica s\u00e3o silenciosos e geram uma maior ventila\u00e7\u00e3o no aparelho.<br \/>\nAr mais refrescante para voc\u00ea e sua fam\u00edlia.<\/p>\n","protected":false},"featured_media":3080,"template":"","meta":[],"yoast_head":"<!-- This site is optimized with the Yoast SEO plugin v20.0 - https:\/\/yoast.com\/wordpress\/plugins\/seo\/ -->\n<title>Ventilador de Mesa Ventisol 30 Turbo Preto 127 V - Cia do Vento<\/title>\n<meta name=\"robots\" content=\"index, follow, max-snippet:-1, max-image-preview:large, max-video-preview:-1\" \/>\n<link rel=\"canonical\" href=\"https:\/\/ciavento.com.br\/2024\/produto\/ventiladores\/ventiladores-de-mesa\/ventilador-de-mesa-ventisol-30-turbo-preto-127-v\/\" \/>\n<meta property=\"og:locale\" content=\"pt_BR\" \/>\n<meta property=\"og:type\" content=\"article\" \/>\n<meta property=\"og:title\" content=\"Ventilador de Mesa Ventisol 30 Turbo Preto 127 V - Cia do Vento\" \/>\n<meta property=\"og:description\" content=\"Ar mais refrescante para voc\u00ea e sua fam\u00edlia. Se voc\u00ea deseja um ambiente mais refrescante e agrad\u00e1vel, o Ventilador de Mesa Ventisol Turbo 6 30cm \u00e9 perfeito. Seu Motor Turbo junto com sua h\u00e9lice de 6 p\u00e1s com nova aerodin\u00e2mica s\u00e3o silenciosos e geram uma maior ventila\u00e7\u00e3o no aparelho. Ar mais refrescante para voc\u00ea e sua fam\u00edlia.\" \/>\n<meta property=\"og:url\" content=\"https:\/\/ciavento.com.br\/2024\/produto\/ventiladores\/ventiladores-de-mesa\/ventilador-de-mesa-ventisol-30-turbo-preto-127-v\/\" \/>\n<meta property=\"og:site_name\" content=\"Cia do Vento\" \/>\n<meta property=\"article:modified_time\" content=\"2020-04-23T20:47:53+00:00\" \/>\n<meta property=\"og:image\" content=\"https:\/\/ciavento.com.br\/2024\/wp-content\/uploads\/2020\/04\/turbo-6-preto-.jpg\" \/>\n\t<meta property=\"og:image:width\" content=\"1000\" \/>\n\t<meta property=\"og:image:height\" content=\"1000\" \/>\n\t<meta property=\"og:image:type\" content=\"image\/jpeg\" \/>\n<meta name=\"twitter:card\" content=\"summary_large_image\" \/>\n<meta name=\"twitter:label1\" content=\"Est. tempo de leitura\" \/>\n\t<meta name=\"twitter:data1\" content=\"1 minuto\" \/>\n<script type=\"application\/ld+json\" class=\"yoast-schema-graph\">{\"@context\":\"https:\/\/schema.org\",\"@graph\":[{\"@type\":\"WebPage\",\"@id\":\"https:\/\/ciavento.com.br\/2024\/produto\/ventiladores\/ventiladores-de-mesa\/ventilador-de-mesa-ventisol-30-turbo-preto-127-v\/\",\"url\":\"https:\/\/ciavento.com.br\/2024\/produto\/ventiladores\/ventiladores-de-mesa\/ventilador-de-mesa-ventisol-30-turbo-preto-127-v\/\",\"name\":\"Ventilador de Mesa Ventisol 30 Turbo Preto 127 V - Cia do Vento\",\"isPartOf\":{\"@id\":\"https:\/\/ciavento.com.br\/2024\/#website\"},\"datePublished\":\"2020-04-06T13:05:06+00:00\",\"dateModified\":\"2020-04-23T20:47:53+00:00\",\"breadcrumb\":{\"@id\":\"https:\/\/ciavento.com.br\/2024\/produto\/ventiladores\/ventiladores-de-mesa\/ventilador-de-mesa-ventisol-30-turbo-preto-127-v\/#breadcrumb\"},\"inLanguage\":\"pt-BR\",\"potentialAction\":[{\"@type\":\"ReadAction\",\"target\":[\"https:\/\/ciavento.com.br\/2024\/produto\/ventiladores\/ventiladores-de-mesa\/ventilador-de-mesa-ventisol-30-turbo-preto-127-v\/\"]}]},{\"@type\":\"BreadcrumbList\",\"@id\":\"https:\/\/ciavento.com.br\/2024\/produto\/ventiladores\/ventiladores-de-mesa\/ventilador-de-mesa-ventisol-30-turbo-preto-127-v\/#breadcrumb\",\"itemListElement\":[{\"@type\":\"ListItem\",\"position\":1,\"name\":\"In\u00edcio\",\"item\":\"https:\/\/ciavento.com.br\/2024\/\"},{\"@type\":\"ListItem\",\"position\":2,\"name\":\"Linha de Produtos\",\"item\":\"https:\/\/ciavento.com.br\/2024\/shop\/\"},{\"@type\":\"ListItem\",\"position\":3,\"name\":\"Ventilador de Mesa Ventisol 30 Turbo Preto 127 V\"}]},{\"@type\":\"WebSite\",\"@id\":\"https:\/\/ciavento.com.br\/2024\/#website\",\"url\":\"https:\/\/ciavento.com.br\/2024\/\",\"name\":\"Cia do Vento\",\"description\":\"VENTILADORES \u00b7 Ver VENTILADORES \u00b7 Ventiladores de Parede \u00b7 Ventiladores de Coluna \u00b7 Ventiladores de Mesa \u00b7 Ventiladores de Teto \u00b7 Circuladores de Ar.\",\"publisher\":{\"@id\":\"https:\/\/ciavento.com.br\/2024\/#organization\"},\"potentialAction\":[{\"@type\":\"SearchAction\",\"target\":{\"@type\":\"EntryPoint\",\"urlTemplate\":\"https:\/\/ciavento.com.br\/2024\/?s={search_term_string}\"},\"query-input\":\"required name=search_term_string\"}],\"inLanguage\":\"pt-BR\"},{\"@type\":\"Organization\",\"@id\":\"https:\/\/ciavento.com.br\/2024\/#organization\",\"name\":\"Cia do Vento\",\"url\":\"https:\/\/ciavento.com.br\/2024\/\",\"logo\":{\"@type\":\"ImageObject\",\"inLanguage\":\"pt-BR\",\"@id\":\"https:\/\/ciavento.com.br\/2024\/#\/schema\/logo\/image\/\",\"url\":\"https:\/\/ciavento.com.br\/2024\/wp-content\/uploads\/2023\/09\/logo-22.jpg\",\"contentUrl\":\"https:\/\/ciavento.com.br\/2024\/wp-content\/uploads\/2023\/09\/logo-22.jpg\",\"width\":1280,\"height\":617,\"caption\":\"Cia do Vento\"},\"image\":{\"@id\":\"https:\/\/ciavento.com.br\/2024\/#\/schema\/logo\/image\/\"}}]}<\/script>\n<!-- \/ Yoast SEO plugin. -->","yoast_head_json":{"title":"Ventilador de Mesa Ventisol 30 Turbo Preto 127 V - Cia do Vento","robots":{"index":"index","follow":"follow","max-snippet":"max-snippet:-1","max-image-preview":"max-image-preview:large","max-video-preview":"max-video-preview:-1"},"canonical":"https:\/\/ciavento.com.br\/2024\/produto\/ventiladores\/ventiladores-de-mesa\/ventilador-de-mesa-ventisol-30-turbo-preto-127-v\/","og_locale":"pt_BR","og_type":"article","og_title":"Ventilador de Mesa Ventisol 30 Turbo Preto 127 V - Cia do Vento","og_description":"Ar mais refrescante para voc\u00ea e sua fam\u00edlia. Se voc\u00ea deseja um ambiente mais refrescante e agrad\u00e1vel, o Ventilador de Mesa Ventisol Turbo 6 30cm \u00e9 perfeito. Seu Motor Turbo junto com sua h\u00e9lice de 6 p\u00e1s com nova aerodin\u00e2mica s\u00e3o silenciosos e geram uma maior ventila\u00e7\u00e3o no aparelho. Ar mais refrescante para voc\u00ea e sua fam\u00edlia.","og_url":"https:\/\/ciavento.com.br\/2024\/produto\/ventiladores\/ventiladores-de-mesa\/ventilador-de-mesa-ventisol-30-turbo-preto-127-v\/","og_site_name":"Cia do Vento","article_modified_time":"2020-04-23T20:47:53+00:00","og_image":[{"width":1000,"height":1000,"url":"https:\/\/ciavento.com.br\/2024\/wp-content\/uploads\/2020\/04\/turbo-6-preto-.jpg","type":"image\/jpeg"}],"twitter_card":"summary_large_image","twitter_misc":{"Est. tempo de leitura":"1 minuto"},"schema":{"@context":"https:\/\/schema.org","@graph":[{"@type":"WebPage","@id":"https:\/\/ciavento.com.br\/2024\/produto\/ventiladores\/ventiladores-de-mesa\/ventilador-de-mesa-ventisol-30-turbo-preto-127-v\/","url":"https:\/\/ciavento.com.br\/2024\/produto\/ventiladores\/ventiladores-de-mesa\/ventilador-de-mesa-ventisol-30-turbo-preto-127-v\/","name":"Ventilador de Mesa Ventisol 30 Turbo Preto 127 V - Cia do Vento","isPartOf":{"@id":"https:\/\/ciavento.com.br\/2024\/#website"},"datePublished":"2020-04-06T13:05:06+00:00","dateModified":"2020-04-23T20:47:53+00:00","breadcrumb":{"@id":"https:\/\/ciavento.com.br\/2024\/produto\/ventiladores\/ventiladores-de-mesa\/ventilador-de-mesa-ventisol-30-turbo-preto-127-v\/#breadcrumb"},"inLanguage":"pt-BR","potentialAction":[{"@type":"ReadAction","target":["https:\/\/ciavento.com.br\/2024\/produto\/ventiladores\/ventiladores-de-mesa\/ventilador-de-mesa-ventisol-30-turbo-preto-127-v\/"]}]},{"@type":"BreadcrumbList","@id":"https:\/\/ciavento.com.br\/2024\/produto\/ventiladores\/ventiladores-de-mesa\/ventilador-de-mesa-ventisol-30-turbo-preto-127-v\/#breadcrumb","itemListElement":[{"@type":"ListItem","position":1,"name":"In\u00edcio","item":"https:\/\/ciavento.com.br\/2024\/"},{"@type":"ListItem","position":2,"name":"Linha de Produtos","item":"https:\/\/ciavento.com.br\/2024\/shop\/"},{"@type":"ListItem","position":3,"name":"Ventilador de Mesa Ventisol 30 Turbo Preto 127 V"}]},{"@type":"WebSite","@id":"https:\/\/ciavento.com.br\/2024\/#website","url":"https:\/\/ciavento.com.br\/2024\/","name":"Cia do Vento","description":"VENTILADORES \u00b7 Ver VENTILADORES \u00b7 Ventiladores de Parede \u00b7 Ventiladores de Coluna \u00b7 Ventiladores de Mesa \u00b7 Ventiladores de Teto \u00b7 Circuladores de Ar.","publisher":{"@id":"https:\/\/ciavento.com.br\/2024\/#organization"},"potentialAction":[{"@type":"SearchAction","target":{"@type":"EntryPoint","urlTemplate":"https:\/\/ciavento.com.br\/2024\/?s={search_term_string}"},"query-input":"required name=search_term_string"}],"inLanguage":"pt-BR"},{"@type":"Organization","@id":"https:\/\/ciavento.com.br\/2024\/#organization","name":"Cia do Vento","url":"https:\/\/ciavento.com.br\/2024\/","logo":{"@type":"ImageObject","inLanguage":"pt-BR","@id":"https:\/\/ciavento.com.br\/2024\/#\/schema\/logo\/image\/","url":"https:\/\/ciavento.com.br\/2024\/wp-content\/uploads\/2023\/09\/logo-22.jpg","contentUrl":"https:\/\/ciavento.com.br\/2024\/wp-content\/uploads\/2023\/09\/logo-22.jpg","width":1280,"height":617,"caption":"Cia do Vento"},"image":{"@id":"https:\/\/ciavento.com.br\/2024\/#\/schema\/logo\/image\/"}}]}},"_links":{"self":[{"href":"https:\/\/ciavento.com.br\/2024\/wp-json\/wp\/v2\/product\/3077"}],"collection":[{"href":"https:\/\/ciavento.com.br\/2024\/wp-json\/wp\/v2\/product"}],"about":[{"href":"https:\/\/ciavento.com.br\/2024\/wp-json\/wp\/v2\/types\/product"}],"wp:featuredmedia":[{"embeddable":true,"href":"https:\/\/ciavento.com.br\/2024\/wp-json\/wp\/v2\/media\/3080"}],"wp:attachment":[{"href":"https:\/\/ciavento.com.br\/2024\/wp-json\/wp\/v2\/media?parent=3077"}],"curies":[{"name":"wp","href":"https:\/\/api.w.org\/{rel}","templated":true}]}}