{"id":3079,"date":"2020-04-06T10:10:27","date_gmt":"2020-04-06T13:10:27","guid":{"rendered":"https:\/\/ciavento.com.br\/2024\/?post_type=product&#038;p=3079"},"modified":"2020-04-23T17:48:05","modified_gmt":"2020-04-23T20:48:05","slug":"ventilador-de-mesa-ventisol-30-turbo-eco-preto","status":"publish","type":"product","link":"https:\/\/ciavento.com.br\/2024\/produto\/ventiladores\/ventiladores-de-mesa\/ventilador-de-mesa-ventisol-30-turbo-eco-preto\/","title":{"rendered":"Ventilador de Mesa Ventisol 30 Turbo ECO Preto"},"content":{"rendered":"<p><strong>\u2022 Ideal para resid\u00eancias:<\/strong><br \/>\nO fluxo de vento ideal para o conforto da ideal.<br \/>\n<strong>\u2022 H\u00e9lice 6 p\u00e1s:\u00a0<\/strong><br \/>\nCom nova aerodin\u00e2mica. Gera mais ventila\u00e7\u00e3o.<br \/>\n<strong>\u2022 Base porta objetos:\u00a0<\/strong><br \/>\nPara colocar diversos pertences pequenos.<br \/>\n<strong>\u2022 Oscila\u00e7\u00e3o horizontal:<\/strong><br \/>\nProporciona um fluxo de ar melhor distribu\u00eddo por todo o ambiente.<br \/>\n<strong>\u2022 Regulagem de inclina\u00e7\u00e3o manual:<\/strong><br \/>\nPode ser ajustada de acordo com a necessidade.<br \/>\n<strong>\u2022 Tr\u00eas velocidades:<\/strong><br \/>\nEscolhar a que melhor agrade.<\/p>\n","protected":false},"excerpt":{"rendered":"<h5><strong>Mais conforto\u00a0para voc\u00ea e sua fam\u00edlia.<\/strong><\/h5>\n<p>Se voc\u00ea deseja mais conforto em sua casa, o Ventilador de Mesa Ventisol Eco 30cm \u00e9 ideal.<br \/>\nEsse vers\u00e1til possui porta objetos na base para voc\u00ea colocar suas chaves e pequenos pertences.<\/p>\n","protected":false},"featured_media":3078,"template":"","meta":[],"yoast_head":"<!-- This site is optimized with the Yoast SEO plugin v20.0 - https:\/\/yoast.com\/wordpress\/plugins\/seo\/ -->\n<title>Ventilador de Mesa Ventisol 30 Turbo ECO Preto - Cia do Vento<\/title>\n<meta name=\"robots\" content=\"index, follow, max-snippet:-1, max-image-preview:large, max-video-preview:-1\" \/>\n<link rel=\"canonical\" href=\"https:\/\/ciavento.com.br\/2024\/produto\/ventiladores\/ventiladores-de-mesa\/ventilador-de-mesa-ventisol-30-turbo-eco-preto\/\" \/>\n<meta property=\"og:locale\" content=\"pt_BR\" \/>\n<meta property=\"og:type\" content=\"article\" \/>\n<meta property=\"og:title\" content=\"Ventilador de Mesa Ventisol 30 Turbo ECO Preto - Cia do Vento\" \/>\n<meta property=\"og:description\" content=\"Mais conforto\u00a0para voc\u00ea e sua fam\u00edlia. Se voc\u00ea deseja mais conforto em sua casa, o Ventilador de Mesa Ventisol Eco 30cm \u00e9 ideal. Esse vers\u00e1til possui porta objetos na base para voc\u00ea colocar suas chaves e pequenos pertences.\" \/>\n<meta property=\"og:url\" content=\"https:\/\/ciavento.com.br\/2024\/produto\/ventiladores\/ventiladores-de-mesa\/ventilador-de-mesa-ventisol-30-turbo-eco-preto\/\" \/>\n<meta property=\"og:site_name\" content=\"Cia do Vento\" \/>\n<meta property=\"article:modified_time\" content=\"2020-04-23T20:48:05+00:00\" \/>\n<meta property=\"og:image\" content=\"https:\/\/ciavento.com.br\/2024\/wp-content\/uploads\/2020\/04\/VM-Ventisol-30-notos-turbo-preto-.jpg\" \/>\n\t<meta property=\"og:image:width\" content=\"1000\" \/>\n\t<meta property=\"og:image:height\" content=\"1000\" \/>\n\t<meta property=\"og:image:type\" content=\"image\/jpeg\" \/>\n<meta name=\"twitter:card\" content=\"summary_large_image\" \/>\n<script type=\"application\/ld+json\" class=\"yoast-schema-graph\">{\"@context\":\"https:\/\/schema.org\",\"@graph\":[{\"@type\":\"WebPage\",\"@id\":\"https:\/\/ciavento.com.br\/2024\/produto\/ventiladores\/ventiladores-de-mesa\/ventilador-de-mesa-ventisol-30-turbo-eco-preto\/\",\"url\":\"https:\/\/ciavento.com.br\/2024\/produto\/ventiladores\/ventiladores-de-mesa\/ventilador-de-mesa-ventisol-30-turbo-eco-preto\/\",\"name\":\"Ventilador de Mesa Ventisol 30 Turbo ECO Preto - Cia do Vento\",\"isPartOf\":{\"@id\":\"https:\/\/ciavento.com.br\/2024\/#website\"},\"datePublished\":\"2020-04-06T13:10:27+00:00\",\"dateModified\":\"2020-04-23T20:48:05+00:00\",\"breadcrumb\":{\"@id\":\"https:\/\/ciavento.com.br\/2024\/produto\/ventiladores\/ventiladores-de-mesa\/ventilador-de-mesa-ventisol-30-turbo-eco-preto\/#breadcrumb\"},\"inLanguage\":\"pt-BR\",\"potentialAction\":[{\"@type\":\"ReadAction\",\"target\":[\"https:\/\/ciavento.com.br\/2024\/produto\/ventiladores\/ventiladores-de-mesa\/ventilador-de-mesa-ventisol-30-turbo-eco-preto\/\"]}]},{\"@type\":\"BreadcrumbList\",\"@id\":\"https:\/\/ciavento.com.br\/2024\/produto\/ventiladores\/ventiladores-de-mesa\/ventilador-de-mesa-ventisol-30-turbo-eco-preto\/#breadcrumb\",\"itemListElement\":[{\"@type\":\"ListItem\",\"position\":1,\"name\":\"In\u00edcio\",\"item\":\"https:\/\/ciavento.com.br\/2024\/\"},{\"@type\":\"ListItem\",\"position\":2,\"name\":\"Linha de Produtos\",\"item\":\"https:\/\/ciavento.com.br\/2024\/shop\/\"},{\"@type\":\"ListItem\",\"position\":3,\"name\":\"Ventilador de Mesa Ventisol 30 Turbo ECO Preto\"}]},{\"@type\":\"WebSite\",\"@id\":\"https:\/\/ciavento.com.br\/2024\/#website\",\"url\":\"https:\/\/ciavento.com.br\/2024\/\",\"name\":\"Cia do Vento\",\"description\":\"VENTILADORES \u00b7 Ver VENTILADORES \u00b7 Ventiladores de Parede \u00b7 Ventiladores de Coluna \u00b7 Ventiladores de Mesa \u00b7 Ventiladores de Teto \u00b7 Circuladores de Ar.\",\"publisher\":{\"@id\":\"https:\/\/ciavento.com.br\/2024\/#organization\"},\"potentialAction\":[{\"@type\":\"SearchAction\",\"target\":{\"@type\":\"EntryPoint\",\"urlTemplate\":\"https:\/\/ciavento.com.br\/2024\/?s={search_term_string}\"},\"query-input\":\"required name=search_term_string\"}],\"inLanguage\":\"pt-BR\"},{\"@type\":\"Organization\",\"@id\":\"https:\/\/ciavento.com.br\/2024\/#organization\",\"name\":\"Cia do Vento\",\"url\":\"https:\/\/ciavento.com.br\/2024\/\",\"logo\":{\"@type\":\"ImageObject\",\"inLanguage\":\"pt-BR\",\"@id\":\"https:\/\/ciavento.com.br\/2024\/#\/schema\/logo\/image\/\",\"url\":\"https:\/\/ciavento.com.br\/2024\/wp-content\/uploads\/2023\/09\/logo-22.jpg\",\"contentUrl\":\"https:\/\/ciavento.com.br\/2024\/wp-content\/uploads\/2023\/09\/logo-22.jpg\",\"width\":1280,\"height\":617,\"caption\":\"Cia do Vento\"},\"image\":{\"@id\":\"https:\/\/ciavento.com.br\/2024\/#\/schema\/logo\/image\/\"}}]}<\/script>\n<!-- \/ Yoast SEO plugin. -->","yoast_head_json":{"title":"Ventilador de Mesa Ventisol 30 Turbo ECO Preto - Cia do Vento","robots":{"index":"index","follow":"follow","max-snippet":"max-snippet:-1","max-image-preview":"max-image-preview:large","max-video-preview":"max-video-preview:-1"},"canonical":"https:\/\/ciavento.com.br\/2024\/produto\/ventiladores\/ventiladores-de-mesa\/ventilador-de-mesa-ventisol-30-turbo-eco-preto\/","og_locale":"pt_BR","og_type":"article","og_title":"Ventilador de Mesa Ventisol 30 Turbo ECO Preto - Cia do Vento","og_description":"Mais conforto\u00a0para voc\u00ea e sua fam\u00edlia. Se voc\u00ea deseja mais conforto em sua casa, o Ventilador de Mesa Ventisol Eco 30cm \u00e9 ideal. Esse vers\u00e1til possui porta objetos na base para voc\u00ea colocar suas chaves e pequenos pertences.","og_url":"https:\/\/ciavento.com.br\/2024\/produto\/ventiladores\/ventiladores-de-mesa\/ventilador-de-mesa-ventisol-30-turbo-eco-preto\/","og_site_name":"Cia do Vento","article_modified_time":"2020-04-23T20:48:05+00:00","og_image":[{"width":1000,"height":1000,"url":"https:\/\/ciavento.com.br\/2024\/wp-content\/uploads\/2020\/04\/VM-Ventisol-30-notos-turbo-preto-.jpg","type":"image\/jpeg"}],"twitter_card":"summary_large_image","schema":{"@context":"https:\/\/schema.org","@graph":[{"@type":"WebPage","@id":"https:\/\/ciavento.com.br\/2024\/produto\/ventiladores\/ventiladores-de-mesa\/ventilador-de-mesa-ventisol-30-turbo-eco-preto\/","url":"https:\/\/ciavento.com.br\/2024\/produto\/ventiladores\/ventiladores-de-mesa\/ventilador-de-mesa-ventisol-30-turbo-eco-preto\/","name":"Ventilador de Mesa Ventisol 30 Turbo ECO Preto - Cia do Vento","isPartOf":{"@id":"https:\/\/ciavento.com.br\/2024\/#website"},"datePublished":"2020-04-06T13:10:27+00:00","dateModified":"2020-04-23T20:48:05+00:00","breadcrumb":{"@id":"https:\/\/ciavento.com.br\/2024\/produto\/ventiladores\/ventiladores-de-mesa\/ventilador-de-mesa-ventisol-30-turbo-eco-preto\/#breadcrumb"},"inLanguage":"pt-BR","potentialAction":[{"@type":"ReadAction","target":["https:\/\/ciavento.com.br\/2024\/produto\/ventiladores\/ventiladores-de-mesa\/ventilador-de-mesa-ventisol-30-turbo-eco-preto\/"]}]},{"@type":"BreadcrumbList","@id":"https:\/\/ciavento.com.br\/2024\/produto\/ventiladores\/ventiladores-de-mesa\/ventilador-de-mesa-ventisol-30-turbo-eco-preto\/#breadcrumb","itemListElement":[{"@type":"ListItem","position":1,"name":"In\u00edcio","item":"https:\/\/ciavento.com.br\/2024\/"},{"@type":"ListItem","position":2,"name":"Linha de Produtos","item":"https:\/\/ciavento.com.br\/2024\/shop\/"},{"@type":"ListItem","position":3,"name":"Ventilador de Mesa Ventisol 30 Turbo ECO Preto"}]},{"@type":"WebSite","@id":"https:\/\/ciavento.com.br\/2024\/#website","url":"https:\/\/ciavento.com.br\/2024\/","name":"Cia do Vento","description":"VENTILADORES \u00b7 Ver VENTILADORES \u00b7 Ventiladores de Parede \u00b7 Ventiladores de Coluna \u00b7 Ventiladores de Mesa \u00b7 Ventiladores de Teto \u00b7 Circuladores de Ar.","publisher":{"@id":"https:\/\/ciavento.com.br\/2024\/#organization"},"potentialAction":[{"@type":"SearchAction","target":{"@type":"EntryPoint","urlTemplate":"https:\/\/ciavento.com.br\/2024\/?s={search_term_string}"},"query-input":"required name=search_term_string"}],"inLanguage":"pt-BR"},{"@type":"Organization","@id":"https:\/\/ciavento.com.br\/2024\/#organization","name":"Cia do Vento","url":"https:\/\/ciavento.com.br\/2024\/","logo":{"@type":"ImageObject","inLanguage":"pt-BR","@id":"https:\/\/ciavento.com.br\/2024\/#\/schema\/logo\/image\/","url":"https:\/\/ciavento.com.br\/2024\/wp-content\/uploads\/2023\/09\/logo-22.jpg","contentUrl":"https:\/\/ciavento.com.br\/2024\/wp-content\/uploads\/2023\/09\/logo-22.jpg","width":1280,"height":617,"caption":"Cia do Vento"},"image":{"@id":"https:\/\/ciavento.com.br\/2024\/#\/schema\/logo\/image\/"}}]}},"_links":{"self":[{"href":"https:\/\/ciavento.com.br\/2024\/wp-json\/wp\/v2\/product\/3079"}],"collection":[{"href":"https:\/\/ciavento.com.br\/2024\/wp-json\/wp\/v2\/product"}],"about":[{"href":"https:\/\/ciavento.com.br\/2024\/wp-json\/wp\/v2\/types\/product"}],"wp:featuredmedia":[{"embeddable":true,"href":"https:\/\/ciavento.com.br\/2024\/wp-json\/wp\/v2\/media\/3078"}],"wp:attachment":[{"href":"https:\/\/ciavento.com.br\/2024\/wp-json\/wp\/v2\/media?parent=3079"}],"curies":[{"name":"wp","href":"https:\/\/api.w.org\/{rel}","templated":true}]}}