{"id":3108,"date":"2020-04-13T09:40:36","date_gmt":"2020-04-13T12:40:36","guid":{"rendered":"https:\/\/ciavento.com.br\/2024\/?post_type=product&#038;p=3108"},"modified":"2020-04-26T14:17:31","modified_gmt":"2020-04-26T17:17:31","slug":"exaustores-axiais-30-cm-qualitas-eq300-m6","status":"publish","type":"product","link":"https:\/\/ciavento.com.br\/2024\/produto\/exaustores\/exaustores-axiais\/exaustores-axiais-30-cm-qualitas-eq300-m6\/","title":{"rendered":"Exaustores Axiais 30 cm Qualitas EQ300 M6"},"content":{"rendered":"<h4>CARACTER\u00cdSTICAS <small>Exaustor Axial EQ300M6<\/small><\/h4>\n<ul>\n<li><b>Tens\u00e3o (V):\u00a0<\/b>127 \/ 220<\/li>\n<li><b>Corrente (A):\u00a0<\/b>0,8 \/ 0,35<\/li>\n<li><b>Pot\u00eancia (HP):<\/b>\u00a01 \/ 7<\/li>\n<li><b>Rota\u00e7\u00e3o (rpm):<\/b>\u00a01140<\/li>\n<li><b>Vaz\u00e3o (m\u00b3\/ min):<\/b>\u00a020<\/li>\n<li><b>Press\u00e3o (mmH2O):<\/b>\u00a06<\/li>\n<li><b>Ru\u00eddo (dBA):<\/b>\u00a065<\/li>\n<li><b>Di\u00e2metro (mm):<\/b>\u00a0300<\/li>\n<li><b>Largura (mm):<\/b>\u00a0200<\/li>\n<li><b>H\u00e9lices (material \/ n\u00ba p\u00e1s):<\/b> A\u00e7o galvanizado \/ 5<\/li>\n<\/ul>\n","protected":false},"excerpt":{"rendered":"<p>O\u00a0<strong>exaustor axial EQ300M6<\/strong>\u00a0\u00e9\u00a0fabricado com carca\u00e7a de constru\u00e7\u00e3o robusta em chapa de a\u00e7o carbono, pintados em ep\u00f3xi, com di\u00e2metro de 300mm, h\u00e9lice met\u00e1lica e motor IP 54<\/p>\n<div class=\"boxInterno\">\n<div class=\"telDet\"><\/div>\n<\/div>\n","protected":false},"featured_media":3109,"template":"","meta":[],"yoast_head":"<!-- This site is optimized with the Yoast SEO plugin v20.0 - https:\/\/yoast.com\/wordpress\/plugins\/seo\/ -->\n<title>Exaustores Axiais 30 cm Qualitas EQ300 M6 - Cia do Vento<\/title>\n<meta name=\"robots\" content=\"index, follow, max-snippet:-1, max-image-preview:large, max-video-preview:-1\" \/>\n<link rel=\"canonical\" href=\"https:\/\/ciavento.com.br\/2024\/produto\/exaustores\/exaustores-axiais\/exaustores-axiais-30-cm-qualitas-eq300-m6\/\" \/>\n<meta property=\"og:locale\" content=\"pt_BR\" \/>\n<meta property=\"og:type\" content=\"article\" \/>\n<meta property=\"og:title\" content=\"Exaustores Axiais 30 cm Qualitas EQ300 M6 - Cia do Vento\" \/>\n<meta property=\"og:description\" content=\"O\u00a0exaustor axial EQ300M6\u00a0\u00e9\u00a0fabricado com carca\u00e7a de constru\u00e7\u00e3o robusta em chapa de a\u00e7o carbono, pintados em ep\u00f3xi, com di\u00e2metro de 300mm, h\u00e9lice met\u00e1lica e motor IP 54\" \/>\n<meta property=\"og:url\" content=\"https:\/\/ciavento.com.br\/2024\/produto\/exaustores\/exaustores-axiais\/exaustores-axiais-30-cm-qualitas-eq300-m6\/\" \/>\n<meta property=\"og:site_name\" content=\"Cia do Vento\" \/>\n<meta property=\"article:modified_time\" content=\"2020-04-26T17:17:31+00:00\" \/>\n<meta property=\"og:image\" content=\"https:\/\/ciavento.com.br\/2024\/wp-content\/uploads\/2020\/04\/exaustor-axial-eq300m6.jpg\" \/>\n\t<meta property=\"og:image:width\" content=\"591\" \/>\n\t<meta property=\"og:image:height\" content=\"591\" \/>\n\t<meta property=\"og:image:type\" content=\"image\/jpeg\" \/>\n<meta name=\"twitter:card\" content=\"summary_large_image\" \/>\n<script type=\"application\/ld+json\" class=\"yoast-schema-graph\">{\"@context\":\"https:\/\/schema.org\",\"@graph\":[{\"@type\":\"WebPage\",\"@id\":\"https:\/\/ciavento.com.br\/2024\/produto\/exaustores\/exaustores-axiais\/exaustores-axiais-30-cm-qualitas-eq300-m6\/\",\"url\":\"https:\/\/ciavento.com.br\/2024\/produto\/exaustores\/exaustores-axiais\/exaustores-axiais-30-cm-qualitas-eq300-m6\/\",\"name\":\"Exaustores Axiais 30 cm Qualitas EQ300 M6 - Cia do Vento\",\"isPartOf\":{\"@id\":\"https:\/\/ciavento.com.br\/2024\/#website\"},\"datePublished\":\"2020-04-13T12:40:36+00:00\",\"dateModified\":\"2020-04-26T17:17:31+00:00\",\"breadcrumb\":{\"@id\":\"https:\/\/ciavento.com.br\/2024\/produto\/exaustores\/exaustores-axiais\/exaustores-axiais-30-cm-qualitas-eq300-m6\/#breadcrumb\"},\"inLanguage\":\"pt-BR\",\"potentialAction\":[{\"@type\":\"ReadAction\",\"target\":[\"https:\/\/ciavento.com.br\/2024\/produto\/exaustores\/exaustores-axiais\/exaustores-axiais-30-cm-qualitas-eq300-m6\/\"]}]},{\"@type\":\"BreadcrumbList\",\"@id\":\"https:\/\/ciavento.com.br\/2024\/produto\/exaustores\/exaustores-axiais\/exaustores-axiais-30-cm-qualitas-eq300-m6\/#breadcrumb\",\"itemListElement\":[{\"@type\":\"ListItem\",\"position\":1,\"name\":\"In\u00edcio\",\"item\":\"https:\/\/ciavento.com.br\/2024\/\"},{\"@type\":\"ListItem\",\"position\":2,\"name\":\"Linha de Produtos\",\"item\":\"https:\/\/ciavento.com.br\/2024\/shop\/\"},{\"@type\":\"ListItem\",\"position\":3,\"name\":\"Exaustores Axiais 30 cm Qualitas EQ300 M6\"}]},{\"@type\":\"WebSite\",\"@id\":\"https:\/\/ciavento.com.br\/2024\/#website\",\"url\":\"https:\/\/ciavento.com.br\/2024\/\",\"name\":\"Cia do Vento\",\"description\":\"VENTILADORES \u00b7 Ver VENTILADORES \u00b7 Ventiladores de Parede \u00b7 Ventiladores de Coluna \u00b7 Ventiladores de Mesa \u00b7 Ventiladores de Teto \u00b7 Circuladores de Ar.\",\"publisher\":{\"@id\":\"https:\/\/ciavento.com.br\/2024\/#organization\"},\"potentialAction\":[{\"@type\":\"SearchAction\",\"target\":{\"@type\":\"EntryPoint\",\"urlTemplate\":\"https:\/\/ciavento.com.br\/2024\/?s={search_term_string}\"},\"query-input\":\"required name=search_term_string\"}],\"inLanguage\":\"pt-BR\"},{\"@type\":\"Organization\",\"@id\":\"https:\/\/ciavento.com.br\/2024\/#organization\",\"name\":\"Cia do Vento\",\"url\":\"https:\/\/ciavento.com.br\/2024\/\",\"logo\":{\"@type\":\"ImageObject\",\"inLanguage\":\"pt-BR\",\"@id\":\"https:\/\/ciavento.com.br\/2024\/#\/schema\/logo\/image\/\",\"url\":\"https:\/\/ciavento.com.br\/2024\/wp-content\/uploads\/2023\/09\/logo-22.jpg\",\"contentUrl\":\"https:\/\/ciavento.com.br\/2024\/wp-content\/uploads\/2023\/09\/logo-22.jpg\",\"width\":1280,\"height\":617,\"caption\":\"Cia do Vento\"},\"image\":{\"@id\":\"https:\/\/ciavento.com.br\/2024\/#\/schema\/logo\/image\/\"}}]}<\/script>\n<!-- \/ Yoast SEO plugin. -->","yoast_head_json":{"title":"Exaustores Axiais 30 cm Qualitas EQ300 M6 - Cia do Vento","robots":{"index":"index","follow":"follow","max-snippet":"max-snippet:-1","max-image-preview":"max-image-preview:large","max-video-preview":"max-video-preview:-1"},"canonical":"https:\/\/ciavento.com.br\/2024\/produto\/exaustores\/exaustores-axiais\/exaustores-axiais-30-cm-qualitas-eq300-m6\/","og_locale":"pt_BR","og_type":"article","og_title":"Exaustores Axiais 30 cm Qualitas EQ300 M6 - Cia do Vento","og_description":"O\u00a0exaustor axial EQ300M6\u00a0\u00e9\u00a0fabricado com carca\u00e7a de constru\u00e7\u00e3o robusta em chapa de a\u00e7o carbono, pintados em ep\u00f3xi, com di\u00e2metro de 300mm, h\u00e9lice met\u00e1lica e motor IP 54","og_url":"https:\/\/ciavento.com.br\/2024\/produto\/exaustores\/exaustores-axiais\/exaustores-axiais-30-cm-qualitas-eq300-m6\/","og_site_name":"Cia do Vento","article_modified_time":"2020-04-26T17:17:31+00:00","og_image":[{"width":591,"height":591,"url":"https:\/\/ciavento.com.br\/2024\/wp-content\/uploads\/2020\/04\/exaustor-axial-eq300m6.jpg","type":"image\/jpeg"}],"twitter_card":"summary_large_image","schema":{"@context":"https:\/\/schema.org","@graph":[{"@type":"WebPage","@id":"https:\/\/ciavento.com.br\/2024\/produto\/exaustores\/exaustores-axiais\/exaustores-axiais-30-cm-qualitas-eq300-m6\/","url":"https:\/\/ciavento.com.br\/2024\/produto\/exaustores\/exaustores-axiais\/exaustores-axiais-30-cm-qualitas-eq300-m6\/","name":"Exaustores Axiais 30 cm Qualitas EQ300 M6 - Cia do Vento","isPartOf":{"@id":"https:\/\/ciavento.com.br\/2024\/#website"},"datePublished":"2020-04-13T12:40:36+00:00","dateModified":"2020-04-26T17:17:31+00:00","breadcrumb":{"@id":"https:\/\/ciavento.com.br\/2024\/produto\/exaustores\/exaustores-axiais\/exaustores-axiais-30-cm-qualitas-eq300-m6\/#breadcrumb"},"inLanguage":"pt-BR","potentialAction":[{"@type":"ReadAction","target":["https:\/\/ciavento.com.br\/2024\/produto\/exaustores\/exaustores-axiais\/exaustores-axiais-30-cm-qualitas-eq300-m6\/"]}]},{"@type":"BreadcrumbList","@id":"https:\/\/ciavento.com.br\/2024\/produto\/exaustores\/exaustores-axiais\/exaustores-axiais-30-cm-qualitas-eq300-m6\/#breadcrumb","itemListElement":[{"@type":"ListItem","position":1,"name":"In\u00edcio","item":"https:\/\/ciavento.com.br\/2024\/"},{"@type":"ListItem","position":2,"name":"Linha de Produtos","item":"https:\/\/ciavento.com.br\/2024\/shop\/"},{"@type":"ListItem","position":3,"name":"Exaustores Axiais 30 cm Qualitas EQ300 M6"}]},{"@type":"WebSite","@id":"https:\/\/ciavento.com.br\/2024\/#website","url":"https:\/\/ciavento.com.br\/2024\/","name":"Cia do Vento","description":"VENTILADORES \u00b7 Ver VENTILADORES \u00b7 Ventiladores de Parede \u00b7 Ventiladores de Coluna \u00b7 Ventiladores de Mesa \u00b7 Ventiladores de Teto \u00b7 Circuladores de Ar.","publisher":{"@id":"https:\/\/ciavento.com.br\/2024\/#organization"},"potentialAction":[{"@type":"SearchAction","target":{"@type":"EntryPoint","urlTemplate":"https:\/\/ciavento.com.br\/2024\/?s={search_term_string}"},"query-input":"required name=search_term_string"}],"inLanguage":"pt-BR"},{"@type":"Organization","@id":"https:\/\/ciavento.com.br\/2024\/#organization","name":"Cia do Vento","url":"https:\/\/ciavento.com.br\/2024\/","logo":{"@type":"ImageObject","inLanguage":"pt-BR","@id":"https:\/\/ciavento.com.br\/2024\/#\/schema\/logo\/image\/","url":"https:\/\/ciavento.com.br\/2024\/wp-content\/uploads\/2023\/09\/logo-22.jpg","contentUrl":"https:\/\/ciavento.com.br\/2024\/wp-content\/uploads\/2023\/09\/logo-22.jpg","width":1280,"height":617,"caption":"Cia do Vento"},"image":{"@id":"https:\/\/ciavento.com.br\/2024\/#\/schema\/logo\/image\/"}}]}},"_links":{"self":[{"href":"https:\/\/ciavento.com.br\/2024\/wp-json\/wp\/v2\/product\/3108"}],"collection":[{"href":"https:\/\/ciavento.com.br\/2024\/wp-json\/wp\/v2\/product"}],"about":[{"href":"https:\/\/ciavento.com.br\/2024\/wp-json\/wp\/v2\/types\/product"}],"wp:featuredmedia":[{"embeddable":true,"href":"https:\/\/ciavento.com.br\/2024\/wp-json\/wp\/v2\/media\/3109"}],"wp:attachment":[{"href":"https:\/\/ciavento.com.br\/2024\/wp-json\/wp\/v2\/media?parent=3108"}],"curies":[{"name":"wp","href":"https:\/\/api.w.org\/{rel}","templated":true}]}}