{"id":3125,"date":"2020-04-13T10:15:53","date_gmt":"2020-04-13T13:15:53","guid":{"rendered":"https:\/\/ciavento.com.br\/2024\/?post_type=product&#038;p=3125"},"modified":"2024-06-07T15:50:19","modified_gmt":"2024-06-07T18:50:19","slug":"exaustor-axial-ventisilva-trifasico-e40-t6","status":"publish","type":"product","link":"https:\/\/ciavento.com.br\/2024\/produto\/exaustores\/exaustores-axiais\/exaustor-axial-ventisilva-trifasico-e40-t6\/","title":{"rendered":"Exaustor Axial Ventisilva Trif\u00e1sico de M\u00e9dia Rota\u00e7\u00e3o E40 T6"},"content":{"rendered":"<p class=\"prod-subtit1\">Caracter\u00edsticas T\u00e9cnicas<\/p>\n<ul>\n<li>Modelo: E40 T6<\/li>\n<li>Di\u00e2metro: 400 mm<\/li>\n<li>Comprimento: 300 mm<\/li>\n<li>Dimens\u00e3o: 400X300 mm<\/li>\n<li>Carca\u00e7a: Chapa A\u00e7o<\/li>\n<li>Tens\u00e3o: 220 \/ 380 V<\/li>\n<li>Corrente: 0,73\/0,42 A<\/li>\n<li>Pot\u00eancia: 148\/143 W<\/li>\n<li>Rota\u00e7\u00e3o: 1075 RPM<\/li>\n<li>Vaz\u00e3o: 55 m3\/min<\/li>\n<li>Press\u00e3o: 7 mmca<\/li>\n<li>Ru\u00eddo: 68 dBA<\/li>\n<li>Frequ\u00eancia: 60 Hz<\/li>\n<li>Peso L\u00edquido: 9,4 Kg<\/li>\n<li>Cor: Preto<\/li>\n<li>Acabamento: PINTURA ELETROST\u00c1TICA<\/li>\n<li><b>* VALORES PARA VAZ\u00c3O E PRESS\u00c3O M\u00c1XIMAS<\/b><\/li>\n<\/ul>\n","protected":false},"excerpt":{"rendered":"<p>Atendem as mais diversas aplica\u00e7\u00f5es. Recomendado em ind\u00fastrias, galp\u00f5es, restaurantes e todo ambiente que necessite de uma renova\u00e7\u00e3o de ar.<\/p>\n","protected":false},"featured_media":3126,"template":"","meta":[],"yoast_head":"<!-- This site is optimized with the Yoast SEO plugin v20.0 - https:\/\/yoast.com\/wordpress\/plugins\/seo\/ -->\n<title>Exaustor Axial Ventisilva Trif\u00e1sico de M\u00e9dia Rota\u00e7\u00e3o E40 T6 - Cia do Vento<\/title>\n<meta name=\"robots\" content=\"index, follow, max-snippet:-1, max-image-preview:large, max-video-preview:-1\" \/>\n<link rel=\"canonical\" href=\"https:\/\/ciavento.com.br\/2024\/produto\/exaustores\/exaustores-axiais\/exaustor-axial-ventisilva-trifasico-e40-t6\/\" \/>\n<meta property=\"og:locale\" content=\"pt_BR\" \/>\n<meta property=\"og:type\" content=\"article\" \/>\n<meta property=\"og:title\" content=\"Exaustor Axial Ventisilva Trif\u00e1sico de M\u00e9dia Rota\u00e7\u00e3o E40 T6 - Cia do Vento\" \/>\n<meta property=\"og:description\" content=\"Atendem as mais diversas aplica\u00e7\u00f5es. Recomendado em ind\u00fastrias, galp\u00f5es, restaurantes e todo ambiente que necessite de uma renova\u00e7\u00e3o de ar.\" \/>\n<meta property=\"og:url\" content=\"https:\/\/ciavento.com.br\/2024\/produto\/exaustores\/exaustores-axiais\/exaustor-axial-ventisilva-trifasico-e40-t6\/\" \/>\n<meta property=\"og:site_name\" content=\"Cia do Vento\" \/>\n<meta property=\"article:modified_time\" content=\"2024-06-07T18:50:19+00:00\" \/>\n<meta property=\"og:image\" content=\"https:\/\/ciavento.com.br\/2024\/wp-content\/uploads\/2020\/04\/E40-T4-Ventisilva-1-1.jpg\" \/>\n\t<meta property=\"og:image:width\" content=\"731\" \/>\n\t<meta property=\"og:image:height\" content=\"900\" \/>\n\t<meta property=\"og:image:type\" content=\"image\/jpeg\" \/>\n<meta name=\"twitter:card\" content=\"summary_large_image\" \/>\n<script type=\"application\/ld+json\" class=\"yoast-schema-graph\">{\"@context\":\"https:\/\/schema.org\",\"@graph\":[{\"@type\":\"WebPage\",\"@id\":\"https:\/\/ciavento.com.br\/2024\/produto\/exaustores\/exaustores-axiais\/exaustor-axial-ventisilva-trifasico-e40-t6\/\",\"url\":\"https:\/\/ciavento.com.br\/2024\/produto\/exaustores\/exaustores-axiais\/exaustor-axial-ventisilva-trifasico-e40-t6\/\",\"name\":\"Exaustor Axial Ventisilva Trif\u00e1sico de M\u00e9dia Rota\u00e7\u00e3o E40 T6 - Cia do Vento\",\"isPartOf\":{\"@id\":\"https:\/\/ciavento.com.br\/2024\/#website\"},\"datePublished\":\"2020-04-13T13:15:53+00:00\",\"dateModified\":\"2024-06-07T18:50:19+00:00\",\"breadcrumb\":{\"@id\":\"https:\/\/ciavento.com.br\/2024\/produto\/exaustores\/exaustores-axiais\/exaustor-axial-ventisilva-trifasico-e40-t6\/#breadcrumb\"},\"inLanguage\":\"pt-BR\",\"potentialAction\":[{\"@type\":\"ReadAction\",\"target\":[\"https:\/\/ciavento.com.br\/2024\/produto\/exaustores\/exaustores-axiais\/exaustor-axial-ventisilva-trifasico-e40-t6\/\"]}]},{\"@type\":\"BreadcrumbList\",\"@id\":\"https:\/\/ciavento.com.br\/2024\/produto\/exaustores\/exaustores-axiais\/exaustor-axial-ventisilva-trifasico-e40-t6\/#breadcrumb\",\"itemListElement\":[{\"@type\":\"ListItem\",\"position\":1,\"name\":\"In\u00edcio\",\"item\":\"https:\/\/ciavento.com.br\/2024\/\"},{\"@type\":\"ListItem\",\"position\":2,\"name\":\"Linha de Produtos\",\"item\":\"https:\/\/ciavento.com.br\/2024\/shop\/\"},{\"@type\":\"ListItem\",\"position\":3,\"name\":\"Exaustor Axial Ventisilva Trif\u00e1sico de M\u00e9dia Rota\u00e7\u00e3o E40 T6\"}]},{\"@type\":\"WebSite\",\"@id\":\"https:\/\/ciavento.com.br\/2024\/#website\",\"url\":\"https:\/\/ciavento.com.br\/2024\/\",\"name\":\"Cia do Vento\",\"description\":\"VENTILADORES \u00b7 Ver VENTILADORES \u00b7 Ventiladores de Parede \u00b7 Ventiladores de Coluna \u00b7 Ventiladores de Mesa \u00b7 Ventiladores de Teto \u00b7 Circuladores de Ar.\",\"publisher\":{\"@id\":\"https:\/\/ciavento.com.br\/2024\/#organization\"},\"potentialAction\":[{\"@type\":\"SearchAction\",\"target\":{\"@type\":\"EntryPoint\",\"urlTemplate\":\"https:\/\/ciavento.com.br\/2024\/?s={search_term_string}\"},\"query-input\":\"required name=search_term_string\"}],\"inLanguage\":\"pt-BR\"},{\"@type\":\"Organization\",\"@id\":\"https:\/\/ciavento.com.br\/2024\/#organization\",\"name\":\"Cia do Vento\",\"url\":\"https:\/\/ciavento.com.br\/2024\/\",\"logo\":{\"@type\":\"ImageObject\",\"inLanguage\":\"pt-BR\",\"@id\":\"https:\/\/ciavento.com.br\/2024\/#\/schema\/logo\/image\/\",\"url\":\"https:\/\/ciavento.com.br\/2024\/wp-content\/uploads\/2023\/09\/logo-22.jpg\",\"contentUrl\":\"https:\/\/ciavento.com.br\/2024\/wp-content\/uploads\/2023\/09\/logo-22.jpg\",\"width\":1280,\"height\":617,\"caption\":\"Cia do Vento\"},\"image\":{\"@id\":\"https:\/\/ciavento.com.br\/2024\/#\/schema\/logo\/image\/\"}}]}<\/script>\n<!-- \/ Yoast SEO plugin. -->","yoast_head_json":{"title":"Exaustor Axial Ventisilva Trif\u00e1sico de M\u00e9dia Rota\u00e7\u00e3o E40 T6 - Cia do Vento","robots":{"index":"index","follow":"follow","max-snippet":"max-snippet:-1","max-image-preview":"max-image-preview:large","max-video-preview":"max-video-preview:-1"},"canonical":"https:\/\/ciavento.com.br\/2024\/produto\/exaustores\/exaustores-axiais\/exaustor-axial-ventisilva-trifasico-e40-t6\/","og_locale":"pt_BR","og_type":"article","og_title":"Exaustor Axial Ventisilva Trif\u00e1sico de M\u00e9dia Rota\u00e7\u00e3o E40 T6 - Cia do Vento","og_description":"Atendem as mais diversas aplica\u00e7\u00f5es. Recomendado em ind\u00fastrias, galp\u00f5es, restaurantes e todo ambiente que necessite de uma renova\u00e7\u00e3o de ar.","og_url":"https:\/\/ciavento.com.br\/2024\/produto\/exaustores\/exaustores-axiais\/exaustor-axial-ventisilva-trifasico-e40-t6\/","og_site_name":"Cia do Vento","article_modified_time":"2024-06-07T18:50:19+00:00","og_image":[{"width":731,"height":900,"url":"https:\/\/ciavento.com.br\/2024\/wp-content\/uploads\/2020\/04\/E40-T4-Ventisilva-1-1.jpg","type":"image\/jpeg"}],"twitter_card":"summary_large_image","schema":{"@context":"https:\/\/schema.org","@graph":[{"@type":"WebPage","@id":"https:\/\/ciavento.com.br\/2024\/produto\/exaustores\/exaustores-axiais\/exaustor-axial-ventisilva-trifasico-e40-t6\/","url":"https:\/\/ciavento.com.br\/2024\/produto\/exaustores\/exaustores-axiais\/exaustor-axial-ventisilva-trifasico-e40-t6\/","name":"Exaustor Axial Ventisilva Trif\u00e1sico de M\u00e9dia Rota\u00e7\u00e3o E40 T6 - Cia do Vento","isPartOf":{"@id":"https:\/\/ciavento.com.br\/2024\/#website"},"datePublished":"2020-04-13T13:15:53+00:00","dateModified":"2024-06-07T18:50:19+00:00","breadcrumb":{"@id":"https:\/\/ciavento.com.br\/2024\/produto\/exaustores\/exaustores-axiais\/exaustor-axial-ventisilva-trifasico-e40-t6\/#breadcrumb"},"inLanguage":"pt-BR","potentialAction":[{"@type":"ReadAction","target":["https:\/\/ciavento.com.br\/2024\/produto\/exaustores\/exaustores-axiais\/exaustor-axial-ventisilva-trifasico-e40-t6\/"]}]},{"@type":"BreadcrumbList","@id":"https:\/\/ciavento.com.br\/2024\/produto\/exaustores\/exaustores-axiais\/exaustor-axial-ventisilva-trifasico-e40-t6\/#breadcrumb","itemListElement":[{"@type":"ListItem","position":1,"name":"In\u00edcio","item":"https:\/\/ciavento.com.br\/2024\/"},{"@type":"ListItem","position":2,"name":"Linha de Produtos","item":"https:\/\/ciavento.com.br\/2024\/shop\/"},{"@type":"ListItem","position":3,"name":"Exaustor Axial Ventisilva Trif\u00e1sico de M\u00e9dia Rota\u00e7\u00e3o E40 T6"}]},{"@type":"WebSite","@id":"https:\/\/ciavento.com.br\/2024\/#website","url":"https:\/\/ciavento.com.br\/2024\/","name":"Cia do Vento","description":"VENTILADORES \u00b7 Ver VENTILADORES \u00b7 Ventiladores de Parede \u00b7 Ventiladores de Coluna \u00b7 Ventiladores de Mesa \u00b7 Ventiladores de Teto \u00b7 Circuladores de Ar.","publisher":{"@id":"https:\/\/ciavento.com.br\/2024\/#organization"},"potentialAction":[{"@type":"SearchAction","target":{"@type":"EntryPoint","urlTemplate":"https:\/\/ciavento.com.br\/2024\/?s={search_term_string}"},"query-input":"required name=search_term_string"}],"inLanguage":"pt-BR"},{"@type":"Organization","@id":"https:\/\/ciavento.com.br\/2024\/#organization","name":"Cia do Vento","url":"https:\/\/ciavento.com.br\/2024\/","logo":{"@type":"ImageObject","inLanguage":"pt-BR","@id":"https:\/\/ciavento.com.br\/2024\/#\/schema\/logo\/image\/","url":"https:\/\/ciavento.com.br\/2024\/wp-content\/uploads\/2023\/09\/logo-22.jpg","contentUrl":"https:\/\/ciavento.com.br\/2024\/wp-content\/uploads\/2023\/09\/logo-22.jpg","width":1280,"height":617,"caption":"Cia do Vento"},"image":{"@id":"https:\/\/ciavento.com.br\/2024\/#\/schema\/logo\/image\/"}}]}},"_links":{"self":[{"href":"https:\/\/ciavento.com.br\/2024\/wp-json\/wp\/v2\/product\/3125"}],"collection":[{"href":"https:\/\/ciavento.com.br\/2024\/wp-json\/wp\/v2\/product"}],"about":[{"href":"https:\/\/ciavento.com.br\/2024\/wp-json\/wp\/v2\/types\/product"}],"wp:featuredmedia":[{"embeddable":true,"href":"https:\/\/ciavento.com.br\/2024\/wp-json\/wp\/v2\/media\/3126"}],"wp:attachment":[{"href":"https:\/\/ciavento.com.br\/2024\/wp-json\/wp\/v2\/media?parent=3125"}],"curies":[{"name":"wp","href":"https:\/\/api.w.org\/{rel}","templated":true}]}}