{"id":3172,"date":"2020-04-16T09:56:58","date_gmt":"2020-04-16T12:56:58","guid":{"rendered":"https:\/\/ciavento.com.br\/2024\/?post_type=product&#038;p=3172"},"modified":"2020-04-26T14:21:15","modified_gmt":"2020-04-26T17:21:15","slug":"exaustores-axiais-50-cm-ventisilva-e-50-m6-monofasico-de-alta-rotacao-1-090-rpm","status":"publish","type":"product","link":"https:\/\/ciavento.com.br\/2024\/produto\/exaustores\/exaustores-axiais\/exaustores-axiais-50-cm-ventisilva-e-50-m6-monofasico-de-alta-rotacao-1-090-rpm\/","title":{"rendered":"Exaustores Axiais 50 cm Ventisilva E 50 M6 (Monof\u00e1sico de Alta Rota\u00e7\u00e3o 1.090 RPM)"},"content":{"rendered":"<p><strong>Caracter\u00edsticas t\u00e9cnicas:<\/strong><\/p>\n<p>&#8211;\u00a0Modelo: E50 M6<br \/>\n&#8211;\u00a0Di\u00e2metro: 50,0 cm<br \/>\n&#8211;\u00a0Comprimento: 310 mm<br \/>\n&#8211;\u00a0Dimens\u00e3o: 500&#215;310 mm<br \/>\n&#8211;\u00a0Carca\u00e7a: Chapa A\u00e7o<br \/>\n&#8211;\u00a0Tens\u00e3o: 127 \/ 220 V<br \/>\n&#8211;\u00a0Corrente: 4,65\/2,10 A<br \/>\n&#8211;\u00a0Pot\u00eancia: 400\/432 W<br \/>\n&#8211;\u00a0Rota\u00e7\u00e3o: 1090 RPM<br \/>\n&#8211;\u00a0Vaz\u00e3o: 100 m3\/min<br \/>\n&#8211;\u00a0Press\u00e3o: 11 mmca<br \/>\n&#8211;\u00a0Ru\u00eddo: 73 dBA<br \/>\n&#8211;\u00a0Frequ\u00eancia: 60 Hz<br \/>\n&#8211;\u00a0Peso L\u00edquido: 14,0 Kg<br \/>\n&#8211;\u00a0Cor: Preto<br \/>\n&#8211;\u00a0Acabamento: PINTURA ELETROST\u00c1TICA<\/p>\n","protected":false},"excerpt":{"rendered":"<p>Fabricado em chapa de a\u00e7o carbono, na cor preto ep\u00f3xi, mancalizado com rolamentos de esfera proporcionando baixo n\u00edvel de ru\u00eddo e elevada durabilidade, a h\u00e9lice \u00e9 composta por 6 paletas em alum\u00ednio especial, possui ainda grade externa de prote\u00e7\u00e3o.<\/p>\n<p>&#8211; Aplica\u00e7\u00f5es:<br \/>\nAtendem as mais diversas aplica\u00e7\u00f5es. Recomendado em ind\u00fastrias, galp\u00f5es, restaurantes e todo ambiente que necessite de uma renova\u00e7\u00e3o de ar.<\/p>\n","protected":false},"featured_media":3173,"template":"","meta":[],"yoast_head":"<!-- This site is optimized with the Yoast SEO plugin v20.0 - https:\/\/yoast.com\/wordpress\/plugins\/seo\/ -->\n<title>Exaustores Axiais 50 cm Ventisilva E 50 M6 (Monof\u00e1sico de Alta Rota\u00e7\u00e3o 1.090 RPM) - Cia do Vento<\/title>\n<meta name=\"robots\" content=\"index, follow, max-snippet:-1, max-image-preview:large, max-video-preview:-1\" \/>\n<link rel=\"canonical\" href=\"https:\/\/ciavento.com.br\/2024\/produto\/exaustores\/exaustores-axiais\/exaustores-axiais-50-cm-ventisilva-e-50-m6-monofasico-de-alta-rotacao-1-090-rpm\/\" \/>\n<meta property=\"og:locale\" content=\"pt_BR\" \/>\n<meta property=\"og:type\" content=\"article\" \/>\n<meta property=\"og:title\" content=\"Exaustores Axiais 50 cm Ventisilva E 50 M6 (Monof\u00e1sico de Alta Rota\u00e7\u00e3o 1.090 RPM) - Cia do Vento\" \/>\n<meta property=\"og:description\" content=\"Fabricado em chapa de a\u00e7o carbono, na cor preto ep\u00f3xi, mancalizado com rolamentos de esfera proporcionando baixo n\u00edvel de ru\u00eddo e elevada durabilidade, a h\u00e9lice \u00e9 composta por 6 paletas em alum\u00ednio especial, possui ainda grade externa de prote\u00e7\u00e3o.  - Aplica\u00e7\u00f5es: Atendem as mais diversas aplica\u00e7\u00f5es. Recomendado em ind\u00fastrias, galp\u00f5es, restaurantes e todo ambiente que necessite de uma renova\u00e7\u00e3o de ar.\" \/>\n<meta property=\"og:url\" content=\"https:\/\/ciavento.com.br\/2024\/produto\/exaustores\/exaustores-axiais\/exaustores-axiais-50-cm-ventisilva-e-50-m6-monofasico-de-alta-rotacao-1-090-rpm\/\" \/>\n<meta property=\"og:site_name\" content=\"Cia do Vento\" \/>\n<meta property=\"article:modified_time\" content=\"2020-04-26T17:21:15+00:00\" \/>\n<meta property=\"og:image\" content=\"https:\/\/ciavento.com.br\/2024\/wp-content\/uploads\/2020\/04\/EX-Axial-Ventisilva-E50-M6.jpg\" \/>\n\t<meta property=\"og:image:width\" content=\"768\" \/>\n\t<meta property=\"og:image:height\" content=\"768\" \/>\n\t<meta property=\"og:image:type\" content=\"image\/jpeg\" \/>\n<meta name=\"twitter:card\" content=\"summary_large_image\" \/>\n<script type=\"application\/ld+json\" class=\"yoast-schema-graph\">{\"@context\":\"https:\/\/schema.org\",\"@graph\":[{\"@type\":\"WebPage\",\"@id\":\"https:\/\/ciavento.com.br\/2024\/produto\/exaustores\/exaustores-axiais\/exaustores-axiais-50-cm-ventisilva-e-50-m6-monofasico-de-alta-rotacao-1-090-rpm\/\",\"url\":\"https:\/\/ciavento.com.br\/2024\/produto\/exaustores\/exaustores-axiais\/exaustores-axiais-50-cm-ventisilva-e-50-m6-monofasico-de-alta-rotacao-1-090-rpm\/\",\"name\":\"Exaustores Axiais 50 cm Ventisilva E 50 M6 (Monof\u00e1sico de Alta Rota\u00e7\u00e3o 1.090 RPM) - Cia do Vento\",\"isPartOf\":{\"@id\":\"https:\/\/ciavento.com.br\/2024\/#website\"},\"datePublished\":\"2020-04-16T12:56:58+00:00\",\"dateModified\":\"2020-04-26T17:21:15+00:00\",\"breadcrumb\":{\"@id\":\"https:\/\/ciavento.com.br\/2024\/produto\/exaustores\/exaustores-axiais\/exaustores-axiais-50-cm-ventisilva-e-50-m6-monofasico-de-alta-rotacao-1-090-rpm\/#breadcrumb\"},\"inLanguage\":\"pt-BR\",\"potentialAction\":[{\"@type\":\"ReadAction\",\"target\":[\"https:\/\/ciavento.com.br\/2024\/produto\/exaustores\/exaustores-axiais\/exaustores-axiais-50-cm-ventisilva-e-50-m6-monofasico-de-alta-rotacao-1-090-rpm\/\"]}]},{\"@type\":\"BreadcrumbList\",\"@id\":\"https:\/\/ciavento.com.br\/2024\/produto\/exaustores\/exaustores-axiais\/exaustores-axiais-50-cm-ventisilva-e-50-m6-monofasico-de-alta-rotacao-1-090-rpm\/#breadcrumb\",\"itemListElement\":[{\"@type\":\"ListItem\",\"position\":1,\"name\":\"In\u00edcio\",\"item\":\"https:\/\/ciavento.com.br\/2024\/\"},{\"@type\":\"ListItem\",\"position\":2,\"name\":\"Linha de Produtos\",\"item\":\"https:\/\/ciavento.com.br\/2024\/shop\/\"},{\"@type\":\"ListItem\",\"position\":3,\"name\":\"Exaustores Axiais 50 cm Ventisilva E 50 M6 (Monof\u00e1sico de Alta Rota\u00e7\u00e3o 1.090 RPM)\"}]},{\"@type\":\"WebSite\",\"@id\":\"https:\/\/ciavento.com.br\/2024\/#website\",\"url\":\"https:\/\/ciavento.com.br\/2024\/\",\"name\":\"Cia do Vento\",\"description\":\"VENTILADORES \u00b7 Ver VENTILADORES \u00b7 Ventiladores de Parede \u00b7 Ventiladores de Coluna \u00b7 Ventiladores de Mesa \u00b7 Ventiladores de Teto \u00b7 Circuladores de Ar.\",\"publisher\":{\"@id\":\"https:\/\/ciavento.com.br\/2024\/#organization\"},\"potentialAction\":[{\"@type\":\"SearchAction\",\"target\":{\"@type\":\"EntryPoint\",\"urlTemplate\":\"https:\/\/ciavento.com.br\/2024\/?s={search_term_string}\"},\"query-input\":\"required name=search_term_string\"}],\"inLanguage\":\"pt-BR\"},{\"@type\":\"Organization\",\"@id\":\"https:\/\/ciavento.com.br\/2024\/#organization\",\"name\":\"Cia do Vento\",\"url\":\"https:\/\/ciavento.com.br\/2024\/\",\"logo\":{\"@type\":\"ImageObject\",\"inLanguage\":\"pt-BR\",\"@id\":\"https:\/\/ciavento.com.br\/2024\/#\/schema\/logo\/image\/\",\"url\":\"https:\/\/ciavento.com.br\/2024\/wp-content\/uploads\/2023\/09\/logo-22.jpg\",\"contentUrl\":\"https:\/\/ciavento.com.br\/2024\/wp-content\/uploads\/2023\/09\/logo-22.jpg\",\"width\":1280,\"height\":617,\"caption\":\"Cia do Vento\"},\"image\":{\"@id\":\"https:\/\/ciavento.com.br\/2024\/#\/schema\/logo\/image\/\"}}]}<\/script>\n<!-- \/ Yoast SEO plugin. -->","yoast_head_json":{"title":"Exaustores Axiais 50 cm Ventisilva E 50 M6 (Monof\u00e1sico de Alta Rota\u00e7\u00e3o 1.090 RPM) - Cia do Vento","robots":{"index":"index","follow":"follow","max-snippet":"max-snippet:-1","max-image-preview":"max-image-preview:large","max-video-preview":"max-video-preview:-1"},"canonical":"https:\/\/ciavento.com.br\/2024\/produto\/exaustores\/exaustores-axiais\/exaustores-axiais-50-cm-ventisilva-e-50-m6-monofasico-de-alta-rotacao-1-090-rpm\/","og_locale":"pt_BR","og_type":"article","og_title":"Exaustores Axiais 50 cm Ventisilva E 50 M6 (Monof\u00e1sico de Alta Rota\u00e7\u00e3o 1.090 RPM) - Cia do Vento","og_description":"Fabricado em chapa de a\u00e7o carbono, na cor preto ep\u00f3xi, mancalizado com rolamentos de esfera proporcionando baixo n\u00edvel de ru\u00eddo e elevada durabilidade, a h\u00e9lice \u00e9 composta por 6 paletas em alum\u00ednio especial, possui ainda grade externa de prote\u00e7\u00e3o.  - Aplica\u00e7\u00f5es: Atendem as mais diversas aplica\u00e7\u00f5es. Recomendado em ind\u00fastrias, galp\u00f5es, restaurantes e todo ambiente que necessite de uma renova\u00e7\u00e3o de ar.","og_url":"https:\/\/ciavento.com.br\/2024\/produto\/exaustores\/exaustores-axiais\/exaustores-axiais-50-cm-ventisilva-e-50-m6-monofasico-de-alta-rotacao-1-090-rpm\/","og_site_name":"Cia do Vento","article_modified_time":"2020-04-26T17:21:15+00:00","og_image":[{"width":768,"height":768,"url":"https:\/\/ciavento.com.br\/2024\/wp-content\/uploads\/2020\/04\/EX-Axial-Ventisilva-E50-M6.jpg","type":"image\/jpeg"}],"twitter_card":"summary_large_image","schema":{"@context":"https:\/\/schema.org","@graph":[{"@type":"WebPage","@id":"https:\/\/ciavento.com.br\/2024\/produto\/exaustores\/exaustores-axiais\/exaustores-axiais-50-cm-ventisilva-e-50-m6-monofasico-de-alta-rotacao-1-090-rpm\/","url":"https:\/\/ciavento.com.br\/2024\/produto\/exaustores\/exaustores-axiais\/exaustores-axiais-50-cm-ventisilva-e-50-m6-monofasico-de-alta-rotacao-1-090-rpm\/","name":"Exaustores Axiais 50 cm Ventisilva E 50 M6 (Monof\u00e1sico de Alta Rota\u00e7\u00e3o 1.090 RPM) - Cia do Vento","isPartOf":{"@id":"https:\/\/ciavento.com.br\/2024\/#website"},"datePublished":"2020-04-16T12:56:58+00:00","dateModified":"2020-04-26T17:21:15+00:00","breadcrumb":{"@id":"https:\/\/ciavento.com.br\/2024\/produto\/exaustores\/exaustores-axiais\/exaustores-axiais-50-cm-ventisilva-e-50-m6-monofasico-de-alta-rotacao-1-090-rpm\/#breadcrumb"},"inLanguage":"pt-BR","potentialAction":[{"@type":"ReadAction","target":["https:\/\/ciavento.com.br\/2024\/produto\/exaustores\/exaustores-axiais\/exaustores-axiais-50-cm-ventisilva-e-50-m6-monofasico-de-alta-rotacao-1-090-rpm\/"]}]},{"@type":"BreadcrumbList","@id":"https:\/\/ciavento.com.br\/2024\/produto\/exaustores\/exaustores-axiais\/exaustores-axiais-50-cm-ventisilva-e-50-m6-monofasico-de-alta-rotacao-1-090-rpm\/#breadcrumb","itemListElement":[{"@type":"ListItem","position":1,"name":"In\u00edcio","item":"https:\/\/ciavento.com.br\/2024\/"},{"@type":"ListItem","position":2,"name":"Linha de Produtos","item":"https:\/\/ciavento.com.br\/2024\/shop\/"},{"@type":"ListItem","position":3,"name":"Exaustores Axiais 50 cm Ventisilva E 50 M6 (Monof\u00e1sico de Alta Rota\u00e7\u00e3o 1.090 RPM)"}]},{"@type":"WebSite","@id":"https:\/\/ciavento.com.br\/2024\/#website","url":"https:\/\/ciavento.com.br\/2024\/","name":"Cia do Vento","description":"VENTILADORES \u00b7 Ver VENTILADORES \u00b7 Ventiladores de Parede \u00b7 Ventiladores de Coluna \u00b7 Ventiladores de Mesa \u00b7 Ventiladores de Teto \u00b7 Circuladores de Ar.","publisher":{"@id":"https:\/\/ciavento.com.br\/2024\/#organization"},"potentialAction":[{"@type":"SearchAction","target":{"@type":"EntryPoint","urlTemplate":"https:\/\/ciavento.com.br\/2024\/?s={search_term_string}"},"query-input":"required name=search_term_string"}],"inLanguage":"pt-BR"},{"@type":"Organization","@id":"https:\/\/ciavento.com.br\/2024\/#organization","name":"Cia do Vento","url":"https:\/\/ciavento.com.br\/2024\/","logo":{"@type":"ImageObject","inLanguage":"pt-BR","@id":"https:\/\/ciavento.com.br\/2024\/#\/schema\/logo\/image\/","url":"https:\/\/ciavento.com.br\/2024\/wp-content\/uploads\/2023\/09\/logo-22.jpg","contentUrl":"https:\/\/ciavento.com.br\/2024\/wp-content\/uploads\/2023\/09\/logo-22.jpg","width":1280,"height":617,"caption":"Cia do Vento"},"image":{"@id":"https:\/\/ciavento.com.br\/2024\/#\/schema\/logo\/image\/"}}]}},"_links":{"self":[{"href":"https:\/\/ciavento.com.br\/2024\/wp-json\/wp\/v2\/product\/3172"}],"collection":[{"href":"https:\/\/ciavento.com.br\/2024\/wp-json\/wp\/v2\/product"}],"about":[{"href":"https:\/\/ciavento.com.br\/2024\/wp-json\/wp\/v2\/types\/product"}],"wp:featuredmedia":[{"embeddable":true,"href":"https:\/\/ciavento.com.br\/2024\/wp-json\/wp\/v2\/media\/3173"}],"wp:attachment":[{"href":"https:\/\/ciavento.com.br\/2024\/wp-json\/wp\/v2\/media?parent=3172"}],"curies":[{"name":"wp","href":"https:\/\/api.w.org\/{rel}","templated":true}]}}