{"id":3213,"date":"2020-04-17T10:35:36","date_gmt":"2020-04-17T13:35:36","guid":{"rendered":"https:\/\/ciavento.com.br\/2024\/?post_type=product&#038;p=3213"},"modified":"2020-04-26T14:45:53","modified_gmt":"2020-04-26T17:45:53","slug":"exaustor-para-cozinha-residencial-treviso-master-fan-super-luxo","status":"publish","type":"product","link":"https:\/\/ciavento.com.br\/2024\/produto\/exaustores\/exaustores-para-cozinha\/exaustor-para-cozinha-residencial-treviso-master-fan-super-luxo\/","title":{"rendered":"Exaustor Para Cozinha Residencial Treviso Master Fan Super Luxo"},"content":{"rendered":"<p>&#8211; Elimina gordura e odores.<br \/>\n&#8211; Confeccionados com pl\u00e1stico ABS, pintura eletrost\u00e1tica e chapa de a\u00e7o.<br \/>\n&#8211; N\u00e3o necessita troca de filtros.<br \/>\n&#8211; Equipado com Motor WEG.<br \/>\n&#8211; Baixo consumo.<br \/>\n&#8211; Equipado com gaveta coletora de gordura.<br \/>\n&#8211; F\u00e1cil instala\u00e7\u00e3o e limpeza.<\/p>\n<p><strong>Caracter\u00edsticas t\u00e9cnicas:<\/strong><\/p>\n<p>&#8211; Pot\u00eancia: 120W\/ 103W<br \/>\n&#8211; RPM: 1.600<br \/>\n&#8211; Tens\u00e3o: Bivolt<br \/>\n&#8211; Vaz\u00e3o:<strong>\u00a0<\/strong>15,5 m3\/min<br \/>\n&#8211; Ru\u00eddo:<strong>\u00a0<\/strong>&lt; 60 dB<br \/>\n&#8211; Dimens\u00f5es:<br \/>\n&#8211;\u00a0Di\u00e2metro \u2013 345 X 280 mm de profundidade<br \/>\n&#8211; Espessura de parede regul\u00e1vel de 120<br \/>\n&#8211;\u00a0Di\u00e2metro H\u00e9lice \u2013 254 mm<\/p>\n","protected":false},"excerpt":{"rendered":"<p>&#8211; Elimina gordura e odores. &#8211; Confeccionados com pl\u00e1stico ABS, pintura eletrost\u00e1tica e chapa de a\u00e7o. &#8211; N\u00e3o necessita troca<\/p>\n","protected":false},"featured_media":3214,"template":"","meta":[],"yoast_head":"<!-- This site is optimized with the Yoast SEO plugin v20.0 - https:\/\/yoast.com\/wordpress\/plugins\/seo\/ -->\n<title>Exaustor Para Cozinha Residencial Treviso Master Fan Super Luxo - Cia do Vento<\/title>\n<meta name=\"robots\" content=\"index, follow, max-snippet:-1, max-image-preview:large, max-video-preview:-1\" \/>\n<link rel=\"canonical\" href=\"https:\/\/ciavento.com.br\/2024\/produto\/exaustores\/exaustores-para-cozinha\/exaustor-para-cozinha-residencial-treviso-master-fan-super-luxo\/\" \/>\n<meta property=\"og:locale\" content=\"pt_BR\" \/>\n<meta property=\"og:type\" content=\"article\" \/>\n<meta property=\"og:title\" content=\"Exaustor Para Cozinha Residencial Treviso Master Fan Super Luxo - Cia do Vento\" \/>\n<meta property=\"og:description\" content=\"&#8211; Elimina gordura e odores. &#8211; Confeccionados com pl\u00e1stico ABS, pintura eletrost\u00e1tica e chapa de a\u00e7o. &#8211; N\u00e3o necessita troca\" \/>\n<meta property=\"og:url\" content=\"https:\/\/ciavento.com.br\/2024\/produto\/exaustores\/exaustores-para-cozinha\/exaustor-para-cozinha-residencial-treviso-master-fan-super-luxo\/\" \/>\n<meta property=\"og:site_name\" content=\"Cia do Vento\" \/>\n<meta property=\"article:modified_time\" content=\"2020-04-26T17:45:53+00:00\" \/>\n<meta property=\"og:image\" content=\"https:\/\/ciavento.com.br\/2024\/wp-content\/uploads\/2020\/04\/Ex-Axial-Treviso-Coz-Cromado.jpg\" \/>\n\t<meta property=\"og:image:width\" content=\"600\" \/>\n\t<meta property=\"og:image:height\" content=\"600\" \/>\n\t<meta property=\"og:image:type\" content=\"image\/jpeg\" \/>\n<meta name=\"twitter:card\" content=\"summary_large_image\" \/>\n<script type=\"application\/ld+json\" class=\"yoast-schema-graph\">{\"@context\":\"https:\/\/schema.org\",\"@graph\":[{\"@type\":\"WebPage\",\"@id\":\"https:\/\/ciavento.com.br\/2024\/produto\/exaustores\/exaustores-para-cozinha\/exaustor-para-cozinha-residencial-treviso-master-fan-super-luxo\/\",\"url\":\"https:\/\/ciavento.com.br\/2024\/produto\/exaustores\/exaustores-para-cozinha\/exaustor-para-cozinha-residencial-treviso-master-fan-super-luxo\/\",\"name\":\"Exaustor Para Cozinha Residencial Treviso Master Fan Super Luxo - Cia do Vento\",\"isPartOf\":{\"@id\":\"https:\/\/ciavento.com.br\/2024\/#website\"},\"datePublished\":\"2020-04-17T13:35:36+00:00\",\"dateModified\":\"2020-04-26T17:45:53+00:00\",\"breadcrumb\":{\"@id\":\"https:\/\/ciavento.com.br\/2024\/produto\/exaustores\/exaustores-para-cozinha\/exaustor-para-cozinha-residencial-treviso-master-fan-super-luxo\/#breadcrumb\"},\"inLanguage\":\"pt-BR\",\"potentialAction\":[{\"@type\":\"ReadAction\",\"target\":[\"https:\/\/ciavento.com.br\/2024\/produto\/exaustores\/exaustores-para-cozinha\/exaustor-para-cozinha-residencial-treviso-master-fan-super-luxo\/\"]}]},{\"@type\":\"BreadcrumbList\",\"@id\":\"https:\/\/ciavento.com.br\/2024\/produto\/exaustores\/exaustores-para-cozinha\/exaustor-para-cozinha-residencial-treviso-master-fan-super-luxo\/#breadcrumb\",\"itemListElement\":[{\"@type\":\"ListItem\",\"position\":1,\"name\":\"In\u00edcio\",\"item\":\"https:\/\/ciavento.com.br\/2024\/\"},{\"@type\":\"ListItem\",\"position\":2,\"name\":\"Linha de Produtos\",\"item\":\"https:\/\/ciavento.com.br\/2024\/shop\/\"},{\"@type\":\"ListItem\",\"position\":3,\"name\":\"Exaustor Para Cozinha Residencial Treviso Master Fan Super Luxo\"}]},{\"@type\":\"WebSite\",\"@id\":\"https:\/\/ciavento.com.br\/2024\/#website\",\"url\":\"https:\/\/ciavento.com.br\/2024\/\",\"name\":\"Cia do Vento\",\"description\":\"VENTILADORES \u00b7 Ver VENTILADORES \u00b7 Ventiladores de Parede \u00b7 Ventiladores de Coluna \u00b7 Ventiladores de Mesa \u00b7 Ventiladores de Teto \u00b7 Circuladores de Ar.\",\"publisher\":{\"@id\":\"https:\/\/ciavento.com.br\/2024\/#organization\"},\"potentialAction\":[{\"@type\":\"SearchAction\",\"target\":{\"@type\":\"EntryPoint\",\"urlTemplate\":\"https:\/\/ciavento.com.br\/2024\/?s={search_term_string}\"},\"query-input\":\"required name=search_term_string\"}],\"inLanguage\":\"pt-BR\"},{\"@type\":\"Organization\",\"@id\":\"https:\/\/ciavento.com.br\/2024\/#organization\",\"name\":\"Cia do Vento\",\"url\":\"https:\/\/ciavento.com.br\/2024\/\",\"logo\":{\"@type\":\"ImageObject\",\"inLanguage\":\"pt-BR\",\"@id\":\"https:\/\/ciavento.com.br\/2024\/#\/schema\/logo\/image\/\",\"url\":\"https:\/\/ciavento.com.br\/2024\/wp-content\/uploads\/2023\/09\/logo-22.jpg\",\"contentUrl\":\"https:\/\/ciavento.com.br\/2024\/wp-content\/uploads\/2023\/09\/logo-22.jpg\",\"width\":1280,\"height\":617,\"caption\":\"Cia do Vento\"},\"image\":{\"@id\":\"https:\/\/ciavento.com.br\/2024\/#\/schema\/logo\/image\/\"}}]}<\/script>\n<!-- \/ Yoast SEO plugin. -->","yoast_head_json":{"title":"Exaustor Para Cozinha Residencial Treviso Master Fan Super Luxo - Cia do Vento","robots":{"index":"index","follow":"follow","max-snippet":"max-snippet:-1","max-image-preview":"max-image-preview:large","max-video-preview":"max-video-preview:-1"},"canonical":"https:\/\/ciavento.com.br\/2024\/produto\/exaustores\/exaustores-para-cozinha\/exaustor-para-cozinha-residencial-treviso-master-fan-super-luxo\/","og_locale":"pt_BR","og_type":"article","og_title":"Exaustor Para Cozinha Residencial Treviso Master Fan Super Luxo - Cia do Vento","og_description":"&#8211; Elimina gordura e odores. &#8211; Confeccionados com pl\u00e1stico ABS, pintura eletrost\u00e1tica e chapa de a\u00e7o. &#8211; N\u00e3o necessita troca","og_url":"https:\/\/ciavento.com.br\/2024\/produto\/exaustores\/exaustores-para-cozinha\/exaustor-para-cozinha-residencial-treviso-master-fan-super-luxo\/","og_site_name":"Cia do Vento","article_modified_time":"2020-04-26T17:45:53+00:00","og_image":[{"width":600,"height":600,"url":"https:\/\/ciavento.com.br\/2024\/wp-content\/uploads\/2020\/04\/Ex-Axial-Treviso-Coz-Cromado.jpg","type":"image\/jpeg"}],"twitter_card":"summary_large_image","schema":{"@context":"https:\/\/schema.org","@graph":[{"@type":"WebPage","@id":"https:\/\/ciavento.com.br\/2024\/produto\/exaustores\/exaustores-para-cozinha\/exaustor-para-cozinha-residencial-treviso-master-fan-super-luxo\/","url":"https:\/\/ciavento.com.br\/2024\/produto\/exaustores\/exaustores-para-cozinha\/exaustor-para-cozinha-residencial-treviso-master-fan-super-luxo\/","name":"Exaustor Para Cozinha Residencial Treviso Master Fan Super Luxo - Cia do Vento","isPartOf":{"@id":"https:\/\/ciavento.com.br\/2024\/#website"},"datePublished":"2020-04-17T13:35:36+00:00","dateModified":"2020-04-26T17:45:53+00:00","breadcrumb":{"@id":"https:\/\/ciavento.com.br\/2024\/produto\/exaustores\/exaustores-para-cozinha\/exaustor-para-cozinha-residencial-treviso-master-fan-super-luxo\/#breadcrumb"},"inLanguage":"pt-BR","potentialAction":[{"@type":"ReadAction","target":["https:\/\/ciavento.com.br\/2024\/produto\/exaustores\/exaustores-para-cozinha\/exaustor-para-cozinha-residencial-treviso-master-fan-super-luxo\/"]}]},{"@type":"BreadcrumbList","@id":"https:\/\/ciavento.com.br\/2024\/produto\/exaustores\/exaustores-para-cozinha\/exaustor-para-cozinha-residencial-treviso-master-fan-super-luxo\/#breadcrumb","itemListElement":[{"@type":"ListItem","position":1,"name":"In\u00edcio","item":"https:\/\/ciavento.com.br\/2024\/"},{"@type":"ListItem","position":2,"name":"Linha de Produtos","item":"https:\/\/ciavento.com.br\/2024\/shop\/"},{"@type":"ListItem","position":3,"name":"Exaustor Para Cozinha Residencial Treviso Master Fan Super Luxo"}]},{"@type":"WebSite","@id":"https:\/\/ciavento.com.br\/2024\/#website","url":"https:\/\/ciavento.com.br\/2024\/","name":"Cia do Vento","description":"VENTILADORES \u00b7 Ver VENTILADORES \u00b7 Ventiladores de Parede \u00b7 Ventiladores de Coluna \u00b7 Ventiladores de Mesa \u00b7 Ventiladores de Teto \u00b7 Circuladores de Ar.","publisher":{"@id":"https:\/\/ciavento.com.br\/2024\/#organization"},"potentialAction":[{"@type":"SearchAction","target":{"@type":"EntryPoint","urlTemplate":"https:\/\/ciavento.com.br\/2024\/?s={search_term_string}"},"query-input":"required name=search_term_string"}],"inLanguage":"pt-BR"},{"@type":"Organization","@id":"https:\/\/ciavento.com.br\/2024\/#organization","name":"Cia do Vento","url":"https:\/\/ciavento.com.br\/2024\/","logo":{"@type":"ImageObject","inLanguage":"pt-BR","@id":"https:\/\/ciavento.com.br\/2024\/#\/schema\/logo\/image\/","url":"https:\/\/ciavento.com.br\/2024\/wp-content\/uploads\/2023\/09\/logo-22.jpg","contentUrl":"https:\/\/ciavento.com.br\/2024\/wp-content\/uploads\/2023\/09\/logo-22.jpg","width":1280,"height":617,"caption":"Cia do Vento"},"image":{"@id":"https:\/\/ciavento.com.br\/2024\/#\/schema\/logo\/image\/"}}]}},"_links":{"self":[{"href":"https:\/\/ciavento.com.br\/2024\/wp-json\/wp\/v2\/product\/3213"}],"collection":[{"href":"https:\/\/ciavento.com.br\/2024\/wp-json\/wp\/v2\/product"}],"about":[{"href":"https:\/\/ciavento.com.br\/2024\/wp-json\/wp\/v2\/types\/product"}],"wp:featuredmedia":[{"embeddable":true,"href":"https:\/\/ciavento.com.br\/2024\/wp-json\/wp\/v2\/media\/3214"}],"wp:attachment":[{"href":"https:\/\/ciavento.com.br\/2024\/wp-json\/wp\/v2\/media?parent=3213"}],"curies":[{"name":"wp","href":"https:\/\/api.w.org\/{rel}","templated":true}]}}