{"id":3241,"date":"2020-04-27T09:55:53","date_gmt":"2020-04-27T12:55:53","guid":{"rendered":"https:\/\/ciavento.com.br\/2024\/?post_type=product&#038;p=3241"},"modified":"2020-04-27T09:55:53","modified_gmt":"2020-04-27T12:55:53","slug":"climatizador-ventisol-evaporativo-cli-70l-pro","status":"publish","type":"product","link":"https:\/\/ciavento.com.br\/2024\/produto\/climatizadores\/climatizadores-portateis\/climatizador-ventisol-evaporativo-cli-70l-pro\/","title":{"rendered":"Climatizador Ventisol Evaporativo &#8211; CLI 70L PRO"},"content":{"rendered":"<p><strong>\u2022 Produto Certificado<\/strong><br \/>\nNo INMETRO<br \/>\n<strong>\u2022 Econ\u00f4mico:<\/strong><br \/>\nPossui um consumo de apenas 210W<br \/>\n<strong>\u2022 Oscila\u00e7\u00e3o vertical e horizontal:<\/strong><br \/>\nOscila\u00e7\u00e3o vertical autom\u00e1tica, oscila\u00e7\u00e3o horizontal\u00a0manual.<br \/>\n<strong>\u2022 Reservat\u00f3rio para 70L de \u00e1gua:<\/strong><br \/>\nE pode ser conectado direto \u00e0 rede hidr\u00e1ulica para abastecimento autom\u00e1tico de \u00e1gua.<br \/>\n<strong>\u2022 F\u00e1cil transporte:<\/strong><br \/>\nQuatro rodas que facilitam a locomo\u00e7\u00e3o de um ambiente para o outro.<br \/>\n<strong>\u2022 Sistema evaporativo tipo Colmeia:<\/strong><br \/>\nO ar \u00e9 sugado por um ventilador interno e passa por um painel evaporativo \u00famido em formato de colmeia onde o ar \u00e9 resfriado, umidificado e filtrado por um processo de lavagem cont\u00ednua. Assim o ar que \u00e9 expelido pelo climatizador j\u00e1 sai mais \u00famido e fresco.<br \/>\n<strong>\u2022 Controle de Velocidade:<\/strong><br \/>\n3 velocidades de ventila\u00e7\u00e3o.<br \/>\n<strong>\u2022 Prote\u00e7\u00e3o para bomba:<\/strong><br \/>\nDesliga automaticamente a bomba de \u00e1gua em caos de falta de \u00e1gua no reservat\u00f3rio<\/p>\n","protected":false},"excerpt":{"rendered":"<p>Para grandes \u00e1reas que precisem de climatiza\u00e7\u00e3o, o Climatizador Evaporativo Ventisol CLI 70 PRO\u00a0\u00e9 ideal. \u00a0Al\u00e9m de umidificar o ar, baixa a temperatura do ambiente e auxilia na prote\u00e7\u00e3o contra mofo e bact\u00e9rias.<\/p>\n","protected":false},"featured_media":3242,"template":"","meta":[],"yoast_head":"<!-- This site is optimized with the Yoast SEO plugin v20.0 - https:\/\/yoast.com\/wordpress\/plugins\/seo\/ -->\n<title>Climatizador Ventisol Evaporativo - CLI 70L PRO - Cia do Vento<\/title>\n<meta name=\"robots\" content=\"index, follow, max-snippet:-1, max-image-preview:large, max-video-preview:-1\" \/>\n<link rel=\"canonical\" href=\"https:\/\/ciavento.com.br\/2024\/produto\/climatizadores\/climatizadores-portateis\/climatizador-ventisol-evaporativo-cli-70l-pro\/\" \/>\n<meta property=\"og:locale\" content=\"pt_BR\" \/>\n<meta property=\"og:type\" content=\"article\" \/>\n<meta property=\"og:title\" content=\"Climatizador Ventisol Evaporativo - CLI 70L PRO - Cia do Vento\" \/>\n<meta property=\"og:description\" content=\"Para grandes \u00e1reas que precisem de climatiza\u00e7\u00e3o, o Climatizador Evaporativo Ventisol CLI 70 PRO\u00a0\u00e9 ideal. \u00a0Al\u00e9m de umidificar o ar, baixa a temperatura do ambiente e auxilia na prote\u00e7\u00e3o contra mofo e bact\u00e9rias.\" \/>\n<meta property=\"og:url\" content=\"https:\/\/ciavento.com.br\/2024\/produto\/climatizadores\/climatizadores-portateis\/climatizador-ventisol-evaporativo-cli-70l-pro\/\" \/>\n<meta property=\"og:site_name\" content=\"Cia do Vento\" \/>\n<meta property=\"og:image\" content=\"https:\/\/ciavento.com.br\/2024\/wp-content\/uploads\/2020\/04\/CLIMATIZADOR-EVAPORATIVO-CLI-70L-PRO.jpg\" \/>\n\t<meta property=\"og:image:width\" content=\"1000\" \/>\n\t<meta property=\"og:image:height\" content=\"1000\" \/>\n\t<meta property=\"og:image:type\" content=\"image\/jpeg\" \/>\n<meta name=\"twitter:card\" content=\"summary_large_image\" \/>\n<meta name=\"twitter:label1\" content=\"Est. tempo de leitura\" \/>\n\t<meta name=\"twitter:data1\" content=\"1 minuto\" \/>\n<script type=\"application\/ld+json\" class=\"yoast-schema-graph\">{\"@context\":\"https:\/\/schema.org\",\"@graph\":[{\"@type\":\"WebPage\",\"@id\":\"https:\/\/ciavento.com.br\/2024\/produto\/climatizadores\/climatizadores-portateis\/climatizador-ventisol-evaporativo-cli-70l-pro\/\",\"url\":\"https:\/\/ciavento.com.br\/2024\/produto\/climatizadores\/climatizadores-portateis\/climatizador-ventisol-evaporativo-cli-70l-pro\/\",\"name\":\"Climatizador Ventisol Evaporativo - CLI 70L PRO - Cia do Vento\",\"isPartOf\":{\"@id\":\"https:\/\/ciavento.com.br\/2024\/#website\"},\"datePublished\":\"2020-04-27T12:55:53+00:00\",\"dateModified\":\"2020-04-27T12:55:53+00:00\",\"breadcrumb\":{\"@id\":\"https:\/\/ciavento.com.br\/2024\/produto\/climatizadores\/climatizadores-portateis\/climatizador-ventisol-evaporativo-cli-70l-pro\/#breadcrumb\"},\"inLanguage\":\"pt-BR\",\"potentialAction\":[{\"@type\":\"ReadAction\",\"target\":[\"https:\/\/ciavento.com.br\/2024\/produto\/climatizadores\/climatizadores-portateis\/climatizador-ventisol-evaporativo-cli-70l-pro\/\"]}]},{\"@type\":\"BreadcrumbList\",\"@id\":\"https:\/\/ciavento.com.br\/2024\/produto\/climatizadores\/climatizadores-portateis\/climatizador-ventisol-evaporativo-cli-70l-pro\/#breadcrumb\",\"itemListElement\":[{\"@type\":\"ListItem\",\"position\":1,\"name\":\"In\u00edcio\",\"item\":\"https:\/\/ciavento.com.br\/2024\/\"},{\"@type\":\"ListItem\",\"position\":2,\"name\":\"Linha de Produtos\",\"item\":\"https:\/\/ciavento.com.br\/2024\/shop\/\"},{\"@type\":\"ListItem\",\"position\":3,\"name\":\"Climatizador Ventisol Evaporativo &#8211; CLI 70L PRO\"}]},{\"@type\":\"WebSite\",\"@id\":\"https:\/\/ciavento.com.br\/2024\/#website\",\"url\":\"https:\/\/ciavento.com.br\/2024\/\",\"name\":\"Cia do Vento\",\"description\":\"VENTILADORES \u00b7 Ver VENTILADORES \u00b7 Ventiladores de Parede \u00b7 Ventiladores de Coluna \u00b7 Ventiladores de Mesa \u00b7 Ventiladores de Teto \u00b7 Circuladores de Ar.\",\"publisher\":{\"@id\":\"https:\/\/ciavento.com.br\/2024\/#organization\"},\"potentialAction\":[{\"@type\":\"SearchAction\",\"target\":{\"@type\":\"EntryPoint\",\"urlTemplate\":\"https:\/\/ciavento.com.br\/2024\/?s={search_term_string}\"},\"query-input\":\"required name=search_term_string\"}],\"inLanguage\":\"pt-BR\"},{\"@type\":\"Organization\",\"@id\":\"https:\/\/ciavento.com.br\/2024\/#organization\",\"name\":\"Cia do Vento\",\"url\":\"https:\/\/ciavento.com.br\/2024\/\",\"logo\":{\"@type\":\"ImageObject\",\"inLanguage\":\"pt-BR\",\"@id\":\"https:\/\/ciavento.com.br\/2024\/#\/schema\/logo\/image\/\",\"url\":\"https:\/\/ciavento.com.br\/2024\/wp-content\/uploads\/2023\/09\/logo-22.jpg\",\"contentUrl\":\"https:\/\/ciavento.com.br\/2024\/wp-content\/uploads\/2023\/09\/logo-22.jpg\",\"width\":1280,\"height\":617,\"caption\":\"Cia do Vento\"},\"image\":{\"@id\":\"https:\/\/ciavento.com.br\/2024\/#\/schema\/logo\/image\/\"}}]}<\/script>\n<!-- \/ Yoast SEO plugin. -->","yoast_head_json":{"title":"Climatizador Ventisol Evaporativo - CLI 70L PRO - Cia do Vento","robots":{"index":"index","follow":"follow","max-snippet":"max-snippet:-1","max-image-preview":"max-image-preview:large","max-video-preview":"max-video-preview:-1"},"canonical":"https:\/\/ciavento.com.br\/2024\/produto\/climatizadores\/climatizadores-portateis\/climatizador-ventisol-evaporativo-cli-70l-pro\/","og_locale":"pt_BR","og_type":"article","og_title":"Climatizador Ventisol Evaporativo - CLI 70L PRO - Cia do Vento","og_description":"Para grandes \u00e1reas que precisem de climatiza\u00e7\u00e3o, o Climatizador Evaporativo Ventisol CLI 70 PRO\u00a0\u00e9 ideal. \u00a0Al\u00e9m de umidificar o ar, baixa a temperatura do ambiente e auxilia na prote\u00e7\u00e3o contra mofo e bact\u00e9rias.","og_url":"https:\/\/ciavento.com.br\/2024\/produto\/climatizadores\/climatizadores-portateis\/climatizador-ventisol-evaporativo-cli-70l-pro\/","og_site_name":"Cia do Vento","og_image":[{"width":1000,"height":1000,"url":"https:\/\/ciavento.com.br\/2024\/wp-content\/uploads\/2020\/04\/CLIMATIZADOR-EVAPORATIVO-CLI-70L-PRO.jpg","type":"image\/jpeg"}],"twitter_card":"summary_large_image","twitter_misc":{"Est. tempo de leitura":"1 minuto"},"schema":{"@context":"https:\/\/schema.org","@graph":[{"@type":"WebPage","@id":"https:\/\/ciavento.com.br\/2024\/produto\/climatizadores\/climatizadores-portateis\/climatizador-ventisol-evaporativo-cli-70l-pro\/","url":"https:\/\/ciavento.com.br\/2024\/produto\/climatizadores\/climatizadores-portateis\/climatizador-ventisol-evaporativo-cli-70l-pro\/","name":"Climatizador Ventisol Evaporativo - CLI 70L PRO - Cia do Vento","isPartOf":{"@id":"https:\/\/ciavento.com.br\/2024\/#website"},"datePublished":"2020-04-27T12:55:53+00:00","dateModified":"2020-04-27T12:55:53+00:00","breadcrumb":{"@id":"https:\/\/ciavento.com.br\/2024\/produto\/climatizadores\/climatizadores-portateis\/climatizador-ventisol-evaporativo-cli-70l-pro\/#breadcrumb"},"inLanguage":"pt-BR","potentialAction":[{"@type":"ReadAction","target":["https:\/\/ciavento.com.br\/2024\/produto\/climatizadores\/climatizadores-portateis\/climatizador-ventisol-evaporativo-cli-70l-pro\/"]}]},{"@type":"BreadcrumbList","@id":"https:\/\/ciavento.com.br\/2024\/produto\/climatizadores\/climatizadores-portateis\/climatizador-ventisol-evaporativo-cli-70l-pro\/#breadcrumb","itemListElement":[{"@type":"ListItem","position":1,"name":"In\u00edcio","item":"https:\/\/ciavento.com.br\/2024\/"},{"@type":"ListItem","position":2,"name":"Linha de Produtos","item":"https:\/\/ciavento.com.br\/2024\/shop\/"},{"@type":"ListItem","position":3,"name":"Climatizador Ventisol Evaporativo &#8211; CLI 70L PRO"}]},{"@type":"WebSite","@id":"https:\/\/ciavento.com.br\/2024\/#website","url":"https:\/\/ciavento.com.br\/2024\/","name":"Cia do Vento","description":"VENTILADORES \u00b7 Ver VENTILADORES \u00b7 Ventiladores de Parede \u00b7 Ventiladores de Coluna \u00b7 Ventiladores de Mesa \u00b7 Ventiladores de Teto \u00b7 Circuladores de Ar.","publisher":{"@id":"https:\/\/ciavento.com.br\/2024\/#organization"},"potentialAction":[{"@type":"SearchAction","target":{"@type":"EntryPoint","urlTemplate":"https:\/\/ciavento.com.br\/2024\/?s={search_term_string}"},"query-input":"required name=search_term_string"}],"inLanguage":"pt-BR"},{"@type":"Organization","@id":"https:\/\/ciavento.com.br\/2024\/#organization","name":"Cia do Vento","url":"https:\/\/ciavento.com.br\/2024\/","logo":{"@type":"ImageObject","inLanguage":"pt-BR","@id":"https:\/\/ciavento.com.br\/2024\/#\/schema\/logo\/image\/","url":"https:\/\/ciavento.com.br\/2024\/wp-content\/uploads\/2023\/09\/logo-22.jpg","contentUrl":"https:\/\/ciavento.com.br\/2024\/wp-content\/uploads\/2023\/09\/logo-22.jpg","width":1280,"height":617,"caption":"Cia do Vento"},"image":{"@id":"https:\/\/ciavento.com.br\/2024\/#\/schema\/logo\/image\/"}}]}},"_links":{"self":[{"href":"https:\/\/ciavento.com.br\/2024\/wp-json\/wp\/v2\/product\/3241"}],"collection":[{"href":"https:\/\/ciavento.com.br\/2024\/wp-json\/wp\/v2\/product"}],"about":[{"href":"https:\/\/ciavento.com.br\/2024\/wp-json\/wp\/v2\/types\/product"}],"wp:featuredmedia":[{"embeddable":true,"href":"https:\/\/ciavento.com.br\/2024\/wp-json\/wp\/v2\/media\/3242"}],"wp:attachment":[{"href":"https:\/\/ciavento.com.br\/2024\/wp-json\/wp\/v2\/media?parent=3241"}],"curies":[{"name":"wp","href":"https:\/\/api.w.org\/{rel}","templated":true}]}}