{"id":3257,"date":"2020-04-29T11:29:54","date_gmt":"2020-04-29T14:29:54","guid":{"rendered":"https:\/\/ciavento.com.br\/2024\/?post_type=product&#038;p=3257"},"modified":"2024-06-07T17:03:24","modified_gmt":"2024-06-07T20:03:24","slug":"exaustores-para-banheiro-ambiente-db-ventokit-80-indicado-para-ate-5-m%c2%b2-so-exaustor","status":"publish","type":"product","link":"https:\/\/ciavento.com.br\/2024\/produto\/exaustores\/exaustores-para-banheiro\/exaustores-para-banheiro-ambiente-db-ventokit-80-indicado-para-ate-5-m%c2%b2-so-exaustor\/","title":{"rendered":"Exaustores Para Banheiro (Ambiente) DB Ventokit 80 (Indicado para at\u00e9 5 M\u00b2) *S\u00f3 exaustor*"},"content":{"rendered":"","protected":false},"excerpt":{"rendered":"<p>Os Exaustores VentoKit Air Brise 80 (S\u00f3 Motor) s\u00e3o os exaustores da linha de axiais voltadas para banheiros residenciais. S\u00e3o exaustores mais discretos e com baixo n\u00edvel de ru\u00eddo, combinando efici\u00eancia e conforto para o ambiente.<\/p>\n<p><strong>Caracter\u00edsticas:<\/strong><\/p>\n<p>Di\u00e2metro entrada: 151,5mm<br \/>\nDi\u00e2metro sa\u00edda: 96,97mm<br \/>\nPot\u00eancia Motor [W]: 20<br \/>\nTens\u00e3o [V] : 127V<br \/>\nVaz\u00e3o M\u00e1xima [m\u00b3\/h]: 80<br \/>\nN\u00edvel Press\u00e3o Sonora [dBA] : 56,8<br \/>\nPress\u00e3o m\u00e1xima [mmca\/ Ins WG]:<br \/>\nDuto [Pol]: 4\u2019\u2019<\/p>\n","protected":false},"featured_media":5642,"template":"","meta":[],"yoast_head":"<!-- This site is optimized with the Yoast SEO plugin v20.0 - https:\/\/yoast.com\/wordpress\/plugins\/seo\/ -->\n<title>Exaustores Para Banheiro (Ambiente) DB Ventokit 80 (Indicado para at\u00e9 5 M\u00b2) *S\u00f3 exaustor* - Cia do Vento<\/title>\n<meta name=\"robots\" content=\"index, follow, max-snippet:-1, max-image-preview:large, max-video-preview:-1\" \/>\n<link rel=\"canonical\" href=\"https:\/\/ciavento.com.br\/2024\/produto\/exaustores\/exaustores-para-banheiro\/exaustores-para-banheiro-ambiente-db-ventokit-80-indicado-para-ate-5-m\u00b2-so-exaustor\/\" \/>\n<meta property=\"og:locale\" content=\"pt_BR\" \/>\n<meta property=\"og:type\" content=\"article\" \/>\n<meta property=\"og:title\" content=\"Exaustores Para Banheiro (Ambiente) DB Ventokit 80 (Indicado para at\u00e9 5 M\u00b2) *S\u00f3 exaustor* - Cia do Vento\" \/>\n<meta property=\"og:description\" content=\"Os Exaustores VentoKit Air Brise 80 (S\u00f3 Motor) s\u00e3o os exaustores da linha de axiais voltadas para banheiros residenciais. S\u00e3o exaustores mais discretos e com baixo n\u00edvel de ru\u00eddo, combinando efici\u00eancia e conforto para o ambiente.  Caracter\u00edsticas:  Di\u00e2metro entrada: 151,5mm Di\u00e2metro sa\u00edda: 96,97mm Pot\u00eancia Motor [W]: 20 Tens\u00e3o [V] : 127V Vaz\u00e3o M\u00e1xima [m\u00b3\/h]: 80 N\u00edvel Press\u00e3o Sonora [dBA] : 56,8 Press\u00e3o m\u00e1xima [mmca\/ Ins WG]: Duto [Pol]: 4\u2019\u2019\" \/>\n<meta property=\"og:url\" content=\"https:\/\/ciavento.com.br\/2024\/produto\/exaustores\/exaustores-para-banheiro\/exaustores-para-banheiro-ambiente-db-ventokit-80-indicado-para-ate-5-m\u00b2-so-exaustor\/\" \/>\n<meta property=\"og:site_name\" content=\"Cia do Vento\" \/>\n<meta property=\"article:modified_time\" content=\"2024-06-07T20:03:24+00:00\" \/>\n<meta property=\"og:image\" content=\"https:\/\/ciavento.com.br\/2024\/wp-content\/uploads\/2020\/04\/exaustor-velokit.jpg\" \/>\n\t<meta property=\"og:image:width\" content=\"600\" \/>\n\t<meta property=\"og:image:height\" content=\"686\" \/>\n\t<meta property=\"og:image:type\" content=\"image\/jpeg\" \/>\n<meta name=\"twitter:card\" content=\"summary_large_image\" \/>\n<script type=\"application\/ld+json\" class=\"yoast-schema-graph\">{\"@context\":\"https:\/\/schema.org\",\"@graph\":[{\"@type\":\"WebPage\",\"@id\":\"https:\/\/ciavento.com.br\/2024\/produto\/exaustores\/exaustores-para-banheiro\/exaustores-para-banheiro-ambiente-db-ventokit-80-indicado-para-ate-5-m%c2%b2-so-exaustor\/\",\"url\":\"https:\/\/ciavento.com.br\/2024\/produto\/exaustores\/exaustores-para-banheiro\/exaustores-para-banheiro-ambiente-db-ventokit-80-indicado-para-ate-5-m%c2%b2-so-exaustor\/\",\"name\":\"Exaustores Para Banheiro (Ambiente) DB Ventokit 80 (Indicado para at\u00e9 5 M\u00b2) *S\u00f3 exaustor* - Cia do Vento\",\"isPartOf\":{\"@id\":\"https:\/\/ciavento.com.br\/2024\/#website\"},\"datePublished\":\"2020-04-29T14:29:54+00:00\",\"dateModified\":\"2024-06-07T20:03:24+00:00\",\"breadcrumb\":{\"@id\":\"https:\/\/ciavento.com.br\/2024\/produto\/exaustores\/exaustores-para-banheiro\/exaustores-para-banheiro-ambiente-db-ventokit-80-indicado-para-ate-5-m%c2%b2-so-exaustor\/#breadcrumb\"},\"inLanguage\":\"pt-BR\",\"potentialAction\":[{\"@type\":\"ReadAction\",\"target\":[\"https:\/\/ciavento.com.br\/2024\/produto\/exaustores\/exaustores-para-banheiro\/exaustores-para-banheiro-ambiente-db-ventokit-80-indicado-para-ate-5-m%c2%b2-so-exaustor\/\"]}]},{\"@type\":\"BreadcrumbList\",\"@id\":\"https:\/\/ciavento.com.br\/2024\/produto\/exaustores\/exaustores-para-banheiro\/exaustores-para-banheiro-ambiente-db-ventokit-80-indicado-para-ate-5-m%c2%b2-so-exaustor\/#breadcrumb\",\"itemListElement\":[{\"@type\":\"ListItem\",\"position\":1,\"name\":\"In\u00edcio\",\"item\":\"https:\/\/ciavento.com.br\/2024\/\"},{\"@type\":\"ListItem\",\"position\":2,\"name\":\"Linha de Produtos\",\"item\":\"https:\/\/ciavento.com.br\/2024\/shop\/\"},{\"@type\":\"ListItem\",\"position\":3,\"name\":\"Exaustores Para Banheiro (Ambiente) DB Ventokit 80 (Indicado para at\u00e9 5 M\u00b2) *S\u00f3 exaustor*\"}]},{\"@type\":\"WebSite\",\"@id\":\"https:\/\/ciavento.com.br\/2024\/#website\",\"url\":\"https:\/\/ciavento.com.br\/2024\/\",\"name\":\"Cia do Vento\",\"description\":\"VENTILADORES \u00b7 Ver VENTILADORES \u00b7 Ventiladores de Parede \u00b7 Ventiladores de Coluna \u00b7 Ventiladores de Mesa \u00b7 Ventiladores de Teto \u00b7 Circuladores de Ar.\",\"publisher\":{\"@id\":\"https:\/\/ciavento.com.br\/2024\/#organization\"},\"potentialAction\":[{\"@type\":\"SearchAction\",\"target\":{\"@type\":\"EntryPoint\",\"urlTemplate\":\"https:\/\/ciavento.com.br\/2024\/?s={search_term_string}\"},\"query-input\":\"required name=search_term_string\"}],\"inLanguage\":\"pt-BR\"},{\"@type\":\"Organization\",\"@id\":\"https:\/\/ciavento.com.br\/2024\/#organization\",\"name\":\"Cia do Vento\",\"url\":\"https:\/\/ciavento.com.br\/2024\/\",\"logo\":{\"@type\":\"ImageObject\",\"inLanguage\":\"pt-BR\",\"@id\":\"https:\/\/ciavento.com.br\/2024\/#\/schema\/logo\/image\/\",\"url\":\"https:\/\/ciavento.com.br\/2024\/wp-content\/uploads\/2023\/09\/logo-22.jpg\",\"contentUrl\":\"https:\/\/ciavento.com.br\/2024\/wp-content\/uploads\/2023\/09\/logo-22.jpg\",\"width\":1280,\"height\":617,\"caption\":\"Cia do Vento\"},\"image\":{\"@id\":\"https:\/\/ciavento.com.br\/2024\/#\/schema\/logo\/image\/\"}}]}<\/script>\n<!-- \/ Yoast SEO plugin. -->","yoast_head_json":{"title":"Exaustores Para Banheiro (Ambiente) DB Ventokit 80 (Indicado para at\u00e9 5 M\u00b2) *S\u00f3 exaustor* - Cia do Vento","robots":{"index":"index","follow":"follow","max-snippet":"max-snippet:-1","max-image-preview":"max-image-preview:large","max-video-preview":"max-video-preview:-1"},"canonical":"https:\/\/ciavento.com.br\/2024\/produto\/exaustores\/exaustores-para-banheiro\/exaustores-para-banheiro-ambiente-db-ventokit-80-indicado-para-ate-5-m\u00b2-so-exaustor\/","og_locale":"pt_BR","og_type":"article","og_title":"Exaustores Para Banheiro (Ambiente) DB Ventokit 80 (Indicado para at\u00e9 5 M\u00b2) *S\u00f3 exaustor* - Cia do Vento","og_description":"Os Exaustores VentoKit Air Brise 80 (S\u00f3 Motor) s\u00e3o os exaustores da linha de axiais voltadas para banheiros residenciais. S\u00e3o exaustores mais discretos e com baixo n\u00edvel de ru\u00eddo, combinando efici\u00eancia e conforto para o ambiente.  Caracter\u00edsticas:  Di\u00e2metro entrada: 151,5mm Di\u00e2metro sa\u00edda: 96,97mm Pot\u00eancia Motor [W]: 20 Tens\u00e3o [V] : 127V Vaz\u00e3o M\u00e1xima [m\u00b3\/h]: 80 N\u00edvel Press\u00e3o Sonora [dBA] : 56,8 Press\u00e3o m\u00e1xima [mmca\/ Ins WG]: Duto [Pol]: 4\u2019\u2019","og_url":"https:\/\/ciavento.com.br\/2024\/produto\/exaustores\/exaustores-para-banheiro\/exaustores-para-banheiro-ambiente-db-ventokit-80-indicado-para-ate-5-m\u00b2-so-exaustor\/","og_site_name":"Cia do Vento","article_modified_time":"2024-06-07T20:03:24+00:00","og_image":[{"width":600,"height":686,"url":"https:\/\/ciavento.com.br\/2024\/wp-content\/uploads\/2020\/04\/exaustor-velokit.jpg","type":"image\/jpeg"}],"twitter_card":"summary_large_image","schema":{"@context":"https:\/\/schema.org","@graph":[{"@type":"WebPage","@id":"https:\/\/ciavento.com.br\/2024\/produto\/exaustores\/exaustores-para-banheiro\/exaustores-para-banheiro-ambiente-db-ventokit-80-indicado-para-ate-5-m%c2%b2-so-exaustor\/","url":"https:\/\/ciavento.com.br\/2024\/produto\/exaustores\/exaustores-para-banheiro\/exaustores-para-banheiro-ambiente-db-ventokit-80-indicado-para-ate-5-m%c2%b2-so-exaustor\/","name":"Exaustores Para Banheiro (Ambiente) DB Ventokit 80 (Indicado para at\u00e9 5 M\u00b2) *S\u00f3 exaustor* - Cia do Vento","isPartOf":{"@id":"https:\/\/ciavento.com.br\/2024\/#website"},"datePublished":"2020-04-29T14:29:54+00:00","dateModified":"2024-06-07T20:03:24+00:00","breadcrumb":{"@id":"https:\/\/ciavento.com.br\/2024\/produto\/exaustores\/exaustores-para-banheiro\/exaustores-para-banheiro-ambiente-db-ventokit-80-indicado-para-ate-5-m%c2%b2-so-exaustor\/#breadcrumb"},"inLanguage":"pt-BR","potentialAction":[{"@type":"ReadAction","target":["https:\/\/ciavento.com.br\/2024\/produto\/exaustores\/exaustores-para-banheiro\/exaustores-para-banheiro-ambiente-db-ventokit-80-indicado-para-ate-5-m%c2%b2-so-exaustor\/"]}]},{"@type":"BreadcrumbList","@id":"https:\/\/ciavento.com.br\/2024\/produto\/exaustores\/exaustores-para-banheiro\/exaustores-para-banheiro-ambiente-db-ventokit-80-indicado-para-ate-5-m%c2%b2-so-exaustor\/#breadcrumb","itemListElement":[{"@type":"ListItem","position":1,"name":"In\u00edcio","item":"https:\/\/ciavento.com.br\/2024\/"},{"@type":"ListItem","position":2,"name":"Linha de Produtos","item":"https:\/\/ciavento.com.br\/2024\/shop\/"},{"@type":"ListItem","position":3,"name":"Exaustores Para Banheiro (Ambiente) DB Ventokit 80 (Indicado para at\u00e9 5 M\u00b2) *S\u00f3 exaustor*"}]},{"@type":"WebSite","@id":"https:\/\/ciavento.com.br\/2024\/#website","url":"https:\/\/ciavento.com.br\/2024\/","name":"Cia do Vento","description":"VENTILADORES \u00b7 Ver VENTILADORES \u00b7 Ventiladores de Parede \u00b7 Ventiladores de Coluna \u00b7 Ventiladores de Mesa \u00b7 Ventiladores de Teto \u00b7 Circuladores de Ar.","publisher":{"@id":"https:\/\/ciavento.com.br\/2024\/#organization"},"potentialAction":[{"@type":"SearchAction","target":{"@type":"EntryPoint","urlTemplate":"https:\/\/ciavento.com.br\/2024\/?s={search_term_string}"},"query-input":"required name=search_term_string"}],"inLanguage":"pt-BR"},{"@type":"Organization","@id":"https:\/\/ciavento.com.br\/2024\/#organization","name":"Cia do Vento","url":"https:\/\/ciavento.com.br\/2024\/","logo":{"@type":"ImageObject","inLanguage":"pt-BR","@id":"https:\/\/ciavento.com.br\/2024\/#\/schema\/logo\/image\/","url":"https:\/\/ciavento.com.br\/2024\/wp-content\/uploads\/2023\/09\/logo-22.jpg","contentUrl":"https:\/\/ciavento.com.br\/2024\/wp-content\/uploads\/2023\/09\/logo-22.jpg","width":1280,"height":617,"caption":"Cia do Vento"},"image":{"@id":"https:\/\/ciavento.com.br\/2024\/#\/schema\/logo\/image\/"}}]}},"_links":{"self":[{"href":"https:\/\/ciavento.com.br\/2024\/wp-json\/wp\/v2\/product\/3257"}],"collection":[{"href":"https:\/\/ciavento.com.br\/2024\/wp-json\/wp\/v2\/product"}],"about":[{"href":"https:\/\/ciavento.com.br\/2024\/wp-json\/wp\/v2\/types\/product"}],"wp:featuredmedia":[{"embeddable":true,"href":"https:\/\/ciavento.com.br\/2024\/wp-json\/wp\/v2\/media\/5642"}],"wp:attachment":[{"href":"https:\/\/ciavento.com.br\/2024\/wp-json\/wp\/v2\/media?parent=3257"}],"curies":[{"name":"wp","href":"https:\/\/api.w.org\/{rel}","templated":true}]}}