{"id":3267,"date":"2020-04-29T11:55:33","date_gmt":"2020-04-29T14:55:33","guid":{"rendered":"https:\/\/ciavento.com.br\/2024\/?post_type=product&#038;p=3267"},"modified":"2020-04-29T11:55:33","modified_gmt":"2020-04-29T14:55:33","slug":"exaustor-para-tubulacao-longa-multivac-turbo-200","status":"publish","type":"product","link":"https:\/\/ciavento.com.br\/2024\/produto\/exaustores\/exaustores-para-banheiro\/exaustor-para-tubulacao-longa-multivac-turbo-200\/","title":{"rendered":"Exaustor Para Tubula\u00e7\u00e3o Longa Multivac Turbo 200"},"content":{"rendered":"<p><strong>Caracter\u00edsticas t\u00e9cnicas:<\/strong><\/p>\n<p>&#8211; Vaz\u00e3o: 1080m\u00b3\/h<br \/>\n&#8211; Press\u00e3o: 345Pa<br \/>\n&#8211; Ru\u00eddo: 52dBA<br \/>\n&#8211; Pot\u00eancia: 108W<br \/>\n&#8211; RPM: 2.380<br \/>\n&#8211; Voltagem: 220V<br \/>\n&#8211; Frequ\u00eancia: 60<br \/>\n&#8211; Corrente: 0,48A<br \/>\n&#8211; Capacitor: 3,5\u00b5<\/p>\n","protected":false},"excerpt":{"rendered":"<p>Ventilador axial em linha para aplica\u00e7\u00f5es de ventila\u00e7\u00e3o, como por exemplo TAE (Tomada de Ar Externo) ou exaust\u00e3o. Equipado com motor monof\u00e1sico com prote\u00e7\u00e3o de sobrecarga t\u00e9rmica interna. Oferece duas velocidades de opera\u00e7\u00e3o (m\u00ednimo ou m\u00e1ximo) que proporcionam versatilidade para sua instala\u00e7\u00e3o. Pode ser instalado em s\u00e9rie ou em paralelo para aumentar a press\u00e3o ou a vaz\u00e3o.<\/p>\n","protected":false},"featured_media":3262,"template":"","meta":[],"yoast_head":"<!-- This site is optimized with the Yoast SEO plugin v20.0 - https:\/\/yoast.com\/wordpress\/plugins\/seo\/ -->\n<title>Exaustor Para Tubula\u00e7\u00e3o Longa Multivac Turbo 200 - Cia do Vento<\/title>\n<meta name=\"robots\" content=\"index, follow, max-snippet:-1, max-image-preview:large, max-video-preview:-1\" \/>\n<link rel=\"canonical\" href=\"https:\/\/ciavento.com.br\/2024\/produto\/exaustores\/exaustores-para-banheiro\/exaustor-para-tubulacao-longa-multivac-turbo-200\/\" \/>\n<meta property=\"og:locale\" content=\"pt_BR\" \/>\n<meta property=\"og:type\" content=\"article\" \/>\n<meta property=\"og:title\" content=\"Exaustor Para Tubula\u00e7\u00e3o Longa Multivac Turbo 200 - Cia do Vento\" \/>\n<meta property=\"og:description\" content=\"Ventilador axial em linha para aplica\u00e7\u00f5es de ventila\u00e7\u00e3o, como por exemplo TAE (Tomada de Ar Externo) ou exaust\u00e3o. Equipado com motor monof\u00e1sico com prote\u00e7\u00e3o de sobrecarga t\u00e9rmica interna. Oferece duas velocidades de opera\u00e7\u00e3o (m\u00ednimo ou m\u00e1ximo) que proporcionam versatilidade para sua instala\u00e7\u00e3o. Pode ser instalado em s\u00e9rie ou em paralelo para aumentar a press\u00e3o ou a vaz\u00e3o.\" \/>\n<meta property=\"og:url\" content=\"https:\/\/ciavento.com.br\/2024\/produto\/exaustores\/exaustores-para-banheiro\/exaustor-para-tubulacao-longa-multivac-turbo-200\/\" \/>\n<meta property=\"og:site_name\" content=\"Cia do Vento\" \/>\n<meta property=\"og:image\" content=\"https:\/\/ciavento.com.br\/2024\/wp-content\/uploads\/2020\/04\/exaustor_inline_turbo_100_462_1_20200130102821.jpg\" \/>\n\t<meta property=\"og:image:width\" content=\"1000\" \/>\n\t<meta property=\"og:image:height\" content=\"1000\" \/>\n\t<meta property=\"og:image:type\" content=\"image\/jpeg\" \/>\n<meta name=\"twitter:card\" content=\"summary_large_image\" \/>\n<script type=\"application\/ld+json\" class=\"yoast-schema-graph\">{\"@context\":\"https:\/\/schema.org\",\"@graph\":[{\"@type\":\"WebPage\",\"@id\":\"https:\/\/ciavento.com.br\/2024\/produto\/exaustores\/exaustores-para-banheiro\/exaustor-para-tubulacao-longa-multivac-turbo-200\/\",\"url\":\"https:\/\/ciavento.com.br\/2024\/produto\/exaustores\/exaustores-para-banheiro\/exaustor-para-tubulacao-longa-multivac-turbo-200\/\",\"name\":\"Exaustor Para Tubula\u00e7\u00e3o Longa Multivac Turbo 200 - Cia do Vento\",\"isPartOf\":{\"@id\":\"https:\/\/ciavento.com.br\/2024\/#website\"},\"datePublished\":\"2020-04-29T14:55:33+00:00\",\"dateModified\":\"2020-04-29T14:55:33+00:00\",\"breadcrumb\":{\"@id\":\"https:\/\/ciavento.com.br\/2024\/produto\/exaustores\/exaustores-para-banheiro\/exaustor-para-tubulacao-longa-multivac-turbo-200\/#breadcrumb\"},\"inLanguage\":\"pt-BR\",\"potentialAction\":[{\"@type\":\"ReadAction\",\"target\":[\"https:\/\/ciavento.com.br\/2024\/produto\/exaustores\/exaustores-para-banheiro\/exaustor-para-tubulacao-longa-multivac-turbo-200\/\"]}]},{\"@type\":\"BreadcrumbList\",\"@id\":\"https:\/\/ciavento.com.br\/2024\/produto\/exaustores\/exaustores-para-banheiro\/exaustor-para-tubulacao-longa-multivac-turbo-200\/#breadcrumb\",\"itemListElement\":[{\"@type\":\"ListItem\",\"position\":1,\"name\":\"In\u00edcio\",\"item\":\"https:\/\/ciavento.com.br\/2024\/\"},{\"@type\":\"ListItem\",\"position\":2,\"name\":\"Linha de Produtos\",\"item\":\"https:\/\/ciavento.com.br\/2024\/shop\/\"},{\"@type\":\"ListItem\",\"position\":3,\"name\":\"Exaustor Para Tubula\u00e7\u00e3o Longa Multivac Turbo 200\"}]},{\"@type\":\"WebSite\",\"@id\":\"https:\/\/ciavento.com.br\/2024\/#website\",\"url\":\"https:\/\/ciavento.com.br\/2024\/\",\"name\":\"Cia do Vento\",\"description\":\"VENTILADORES \u00b7 Ver VENTILADORES \u00b7 Ventiladores de Parede \u00b7 Ventiladores de Coluna \u00b7 Ventiladores de Mesa \u00b7 Ventiladores de Teto \u00b7 Circuladores de Ar.\",\"publisher\":{\"@id\":\"https:\/\/ciavento.com.br\/2024\/#organization\"},\"potentialAction\":[{\"@type\":\"SearchAction\",\"target\":{\"@type\":\"EntryPoint\",\"urlTemplate\":\"https:\/\/ciavento.com.br\/2024\/?s={search_term_string}\"},\"query-input\":\"required name=search_term_string\"}],\"inLanguage\":\"pt-BR\"},{\"@type\":\"Organization\",\"@id\":\"https:\/\/ciavento.com.br\/2024\/#organization\",\"name\":\"Cia do Vento\",\"url\":\"https:\/\/ciavento.com.br\/2024\/\",\"logo\":{\"@type\":\"ImageObject\",\"inLanguage\":\"pt-BR\",\"@id\":\"https:\/\/ciavento.com.br\/2024\/#\/schema\/logo\/image\/\",\"url\":\"https:\/\/ciavento.com.br\/2024\/wp-content\/uploads\/2023\/09\/logo-22.jpg\",\"contentUrl\":\"https:\/\/ciavento.com.br\/2024\/wp-content\/uploads\/2023\/09\/logo-22.jpg\",\"width\":1280,\"height\":617,\"caption\":\"Cia do Vento\"},\"image\":{\"@id\":\"https:\/\/ciavento.com.br\/2024\/#\/schema\/logo\/image\/\"}}]}<\/script>\n<!-- \/ Yoast SEO plugin. -->","yoast_head_json":{"title":"Exaustor Para Tubula\u00e7\u00e3o Longa Multivac Turbo 200 - Cia do Vento","robots":{"index":"index","follow":"follow","max-snippet":"max-snippet:-1","max-image-preview":"max-image-preview:large","max-video-preview":"max-video-preview:-1"},"canonical":"https:\/\/ciavento.com.br\/2024\/produto\/exaustores\/exaustores-para-banheiro\/exaustor-para-tubulacao-longa-multivac-turbo-200\/","og_locale":"pt_BR","og_type":"article","og_title":"Exaustor Para Tubula\u00e7\u00e3o Longa Multivac Turbo 200 - Cia do Vento","og_description":"Ventilador axial em linha para aplica\u00e7\u00f5es de ventila\u00e7\u00e3o, como por exemplo TAE (Tomada de Ar Externo) ou exaust\u00e3o. Equipado com motor monof\u00e1sico com prote\u00e7\u00e3o de sobrecarga t\u00e9rmica interna. Oferece duas velocidades de opera\u00e7\u00e3o (m\u00ednimo ou m\u00e1ximo) que proporcionam versatilidade para sua instala\u00e7\u00e3o. Pode ser instalado em s\u00e9rie ou em paralelo para aumentar a press\u00e3o ou a vaz\u00e3o.","og_url":"https:\/\/ciavento.com.br\/2024\/produto\/exaustores\/exaustores-para-banheiro\/exaustor-para-tubulacao-longa-multivac-turbo-200\/","og_site_name":"Cia do Vento","og_image":[{"width":1000,"height":1000,"url":"https:\/\/ciavento.com.br\/2024\/wp-content\/uploads\/2020\/04\/exaustor_inline_turbo_100_462_1_20200130102821.jpg","type":"image\/jpeg"}],"twitter_card":"summary_large_image","schema":{"@context":"https:\/\/schema.org","@graph":[{"@type":"WebPage","@id":"https:\/\/ciavento.com.br\/2024\/produto\/exaustores\/exaustores-para-banheiro\/exaustor-para-tubulacao-longa-multivac-turbo-200\/","url":"https:\/\/ciavento.com.br\/2024\/produto\/exaustores\/exaustores-para-banheiro\/exaustor-para-tubulacao-longa-multivac-turbo-200\/","name":"Exaustor Para Tubula\u00e7\u00e3o Longa Multivac Turbo 200 - Cia do Vento","isPartOf":{"@id":"https:\/\/ciavento.com.br\/2024\/#website"},"datePublished":"2020-04-29T14:55:33+00:00","dateModified":"2020-04-29T14:55:33+00:00","breadcrumb":{"@id":"https:\/\/ciavento.com.br\/2024\/produto\/exaustores\/exaustores-para-banheiro\/exaustor-para-tubulacao-longa-multivac-turbo-200\/#breadcrumb"},"inLanguage":"pt-BR","potentialAction":[{"@type":"ReadAction","target":["https:\/\/ciavento.com.br\/2024\/produto\/exaustores\/exaustores-para-banheiro\/exaustor-para-tubulacao-longa-multivac-turbo-200\/"]}]},{"@type":"BreadcrumbList","@id":"https:\/\/ciavento.com.br\/2024\/produto\/exaustores\/exaustores-para-banheiro\/exaustor-para-tubulacao-longa-multivac-turbo-200\/#breadcrumb","itemListElement":[{"@type":"ListItem","position":1,"name":"In\u00edcio","item":"https:\/\/ciavento.com.br\/2024\/"},{"@type":"ListItem","position":2,"name":"Linha de Produtos","item":"https:\/\/ciavento.com.br\/2024\/shop\/"},{"@type":"ListItem","position":3,"name":"Exaustor Para Tubula\u00e7\u00e3o Longa Multivac Turbo 200"}]},{"@type":"WebSite","@id":"https:\/\/ciavento.com.br\/2024\/#website","url":"https:\/\/ciavento.com.br\/2024\/","name":"Cia do Vento","description":"VENTILADORES \u00b7 Ver VENTILADORES \u00b7 Ventiladores de Parede \u00b7 Ventiladores de Coluna \u00b7 Ventiladores de Mesa \u00b7 Ventiladores de Teto \u00b7 Circuladores de Ar.","publisher":{"@id":"https:\/\/ciavento.com.br\/2024\/#organization"},"potentialAction":[{"@type":"SearchAction","target":{"@type":"EntryPoint","urlTemplate":"https:\/\/ciavento.com.br\/2024\/?s={search_term_string}"},"query-input":"required name=search_term_string"}],"inLanguage":"pt-BR"},{"@type":"Organization","@id":"https:\/\/ciavento.com.br\/2024\/#organization","name":"Cia do Vento","url":"https:\/\/ciavento.com.br\/2024\/","logo":{"@type":"ImageObject","inLanguage":"pt-BR","@id":"https:\/\/ciavento.com.br\/2024\/#\/schema\/logo\/image\/","url":"https:\/\/ciavento.com.br\/2024\/wp-content\/uploads\/2023\/09\/logo-22.jpg","contentUrl":"https:\/\/ciavento.com.br\/2024\/wp-content\/uploads\/2023\/09\/logo-22.jpg","width":1280,"height":617,"caption":"Cia do Vento"},"image":{"@id":"https:\/\/ciavento.com.br\/2024\/#\/schema\/logo\/image\/"}}]}},"_links":{"self":[{"href":"https:\/\/ciavento.com.br\/2024\/wp-json\/wp\/v2\/product\/3267"}],"collection":[{"href":"https:\/\/ciavento.com.br\/2024\/wp-json\/wp\/v2\/product"}],"about":[{"href":"https:\/\/ciavento.com.br\/2024\/wp-json\/wp\/v2\/types\/product"}],"wp:featuredmedia":[{"embeddable":true,"href":"https:\/\/ciavento.com.br\/2024\/wp-json\/wp\/v2\/media\/3262"}],"wp:attachment":[{"href":"https:\/\/ciavento.com.br\/2024\/wp-json\/wp\/v2\/media?parent=3267"}],"curies":[{"name":"wp","href":"https:\/\/api.w.org\/{rel}","templated":true}]}}