{"id":3268,"date":"2020-04-29T11:57:45","date_gmt":"2020-04-29T14:57:45","guid":{"rendered":"https:\/\/ciavento.com.br\/2024\/?post_type=product&#038;p=3268"},"modified":"2020-04-29T11:57:46","modified_gmt":"2020-04-29T14:57:46","slug":"exaustor-centrifugo-inline-axc-100b-220v","status":"publish","type":"product","link":"https:\/\/ciavento.com.br\/2024\/produto\/exaustores\/exaustores-para-banheiro\/exaustor-centrifugo-inline-axc-100b-220v\/","title":{"rendered":"Exaustor Centr\u00edfugo InLine AXC 100B 220V"},"content":{"rendered":"<div id=\"ProdBlock\" class=\"product-tabs\">\n<div id=\"descricao\" class=\"prodBox\">\n<div class=\"board\">\n<div class=\"board_htm description\">\n<p><strong>Caracter\u00edsticas t\u00e9cnicas:<\/strong><\/p>\n<p>&#8211; Vaz\u00e3o: 265m\u00b3\/h<br \/>\n&#8211; Press\u00e3o: 340Pa<br \/>\n&#8211; Ru\u00eddo: 54dBA<br \/>\n&#8211; Pot\u00eancia: 75W<br \/>\n&#8211; RPM: 2.700<br \/>\n&#8211; Voltagem: 220V<br \/>\n&#8211; Frequ\u00eancia: 60Hz<br \/>\n&#8211; Corrente: 0,34A<br \/>\n&#8211; Capacitor: 2\u00b5<\/p>\n<\/div>\n<\/div>\n<\/div>\n<\/div>\n<div class=\"list-products\">\n<div class=\"catalog-products\"><\/div>\n<\/div>\n","protected":false},"excerpt":{"rendered":"<p>Ventilador centr\u00edfugo em linha com corpo de polipropileno, motor de rotor externo e p\u00e1s curvadas para tr\u00e1s.<br \/>\nEquipado com motor monof\u00e1sico com prote\u00e7\u00e3o t\u00e9rmica interno, classe de prote\u00e7\u00e3o IP44 e classe clim\u00e1tica tropical.<br \/>\nOpera na faixa de temperatura de -15\u00a0\u00baC at\u00e9 55\u00a0\u00baC e utiliza rolamentos de esferas.<\/p>\n","protected":false},"featured_media":3269,"template":"","meta":[],"yoast_head":"<!-- This site is optimized with the Yoast SEO plugin v20.0 - https:\/\/yoast.com\/wordpress\/plugins\/seo\/ -->\n<title>Exaustor Centr\u00edfugo InLine AXC 100B 220V - Cia do Vento<\/title>\n<meta name=\"robots\" content=\"index, follow, max-snippet:-1, max-image-preview:large, max-video-preview:-1\" \/>\n<link rel=\"canonical\" href=\"https:\/\/ciavento.com.br\/2024\/produto\/exaustores\/exaustores-para-banheiro\/exaustor-centrifugo-inline-axc-100b-220v\/\" \/>\n<meta property=\"og:locale\" content=\"pt_BR\" \/>\n<meta property=\"og:type\" content=\"article\" \/>\n<meta property=\"og:title\" content=\"Exaustor Centr\u00edfugo InLine AXC 100B 220V - Cia do Vento\" \/>\n<meta property=\"og:description\" content=\"Ventilador centr\u00edfugo em linha com corpo de polipropileno, motor de rotor externo e p\u00e1s curvadas para tr\u00e1s. Equipado com motor monof\u00e1sico com prote\u00e7\u00e3o t\u00e9rmica interno, classe de prote\u00e7\u00e3o IP44 e classe clim\u00e1tica tropical. Opera na faixa de temperatura de -15\u00a0\u00baC at\u00e9 55\u00a0\u00baC e utiliza rolamentos de esferas.\" \/>\n<meta property=\"og:url\" content=\"https:\/\/ciavento.com.br\/2024\/produto\/exaustores\/exaustores-para-banheiro\/exaustor-centrifugo-inline-axc-100b-220v\/\" \/>\n<meta property=\"og:site_name\" content=\"Cia do Vento\" \/>\n<meta property=\"article:modified_time\" content=\"2020-04-29T14:57:46+00:00\" \/>\n<meta property=\"og:image\" content=\"https:\/\/ciavento.com.br\/2024\/wp-content\/uploads\/2020\/04\/exaustor_tipo_centrifugo_inline_mod_axc100b_220v_39025_1_20200217175600.jpg\" \/>\n\t<meta property=\"og:image:width\" content=\"350\" \/>\n\t<meta property=\"og:image:height\" content=\"350\" \/>\n\t<meta property=\"og:image:type\" content=\"image\/jpeg\" \/>\n<meta name=\"twitter:card\" content=\"summary_large_image\" \/>\n<script type=\"application\/ld+json\" class=\"yoast-schema-graph\">{\"@context\":\"https:\/\/schema.org\",\"@graph\":[{\"@type\":\"WebPage\",\"@id\":\"https:\/\/ciavento.com.br\/2024\/produto\/exaustores\/exaustores-para-banheiro\/exaustor-centrifugo-inline-axc-100b-220v\/\",\"url\":\"https:\/\/ciavento.com.br\/2024\/produto\/exaustores\/exaustores-para-banheiro\/exaustor-centrifugo-inline-axc-100b-220v\/\",\"name\":\"Exaustor Centr\u00edfugo InLine AXC 100B 220V - Cia do Vento\",\"isPartOf\":{\"@id\":\"https:\/\/ciavento.com.br\/2024\/#website\"},\"datePublished\":\"2020-04-29T14:57:45+00:00\",\"dateModified\":\"2020-04-29T14:57:46+00:00\",\"breadcrumb\":{\"@id\":\"https:\/\/ciavento.com.br\/2024\/produto\/exaustores\/exaustores-para-banheiro\/exaustor-centrifugo-inline-axc-100b-220v\/#breadcrumb\"},\"inLanguage\":\"pt-BR\",\"potentialAction\":[{\"@type\":\"ReadAction\",\"target\":[\"https:\/\/ciavento.com.br\/2024\/produto\/exaustores\/exaustores-para-banheiro\/exaustor-centrifugo-inline-axc-100b-220v\/\"]}]},{\"@type\":\"BreadcrumbList\",\"@id\":\"https:\/\/ciavento.com.br\/2024\/produto\/exaustores\/exaustores-para-banheiro\/exaustor-centrifugo-inline-axc-100b-220v\/#breadcrumb\",\"itemListElement\":[{\"@type\":\"ListItem\",\"position\":1,\"name\":\"In\u00edcio\",\"item\":\"https:\/\/ciavento.com.br\/2024\/\"},{\"@type\":\"ListItem\",\"position\":2,\"name\":\"Linha de Produtos\",\"item\":\"https:\/\/ciavento.com.br\/2024\/shop\/\"},{\"@type\":\"ListItem\",\"position\":3,\"name\":\"Exaustor Centr\u00edfugo InLine AXC 100B 220V\"}]},{\"@type\":\"WebSite\",\"@id\":\"https:\/\/ciavento.com.br\/2024\/#website\",\"url\":\"https:\/\/ciavento.com.br\/2024\/\",\"name\":\"Cia do Vento\",\"description\":\"VENTILADORES \u00b7 Ver VENTILADORES \u00b7 Ventiladores de Parede \u00b7 Ventiladores de Coluna \u00b7 Ventiladores de Mesa \u00b7 Ventiladores de Teto \u00b7 Circuladores de Ar.\",\"publisher\":{\"@id\":\"https:\/\/ciavento.com.br\/2024\/#organization\"},\"potentialAction\":[{\"@type\":\"SearchAction\",\"target\":{\"@type\":\"EntryPoint\",\"urlTemplate\":\"https:\/\/ciavento.com.br\/2024\/?s={search_term_string}\"},\"query-input\":\"required name=search_term_string\"}],\"inLanguage\":\"pt-BR\"},{\"@type\":\"Organization\",\"@id\":\"https:\/\/ciavento.com.br\/2024\/#organization\",\"name\":\"Cia do Vento\",\"url\":\"https:\/\/ciavento.com.br\/2024\/\",\"logo\":{\"@type\":\"ImageObject\",\"inLanguage\":\"pt-BR\",\"@id\":\"https:\/\/ciavento.com.br\/2024\/#\/schema\/logo\/image\/\",\"url\":\"https:\/\/ciavento.com.br\/2024\/wp-content\/uploads\/2023\/09\/logo-22.jpg\",\"contentUrl\":\"https:\/\/ciavento.com.br\/2024\/wp-content\/uploads\/2023\/09\/logo-22.jpg\",\"width\":1280,\"height\":617,\"caption\":\"Cia do Vento\"},\"image\":{\"@id\":\"https:\/\/ciavento.com.br\/2024\/#\/schema\/logo\/image\/\"}}]}<\/script>\n<!-- \/ Yoast SEO plugin. -->","yoast_head_json":{"title":"Exaustor Centr\u00edfugo InLine AXC 100B 220V - Cia do Vento","robots":{"index":"index","follow":"follow","max-snippet":"max-snippet:-1","max-image-preview":"max-image-preview:large","max-video-preview":"max-video-preview:-1"},"canonical":"https:\/\/ciavento.com.br\/2024\/produto\/exaustores\/exaustores-para-banheiro\/exaustor-centrifugo-inline-axc-100b-220v\/","og_locale":"pt_BR","og_type":"article","og_title":"Exaustor Centr\u00edfugo InLine AXC 100B 220V - Cia do Vento","og_description":"Ventilador centr\u00edfugo em linha com corpo de polipropileno, motor de rotor externo e p\u00e1s curvadas para tr\u00e1s. Equipado com motor monof\u00e1sico com prote\u00e7\u00e3o t\u00e9rmica interno, classe de prote\u00e7\u00e3o IP44 e classe clim\u00e1tica tropical. Opera na faixa de temperatura de -15\u00a0\u00baC at\u00e9 55\u00a0\u00baC e utiliza rolamentos de esferas.","og_url":"https:\/\/ciavento.com.br\/2024\/produto\/exaustores\/exaustores-para-banheiro\/exaustor-centrifugo-inline-axc-100b-220v\/","og_site_name":"Cia do Vento","article_modified_time":"2020-04-29T14:57:46+00:00","og_image":[{"width":350,"height":350,"url":"https:\/\/ciavento.com.br\/2024\/wp-content\/uploads\/2020\/04\/exaustor_tipo_centrifugo_inline_mod_axc100b_220v_39025_1_20200217175600.jpg","type":"image\/jpeg"}],"twitter_card":"summary_large_image","schema":{"@context":"https:\/\/schema.org","@graph":[{"@type":"WebPage","@id":"https:\/\/ciavento.com.br\/2024\/produto\/exaustores\/exaustores-para-banheiro\/exaustor-centrifugo-inline-axc-100b-220v\/","url":"https:\/\/ciavento.com.br\/2024\/produto\/exaustores\/exaustores-para-banheiro\/exaustor-centrifugo-inline-axc-100b-220v\/","name":"Exaustor Centr\u00edfugo InLine AXC 100B 220V - Cia do Vento","isPartOf":{"@id":"https:\/\/ciavento.com.br\/2024\/#website"},"datePublished":"2020-04-29T14:57:45+00:00","dateModified":"2020-04-29T14:57:46+00:00","breadcrumb":{"@id":"https:\/\/ciavento.com.br\/2024\/produto\/exaustores\/exaustores-para-banheiro\/exaustor-centrifugo-inline-axc-100b-220v\/#breadcrumb"},"inLanguage":"pt-BR","potentialAction":[{"@type":"ReadAction","target":["https:\/\/ciavento.com.br\/2024\/produto\/exaustores\/exaustores-para-banheiro\/exaustor-centrifugo-inline-axc-100b-220v\/"]}]},{"@type":"BreadcrumbList","@id":"https:\/\/ciavento.com.br\/2024\/produto\/exaustores\/exaustores-para-banheiro\/exaustor-centrifugo-inline-axc-100b-220v\/#breadcrumb","itemListElement":[{"@type":"ListItem","position":1,"name":"In\u00edcio","item":"https:\/\/ciavento.com.br\/2024\/"},{"@type":"ListItem","position":2,"name":"Linha de Produtos","item":"https:\/\/ciavento.com.br\/2024\/shop\/"},{"@type":"ListItem","position":3,"name":"Exaustor Centr\u00edfugo InLine AXC 100B 220V"}]},{"@type":"WebSite","@id":"https:\/\/ciavento.com.br\/2024\/#website","url":"https:\/\/ciavento.com.br\/2024\/","name":"Cia do Vento","description":"VENTILADORES \u00b7 Ver VENTILADORES \u00b7 Ventiladores de Parede \u00b7 Ventiladores de Coluna \u00b7 Ventiladores de Mesa \u00b7 Ventiladores de Teto \u00b7 Circuladores de Ar.","publisher":{"@id":"https:\/\/ciavento.com.br\/2024\/#organization"},"potentialAction":[{"@type":"SearchAction","target":{"@type":"EntryPoint","urlTemplate":"https:\/\/ciavento.com.br\/2024\/?s={search_term_string}"},"query-input":"required name=search_term_string"}],"inLanguage":"pt-BR"},{"@type":"Organization","@id":"https:\/\/ciavento.com.br\/2024\/#organization","name":"Cia do Vento","url":"https:\/\/ciavento.com.br\/2024\/","logo":{"@type":"ImageObject","inLanguage":"pt-BR","@id":"https:\/\/ciavento.com.br\/2024\/#\/schema\/logo\/image\/","url":"https:\/\/ciavento.com.br\/2024\/wp-content\/uploads\/2023\/09\/logo-22.jpg","contentUrl":"https:\/\/ciavento.com.br\/2024\/wp-content\/uploads\/2023\/09\/logo-22.jpg","width":1280,"height":617,"caption":"Cia do Vento"},"image":{"@id":"https:\/\/ciavento.com.br\/2024\/#\/schema\/logo\/image\/"}}]}},"_links":{"self":[{"href":"https:\/\/ciavento.com.br\/2024\/wp-json\/wp\/v2\/product\/3268"}],"collection":[{"href":"https:\/\/ciavento.com.br\/2024\/wp-json\/wp\/v2\/product"}],"about":[{"href":"https:\/\/ciavento.com.br\/2024\/wp-json\/wp\/v2\/types\/product"}],"wp:featuredmedia":[{"embeddable":true,"href":"https:\/\/ciavento.com.br\/2024\/wp-json\/wp\/v2\/media\/3269"}],"wp:attachment":[{"href":"https:\/\/ciavento.com.br\/2024\/wp-json\/wp\/v2\/media?parent=3268"}],"curies":[{"name":"wp","href":"https:\/\/api.w.org\/{rel}","templated":true}]}}