{"id":3530,"date":"2022-09-29T09:33:33","date_gmt":"2022-09-29T12:33:33","guid":{"rendered":"https:\/\/ciavento.com.br\/2024\/?post_type=product&#038;p=3530"},"modified":"2022-09-29T09:33:33","modified_gmt":"2022-09-29T12:33:33","slug":"microventilador-cooler-importado-120x120x25-12-ou-24-volts","status":"publish","type":"product","link":"https:\/\/ciavento.com.br\/2024\/produto\/microventiladores\/importado-microventiladores\/microventilador-cooler-importado-120x120x25-12-ou-24-volts\/","title":{"rendered":"Microventilador (Cooler) Importado 120x120x25 12 ou 24 Volts"},"content":{"rendered":"","protected":false},"excerpt":{"rendered":"<p>&#8211; MICRO VENTILADOR AXIAL;<br \/>\n&#8211; DIMENS\u00c3O 120 x 120 x 25 mm;<br \/>\n&#8211; ROTA\u00c7\u00c3O 2200 RPM;<br \/>\n&#8211; POT\u00caNCIA 5 W;<br \/>\n&#8211; VAZ\u00c3O 40 LITROS\/SEGUNDO;<br \/>\n&#8211; CARCA\u00c7A EM NYLON;<br \/>\n&#8211; N\u00cdVEL DE RU\u00cdDO 39 DBA;<br \/>\n&#8211; VOLTAGEM: 12 OU 24 VOLTS;<br \/>\n&#8211; MODELO C 120 SD.<\/p>\n<p>*As variaveis podem sofrer altera\u00e7\u00f5es, por isso consulte o vendedor para confirmar as mesmas.<\/p>\n<p>&nbsp;<\/p>\n","protected":false},"featured_media":3531,"template":"","meta":[],"yoast_head":"<!-- This site is optimized with the Yoast SEO plugin v20.0 - https:\/\/yoast.com\/wordpress\/plugins\/seo\/ -->\n<title>Microventilador (Cooler) Importado 120x120x25 12 ou 24 Volts - Cia do Vento<\/title>\n<meta name=\"robots\" content=\"index, follow, max-snippet:-1, max-image-preview:large, max-video-preview:-1\" \/>\n<link rel=\"canonical\" href=\"https:\/\/ciavento.com.br\/2024\/produto\/microventiladores\/importado-microventiladores\/microventilador-cooler-importado-120x120x25-12-ou-24-volts\/\" \/>\n<meta property=\"og:locale\" content=\"pt_BR\" \/>\n<meta property=\"og:type\" content=\"article\" \/>\n<meta property=\"og:title\" content=\"Microventilador (Cooler) Importado 120x120x25 12 ou 24 Volts - Cia do Vento\" \/>\n<meta property=\"og:description\" content=\"- MICRO VENTILADOR AXIAL; - DIMENS\u00c3O 120 x 120 x 25 mm; - ROTA\u00c7\u00c3O 2200 RPM; - POT\u00caNCIA 5 W; - VAZ\u00c3O 40 LITROS\/SEGUNDO; - CARCA\u00c7A EM NYLON; - N\u00cdVEL DE RU\u00cdDO 39 DBA; - VOLTAGEM: 12 OU 24 VOLTS; - MODELO C 120 SD.  *As variaveis podem sofrer altera\u00e7\u00f5es, por isso consulte o vendedor para confirmar as mesmas.  &nbsp;\" \/>\n<meta property=\"og:url\" content=\"https:\/\/ciavento.com.br\/2024\/produto\/microventiladores\/importado-microventiladores\/microventilador-cooler-importado-120x120x25-12-ou-24-volts\/\" \/>\n<meta property=\"og:site_name\" content=\"Cia do Vento\" \/>\n<meta property=\"og:image\" content=\"https:\/\/ciavento.com.br\/2024\/wp-content\/uploads\/2022\/09\/Microventilador-Cooler-Importado-120x120x25-12-ou-24-Volts.jpg\" \/>\n\t<meta property=\"og:image:width\" content=\"782\" \/>\n\t<meta property=\"og:image:height\" content=\"776\" \/>\n\t<meta property=\"og:image:type\" content=\"image\/jpeg\" \/>\n<meta name=\"twitter:card\" content=\"summary_large_image\" \/>\n<script type=\"application\/ld+json\" class=\"yoast-schema-graph\">{\"@context\":\"https:\/\/schema.org\",\"@graph\":[{\"@type\":\"WebPage\",\"@id\":\"https:\/\/ciavento.com.br\/2024\/produto\/microventiladores\/importado-microventiladores\/microventilador-cooler-importado-120x120x25-12-ou-24-volts\/\",\"url\":\"https:\/\/ciavento.com.br\/2024\/produto\/microventiladores\/importado-microventiladores\/microventilador-cooler-importado-120x120x25-12-ou-24-volts\/\",\"name\":\"Microventilador (Cooler) Importado 120x120x25 12 ou 24 Volts - Cia do Vento\",\"isPartOf\":{\"@id\":\"https:\/\/ciavento.com.br\/2024\/#website\"},\"datePublished\":\"2022-09-29T12:33:33+00:00\",\"dateModified\":\"2022-09-29T12:33:33+00:00\",\"breadcrumb\":{\"@id\":\"https:\/\/ciavento.com.br\/2024\/produto\/microventiladores\/importado-microventiladores\/microventilador-cooler-importado-120x120x25-12-ou-24-volts\/#breadcrumb\"},\"inLanguage\":\"pt-BR\",\"potentialAction\":[{\"@type\":\"ReadAction\",\"target\":[\"https:\/\/ciavento.com.br\/2024\/produto\/microventiladores\/importado-microventiladores\/microventilador-cooler-importado-120x120x25-12-ou-24-volts\/\"]}]},{\"@type\":\"BreadcrumbList\",\"@id\":\"https:\/\/ciavento.com.br\/2024\/produto\/microventiladores\/importado-microventiladores\/microventilador-cooler-importado-120x120x25-12-ou-24-volts\/#breadcrumb\",\"itemListElement\":[{\"@type\":\"ListItem\",\"position\":1,\"name\":\"In\u00edcio\",\"item\":\"https:\/\/ciavento.com.br\/2024\/\"},{\"@type\":\"ListItem\",\"position\":2,\"name\":\"Linha de Produtos\",\"item\":\"https:\/\/ciavento.com.br\/2024\/shop\/\"},{\"@type\":\"ListItem\",\"position\":3,\"name\":\"Microventilador (Cooler) Importado 120x120x25 12 ou 24 Volts\"}]},{\"@type\":\"WebSite\",\"@id\":\"https:\/\/ciavento.com.br\/2024\/#website\",\"url\":\"https:\/\/ciavento.com.br\/2024\/\",\"name\":\"Cia do Vento\",\"description\":\"VENTILADORES \u00b7 Ver VENTILADORES \u00b7 Ventiladores de Parede \u00b7 Ventiladores de Coluna \u00b7 Ventiladores de Mesa \u00b7 Ventiladores de Teto \u00b7 Circuladores de Ar.\",\"publisher\":{\"@id\":\"https:\/\/ciavento.com.br\/2024\/#organization\"},\"potentialAction\":[{\"@type\":\"SearchAction\",\"target\":{\"@type\":\"EntryPoint\",\"urlTemplate\":\"https:\/\/ciavento.com.br\/2024\/?s={search_term_string}\"},\"query-input\":\"required name=search_term_string\"}],\"inLanguage\":\"pt-BR\"},{\"@type\":\"Organization\",\"@id\":\"https:\/\/ciavento.com.br\/2024\/#organization\",\"name\":\"Cia do Vento\",\"url\":\"https:\/\/ciavento.com.br\/2024\/\",\"logo\":{\"@type\":\"ImageObject\",\"inLanguage\":\"pt-BR\",\"@id\":\"https:\/\/ciavento.com.br\/2024\/#\/schema\/logo\/image\/\",\"url\":\"https:\/\/ciavento.com.br\/2024\/wp-content\/uploads\/2023\/09\/logo-22.jpg\",\"contentUrl\":\"https:\/\/ciavento.com.br\/2024\/wp-content\/uploads\/2023\/09\/logo-22.jpg\",\"width\":1280,\"height\":617,\"caption\":\"Cia do Vento\"},\"image\":{\"@id\":\"https:\/\/ciavento.com.br\/2024\/#\/schema\/logo\/image\/\"}}]}<\/script>\n<!-- \/ Yoast SEO plugin. -->","yoast_head_json":{"title":"Microventilador (Cooler) Importado 120x120x25 12 ou 24 Volts - Cia do Vento","robots":{"index":"index","follow":"follow","max-snippet":"max-snippet:-1","max-image-preview":"max-image-preview:large","max-video-preview":"max-video-preview:-1"},"canonical":"https:\/\/ciavento.com.br\/2024\/produto\/microventiladores\/importado-microventiladores\/microventilador-cooler-importado-120x120x25-12-ou-24-volts\/","og_locale":"pt_BR","og_type":"article","og_title":"Microventilador (Cooler) Importado 120x120x25 12 ou 24 Volts - Cia do Vento","og_description":"- MICRO VENTILADOR AXIAL; - DIMENS\u00c3O 120 x 120 x 25 mm; - ROTA\u00c7\u00c3O 2200 RPM; - POT\u00caNCIA 5 W; - VAZ\u00c3O 40 LITROS\/SEGUNDO; - CARCA\u00c7A EM NYLON; - N\u00cdVEL DE RU\u00cdDO 39 DBA; - VOLTAGEM: 12 OU 24 VOLTS; - MODELO C 120 SD.  *As variaveis podem sofrer altera\u00e7\u00f5es, por isso consulte o vendedor para confirmar as mesmas.  &nbsp;","og_url":"https:\/\/ciavento.com.br\/2024\/produto\/microventiladores\/importado-microventiladores\/microventilador-cooler-importado-120x120x25-12-ou-24-volts\/","og_site_name":"Cia do Vento","og_image":[{"width":782,"height":776,"url":"https:\/\/ciavento.com.br\/2024\/wp-content\/uploads\/2022\/09\/Microventilador-Cooler-Importado-120x120x25-12-ou-24-Volts.jpg","type":"image\/jpeg"}],"twitter_card":"summary_large_image","schema":{"@context":"https:\/\/schema.org","@graph":[{"@type":"WebPage","@id":"https:\/\/ciavento.com.br\/2024\/produto\/microventiladores\/importado-microventiladores\/microventilador-cooler-importado-120x120x25-12-ou-24-volts\/","url":"https:\/\/ciavento.com.br\/2024\/produto\/microventiladores\/importado-microventiladores\/microventilador-cooler-importado-120x120x25-12-ou-24-volts\/","name":"Microventilador (Cooler) Importado 120x120x25 12 ou 24 Volts - Cia do Vento","isPartOf":{"@id":"https:\/\/ciavento.com.br\/2024\/#website"},"datePublished":"2022-09-29T12:33:33+00:00","dateModified":"2022-09-29T12:33:33+00:00","breadcrumb":{"@id":"https:\/\/ciavento.com.br\/2024\/produto\/microventiladores\/importado-microventiladores\/microventilador-cooler-importado-120x120x25-12-ou-24-volts\/#breadcrumb"},"inLanguage":"pt-BR","potentialAction":[{"@type":"ReadAction","target":["https:\/\/ciavento.com.br\/2024\/produto\/microventiladores\/importado-microventiladores\/microventilador-cooler-importado-120x120x25-12-ou-24-volts\/"]}]},{"@type":"BreadcrumbList","@id":"https:\/\/ciavento.com.br\/2024\/produto\/microventiladores\/importado-microventiladores\/microventilador-cooler-importado-120x120x25-12-ou-24-volts\/#breadcrumb","itemListElement":[{"@type":"ListItem","position":1,"name":"In\u00edcio","item":"https:\/\/ciavento.com.br\/2024\/"},{"@type":"ListItem","position":2,"name":"Linha de Produtos","item":"https:\/\/ciavento.com.br\/2024\/shop\/"},{"@type":"ListItem","position":3,"name":"Microventilador (Cooler) Importado 120x120x25 12 ou 24 Volts"}]},{"@type":"WebSite","@id":"https:\/\/ciavento.com.br\/2024\/#website","url":"https:\/\/ciavento.com.br\/2024\/","name":"Cia do Vento","description":"VENTILADORES \u00b7 Ver VENTILADORES \u00b7 Ventiladores de Parede \u00b7 Ventiladores de Coluna \u00b7 Ventiladores de Mesa \u00b7 Ventiladores de Teto \u00b7 Circuladores de Ar.","publisher":{"@id":"https:\/\/ciavento.com.br\/2024\/#organization"},"potentialAction":[{"@type":"SearchAction","target":{"@type":"EntryPoint","urlTemplate":"https:\/\/ciavento.com.br\/2024\/?s={search_term_string}"},"query-input":"required name=search_term_string"}],"inLanguage":"pt-BR"},{"@type":"Organization","@id":"https:\/\/ciavento.com.br\/2024\/#organization","name":"Cia do Vento","url":"https:\/\/ciavento.com.br\/2024\/","logo":{"@type":"ImageObject","inLanguage":"pt-BR","@id":"https:\/\/ciavento.com.br\/2024\/#\/schema\/logo\/image\/","url":"https:\/\/ciavento.com.br\/2024\/wp-content\/uploads\/2023\/09\/logo-22.jpg","contentUrl":"https:\/\/ciavento.com.br\/2024\/wp-content\/uploads\/2023\/09\/logo-22.jpg","width":1280,"height":617,"caption":"Cia do Vento"},"image":{"@id":"https:\/\/ciavento.com.br\/2024\/#\/schema\/logo\/image\/"}}]}},"_links":{"self":[{"href":"https:\/\/ciavento.com.br\/2024\/wp-json\/wp\/v2\/product\/3530"}],"collection":[{"href":"https:\/\/ciavento.com.br\/2024\/wp-json\/wp\/v2\/product"}],"about":[{"href":"https:\/\/ciavento.com.br\/2024\/wp-json\/wp\/v2\/types\/product"}],"wp:featuredmedia":[{"embeddable":true,"href":"https:\/\/ciavento.com.br\/2024\/wp-json\/wp\/v2\/media\/3531"}],"wp:attachment":[{"href":"https:\/\/ciavento.com.br\/2024\/wp-json\/wp\/v2\/media?parent=3530"}],"curies":[{"name":"wp","href":"https:\/\/api.w.org\/{rel}","templated":true}]}}