{"id":3540,"date":"2022-09-29T09:49:52","date_gmt":"2022-09-29T12:49:52","guid":{"rendered":"https:\/\/ciavento.com.br\/2024\/?post_type=product&#038;p=3540"},"modified":"2022-09-29T09:49:52","modified_gmt":"2022-09-29T12:49:52","slug":"microventilador-cooler-importado-172x150x50-bivolt","status":"publish","type":"product","link":"https:\/\/ciavento.com.br\/2024\/produto\/microventiladores\/importado-microventiladores\/microventilador-cooler-importado-172x150x50-bivolt\/","title":{"rendered":"Microventilador (Cooler) Importado 172x150x50 Bivolt"},"content":{"rendered":"","protected":false},"excerpt":{"rendered":"<p>&#8211; MICRO VENTILADOR AXIAL;<br \/>\n&#8211; DIMENS\u00c3O 172 x 150 x 50 mm;<br \/>\n&#8211; ROTA\u00c7\u00c3O 3000 RPM;<br \/>\n&#8211; POT\u00caNCIA 39 W;<br \/>\n&#8211; VAZ\u00c3O 103 LITROS\/SEGUNDO;<br \/>\n&#8211; CARCA\u00c7A EM ALUM\u00cdNIO;<br \/>\n&#8211; N\u00cdVEL DE RU\u00cdDO 55 DBA;<br \/>\n&#8211; 110\/220 VOLTS;<br \/>\n&#8211; MODELO C 170 A3.<\/p>\n<p>*As variaveis podem sofrer altera\u00e7\u00f5es, por isso consulte o vendedor para confirmar as mesmas.<\/p>\n","protected":false},"featured_media":3541,"template":"","meta":[],"yoast_head":"<!-- This site is optimized with the Yoast SEO plugin v20.0 - https:\/\/yoast.com\/wordpress\/plugins\/seo\/ -->\n<title>Microventilador (Cooler) Importado 172x150x50 Bivolt - Cia do Vento<\/title>\n<meta name=\"robots\" content=\"index, follow, max-snippet:-1, max-image-preview:large, max-video-preview:-1\" \/>\n<link rel=\"canonical\" href=\"https:\/\/ciavento.com.br\/2024\/produto\/microventiladores\/importado-microventiladores\/microventilador-cooler-importado-172x150x50-bivolt\/\" \/>\n<meta property=\"og:locale\" content=\"pt_BR\" \/>\n<meta property=\"og:type\" content=\"article\" \/>\n<meta property=\"og:title\" content=\"Microventilador (Cooler) Importado 172x150x50 Bivolt - Cia do Vento\" \/>\n<meta property=\"og:description\" content=\"- MICRO VENTILADOR AXIAL; - DIMENS\u00c3O 172 x 150 x 50 mm; - ROTA\u00c7\u00c3O 3000 RPM; - POT\u00caNCIA 39 W; - VAZ\u00c3O 103 LITROS\/SEGUNDO; - CARCA\u00c7A EM ALUM\u00cdNIO; - N\u00cdVEL DE RU\u00cdDO 55 DBA; - 110\/220 VOLTS; - MODELO C 170 A3.  *As variaveis podem sofrer altera\u00e7\u00f5es, por isso consulte o vendedor para confirmar as mesmas.\" \/>\n<meta property=\"og:url\" content=\"https:\/\/ciavento.com.br\/2024\/produto\/microventiladores\/importado-microventiladores\/microventilador-cooler-importado-172x150x50-bivolt\/\" \/>\n<meta property=\"og:site_name\" content=\"Cia do Vento\" \/>\n<meta property=\"og:image\" content=\"https:\/\/ciavento.com.br\/2024\/wp-content\/uploads\/2022\/09\/Microventilador-Cooler-Importado-172x150x50-Bivolt.jpg\" \/>\n\t<meta property=\"og:image:width\" content=\"796\" \/>\n\t<meta property=\"og:image:height\" content=\"706\" \/>\n\t<meta property=\"og:image:type\" content=\"image\/jpeg\" \/>\n<meta name=\"twitter:card\" content=\"summary_large_image\" \/>\n<script type=\"application\/ld+json\" class=\"yoast-schema-graph\">{\"@context\":\"https:\/\/schema.org\",\"@graph\":[{\"@type\":\"WebPage\",\"@id\":\"https:\/\/ciavento.com.br\/2024\/produto\/microventiladores\/importado-microventiladores\/microventilador-cooler-importado-172x150x50-bivolt\/\",\"url\":\"https:\/\/ciavento.com.br\/2024\/produto\/microventiladores\/importado-microventiladores\/microventilador-cooler-importado-172x150x50-bivolt\/\",\"name\":\"Microventilador (Cooler) Importado 172x150x50 Bivolt - Cia do Vento\",\"isPartOf\":{\"@id\":\"https:\/\/ciavento.com.br\/2024\/#website\"},\"datePublished\":\"2022-09-29T12:49:52+00:00\",\"dateModified\":\"2022-09-29T12:49:52+00:00\",\"breadcrumb\":{\"@id\":\"https:\/\/ciavento.com.br\/2024\/produto\/microventiladores\/importado-microventiladores\/microventilador-cooler-importado-172x150x50-bivolt\/#breadcrumb\"},\"inLanguage\":\"pt-BR\",\"potentialAction\":[{\"@type\":\"ReadAction\",\"target\":[\"https:\/\/ciavento.com.br\/2024\/produto\/microventiladores\/importado-microventiladores\/microventilador-cooler-importado-172x150x50-bivolt\/\"]}]},{\"@type\":\"BreadcrumbList\",\"@id\":\"https:\/\/ciavento.com.br\/2024\/produto\/microventiladores\/importado-microventiladores\/microventilador-cooler-importado-172x150x50-bivolt\/#breadcrumb\",\"itemListElement\":[{\"@type\":\"ListItem\",\"position\":1,\"name\":\"In\u00edcio\",\"item\":\"https:\/\/ciavento.com.br\/2024\/\"},{\"@type\":\"ListItem\",\"position\":2,\"name\":\"Linha de Produtos\",\"item\":\"https:\/\/ciavento.com.br\/2024\/shop\/\"},{\"@type\":\"ListItem\",\"position\":3,\"name\":\"Microventilador (Cooler) Importado 172x150x50 Bivolt\"}]},{\"@type\":\"WebSite\",\"@id\":\"https:\/\/ciavento.com.br\/2024\/#website\",\"url\":\"https:\/\/ciavento.com.br\/2024\/\",\"name\":\"Cia do Vento\",\"description\":\"VENTILADORES \u00b7 Ver VENTILADORES \u00b7 Ventiladores de Parede \u00b7 Ventiladores de Coluna \u00b7 Ventiladores de Mesa \u00b7 Ventiladores de Teto \u00b7 Circuladores de Ar.\",\"publisher\":{\"@id\":\"https:\/\/ciavento.com.br\/2024\/#organization\"},\"potentialAction\":[{\"@type\":\"SearchAction\",\"target\":{\"@type\":\"EntryPoint\",\"urlTemplate\":\"https:\/\/ciavento.com.br\/2024\/?s={search_term_string}\"},\"query-input\":\"required name=search_term_string\"}],\"inLanguage\":\"pt-BR\"},{\"@type\":\"Organization\",\"@id\":\"https:\/\/ciavento.com.br\/2024\/#organization\",\"name\":\"Cia do Vento\",\"url\":\"https:\/\/ciavento.com.br\/2024\/\",\"logo\":{\"@type\":\"ImageObject\",\"inLanguage\":\"pt-BR\",\"@id\":\"https:\/\/ciavento.com.br\/2024\/#\/schema\/logo\/image\/\",\"url\":\"https:\/\/ciavento.com.br\/2024\/wp-content\/uploads\/2023\/09\/logo-22.jpg\",\"contentUrl\":\"https:\/\/ciavento.com.br\/2024\/wp-content\/uploads\/2023\/09\/logo-22.jpg\",\"width\":1280,\"height\":617,\"caption\":\"Cia do Vento\"},\"image\":{\"@id\":\"https:\/\/ciavento.com.br\/2024\/#\/schema\/logo\/image\/\"}}]}<\/script>\n<!-- \/ Yoast SEO plugin. -->","yoast_head_json":{"title":"Microventilador (Cooler) Importado 172x150x50 Bivolt - Cia do Vento","robots":{"index":"index","follow":"follow","max-snippet":"max-snippet:-1","max-image-preview":"max-image-preview:large","max-video-preview":"max-video-preview:-1"},"canonical":"https:\/\/ciavento.com.br\/2024\/produto\/microventiladores\/importado-microventiladores\/microventilador-cooler-importado-172x150x50-bivolt\/","og_locale":"pt_BR","og_type":"article","og_title":"Microventilador (Cooler) Importado 172x150x50 Bivolt - Cia do Vento","og_description":"- MICRO VENTILADOR AXIAL; - DIMENS\u00c3O 172 x 150 x 50 mm; - ROTA\u00c7\u00c3O 3000 RPM; - POT\u00caNCIA 39 W; - VAZ\u00c3O 103 LITROS\/SEGUNDO; - CARCA\u00c7A EM ALUM\u00cdNIO; - N\u00cdVEL DE RU\u00cdDO 55 DBA; - 110\/220 VOLTS; - MODELO C 170 A3.  *As variaveis podem sofrer altera\u00e7\u00f5es, por isso consulte o vendedor para confirmar as mesmas.","og_url":"https:\/\/ciavento.com.br\/2024\/produto\/microventiladores\/importado-microventiladores\/microventilador-cooler-importado-172x150x50-bivolt\/","og_site_name":"Cia do Vento","og_image":[{"width":796,"height":706,"url":"https:\/\/ciavento.com.br\/2024\/wp-content\/uploads\/2022\/09\/Microventilador-Cooler-Importado-172x150x50-Bivolt.jpg","type":"image\/jpeg"}],"twitter_card":"summary_large_image","schema":{"@context":"https:\/\/schema.org","@graph":[{"@type":"WebPage","@id":"https:\/\/ciavento.com.br\/2024\/produto\/microventiladores\/importado-microventiladores\/microventilador-cooler-importado-172x150x50-bivolt\/","url":"https:\/\/ciavento.com.br\/2024\/produto\/microventiladores\/importado-microventiladores\/microventilador-cooler-importado-172x150x50-bivolt\/","name":"Microventilador (Cooler) Importado 172x150x50 Bivolt - Cia do Vento","isPartOf":{"@id":"https:\/\/ciavento.com.br\/2024\/#website"},"datePublished":"2022-09-29T12:49:52+00:00","dateModified":"2022-09-29T12:49:52+00:00","breadcrumb":{"@id":"https:\/\/ciavento.com.br\/2024\/produto\/microventiladores\/importado-microventiladores\/microventilador-cooler-importado-172x150x50-bivolt\/#breadcrumb"},"inLanguage":"pt-BR","potentialAction":[{"@type":"ReadAction","target":["https:\/\/ciavento.com.br\/2024\/produto\/microventiladores\/importado-microventiladores\/microventilador-cooler-importado-172x150x50-bivolt\/"]}]},{"@type":"BreadcrumbList","@id":"https:\/\/ciavento.com.br\/2024\/produto\/microventiladores\/importado-microventiladores\/microventilador-cooler-importado-172x150x50-bivolt\/#breadcrumb","itemListElement":[{"@type":"ListItem","position":1,"name":"In\u00edcio","item":"https:\/\/ciavento.com.br\/2024\/"},{"@type":"ListItem","position":2,"name":"Linha de Produtos","item":"https:\/\/ciavento.com.br\/2024\/shop\/"},{"@type":"ListItem","position":3,"name":"Microventilador (Cooler) Importado 172x150x50 Bivolt"}]},{"@type":"WebSite","@id":"https:\/\/ciavento.com.br\/2024\/#website","url":"https:\/\/ciavento.com.br\/2024\/","name":"Cia do Vento","description":"VENTILADORES \u00b7 Ver VENTILADORES \u00b7 Ventiladores de Parede \u00b7 Ventiladores de Coluna \u00b7 Ventiladores de Mesa \u00b7 Ventiladores de Teto \u00b7 Circuladores de Ar.","publisher":{"@id":"https:\/\/ciavento.com.br\/2024\/#organization"},"potentialAction":[{"@type":"SearchAction","target":{"@type":"EntryPoint","urlTemplate":"https:\/\/ciavento.com.br\/2024\/?s={search_term_string}"},"query-input":"required name=search_term_string"}],"inLanguage":"pt-BR"},{"@type":"Organization","@id":"https:\/\/ciavento.com.br\/2024\/#organization","name":"Cia do Vento","url":"https:\/\/ciavento.com.br\/2024\/","logo":{"@type":"ImageObject","inLanguage":"pt-BR","@id":"https:\/\/ciavento.com.br\/2024\/#\/schema\/logo\/image\/","url":"https:\/\/ciavento.com.br\/2024\/wp-content\/uploads\/2023\/09\/logo-22.jpg","contentUrl":"https:\/\/ciavento.com.br\/2024\/wp-content\/uploads\/2023\/09\/logo-22.jpg","width":1280,"height":617,"caption":"Cia do Vento"},"image":{"@id":"https:\/\/ciavento.com.br\/2024\/#\/schema\/logo\/image\/"}}]}},"_links":{"self":[{"href":"https:\/\/ciavento.com.br\/2024\/wp-json\/wp\/v2\/product\/3540"}],"collection":[{"href":"https:\/\/ciavento.com.br\/2024\/wp-json\/wp\/v2\/product"}],"about":[{"href":"https:\/\/ciavento.com.br\/2024\/wp-json\/wp\/v2\/types\/product"}],"wp:featuredmedia":[{"embeddable":true,"href":"https:\/\/ciavento.com.br\/2024\/wp-json\/wp\/v2\/media\/3541"}],"wp:attachment":[{"href":"https:\/\/ciavento.com.br\/2024\/wp-json\/wp\/v2\/media?parent=3540"}],"curies":[{"name":"wp","href":"https:\/\/api.w.org\/{rel}","templated":true}]}}