{"id":3599,"date":"2022-09-29T15:00:37","date_gmt":"2022-09-29T18:00:37","guid":{"rendered":"https:\/\/ciavento.com.br\/2024\/?post_type=product&#038;p=3599"},"modified":"2022-09-29T15:00:38","modified_gmt":"2022-09-29T18:00:38","slug":"exaustores-centrifugo-radial-cia-do-vento-ecv-2-tar-trifasico-3-500-rpm-de-2-hp","status":"publish","type":"product","link":"https:\/\/ciavento.com.br\/2024\/produto\/exaustores\/exaustores-centrifugos\/exaustores-centrifugo-radial-cia-do-vento-ecv-2-tar-trifasico-3-500-rpm-de-2-hp\/","title":{"rendered":"Exaustores Centr\u00edfugo Radial Cia do Vento ECV 2 TAR (Trif\u00e1sico &#8211; 3.500 RPM de 2 HP)"},"content":{"rendered":"","protected":false},"excerpt":{"rendered":"<p>&#8211; EXAUSTORES TIPO CENTRIFUGO;<br \/>\n&#8211; MOTOR 2 HP;<br \/>\n&#8211; ROTA\u00c7\u00c3O 3500 RPM;<br \/>\n&#8211; VAZ\u00c3O 35 M3\/MINUTO;<br \/>\n&#8211; TRIF\u00c1SICO 220\/380 VOLTS;<br \/>\n&#8211; PRESS\u00c3O EST\u00c1TICA 160 (mmca);<br \/>\n&#8211; N\u00cdVEL DE RU\u00cdDO 92 (dBA);<br \/>\n&#8211; MODELO ECV 2 TAR;<br \/>\n&#8211; MARCA CIA DO VENTO.<\/p>\n<p><strong>2 ANOS DE GARANTIA !!!<\/strong><\/p>\n","protected":false},"featured_media":3588,"template":"","meta":[],"yoast_head":"<!-- This site is optimized with the Yoast SEO plugin v20.0 - https:\/\/yoast.com\/wordpress\/plugins\/seo\/ -->\n<title>Exaustores Centr\u00edfugo Radial Cia do Vento ECV 2 TAR (Trif\u00e1sico - 3.500 RPM de 2 HP) - Cia do Vento<\/title>\n<meta name=\"robots\" content=\"index, follow, max-snippet:-1, max-image-preview:large, max-video-preview:-1\" \/>\n<link rel=\"canonical\" href=\"https:\/\/ciavento.com.br\/2024\/produto\/exaustores\/exaustores-centrifugos\/exaustores-centrifugo-radial-cia-do-vento-ecv-2-tar-trifasico-3-500-rpm-de-2-hp\/\" \/>\n<meta property=\"og:locale\" content=\"pt_BR\" \/>\n<meta property=\"og:type\" content=\"article\" \/>\n<meta property=\"og:title\" content=\"Exaustores Centr\u00edfugo Radial Cia do Vento ECV 2 TAR (Trif\u00e1sico - 3.500 RPM de 2 HP) - Cia do Vento\" \/>\n<meta property=\"og:description\" content=\"- EXAUSTORES TIPO CENTRIFUGO; - MOTOR 2 HP; - ROTA\u00c7\u00c3O 3500 RPM; - VAZ\u00c3O 35 M3\/MINUTO; - TRIF\u00c1SICO 220\/380 VOLTS; - PRESS\u00c3O EST\u00c1TICA 160 (mmca); - N\u00cdVEL DE RU\u00cdDO 92 (dBA); - MODELO ECV 2 TAR; - MARCA CIA DO VENTO.  2 ANOS DE GARANTIA !!!\" \/>\n<meta property=\"og:url\" content=\"https:\/\/ciavento.com.br\/2024\/produto\/exaustores\/exaustores-centrifugos\/exaustores-centrifugo-radial-cia-do-vento-ecv-2-tar-trifasico-3-500-rpm-de-2-hp\/\" \/>\n<meta property=\"og:site_name\" content=\"Cia do Vento\" \/>\n<meta property=\"article:modified_time\" content=\"2022-09-29T18:00:38+00:00\" \/>\n<meta property=\"og:image\" content=\"https:\/\/ciavento.com.br\/2024\/wp-content\/uploads\/2022\/09\/Cetr\u00edgugo-Artek-2.jpg\" \/>\n\t<meta property=\"og:image:width\" content=\"800\" \/>\n\t<meta property=\"og:image:height\" content=\"804\" \/>\n\t<meta property=\"og:image:type\" content=\"image\/jpeg\" \/>\n<meta name=\"twitter:card\" content=\"summary_large_image\" \/>\n<script type=\"application\/ld+json\" class=\"yoast-schema-graph\">{\"@context\":\"https:\/\/schema.org\",\"@graph\":[{\"@type\":\"WebPage\",\"@id\":\"https:\/\/ciavento.com.br\/2024\/produto\/exaustores\/exaustores-centrifugos\/exaustores-centrifugo-radial-cia-do-vento-ecv-2-tar-trifasico-3-500-rpm-de-2-hp\/\",\"url\":\"https:\/\/ciavento.com.br\/2024\/produto\/exaustores\/exaustores-centrifugos\/exaustores-centrifugo-radial-cia-do-vento-ecv-2-tar-trifasico-3-500-rpm-de-2-hp\/\",\"name\":\"Exaustores Centr\u00edfugo Radial Cia do Vento ECV 2 TAR (Trif\u00e1sico - 3.500 RPM de 2 HP) - Cia do Vento\",\"isPartOf\":{\"@id\":\"https:\/\/ciavento.com.br\/2024\/#website\"},\"datePublished\":\"2022-09-29T18:00:37+00:00\",\"dateModified\":\"2022-09-29T18:00:38+00:00\",\"breadcrumb\":{\"@id\":\"https:\/\/ciavento.com.br\/2024\/produto\/exaustores\/exaustores-centrifugos\/exaustores-centrifugo-radial-cia-do-vento-ecv-2-tar-trifasico-3-500-rpm-de-2-hp\/#breadcrumb\"},\"inLanguage\":\"pt-BR\",\"potentialAction\":[{\"@type\":\"ReadAction\",\"target\":[\"https:\/\/ciavento.com.br\/2024\/produto\/exaustores\/exaustores-centrifugos\/exaustores-centrifugo-radial-cia-do-vento-ecv-2-tar-trifasico-3-500-rpm-de-2-hp\/\"]}]},{\"@type\":\"BreadcrumbList\",\"@id\":\"https:\/\/ciavento.com.br\/2024\/produto\/exaustores\/exaustores-centrifugos\/exaustores-centrifugo-radial-cia-do-vento-ecv-2-tar-trifasico-3-500-rpm-de-2-hp\/#breadcrumb\",\"itemListElement\":[{\"@type\":\"ListItem\",\"position\":1,\"name\":\"In\u00edcio\",\"item\":\"https:\/\/ciavento.com.br\/2024\/\"},{\"@type\":\"ListItem\",\"position\":2,\"name\":\"Linha de Produtos\",\"item\":\"https:\/\/ciavento.com.br\/2024\/shop\/\"},{\"@type\":\"ListItem\",\"position\":3,\"name\":\"Exaustores Centr\u00edfugo Radial Cia do Vento ECV 2 TAR (Trif\u00e1sico &#8211; 3.500 RPM de 2 HP)\"}]},{\"@type\":\"WebSite\",\"@id\":\"https:\/\/ciavento.com.br\/2024\/#website\",\"url\":\"https:\/\/ciavento.com.br\/2024\/\",\"name\":\"Cia do Vento\",\"description\":\"VENTILADORES \u00b7 Ver VENTILADORES \u00b7 Ventiladores de Parede \u00b7 Ventiladores de Coluna \u00b7 Ventiladores de Mesa \u00b7 Ventiladores de Teto \u00b7 Circuladores de Ar.\",\"publisher\":{\"@id\":\"https:\/\/ciavento.com.br\/2024\/#organization\"},\"potentialAction\":[{\"@type\":\"SearchAction\",\"target\":{\"@type\":\"EntryPoint\",\"urlTemplate\":\"https:\/\/ciavento.com.br\/2024\/?s={search_term_string}\"},\"query-input\":\"required name=search_term_string\"}],\"inLanguage\":\"pt-BR\"},{\"@type\":\"Organization\",\"@id\":\"https:\/\/ciavento.com.br\/2024\/#organization\",\"name\":\"Cia do Vento\",\"url\":\"https:\/\/ciavento.com.br\/2024\/\",\"logo\":{\"@type\":\"ImageObject\",\"inLanguage\":\"pt-BR\",\"@id\":\"https:\/\/ciavento.com.br\/2024\/#\/schema\/logo\/image\/\",\"url\":\"https:\/\/ciavento.com.br\/2024\/wp-content\/uploads\/2023\/09\/logo-22.jpg\",\"contentUrl\":\"https:\/\/ciavento.com.br\/2024\/wp-content\/uploads\/2023\/09\/logo-22.jpg\",\"width\":1280,\"height\":617,\"caption\":\"Cia do Vento\"},\"image\":{\"@id\":\"https:\/\/ciavento.com.br\/2024\/#\/schema\/logo\/image\/\"}}]}<\/script>\n<!-- \/ Yoast SEO plugin. -->","yoast_head_json":{"title":"Exaustores Centr\u00edfugo Radial Cia do Vento ECV 2 TAR (Trif\u00e1sico - 3.500 RPM de 2 HP) - Cia do Vento","robots":{"index":"index","follow":"follow","max-snippet":"max-snippet:-1","max-image-preview":"max-image-preview:large","max-video-preview":"max-video-preview:-1"},"canonical":"https:\/\/ciavento.com.br\/2024\/produto\/exaustores\/exaustores-centrifugos\/exaustores-centrifugo-radial-cia-do-vento-ecv-2-tar-trifasico-3-500-rpm-de-2-hp\/","og_locale":"pt_BR","og_type":"article","og_title":"Exaustores Centr\u00edfugo Radial Cia do Vento ECV 2 TAR (Trif\u00e1sico - 3.500 RPM de 2 HP) - Cia do Vento","og_description":"- EXAUSTORES TIPO CENTRIFUGO; - MOTOR 2 HP; - ROTA\u00c7\u00c3O 3500 RPM; - VAZ\u00c3O 35 M3\/MINUTO; - TRIF\u00c1SICO 220\/380 VOLTS; - PRESS\u00c3O EST\u00c1TICA 160 (mmca); - N\u00cdVEL DE RU\u00cdDO 92 (dBA); - MODELO ECV 2 TAR; - MARCA CIA DO VENTO.  2 ANOS DE GARANTIA !!!","og_url":"https:\/\/ciavento.com.br\/2024\/produto\/exaustores\/exaustores-centrifugos\/exaustores-centrifugo-radial-cia-do-vento-ecv-2-tar-trifasico-3-500-rpm-de-2-hp\/","og_site_name":"Cia do Vento","article_modified_time":"2022-09-29T18:00:38+00:00","og_image":[{"width":800,"height":804,"url":"https:\/\/ciavento.com.br\/2024\/wp-content\/uploads\/2022\/09\/Cetr\u00edgugo-Artek-2.jpg","type":"image\/jpeg"}],"twitter_card":"summary_large_image","schema":{"@context":"https:\/\/schema.org","@graph":[{"@type":"WebPage","@id":"https:\/\/ciavento.com.br\/2024\/produto\/exaustores\/exaustores-centrifugos\/exaustores-centrifugo-radial-cia-do-vento-ecv-2-tar-trifasico-3-500-rpm-de-2-hp\/","url":"https:\/\/ciavento.com.br\/2024\/produto\/exaustores\/exaustores-centrifugos\/exaustores-centrifugo-radial-cia-do-vento-ecv-2-tar-trifasico-3-500-rpm-de-2-hp\/","name":"Exaustores Centr\u00edfugo Radial Cia do Vento ECV 2 TAR (Trif\u00e1sico - 3.500 RPM de 2 HP) - Cia do Vento","isPartOf":{"@id":"https:\/\/ciavento.com.br\/2024\/#website"},"datePublished":"2022-09-29T18:00:37+00:00","dateModified":"2022-09-29T18:00:38+00:00","breadcrumb":{"@id":"https:\/\/ciavento.com.br\/2024\/produto\/exaustores\/exaustores-centrifugos\/exaustores-centrifugo-radial-cia-do-vento-ecv-2-tar-trifasico-3-500-rpm-de-2-hp\/#breadcrumb"},"inLanguage":"pt-BR","potentialAction":[{"@type":"ReadAction","target":["https:\/\/ciavento.com.br\/2024\/produto\/exaustores\/exaustores-centrifugos\/exaustores-centrifugo-radial-cia-do-vento-ecv-2-tar-trifasico-3-500-rpm-de-2-hp\/"]}]},{"@type":"BreadcrumbList","@id":"https:\/\/ciavento.com.br\/2024\/produto\/exaustores\/exaustores-centrifugos\/exaustores-centrifugo-radial-cia-do-vento-ecv-2-tar-trifasico-3-500-rpm-de-2-hp\/#breadcrumb","itemListElement":[{"@type":"ListItem","position":1,"name":"In\u00edcio","item":"https:\/\/ciavento.com.br\/2024\/"},{"@type":"ListItem","position":2,"name":"Linha de Produtos","item":"https:\/\/ciavento.com.br\/2024\/shop\/"},{"@type":"ListItem","position":3,"name":"Exaustores Centr\u00edfugo Radial Cia do Vento ECV 2 TAR (Trif\u00e1sico &#8211; 3.500 RPM de 2 HP)"}]},{"@type":"WebSite","@id":"https:\/\/ciavento.com.br\/2024\/#website","url":"https:\/\/ciavento.com.br\/2024\/","name":"Cia do Vento","description":"VENTILADORES \u00b7 Ver VENTILADORES \u00b7 Ventiladores de Parede \u00b7 Ventiladores de Coluna \u00b7 Ventiladores de Mesa \u00b7 Ventiladores de Teto \u00b7 Circuladores de Ar.","publisher":{"@id":"https:\/\/ciavento.com.br\/2024\/#organization"},"potentialAction":[{"@type":"SearchAction","target":{"@type":"EntryPoint","urlTemplate":"https:\/\/ciavento.com.br\/2024\/?s={search_term_string}"},"query-input":"required name=search_term_string"}],"inLanguage":"pt-BR"},{"@type":"Organization","@id":"https:\/\/ciavento.com.br\/2024\/#organization","name":"Cia do Vento","url":"https:\/\/ciavento.com.br\/2024\/","logo":{"@type":"ImageObject","inLanguage":"pt-BR","@id":"https:\/\/ciavento.com.br\/2024\/#\/schema\/logo\/image\/","url":"https:\/\/ciavento.com.br\/2024\/wp-content\/uploads\/2023\/09\/logo-22.jpg","contentUrl":"https:\/\/ciavento.com.br\/2024\/wp-content\/uploads\/2023\/09\/logo-22.jpg","width":1280,"height":617,"caption":"Cia do Vento"},"image":{"@id":"https:\/\/ciavento.com.br\/2024\/#\/schema\/logo\/image\/"}}]}},"_links":{"self":[{"href":"https:\/\/ciavento.com.br\/2024\/wp-json\/wp\/v2\/product\/3599"}],"collection":[{"href":"https:\/\/ciavento.com.br\/2024\/wp-json\/wp\/v2\/product"}],"about":[{"href":"https:\/\/ciavento.com.br\/2024\/wp-json\/wp\/v2\/types\/product"}],"wp:featuredmedia":[{"embeddable":true,"href":"https:\/\/ciavento.com.br\/2024\/wp-json\/wp\/v2\/media\/3588"}],"wp:attachment":[{"href":"https:\/\/ciavento.com.br\/2024\/wp-json\/wp\/v2\/media?parent=3599"}],"curies":[{"name":"wp","href":"https:\/\/api.w.org\/{rel}","templated":true}]}}