{"id":3654,"date":"2022-10-03T13:49:01","date_gmt":"2022-10-03T16:49:01","guid":{"rendered":"https:\/\/ciavento.com.br\/2024\/?post_type=product&#038;p=3654"},"modified":"2022-10-03T13:49:01","modified_gmt":"2022-10-03T16:49:01","slug":"ventilador-de-coluna-q600c-c2","status":"publish","type":"product","link":"https:\/\/ciavento.com.br\/2024\/produto\/ventiladores\/ventiladores-de-pedestal\/ventilador-de-coluna-q600c-c2\/","title":{"rendered":"Ventilador de Coluna Q600C C2"},"content":{"rendered":"","protected":false},"excerpt":{"rendered":"<p>O ventilador de coluna Q600CC2 possui pedestal de 4 bra\u00e7os que garantem uma \u00f3tima estabilidade, com coluna de alum\u00ednio anodizado na cor natural e grade met\u00e1lica compacta e super segura.<\/p>\n<p>O ventilador de coluna Q600CC2 possui a facilidade de poder ser deslocado de um lugar para outro \u00e9 ideal para ventilar grandes espa\u00e7os onde mudan\u00e7as sejam constantes com sal\u00f5es de recep\u00e7\u00e3o, feiras e eventos.<\/p>\n<ul>\n<li><b>Cor:<\/b>\n<ul>\n<li><b>Grade:\u00a0<\/b>Pintura epoxi Branca ou Preta<\/li>\n<li><b>Coluna:<\/b>\u00a0Alum\u00ednio anodizado<\/li>\n<li><b>Motor:<\/b>\u00a0Branco ou Preto<\/li>\n<li><b>H\u00e9lice:<\/b>\u00a0Branca ou Preta<\/li>\n<\/ul>\n<\/li>\n<li><b>Voltagem:\u00a0<\/b>127 \/ 220V &#8211; 60Hz.<\/li>\n<li><b>Controle de Rota\u00e7\u00e3o:\u00a0<\/b>De 0 a 1150 RPM<\/li>\n<li><b>Pot\u00eancia:\u00a0<\/b>110W<\/li>\n<li><b>Corrente M\u00e1xima:<\/b>\u00a01,30A \/ 0,70A<\/li>\n<li><b>Cabo de Liga\u00e7\u00e3o:\u00a0<\/b>Cabo PP com plug (2&#215;0,50 mm\u00b2) com 1,80 m de comprimento<\/li>\n<li><b>Altura Total:\u00a0<\/b>2,05 m<\/li>\n<li><b>Di\u00e2metro da Grade:<\/b>\u00a0620 mm<\/li>\n<li><b>\u00c1rea de ventila\u00e7\u00e3o:<\/b>\u00a060 m\u00b2<\/li>\n<li><b>Motor Protegido:\u00a0<\/b>Termoprotetor.<\/li>\n<\/ul>\n","protected":false},"featured_media":3656,"template":"","meta":[],"yoast_head":"<!-- This site is optimized with the Yoast SEO plugin v20.0 - https:\/\/yoast.com\/wordpress\/plugins\/seo\/ -->\n<title>Ventilador de Coluna Q600C C2 - Cia do Vento<\/title>\n<meta name=\"robots\" content=\"index, follow, max-snippet:-1, max-image-preview:large, max-video-preview:-1\" \/>\n<link rel=\"canonical\" href=\"https:\/\/ciavento.com.br\/2024\/produto\/ventiladores\/ventiladores-de-pedestal\/ventilador-de-coluna-q600c-c2\/\" \/>\n<meta property=\"og:locale\" content=\"pt_BR\" \/>\n<meta property=\"og:type\" content=\"article\" \/>\n<meta property=\"og:title\" content=\"Ventilador de Coluna Q600C C2 - Cia do Vento\" \/>\n<meta property=\"og:description\" content=\"O ventilador de coluna Q600CC2 possui pedestal de 4 bra\u00e7os que garantem uma \u00f3tima estabilidade, com coluna de alum\u00ednio anodizado na cor natural e grade met\u00e1lica compacta e super segura.  O ventilador de coluna Q600CC2 possui a facilidade de poder ser deslocado de um lugar para outro \u00e9 ideal para ventilar grandes espa\u00e7os onde mudan\u00e7as sejam constantes com sal\u00f5es de recep\u00e7\u00e3o, feiras e eventos.   Cor:   Grade:\u00a0Pintura epoxi Branca ou Preta  Coluna:\u00a0Alum\u00ednio anodizado  Motor:\u00a0Branco ou Preto  H\u00e9lice:\u00a0Branca ou Preta    Voltagem:\u00a0127 \/ 220V - 60Hz.  Controle de Rota\u00e7\u00e3o:\u00a0De 0 a 1150 RPM  Pot\u00eancia:\u00a0110W  Corrente M\u00e1xima:\u00a01,30A \/ 0,70A  Cabo de Liga\u00e7\u00e3o:\u00a0Cabo PP com plug (2x0,50 mm\u00b2) com 1,80 m de comprimento  Altura Total:\u00a02,05 m  Di\u00e2metro da Grade:\u00a0620 mm  \u00c1rea de ventila\u00e7\u00e3o:\u00a060 m\u00b2  Motor Protegido:\u00a0Termoprotetor.\" \/>\n<meta property=\"og:url\" content=\"https:\/\/ciavento.com.br\/2024\/produto\/ventiladores\/ventiladores-de-pedestal\/ventilador-de-coluna-q600c-c2\/\" \/>\n<meta property=\"og:site_name\" content=\"Cia do Vento\" \/>\n<meta property=\"og:image\" content=\"https:\/\/ciavento.com.br\/2024\/wp-content\/uploads\/2022\/10\/Q600C-C2.jpg\" \/>\n\t<meta property=\"og:image:width\" content=\"600\" \/>\n\t<meta property=\"og:image:height\" content=\"600\" \/>\n\t<meta property=\"og:image:type\" content=\"image\/jpeg\" \/>\n<meta name=\"twitter:card\" content=\"summary_large_image\" \/>\n<script type=\"application\/ld+json\" class=\"yoast-schema-graph\">{\"@context\":\"https:\/\/schema.org\",\"@graph\":[{\"@type\":\"WebPage\",\"@id\":\"https:\/\/ciavento.com.br\/2024\/produto\/ventiladores\/ventiladores-de-pedestal\/ventilador-de-coluna-q600c-c2\/\",\"url\":\"https:\/\/ciavento.com.br\/2024\/produto\/ventiladores\/ventiladores-de-pedestal\/ventilador-de-coluna-q600c-c2\/\",\"name\":\"Ventilador de Coluna Q600C C2 - Cia do Vento\",\"isPartOf\":{\"@id\":\"https:\/\/ciavento.com.br\/2024\/#website\"},\"datePublished\":\"2022-10-03T16:49:01+00:00\",\"dateModified\":\"2022-10-03T16:49:01+00:00\",\"breadcrumb\":{\"@id\":\"https:\/\/ciavento.com.br\/2024\/produto\/ventiladores\/ventiladores-de-pedestal\/ventilador-de-coluna-q600c-c2\/#breadcrumb\"},\"inLanguage\":\"pt-BR\",\"potentialAction\":[{\"@type\":\"ReadAction\",\"target\":[\"https:\/\/ciavento.com.br\/2024\/produto\/ventiladores\/ventiladores-de-pedestal\/ventilador-de-coluna-q600c-c2\/\"]}]},{\"@type\":\"BreadcrumbList\",\"@id\":\"https:\/\/ciavento.com.br\/2024\/produto\/ventiladores\/ventiladores-de-pedestal\/ventilador-de-coluna-q600c-c2\/#breadcrumb\",\"itemListElement\":[{\"@type\":\"ListItem\",\"position\":1,\"name\":\"In\u00edcio\",\"item\":\"https:\/\/ciavento.com.br\/2024\/\"},{\"@type\":\"ListItem\",\"position\":2,\"name\":\"Linha de Produtos\",\"item\":\"https:\/\/ciavento.com.br\/2024\/shop\/\"},{\"@type\":\"ListItem\",\"position\":3,\"name\":\"Ventilador de Coluna Q600C C2\"}]},{\"@type\":\"WebSite\",\"@id\":\"https:\/\/ciavento.com.br\/2024\/#website\",\"url\":\"https:\/\/ciavento.com.br\/2024\/\",\"name\":\"Cia do Vento\",\"description\":\"VENTILADORES \u00b7 Ver VENTILADORES \u00b7 Ventiladores de Parede \u00b7 Ventiladores de Coluna \u00b7 Ventiladores de Mesa \u00b7 Ventiladores de Teto \u00b7 Circuladores de Ar.\",\"publisher\":{\"@id\":\"https:\/\/ciavento.com.br\/2024\/#organization\"},\"potentialAction\":[{\"@type\":\"SearchAction\",\"target\":{\"@type\":\"EntryPoint\",\"urlTemplate\":\"https:\/\/ciavento.com.br\/2024\/?s={search_term_string}\"},\"query-input\":\"required name=search_term_string\"}],\"inLanguage\":\"pt-BR\"},{\"@type\":\"Organization\",\"@id\":\"https:\/\/ciavento.com.br\/2024\/#organization\",\"name\":\"Cia do Vento\",\"url\":\"https:\/\/ciavento.com.br\/2024\/\",\"logo\":{\"@type\":\"ImageObject\",\"inLanguage\":\"pt-BR\",\"@id\":\"https:\/\/ciavento.com.br\/2024\/#\/schema\/logo\/image\/\",\"url\":\"https:\/\/ciavento.com.br\/2024\/wp-content\/uploads\/2023\/09\/logo-22.jpg\",\"contentUrl\":\"https:\/\/ciavento.com.br\/2024\/wp-content\/uploads\/2023\/09\/logo-22.jpg\",\"width\":1280,\"height\":617,\"caption\":\"Cia do Vento\"},\"image\":{\"@id\":\"https:\/\/ciavento.com.br\/2024\/#\/schema\/logo\/image\/\"}}]}<\/script>\n<!-- \/ Yoast SEO plugin. -->","yoast_head_json":{"title":"Ventilador de Coluna Q600C C2 - Cia do Vento","robots":{"index":"index","follow":"follow","max-snippet":"max-snippet:-1","max-image-preview":"max-image-preview:large","max-video-preview":"max-video-preview:-1"},"canonical":"https:\/\/ciavento.com.br\/2024\/produto\/ventiladores\/ventiladores-de-pedestal\/ventilador-de-coluna-q600c-c2\/","og_locale":"pt_BR","og_type":"article","og_title":"Ventilador de Coluna Q600C C2 - Cia do Vento","og_description":"O ventilador de coluna Q600CC2 possui pedestal de 4 bra\u00e7os que garantem uma \u00f3tima estabilidade, com coluna de alum\u00ednio anodizado na cor natural e grade met\u00e1lica compacta e super segura.  O ventilador de coluna Q600CC2 possui a facilidade de poder ser deslocado de um lugar para outro \u00e9 ideal para ventilar grandes espa\u00e7os onde mudan\u00e7as sejam constantes com sal\u00f5es de recep\u00e7\u00e3o, feiras e eventos.   Cor:   Grade:\u00a0Pintura epoxi Branca ou Preta  Coluna:\u00a0Alum\u00ednio anodizado  Motor:\u00a0Branco ou Preto  H\u00e9lice:\u00a0Branca ou Preta    Voltagem:\u00a0127 \/ 220V - 60Hz.  Controle de Rota\u00e7\u00e3o:\u00a0De 0 a 1150 RPM  Pot\u00eancia:\u00a0110W  Corrente M\u00e1xima:\u00a01,30A \/ 0,70A  Cabo de Liga\u00e7\u00e3o:\u00a0Cabo PP com plug (2x0,50 mm\u00b2) com 1,80 m de comprimento  Altura Total:\u00a02,05 m  Di\u00e2metro da Grade:\u00a0620 mm  \u00c1rea de ventila\u00e7\u00e3o:\u00a060 m\u00b2  Motor Protegido:\u00a0Termoprotetor.","og_url":"https:\/\/ciavento.com.br\/2024\/produto\/ventiladores\/ventiladores-de-pedestal\/ventilador-de-coluna-q600c-c2\/","og_site_name":"Cia do Vento","og_image":[{"width":600,"height":600,"url":"https:\/\/ciavento.com.br\/2024\/wp-content\/uploads\/2022\/10\/Q600C-C2.jpg","type":"image\/jpeg"}],"twitter_card":"summary_large_image","schema":{"@context":"https:\/\/schema.org","@graph":[{"@type":"WebPage","@id":"https:\/\/ciavento.com.br\/2024\/produto\/ventiladores\/ventiladores-de-pedestal\/ventilador-de-coluna-q600c-c2\/","url":"https:\/\/ciavento.com.br\/2024\/produto\/ventiladores\/ventiladores-de-pedestal\/ventilador-de-coluna-q600c-c2\/","name":"Ventilador de Coluna Q600C C2 - Cia do Vento","isPartOf":{"@id":"https:\/\/ciavento.com.br\/2024\/#website"},"datePublished":"2022-10-03T16:49:01+00:00","dateModified":"2022-10-03T16:49:01+00:00","breadcrumb":{"@id":"https:\/\/ciavento.com.br\/2024\/produto\/ventiladores\/ventiladores-de-pedestal\/ventilador-de-coluna-q600c-c2\/#breadcrumb"},"inLanguage":"pt-BR","potentialAction":[{"@type":"ReadAction","target":["https:\/\/ciavento.com.br\/2024\/produto\/ventiladores\/ventiladores-de-pedestal\/ventilador-de-coluna-q600c-c2\/"]}]},{"@type":"BreadcrumbList","@id":"https:\/\/ciavento.com.br\/2024\/produto\/ventiladores\/ventiladores-de-pedestal\/ventilador-de-coluna-q600c-c2\/#breadcrumb","itemListElement":[{"@type":"ListItem","position":1,"name":"In\u00edcio","item":"https:\/\/ciavento.com.br\/2024\/"},{"@type":"ListItem","position":2,"name":"Linha de Produtos","item":"https:\/\/ciavento.com.br\/2024\/shop\/"},{"@type":"ListItem","position":3,"name":"Ventilador de Coluna Q600C C2"}]},{"@type":"WebSite","@id":"https:\/\/ciavento.com.br\/2024\/#website","url":"https:\/\/ciavento.com.br\/2024\/","name":"Cia do Vento","description":"VENTILADORES \u00b7 Ver VENTILADORES \u00b7 Ventiladores de Parede \u00b7 Ventiladores de Coluna \u00b7 Ventiladores de Mesa \u00b7 Ventiladores de Teto \u00b7 Circuladores de Ar.","publisher":{"@id":"https:\/\/ciavento.com.br\/2024\/#organization"},"potentialAction":[{"@type":"SearchAction","target":{"@type":"EntryPoint","urlTemplate":"https:\/\/ciavento.com.br\/2024\/?s={search_term_string}"},"query-input":"required name=search_term_string"}],"inLanguage":"pt-BR"},{"@type":"Organization","@id":"https:\/\/ciavento.com.br\/2024\/#organization","name":"Cia do Vento","url":"https:\/\/ciavento.com.br\/2024\/","logo":{"@type":"ImageObject","inLanguage":"pt-BR","@id":"https:\/\/ciavento.com.br\/2024\/#\/schema\/logo\/image\/","url":"https:\/\/ciavento.com.br\/2024\/wp-content\/uploads\/2023\/09\/logo-22.jpg","contentUrl":"https:\/\/ciavento.com.br\/2024\/wp-content\/uploads\/2023\/09\/logo-22.jpg","width":1280,"height":617,"caption":"Cia do Vento"},"image":{"@id":"https:\/\/ciavento.com.br\/2024\/#\/schema\/logo\/image\/"}}]}},"_links":{"self":[{"href":"https:\/\/ciavento.com.br\/2024\/wp-json\/wp\/v2\/product\/3654"}],"collection":[{"href":"https:\/\/ciavento.com.br\/2024\/wp-json\/wp\/v2\/product"}],"about":[{"href":"https:\/\/ciavento.com.br\/2024\/wp-json\/wp\/v2\/types\/product"}],"wp:featuredmedia":[{"embeddable":true,"href":"https:\/\/ciavento.com.br\/2024\/wp-json\/wp\/v2\/media\/3656"}],"wp:attachment":[{"href":"https:\/\/ciavento.com.br\/2024\/wp-json\/wp\/v2\/media?parent=3654"}],"curies":[{"name":"wp","href":"https:\/\/api.w.org\/{rel}","templated":true}]}}