{"id":3779,"date":"2023-05-17T13:17:30","date_gmt":"2023-05-17T16:17:30","guid":{"rendered":"https:\/\/ciavento.com.br\/2024\/?post_type=product&#038;p=3779"},"modified":"2023-05-17T13:17:30","modified_gmt":"2023-05-17T16:17:30","slug":"ventilador-ventura-oscilante-coluna-para-locacao","status":"publish","type":"product","link":"https:\/\/ciavento.com.br\/2024\/produto\/locacao\/locacao-de-ventiladores\/ventilador-ventura-oscilante-coluna-para-locacao\/","title":{"rendered":"Ventilador Ventura Oscilante Coluna para loca\u00e7\u00e3o"},"content":{"rendered":"","protected":false},"excerpt":{"rendered":"<p><strong>Dimens\u00f5es:<\/strong><br \/>\nPeso: 7,49kg<br \/>\nComprimento: 60cm<br \/>\nAltura: 76cm<br \/>\nLargura: 17cm<\/p>\n<p>Pot\u00eancia: 150W<\/p>\n<p>H\u00e9lice de 58cm com 3 p\u00e1s<\/p>\n<p>Grade de 60cm em A\u00e7o Controle de Velocidade Rotativo (Acompanha o produto)<\/p>\n<p>Voltagem: 127-220V<\/p>\n<p>\u00c1rea de Ventila\u00e7\u00e3o: 40 m\u00b2<\/p>\n<p>Alta Pot\u00eancia com Baixo Consumo de Energia: 0,20 kW\/h<\/p>\n<p>\u00c1rea de Abrang\u00eancia: 120 Graus<\/p>\n<p>RPM: 1.350 RPM(127V) e 1.430 RPM(220V)<\/p>\n<p>Vaz\u00e3o: 65 m\u00b3\/h<\/p>\n","protected":false},"featured_media":3780,"template":"","meta":[],"yoast_head":"<!-- This site is optimized with the Yoast SEO plugin v20.0 - https:\/\/yoast.com\/wordpress\/plugins\/seo\/ -->\n<title>Ventilador Ventura Oscilante Coluna para loca\u00e7\u00e3o - Cia do Vento<\/title>\n<meta name=\"robots\" content=\"index, follow, max-snippet:-1, max-image-preview:large, max-video-preview:-1\" \/>\n<link rel=\"canonical\" href=\"https:\/\/ciavento.com.br\/2024\/produto\/locacao\/locacao-de-ventiladores\/ventilador-ventura-oscilante-coluna-para-locacao\/\" \/>\n<meta property=\"og:locale\" content=\"pt_BR\" \/>\n<meta property=\"og:type\" content=\"article\" \/>\n<meta property=\"og:title\" content=\"Ventilador Ventura Oscilante Coluna para loca\u00e7\u00e3o - Cia do Vento\" \/>\n<meta property=\"og:description\" content=\"Dimens\u00f5es: Peso: 7,49kg Comprimento: 60cm Altura: 76cm Largura: 17cm  Pot\u00eancia: 150W  H\u00e9lice de 58cm com 3 p\u00e1s  Grade de 60cm em A\u00e7o Controle de Velocidade Rotativo (Acompanha o produto)  Voltagem: 127-220V  \u00c1rea de Ventila\u00e7\u00e3o: 40 m\u00b2  Alta Pot\u00eancia com Baixo Consumo de Energia: 0,20 kW\/h  \u00c1rea de Abrang\u00eancia: 120 Graus  RPM: 1.350 RPM(127V) e 1.430 RPM(220V)  Vaz\u00e3o: 65 m\u00b3\/h\" \/>\n<meta property=\"og:url\" content=\"https:\/\/ciavento.com.br\/2024\/produto\/locacao\/locacao-de-ventiladores\/ventilador-ventura-oscilante-coluna-para-locacao\/\" \/>\n<meta property=\"og:site_name\" content=\"Cia do Vento\" \/>\n<meta property=\"og:image\" content=\"https:\/\/ciavento.com.br\/2024\/wp-content\/uploads\/2023\/05\/27de7548-38b6-4698-b42d-74d16b420f67.jpg\" \/>\n\t<meta property=\"og:image:width\" content=\"1000\" \/>\n\t<meta property=\"og:image:height\" content=\"1000\" \/>\n\t<meta property=\"og:image:type\" content=\"image\/jpeg\" \/>\n<meta name=\"twitter:card\" content=\"summary_large_image\" \/>\n<script type=\"application\/ld+json\" class=\"yoast-schema-graph\">{\"@context\":\"https:\/\/schema.org\",\"@graph\":[{\"@type\":\"WebPage\",\"@id\":\"https:\/\/ciavento.com.br\/2024\/produto\/locacao\/locacao-de-ventiladores\/ventilador-ventura-oscilante-coluna-para-locacao\/\",\"url\":\"https:\/\/ciavento.com.br\/2024\/produto\/locacao\/locacao-de-ventiladores\/ventilador-ventura-oscilante-coluna-para-locacao\/\",\"name\":\"Ventilador Ventura Oscilante Coluna para loca\u00e7\u00e3o - Cia do Vento\",\"isPartOf\":{\"@id\":\"https:\/\/ciavento.com.br\/2024\/#website\"},\"datePublished\":\"2023-05-17T16:17:30+00:00\",\"dateModified\":\"2023-05-17T16:17:30+00:00\",\"breadcrumb\":{\"@id\":\"https:\/\/ciavento.com.br\/2024\/produto\/locacao\/locacao-de-ventiladores\/ventilador-ventura-oscilante-coluna-para-locacao\/#breadcrumb\"},\"inLanguage\":\"pt-BR\",\"potentialAction\":[{\"@type\":\"ReadAction\",\"target\":[\"https:\/\/ciavento.com.br\/2024\/produto\/locacao\/locacao-de-ventiladores\/ventilador-ventura-oscilante-coluna-para-locacao\/\"]}]},{\"@type\":\"BreadcrumbList\",\"@id\":\"https:\/\/ciavento.com.br\/2024\/produto\/locacao\/locacao-de-ventiladores\/ventilador-ventura-oscilante-coluna-para-locacao\/#breadcrumb\",\"itemListElement\":[{\"@type\":\"ListItem\",\"position\":1,\"name\":\"In\u00edcio\",\"item\":\"https:\/\/ciavento.com.br\/2024\/\"},{\"@type\":\"ListItem\",\"position\":2,\"name\":\"Linha de Produtos\",\"item\":\"https:\/\/ciavento.com.br\/2024\/shop\/\"},{\"@type\":\"ListItem\",\"position\":3,\"name\":\"Ventilador Ventura Oscilante Coluna para loca\u00e7\u00e3o\"}]},{\"@type\":\"WebSite\",\"@id\":\"https:\/\/ciavento.com.br\/2024\/#website\",\"url\":\"https:\/\/ciavento.com.br\/2024\/\",\"name\":\"Cia do Vento\",\"description\":\"VENTILADORES \u00b7 Ver VENTILADORES \u00b7 Ventiladores de Parede \u00b7 Ventiladores de Coluna \u00b7 Ventiladores de Mesa \u00b7 Ventiladores de Teto \u00b7 Circuladores de Ar.\",\"publisher\":{\"@id\":\"https:\/\/ciavento.com.br\/2024\/#organization\"},\"potentialAction\":[{\"@type\":\"SearchAction\",\"target\":{\"@type\":\"EntryPoint\",\"urlTemplate\":\"https:\/\/ciavento.com.br\/2024\/?s={search_term_string}\"},\"query-input\":\"required name=search_term_string\"}],\"inLanguage\":\"pt-BR\"},{\"@type\":\"Organization\",\"@id\":\"https:\/\/ciavento.com.br\/2024\/#organization\",\"name\":\"Cia do Vento\",\"url\":\"https:\/\/ciavento.com.br\/2024\/\",\"logo\":{\"@type\":\"ImageObject\",\"inLanguage\":\"pt-BR\",\"@id\":\"https:\/\/ciavento.com.br\/2024\/#\/schema\/logo\/image\/\",\"url\":\"https:\/\/ciavento.com.br\/2024\/wp-content\/uploads\/2023\/09\/logo-22.jpg\",\"contentUrl\":\"https:\/\/ciavento.com.br\/2024\/wp-content\/uploads\/2023\/09\/logo-22.jpg\",\"width\":1280,\"height\":617,\"caption\":\"Cia do Vento\"},\"image\":{\"@id\":\"https:\/\/ciavento.com.br\/2024\/#\/schema\/logo\/image\/\"}}]}<\/script>\n<!-- \/ Yoast SEO plugin. -->","yoast_head_json":{"title":"Ventilador Ventura Oscilante Coluna para loca\u00e7\u00e3o - Cia do Vento","robots":{"index":"index","follow":"follow","max-snippet":"max-snippet:-1","max-image-preview":"max-image-preview:large","max-video-preview":"max-video-preview:-1"},"canonical":"https:\/\/ciavento.com.br\/2024\/produto\/locacao\/locacao-de-ventiladores\/ventilador-ventura-oscilante-coluna-para-locacao\/","og_locale":"pt_BR","og_type":"article","og_title":"Ventilador Ventura Oscilante Coluna para loca\u00e7\u00e3o - Cia do Vento","og_description":"Dimens\u00f5es: Peso: 7,49kg Comprimento: 60cm Altura: 76cm Largura: 17cm  Pot\u00eancia: 150W  H\u00e9lice de 58cm com 3 p\u00e1s  Grade de 60cm em A\u00e7o Controle de Velocidade Rotativo (Acompanha o produto)  Voltagem: 127-220V  \u00c1rea de Ventila\u00e7\u00e3o: 40 m\u00b2  Alta Pot\u00eancia com Baixo Consumo de Energia: 0,20 kW\/h  \u00c1rea de Abrang\u00eancia: 120 Graus  RPM: 1.350 RPM(127V) e 1.430 RPM(220V)  Vaz\u00e3o: 65 m\u00b3\/h","og_url":"https:\/\/ciavento.com.br\/2024\/produto\/locacao\/locacao-de-ventiladores\/ventilador-ventura-oscilante-coluna-para-locacao\/","og_site_name":"Cia do Vento","og_image":[{"width":1000,"height":1000,"url":"https:\/\/ciavento.com.br\/2024\/wp-content\/uploads\/2023\/05\/27de7548-38b6-4698-b42d-74d16b420f67.jpg","type":"image\/jpeg"}],"twitter_card":"summary_large_image","schema":{"@context":"https:\/\/schema.org","@graph":[{"@type":"WebPage","@id":"https:\/\/ciavento.com.br\/2024\/produto\/locacao\/locacao-de-ventiladores\/ventilador-ventura-oscilante-coluna-para-locacao\/","url":"https:\/\/ciavento.com.br\/2024\/produto\/locacao\/locacao-de-ventiladores\/ventilador-ventura-oscilante-coluna-para-locacao\/","name":"Ventilador Ventura Oscilante Coluna para loca\u00e7\u00e3o - Cia do Vento","isPartOf":{"@id":"https:\/\/ciavento.com.br\/2024\/#website"},"datePublished":"2023-05-17T16:17:30+00:00","dateModified":"2023-05-17T16:17:30+00:00","breadcrumb":{"@id":"https:\/\/ciavento.com.br\/2024\/produto\/locacao\/locacao-de-ventiladores\/ventilador-ventura-oscilante-coluna-para-locacao\/#breadcrumb"},"inLanguage":"pt-BR","potentialAction":[{"@type":"ReadAction","target":["https:\/\/ciavento.com.br\/2024\/produto\/locacao\/locacao-de-ventiladores\/ventilador-ventura-oscilante-coluna-para-locacao\/"]}]},{"@type":"BreadcrumbList","@id":"https:\/\/ciavento.com.br\/2024\/produto\/locacao\/locacao-de-ventiladores\/ventilador-ventura-oscilante-coluna-para-locacao\/#breadcrumb","itemListElement":[{"@type":"ListItem","position":1,"name":"In\u00edcio","item":"https:\/\/ciavento.com.br\/2024\/"},{"@type":"ListItem","position":2,"name":"Linha de Produtos","item":"https:\/\/ciavento.com.br\/2024\/shop\/"},{"@type":"ListItem","position":3,"name":"Ventilador Ventura Oscilante Coluna para loca\u00e7\u00e3o"}]},{"@type":"WebSite","@id":"https:\/\/ciavento.com.br\/2024\/#website","url":"https:\/\/ciavento.com.br\/2024\/","name":"Cia do Vento","description":"VENTILADORES \u00b7 Ver VENTILADORES \u00b7 Ventiladores de Parede \u00b7 Ventiladores de Coluna \u00b7 Ventiladores de Mesa \u00b7 Ventiladores de Teto \u00b7 Circuladores de Ar.","publisher":{"@id":"https:\/\/ciavento.com.br\/2024\/#organization"},"potentialAction":[{"@type":"SearchAction","target":{"@type":"EntryPoint","urlTemplate":"https:\/\/ciavento.com.br\/2024\/?s={search_term_string}"},"query-input":"required name=search_term_string"}],"inLanguage":"pt-BR"},{"@type":"Organization","@id":"https:\/\/ciavento.com.br\/2024\/#organization","name":"Cia do Vento","url":"https:\/\/ciavento.com.br\/2024\/","logo":{"@type":"ImageObject","inLanguage":"pt-BR","@id":"https:\/\/ciavento.com.br\/2024\/#\/schema\/logo\/image\/","url":"https:\/\/ciavento.com.br\/2024\/wp-content\/uploads\/2023\/09\/logo-22.jpg","contentUrl":"https:\/\/ciavento.com.br\/2024\/wp-content\/uploads\/2023\/09\/logo-22.jpg","width":1280,"height":617,"caption":"Cia do Vento"},"image":{"@id":"https:\/\/ciavento.com.br\/2024\/#\/schema\/logo\/image\/"}}]}},"_links":{"self":[{"href":"https:\/\/ciavento.com.br\/2024\/wp-json\/wp\/v2\/product\/3779"}],"collection":[{"href":"https:\/\/ciavento.com.br\/2024\/wp-json\/wp\/v2\/product"}],"about":[{"href":"https:\/\/ciavento.com.br\/2024\/wp-json\/wp\/v2\/types\/product"}],"wp:featuredmedia":[{"embeddable":true,"href":"https:\/\/ciavento.com.br\/2024\/wp-json\/wp\/v2\/media\/3780"}],"wp:attachment":[{"href":"https:\/\/ciavento.com.br\/2024\/wp-json\/wp\/v2\/media?parent=3779"}],"curies":[{"name":"wp","href":"https:\/\/api.w.org\/{rel}","templated":true}]}}