{"id":4106,"date":"2023-11-14T00:14:26","date_gmt":"2023-11-14T03:14:26","guid":{"rendered":"https:\/\/ciavento.com.br\/2024\/?post_type=product&#038;p=4106"},"modified":"2023-11-21T11:28:05","modified_gmt":"2023-11-21T14:28:05","slug":"ventilador-de-teto-new-montana","status":"publish","type":"product","link":"https:\/\/ciavento.com.br\/2024\/produto\/ventiladores\/ventiladores-de-teto-residencial\/ventilador-de-teto-new-montana\/","title":{"rendered":"Ventilador de Teto New Montana 127V Venti-Delta"},"content":{"rendered":"","protected":false},"excerpt":{"rendered":"<p><strong>Pot\u00eancia:<\/strong>\u00a0130W<br \/>\n<strong>Rota\u00e7\u00e3o M\u00e1xima:<\/strong>\u00a0180 a 460 rpm<br \/>\n<strong>P\u00e1s:<\/strong>\u00a03 p\u00e1s (MDF) laqueadas na cor do ventilador<br \/>\n<strong>Lustre:<\/strong>\u00a0Pl\u00e1stico injetado<br \/>\n<strong>\u00c1rea de Ventila\u00e7\u00e3o:<\/strong>\u00a020m\u00b2<br \/>\n<strong>Voltagem:<\/strong> 127v<br \/>\n<strong>Ilumina\u00e7\u00e3o:<\/strong>\u00a01 l\u00e2mpada eletr\u00f4nica at\u00e9 15w cada, 1 Led at\u00e9 10w<br \/>\n<strong>Controle de Velocidade:<\/strong>\u00a0c3v (exaust\u00e3o e ventila\u00e7\u00e3o com controle de velocidade m\u00ednimo, m\u00e9dio e m\u00e1ximo)<br \/>\n<strong>Garantia:<\/strong>\u00a012 Meses<br \/>\n<strong>Cores:<\/strong> Branco<br \/>\n<strong>Dimens\u00f5es da Embalagem:<\/strong>\u00a0(C x L x A):\u00a040,5\u00a0x\u00a024 x\u00a016 cm<br \/>\n<strong>Peso Bruto:<\/strong>\u00a03,410 Kg<br \/>\n<strong>Peso Liquido:<\/strong>\u00a02,965 Kg<br \/>\n<strong>Dimens\u00e3o do produto montado:<\/strong>\u00a0(Altura \/ Di\u00e2metro)\u00a045 x\u00a092 cm<\/p>\n","protected":false},"featured_media":4114,"template":"","meta":[],"yoast_head":"<!-- This site is optimized with the Yoast SEO plugin v20.0 - https:\/\/yoast.com\/wordpress\/plugins\/seo\/ -->\n<title>Ventilador de Teto New Montana 127V Venti-Delta - Cia do Vento<\/title>\n<meta name=\"robots\" content=\"index, follow, max-snippet:-1, max-image-preview:large, max-video-preview:-1\" \/>\n<link rel=\"canonical\" href=\"https:\/\/ciavento.com.br\/2024\/produto\/ventiladores\/ventiladores-de-teto-residencial\/ventilador-de-teto-new-montana\/\" \/>\n<meta property=\"og:locale\" content=\"pt_BR\" \/>\n<meta property=\"og:type\" content=\"article\" \/>\n<meta property=\"og:title\" content=\"Ventilador de Teto New Montana 127V Venti-Delta - Cia do Vento\" \/>\n<meta property=\"og:description\" content=\"Pot\u00eancia:\u00a0130W Rota\u00e7\u00e3o M\u00e1xima:\u00a0180 a 460 rpm P\u00e1s:\u00a03 p\u00e1s (MDF) laqueadas na cor do ventilador Lustre:\u00a0Pl\u00e1stico injetado \u00c1rea de Ventila\u00e7\u00e3o:\u00a020m\u00b2 Voltagem: 127v Ilumina\u00e7\u00e3o:\u00a01 l\u00e2mpada eletr\u00f4nica at\u00e9 15w cada, 1 Led at\u00e9 10w Controle de Velocidade:\u00a0c3v (exaust\u00e3o e ventila\u00e7\u00e3o com controle de velocidade m\u00ednimo, m\u00e9dio e m\u00e1ximo) Garantia:\u00a012 Meses Cores: Branco Dimens\u00f5es da Embalagem:\u00a0(C x L x A):\u00a040,5\u00a0x\u00a024 x\u00a016 cm Peso Bruto:\u00a03,410 Kg Peso Liquido:\u00a02,965 Kg Dimens\u00e3o do produto montado:\u00a0(Altura \/ Di\u00e2metro)\u00a045 x\u00a092 cm\" \/>\n<meta property=\"og:url\" content=\"https:\/\/ciavento.com.br\/2024\/produto\/ventiladores\/ventiladores-de-teto-residencial\/ventilador-de-teto-new-montana\/\" \/>\n<meta property=\"og:site_name\" content=\"Cia do Vento\" \/>\n<meta property=\"article:modified_time\" content=\"2023-11-21T14:28:05+00:00\" \/>\n<meta property=\"og:image\" content=\"https:\/\/ciavento.com.br\/2024\/wp-content\/uploads\/2023\/11\/montana-2-1.jpg\" \/>\n\t<meta property=\"og:image:width\" content=\"300\" \/>\n\t<meta property=\"og:image:height\" content=\"300\" \/>\n\t<meta property=\"og:image:type\" content=\"image\/jpeg\" \/>\n<meta name=\"twitter:card\" content=\"summary_large_image\" \/>\n<script type=\"application\/ld+json\" class=\"yoast-schema-graph\">{\"@context\":\"https:\/\/schema.org\",\"@graph\":[{\"@type\":\"WebPage\",\"@id\":\"https:\/\/ciavento.com.br\/2024\/produto\/ventiladores\/ventiladores-de-teto-residencial\/ventilador-de-teto-new-montana\/\",\"url\":\"https:\/\/ciavento.com.br\/2024\/produto\/ventiladores\/ventiladores-de-teto-residencial\/ventilador-de-teto-new-montana\/\",\"name\":\"Ventilador de Teto New Montana 127V Venti-Delta - Cia do Vento\",\"isPartOf\":{\"@id\":\"https:\/\/ciavento.com.br\/2024\/#website\"},\"datePublished\":\"2023-11-14T03:14:26+00:00\",\"dateModified\":\"2023-11-21T14:28:05+00:00\",\"breadcrumb\":{\"@id\":\"https:\/\/ciavento.com.br\/2024\/produto\/ventiladores\/ventiladores-de-teto-residencial\/ventilador-de-teto-new-montana\/#breadcrumb\"},\"inLanguage\":\"pt-BR\",\"potentialAction\":[{\"@type\":\"ReadAction\",\"target\":[\"https:\/\/ciavento.com.br\/2024\/produto\/ventiladores\/ventiladores-de-teto-residencial\/ventilador-de-teto-new-montana\/\"]}]},{\"@type\":\"BreadcrumbList\",\"@id\":\"https:\/\/ciavento.com.br\/2024\/produto\/ventiladores\/ventiladores-de-teto-residencial\/ventilador-de-teto-new-montana\/#breadcrumb\",\"itemListElement\":[{\"@type\":\"ListItem\",\"position\":1,\"name\":\"In\u00edcio\",\"item\":\"https:\/\/ciavento.com.br\/2024\/\"},{\"@type\":\"ListItem\",\"position\":2,\"name\":\"Linha de Produtos\",\"item\":\"https:\/\/ciavento.com.br\/2024\/shop\/\"},{\"@type\":\"ListItem\",\"position\":3,\"name\":\"Ventilador de Teto New Montana 127V Venti-Delta\"}]},{\"@type\":\"WebSite\",\"@id\":\"https:\/\/ciavento.com.br\/2024\/#website\",\"url\":\"https:\/\/ciavento.com.br\/2024\/\",\"name\":\"Cia do Vento\",\"description\":\"VENTILADORES \u00b7 Ver VENTILADORES \u00b7 Ventiladores de Parede \u00b7 Ventiladores de Coluna \u00b7 Ventiladores de Mesa \u00b7 Ventiladores de Teto \u00b7 Circuladores de Ar.\",\"publisher\":{\"@id\":\"https:\/\/ciavento.com.br\/2024\/#organization\"},\"potentialAction\":[{\"@type\":\"SearchAction\",\"target\":{\"@type\":\"EntryPoint\",\"urlTemplate\":\"https:\/\/ciavento.com.br\/2024\/?s={search_term_string}\"},\"query-input\":\"required name=search_term_string\"}],\"inLanguage\":\"pt-BR\"},{\"@type\":\"Organization\",\"@id\":\"https:\/\/ciavento.com.br\/2024\/#organization\",\"name\":\"Cia do Vento\",\"url\":\"https:\/\/ciavento.com.br\/2024\/\",\"logo\":{\"@type\":\"ImageObject\",\"inLanguage\":\"pt-BR\",\"@id\":\"https:\/\/ciavento.com.br\/2024\/#\/schema\/logo\/image\/\",\"url\":\"https:\/\/ciavento.com.br\/2024\/wp-content\/uploads\/2023\/09\/logo-22.jpg\",\"contentUrl\":\"https:\/\/ciavento.com.br\/2024\/wp-content\/uploads\/2023\/09\/logo-22.jpg\",\"width\":1280,\"height\":617,\"caption\":\"Cia do Vento\"},\"image\":{\"@id\":\"https:\/\/ciavento.com.br\/2024\/#\/schema\/logo\/image\/\"}}]}<\/script>\n<!-- \/ Yoast SEO plugin. -->","yoast_head_json":{"title":"Ventilador de Teto New Montana 127V Venti-Delta - Cia do Vento","robots":{"index":"index","follow":"follow","max-snippet":"max-snippet:-1","max-image-preview":"max-image-preview:large","max-video-preview":"max-video-preview:-1"},"canonical":"https:\/\/ciavento.com.br\/2024\/produto\/ventiladores\/ventiladores-de-teto-residencial\/ventilador-de-teto-new-montana\/","og_locale":"pt_BR","og_type":"article","og_title":"Ventilador de Teto New Montana 127V Venti-Delta - Cia do Vento","og_description":"Pot\u00eancia:\u00a0130W Rota\u00e7\u00e3o M\u00e1xima:\u00a0180 a 460 rpm P\u00e1s:\u00a03 p\u00e1s (MDF) laqueadas na cor do ventilador Lustre:\u00a0Pl\u00e1stico injetado \u00c1rea de Ventila\u00e7\u00e3o:\u00a020m\u00b2 Voltagem: 127v Ilumina\u00e7\u00e3o:\u00a01 l\u00e2mpada eletr\u00f4nica at\u00e9 15w cada, 1 Led at\u00e9 10w Controle de Velocidade:\u00a0c3v (exaust\u00e3o e ventila\u00e7\u00e3o com controle de velocidade m\u00ednimo, m\u00e9dio e m\u00e1ximo) Garantia:\u00a012 Meses Cores: Branco Dimens\u00f5es da Embalagem:\u00a0(C x L x A):\u00a040,5\u00a0x\u00a024 x\u00a016 cm Peso Bruto:\u00a03,410 Kg Peso Liquido:\u00a02,965 Kg Dimens\u00e3o do produto montado:\u00a0(Altura \/ Di\u00e2metro)\u00a045 x\u00a092 cm","og_url":"https:\/\/ciavento.com.br\/2024\/produto\/ventiladores\/ventiladores-de-teto-residencial\/ventilador-de-teto-new-montana\/","og_site_name":"Cia do Vento","article_modified_time":"2023-11-21T14:28:05+00:00","og_image":[{"width":300,"height":300,"url":"https:\/\/ciavento.com.br\/2024\/wp-content\/uploads\/2023\/11\/montana-2-1.jpg","type":"image\/jpeg"}],"twitter_card":"summary_large_image","schema":{"@context":"https:\/\/schema.org","@graph":[{"@type":"WebPage","@id":"https:\/\/ciavento.com.br\/2024\/produto\/ventiladores\/ventiladores-de-teto-residencial\/ventilador-de-teto-new-montana\/","url":"https:\/\/ciavento.com.br\/2024\/produto\/ventiladores\/ventiladores-de-teto-residencial\/ventilador-de-teto-new-montana\/","name":"Ventilador de Teto New Montana 127V Venti-Delta - Cia do Vento","isPartOf":{"@id":"https:\/\/ciavento.com.br\/2024\/#website"},"datePublished":"2023-11-14T03:14:26+00:00","dateModified":"2023-11-21T14:28:05+00:00","breadcrumb":{"@id":"https:\/\/ciavento.com.br\/2024\/produto\/ventiladores\/ventiladores-de-teto-residencial\/ventilador-de-teto-new-montana\/#breadcrumb"},"inLanguage":"pt-BR","potentialAction":[{"@type":"ReadAction","target":["https:\/\/ciavento.com.br\/2024\/produto\/ventiladores\/ventiladores-de-teto-residencial\/ventilador-de-teto-new-montana\/"]}]},{"@type":"BreadcrumbList","@id":"https:\/\/ciavento.com.br\/2024\/produto\/ventiladores\/ventiladores-de-teto-residencial\/ventilador-de-teto-new-montana\/#breadcrumb","itemListElement":[{"@type":"ListItem","position":1,"name":"In\u00edcio","item":"https:\/\/ciavento.com.br\/2024\/"},{"@type":"ListItem","position":2,"name":"Linha de Produtos","item":"https:\/\/ciavento.com.br\/2024\/shop\/"},{"@type":"ListItem","position":3,"name":"Ventilador de Teto New Montana 127V Venti-Delta"}]},{"@type":"WebSite","@id":"https:\/\/ciavento.com.br\/2024\/#website","url":"https:\/\/ciavento.com.br\/2024\/","name":"Cia do Vento","description":"VENTILADORES \u00b7 Ver VENTILADORES \u00b7 Ventiladores de Parede \u00b7 Ventiladores de Coluna \u00b7 Ventiladores de Mesa \u00b7 Ventiladores de Teto \u00b7 Circuladores de Ar.","publisher":{"@id":"https:\/\/ciavento.com.br\/2024\/#organization"},"potentialAction":[{"@type":"SearchAction","target":{"@type":"EntryPoint","urlTemplate":"https:\/\/ciavento.com.br\/2024\/?s={search_term_string}"},"query-input":"required name=search_term_string"}],"inLanguage":"pt-BR"},{"@type":"Organization","@id":"https:\/\/ciavento.com.br\/2024\/#organization","name":"Cia do Vento","url":"https:\/\/ciavento.com.br\/2024\/","logo":{"@type":"ImageObject","inLanguage":"pt-BR","@id":"https:\/\/ciavento.com.br\/2024\/#\/schema\/logo\/image\/","url":"https:\/\/ciavento.com.br\/2024\/wp-content\/uploads\/2023\/09\/logo-22.jpg","contentUrl":"https:\/\/ciavento.com.br\/2024\/wp-content\/uploads\/2023\/09\/logo-22.jpg","width":1280,"height":617,"caption":"Cia do Vento"},"image":{"@id":"https:\/\/ciavento.com.br\/2024\/#\/schema\/logo\/image\/"}}]}},"_links":{"self":[{"href":"https:\/\/ciavento.com.br\/2024\/wp-json\/wp\/v2\/product\/4106"}],"collection":[{"href":"https:\/\/ciavento.com.br\/2024\/wp-json\/wp\/v2\/product"}],"about":[{"href":"https:\/\/ciavento.com.br\/2024\/wp-json\/wp\/v2\/types\/product"}],"wp:featuredmedia":[{"embeddable":true,"href":"https:\/\/ciavento.com.br\/2024\/wp-json\/wp\/v2\/media\/4114"}],"wp:attachment":[{"href":"https:\/\/ciavento.com.br\/2024\/wp-json\/wp\/v2\/media?parent=4106"}],"curies":[{"name":"wp","href":"https:\/\/api.w.org\/{rel}","templated":true}]}}