{"id":4116,"date":"2023-11-14T00:21:52","date_gmt":"2023-11-14T03:21:52","guid":{"rendered":"https:\/\/ciavento.com.br\/2024\/?post_type=product&#038;p=4116"},"modified":"2023-11-21T11:17:10","modified_gmt":"2023-11-21T14:17:10","slug":"ventilador-de-teto-new-spot-delta-venti-delta","status":"publish","type":"product","link":"https:\/\/ciavento.com.br\/2024\/produto\/ventiladores\/ventiladores-de-teto-residencial\/ventilador-de-teto-new-spot-delta-venti-delta\/","title":{"rendered":"Ventilador de Teto Vintage Led 127V Venti-Delta"},"content":{"rendered":"","protected":false},"excerpt":{"rendered":"<p><strong>Pot\u00eancia:<\/strong>\u00a0130W<br \/>\n<strong>Rota\u00e7\u00e3o M\u00e1xima:<\/strong>\u00a0180 a 460 rpm<br \/>\n<strong>P\u00e1s:\u00a0<\/strong>4 P\u00e1s laqueadas na cor Tabaco<br \/>\n<strong>\u00c1rea de Ventila\u00e7\u00e3o:<\/strong>\u00a020m\u00b2<br \/>\n<strong>Voltagem:<\/strong>\u00a0127v ou 220v<br \/>\n<strong>Ilumina\u00e7\u00e3o:<\/strong>\u00a0Lumin\u00e1ria de LED com 18W \u2013 J\u00e1 incluso<br \/>\n<strong>Cor:<\/strong>\u00a06.000 k \u2013 branca\u00a0 \/\u00a03.000 k \u2013 amarela (sob encomenda)<br \/>\n<strong>Controle de Velocidade:<\/strong>\u00a0c3v (exaust\u00e3o e ventila\u00e7\u00e3o com controle de velocidade m\u00ednimo, m\u00e9dio e m\u00e1ximo)<br \/>\n<strong>Garantia:<\/strong>\u00a012 Meses<br \/>\n<strong>Cores:<\/strong> Cobre<br \/>\n<strong>Dimens\u00f5es da Embalagem:<\/strong>\u00a0(C x L x A):\u00a060\u00a0x 37\u00a0x 21\u00a0cm<br \/>\n<strong>Peso Bruto:<\/strong>\u00a06,800\u00a0Kg<br \/>\n<strong>Peso Liquido:<\/strong>\u00a05,345 Kg<br \/>\n<strong>Dimens\u00e3o do produto montado:<\/strong>\u00a0(Altura \/ Di\u00e2metro) 40 x 125 cm<\/p>\n","protected":false},"featured_media":4153,"template":"","meta":[],"yoast_head":"<!-- This site is optimized with the Yoast SEO plugin v20.0 - https:\/\/yoast.com\/wordpress\/plugins\/seo\/ -->\n<title>Ventilador de Teto Vintage Led 127V Venti-Delta - Cia do Vento<\/title>\n<meta name=\"robots\" content=\"index, follow, max-snippet:-1, max-image-preview:large, max-video-preview:-1\" \/>\n<link rel=\"canonical\" href=\"https:\/\/ciavento.com.br\/2024\/produto\/ventiladores\/ventiladores-de-teto-residencial\/ventilador-de-teto-new-spot-delta-venti-delta\/\" \/>\n<meta property=\"og:locale\" content=\"pt_BR\" \/>\n<meta property=\"og:type\" content=\"article\" \/>\n<meta property=\"og:title\" content=\"Ventilador de Teto Vintage Led 127V Venti-Delta - Cia do Vento\" \/>\n<meta property=\"og:description\" content=\"Pot\u00eancia:\u00a0130W Rota\u00e7\u00e3o M\u00e1xima:\u00a0180 a 460 rpm P\u00e1s:\u00a04 P\u00e1s laqueadas na cor Tabaco \u00c1rea de Ventila\u00e7\u00e3o:\u00a020m\u00b2 Voltagem:\u00a0127v ou 220v Ilumina\u00e7\u00e3o:\u00a0Lumin\u00e1ria de LED com 18W \u2013 J\u00e1 incluso Cor:\u00a06.000 k \u2013 branca\u00a0 \/\u00a03.000 k \u2013 amarela (sob encomenda) Controle de Velocidade:\u00a0c3v (exaust\u00e3o e ventila\u00e7\u00e3o com controle de velocidade m\u00ednimo, m\u00e9dio e m\u00e1ximo) Garantia:\u00a012 Meses Cores: Cobre Dimens\u00f5es da Embalagem:\u00a0(C x L x A):\u00a060\u00a0x 37\u00a0x 21\u00a0cm Peso Bruto:\u00a06,800\u00a0Kg Peso Liquido:\u00a05,345 Kg Dimens\u00e3o do produto montado:\u00a0(Altura \/ Di\u00e2metro) 40 x 125 cm\" \/>\n<meta property=\"og:url\" content=\"https:\/\/ciavento.com.br\/2024\/produto\/ventiladores\/ventiladores-de-teto-residencial\/ventilador-de-teto-new-spot-delta-venti-delta\/\" \/>\n<meta property=\"og:site_name\" content=\"Cia do Vento\" \/>\n<meta property=\"article:modified_time\" content=\"2023-11-21T14:17:10+00:00\" \/>\n<meta property=\"og:image\" content=\"https:\/\/ciavento.com.br\/2024\/wp-content\/uploads\/2023\/11\/ventage-cobre-tabaco.jpg\" \/>\n\t<meta property=\"og:image:width\" content=\"300\" \/>\n\t<meta property=\"og:image:height\" content=\"300\" \/>\n\t<meta property=\"og:image:type\" content=\"image\/jpeg\" \/>\n<meta name=\"twitter:card\" content=\"summary_large_image\" \/>\n<script type=\"application\/ld+json\" class=\"yoast-schema-graph\">{\"@context\":\"https:\/\/schema.org\",\"@graph\":[{\"@type\":\"WebPage\",\"@id\":\"https:\/\/ciavento.com.br\/2024\/produto\/ventiladores\/ventiladores-de-teto-residencial\/ventilador-de-teto-new-spot-delta-venti-delta\/\",\"url\":\"https:\/\/ciavento.com.br\/2024\/produto\/ventiladores\/ventiladores-de-teto-residencial\/ventilador-de-teto-new-spot-delta-venti-delta\/\",\"name\":\"Ventilador de Teto Vintage Led 127V Venti-Delta - Cia do Vento\",\"isPartOf\":{\"@id\":\"https:\/\/ciavento.com.br\/2024\/#website\"},\"datePublished\":\"2023-11-14T03:21:52+00:00\",\"dateModified\":\"2023-11-21T14:17:10+00:00\",\"breadcrumb\":{\"@id\":\"https:\/\/ciavento.com.br\/2024\/produto\/ventiladores\/ventiladores-de-teto-residencial\/ventilador-de-teto-new-spot-delta-venti-delta\/#breadcrumb\"},\"inLanguage\":\"pt-BR\",\"potentialAction\":[{\"@type\":\"ReadAction\",\"target\":[\"https:\/\/ciavento.com.br\/2024\/produto\/ventiladores\/ventiladores-de-teto-residencial\/ventilador-de-teto-new-spot-delta-venti-delta\/\"]}]},{\"@type\":\"BreadcrumbList\",\"@id\":\"https:\/\/ciavento.com.br\/2024\/produto\/ventiladores\/ventiladores-de-teto-residencial\/ventilador-de-teto-new-spot-delta-venti-delta\/#breadcrumb\",\"itemListElement\":[{\"@type\":\"ListItem\",\"position\":1,\"name\":\"In\u00edcio\",\"item\":\"https:\/\/ciavento.com.br\/2024\/\"},{\"@type\":\"ListItem\",\"position\":2,\"name\":\"Linha de Produtos\",\"item\":\"https:\/\/ciavento.com.br\/2024\/shop\/\"},{\"@type\":\"ListItem\",\"position\":3,\"name\":\"Ventilador de Teto Vintage Led 127V Venti-Delta\"}]},{\"@type\":\"WebSite\",\"@id\":\"https:\/\/ciavento.com.br\/2024\/#website\",\"url\":\"https:\/\/ciavento.com.br\/2024\/\",\"name\":\"Cia do Vento\",\"description\":\"VENTILADORES \u00b7 Ver VENTILADORES \u00b7 Ventiladores de Parede \u00b7 Ventiladores de Coluna \u00b7 Ventiladores de Mesa \u00b7 Ventiladores de Teto \u00b7 Circuladores de Ar.\",\"publisher\":{\"@id\":\"https:\/\/ciavento.com.br\/2024\/#organization\"},\"potentialAction\":[{\"@type\":\"SearchAction\",\"target\":{\"@type\":\"EntryPoint\",\"urlTemplate\":\"https:\/\/ciavento.com.br\/2024\/?s={search_term_string}\"},\"query-input\":\"required name=search_term_string\"}],\"inLanguage\":\"pt-BR\"},{\"@type\":\"Organization\",\"@id\":\"https:\/\/ciavento.com.br\/2024\/#organization\",\"name\":\"Cia do Vento\",\"url\":\"https:\/\/ciavento.com.br\/2024\/\",\"logo\":{\"@type\":\"ImageObject\",\"inLanguage\":\"pt-BR\",\"@id\":\"https:\/\/ciavento.com.br\/2024\/#\/schema\/logo\/image\/\",\"url\":\"https:\/\/ciavento.com.br\/2024\/wp-content\/uploads\/2023\/09\/logo-22.jpg\",\"contentUrl\":\"https:\/\/ciavento.com.br\/2024\/wp-content\/uploads\/2023\/09\/logo-22.jpg\",\"width\":1280,\"height\":617,\"caption\":\"Cia do Vento\"},\"image\":{\"@id\":\"https:\/\/ciavento.com.br\/2024\/#\/schema\/logo\/image\/\"}}]}<\/script>\n<!-- \/ Yoast SEO plugin. -->","yoast_head_json":{"title":"Ventilador de Teto Vintage Led 127V Venti-Delta - Cia do Vento","robots":{"index":"index","follow":"follow","max-snippet":"max-snippet:-1","max-image-preview":"max-image-preview:large","max-video-preview":"max-video-preview:-1"},"canonical":"https:\/\/ciavento.com.br\/2024\/produto\/ventiladores\/ventiladores-de-teto-residencial\/ventilador-de-teto-new-spot-delta-venti-delta\/","og_locale":"pt_BR","og_type":"article","og_title":"Ventilador de Teto Vintage Led 127V Venti-Delta - Cia do Vento","og_description":"Pot\u00eancia:\u00a0130W Rota\u00e7\u00e3o M\u00e1xima:\u00a0180 a 460 rpm P\u00e1s:\u00a04 P\u00e1s laqueadas na cor Tabaco \u00c1rea de Ventila\u00e7\u00e3o:\u00a020m\u00b2 Voltagem:\u00a0127v ou 220v Ilumina\u00e7\u00e3o:\u00a0Lumin\u00e1ria de LED com 18W \u2013 J\u00e1 incluso Cor:\u00a06.000 k \u2013 branca\u00a0 \/\u00a03.000 k \u2013 amarela (sob encomenda) Controle de Velocidade:\u00a0c3v (exaust\u00e3o e ventila\u00e7\u00e3o com controle de velocidade m\u00ednimo, m\u00e9dio e m\u00e1ximo) Garantia:\u00a012 Meses Cores: Cobre Dimens\u00f5es da Embalagem:\u00a0(C x L x A):\u00a060\u00a0x 37\u00a0x 21\u00a0cm Peso Bruto:\u00a06,800\u00a0Kg Peso Liquido:\u00a05,345 Kg Dimens\u00e3o do produto montado:\u00a0(Altura \/ Di\u00e2metro) 40 x 125 cm","og_url":"https:\/\/ciavento.com.br\/2024\/produto\/ventiladores\/ventiladores-de-teto-residencial\/ventilador-de-teto-new-spot-delta-venti-delta\/","og_site_name":"Cia do Vento","article_modified_time":"2023-11-21T14:17:10+00:00","og_image":[{"width":300,"height":300,"url":"https:\/\/ciavento.com.br\/2024\/wp-content\/uploads\/2023\/11\/ventage-cobre-tabaco.jpg","type":"image\/jpeg"}],"twitter_card":"summary_large_image","schema":{"@context":"https:\/\/schema.org","@graph":[{"@type":"WebPage","@id":"https:\/\/ciavento.com.br\/2024\/produto\/ventiladores\/ventiladores-de-teto-residencial\/ventilador-de-teto-new-spot-delta-venti-delta\/","url":"https:\/\/ciavento.com.br\/2024\/produto\/ventiladores\/ventiladores-de-teto-residencial\/ventilador-de-teto-new-spot-delta-venti-delta\/","name":"Ventilador de Teto Vintage Led 127V Venti-Delta - Cia do Vento","isPartOf":{"@id":"https:\/\/ciavento.com.br\/2024\/#website"},"datePublished":"2023-11-14T03:21:52+00:00","dateModified":"2023-11-21T14:17:10+00:00","breadcrumb":{"@id":"https:\/\/ciavento.com.br\/2024\/produto\/ventiladores\/ventiladores-de-teto-residencial\/ventilador-de-teto-new-spot-delta-venti-delta\/#breadcrumb"},"inLanguage":"pt-BR","potentialAction":[{"@type":"ReadAction","target":["https:\/\/ciavento.com.br\/2024\/produto\/ventiladores\/ventiladores-de-teto-residencial\/ventilador-de-teto-new-spot-delta-venti-delta\/"]}]},{"@type":"BreadcrumbList","@id":"https:\/\/ciavento.com.br\/2024\/produto\/ventiladores\/ventiladores-de-teto-residencial\/ventilador-de-teto-new-spot-delta-venti-delta\/#breadcrumb","itemListElement":[{"@type":"ListItem","position":1,"name":"In\u00edcio","item":"https:\/\/ciavento.com.br\/2024\/"},{"@type":"ListItem","position":2,"name":"Linha de Produtos","item":"https:\/\/ciavento.com.br\/2024\/shop\/"},{"@type":"ListItem","position":3,"name":"Ventilador de Teto Vintage Led 127V Venti-Delta"}]},{"@type":"WebSite","@id":"https:\/\/ciavento.com.br\/2024\/#website","url":"https:\/\/ciavento.com.br\/2024\/","name":"Cia do Vento","description":"VENTILADORES \u00b7 Ver VENTILADORES \u00b7 Ventiladores de Parede \u00b7 Ventiladores de Coluna \u00b7 Ventiladores de Mesa \u00b7 Ventiladores de Teto \u00b7 Circuladores de Ar.","publisher":{"@id":"https:\/\/ciavento.com.br\/2024\/#organization"},"potentialAction":[{"@type":"SearchAction","target":{"@type":"EntryPoint","urlTemplate":"https:\/\/ciavento.com.br\/2024\/?s={search_term_string}"},"query-input":"required name=search_term_string"}],"inLanguage":"pt-BR"},{"@type":"Organization","@id":"https:\/\/ciavento.com.br\/2024\/#organization","name":"Cia do Vento","url":"https:\/\/ciavento.com.br\/2024\/","logo":{"@type":"ImageObject","inLanguage":"pt-BR","@id":"https:\/\/ciavento.com.br\/2024\/#\/schema\/logo\/image\/","url":"https:\/\/ciavento.com.br\/2024\/wp-content\/uploads\/2023\/09\/logo-22.jpg","contentUrl":"https:\/\/ciavento.com.br\/2024\/wp-content\/uploads\/2023\/09\/logo-22.jpg","width":1280,"height":617,"caption":"Cia do Vento"},"image":{"@id":"https:\/\/ciavento.com.br\/2024\/#\/schema\/logo\/image\/"}}]}},"_links":{"self":[{"href":"https:\/\/ciavento.com.br\/2024\/wp-json\/wp\/v2\/product\/4116"}],"collection":[{"href":"https:\/\/ciavento.com.br\/2024\/wp-json\/wp\/v2\/product"}],"about":[{"href":"https:\/\/ciavento.com.br\/2024\/wp-json\/wp\/v2\/types\/product"}],"wp:featuredmedia":[{"embeddable":true,"href":"https:\/\/ciavento.com.br\/2024\/wp-json\/wp\/v2\/media\/4153"}],"wp:attachment":[{"href":"https:\/\/ciavento.com.br\/2024\/wp-json\/wp\/v2\/media?parent=4116"}],"curies":[{"name":"wp","href":"https:\/\/api.w.org\/{rel}","templated":true}]}}