{"id":4212,"date":"2023-11-17T13:41:15","date_gmt":"2023-11-17T16:41:15","guid":{"rendered":"https:\/\/ciavento.com.br\/2024\/?post_type=product&#038;p=4212"},"modified":"2023-11-21T11:43:36","modified_gmt":"2023-11-21T14:43:36","slug":"ventilador-de-teto-aires-residencial-branco-com-lustre-ventisol","status":"publish","type":"product","link":"https:\/\/ciavento.com.br\/2024\/produto\/ventiladores\/ventiladores-de-teto-residencial\/ventilador-de-teto-aires-residencial-branco-com-lustre-ventisol\/","title":{"rendered":"Ventilador de Teto Aires Residencial Branco com Lustre Ventisol"},"content":{"rendered":"","protected":false},"excerpt":{"rendered":"<p><strong>Ar mais refrescante, num ambiente mais elegante para voc\u00ea e sua fam\u00edlia.<\/strong><br \/>\nSe voc\u00ea deseja um ambiente mais refrescante, bonito e agrad\u00e1vel, o Ventilador de Teto Ventisol Aires \u00e9 ideal.<br \/>\nAcompanha chave de controle de velocidade, revers\u00e3o e ilumina\u00e7\u00e3o.<\/p>\n<p><strong>\u2022 Ideal para resid\u00eancias:<\/strong><br \/>\nO fluxo de vento ideal para o conforto da fam\u00edlia.<br \/>\n<strong>\u2022 P\u00e1s em pl\u00e1stico:<\/strong><br \/>\nS\u00e3o leves e aumentam a vida \u00fatil do motor.<br \/>\n<strong>\u2022 P\u00e1s com garras integradas:\u00a0<\/strong><br \/>\nFacilidade na hora da montagem.<br \/>\n<strong>\u2022 Motor e haste em a\u00e7o tratado:<\/strong><br \/>\nA\u00e7o tratado com pintura\u00a0que ajuda a proteger o aparelho e evitar a corros\u00e3o.<br \/>\n<strong>\u2022 Lustre para duas l\u00e2mpadas:<\/strong><br \/>\nLustre com alto brilho e perfeito acabamento.<br \/>\n<strong>\u2022 Acompanha Chave de controle de parede com tr\u00eas velocidades:<\/strong><br \/>\nChave de controle de velocidade de parede. Liga e desliga a revers\u00e3o e a ilumina\u00e7\u00e3o.<\/p>\n","protected":false},"featured_media":4037,"template":"","meta":[],"yoast_head":"<!-- This site is optimized with the Yoast SEO plugin v20.0 - https:\/\/yoast.com\/wordpress\/plugins\/seo\/ -->\n<title>Ventilador de Teto Aires Residencial Branco com Lustre Ventisol - Cia do Vento<\/title>\n<meta name=\"robots\" content=\"index, follow, max-snippet:-1, max-image-preview:large, max-video-preview:-1\" \/>\n<link rel=\"canonical\" href=\"https:\/\/ciavento.com.br\/2024\/produto\/ventiladores\/ventiladores-de-teto-residencial\/ventilador-de-teto-aires-residencial-branco-com-lustre-ventisol\/\" \/>\n<meta property=\"og:locale\" content=\"pt_BR\" \/>\n<meta property=\"og:type\" content=\"article\" \/>\n<meta property=\"og:title\" content=\"Ventilador de Teto Aires Residencial Branco com Lustre Ventisol - Cia do Vento\" \/>\n<meta property=\"og:description\" content=\"Ar mais refrescante, num ambiente mais elegante para voc\u00ea e sua fam\u00edlia. Se voc\u00ea deseja um ambiente mais refrescante, bonito e agrad\u00e1vel, o Ventilador de Teto Ventisol Aires \u00e9 ideal. Acompanha chave de controle de velocidade, revers\u00e3o e ilumina\u00e7\u00e3o.  \u2022 Ideal para resid\u00eancias: O fluxo de vento ideal para o conforto da fam\u00edlia. \u2022 P\u00e1s em pl\u00e1stico: S\u00e3o leves e aumentam a vida \u00fatil do motor. \u2022 P\u00e1s com garras integradas:\u00a0 Facilidade na hora da montagem. \u2022 Motor e haste em a\u00e7o tratado: A\u00e7o tratado com pintura\u00a0que ajuda a proteger o aparelho e evitar a corros\u00e3o. \u2022 Lustre para duas l\u00e2mpadas: Lustre com alto brilho e perfeito acabamento. \u2022 Acompanha Chave de controle de parede com tr\u00eas velocidades: Chave de controle de velocidade de parede. Liga e desliga a revers\u00e3o e a ilumina\u00e7\u00e3o.\" \/>\n<meta property=\"og:url\" content=\"https:\/\/ciavento.com.br\/2024\/produto\/ventiladores\/ventiladores-de-teto-residencial\/ventilador-de-teto-aires-residencial-branco-com-lustre-ventisol\/\" \/>\n<meta property=\"og:site_name\" content=\"Cia do Vento\" \/>\n<meta property=\"article:modified_time\" content=\"2023-11-21T14:43:36+00:00\" \/>\n<meta property=\"og:image\" content=\"https:\/\/ciavento.com.br\/2024\/wp-content\/uploads\/2023\/11\/aires-led-1.jpg\" \/>\n\t<meta property=\"og:image:width\" content=\"300\" \/>\n\t<meta property=\"og:image:height\" content=\"300\" \/>\n\t<meta property=\"og:image:type\" content=\"image\/jpeg\" \/>\n<meta name=\"twitter:card\" content=\"summary_large_image\" \/>\n<script type=\"application\/ld+json\" class=\"yoast-schema-graph\">{\"@context\":\"https:\/\/schema.org\",\"@graph\":[{\"@type\":\"WebPage\",\"@id\":\"https:\/\/ciavento.com.br\/2024\/produto\/ventiladores\/ventiladores-de-teto-residencial\/ventilador-de-teto-aires-residencial-branco-com-lustre-ventisol\/\",\"url\":\"https:\/\/ciavento.com.br\/2024\/produto\/ventiladores\/ventiladores-de-teto-residencial\/ventilador-de-teto-aires-residencial-branco-com-lustre-ventisol\/\",\"name\":\"Ventilador de Teto Aires Residencial Branco com Lustre Ventisol - Cia do Vento\",\"isPartOf\":{\"@id\":\"https:\/\/ciavento.com.br\/2024\/#website\"},\"datePublished\":\"2023-11-17T16:41:15+00:00\",\"dateModified\":\"2023-11-21T14:43:36+00:00\",\"breadcrumb\":{\"@id\":\"https:\/\/ciavento.com.br\/2024\/produto\/ventiladores\/ventiladores-de-teto-residencial\/ventilador-de-teto-aires-residencial-branco-com-lustre-ventisol\/#breadcrumb\"},\"inLanguage\":\"pt-BR\",\"potentialAction\":[{\"@type\":\"ReadAction\",\"target\":[\"https:\/\/ciavento.com.br\/2024\/produto\/ventiladores\/ventiladores-de-teto-residencial\/ventilador-de-teto-aires-residencial-branco-com-lustre-ventisol\/\"]}]},{\"@type\":\"BreadcrumbList\",\"@id\":\"https:\/\/ciavento.com.br\/2024\/produto\/ventiladores\/ventiladores-de-teto-residencial\/ventilador-de-teto-aires-residencial-branco-com-lustre-ventisol\/#breadcrumb\",\"itemListElement\":[{\"@type\":\"ListItem\",\"position\":1,\"name\":\"In\u00edcio\",\"item\":\"https:\/\/ciavento.com.br\/2024\/\"},{\"@type\":\"ListItem\",\"position\":2,\"name\":\"Linha de Produtos\",\"item\":\"https:\/\/ciavento.com.br\/2024\/shop\/\"},{\"@type\":\"ListItem\",\"position\":3,\"name\":\"Ventilador de Teto Aires Residencial Branco com Lustre Ventisol\"}]},{\"@type\":\"WebSite\",\"@id\":\"https:\/\/ciavento.com.br\/2024\/#website\",\"url\":\"https:\/\/ciavento.com.br\/2024\/\",\"name\":\"Cia do Vento\",\"description\":\"VENTILADORES \u00b7 Ver VENTILADORES \u00b7 Ventiladores de Parede \u00b7 Ventiladores de Coluna \u00b7 Ventiladores de Mesa \u00b7 Ventiladores de Teto \u00b7 Circuladores de Ar.\",\"publisher\":{\"@id\":\"https:\/\/ciavento.com.br\/2024\/#organization\"},\"potentialAction\":[{\"@type\":\"SearchAction\",\"target\":{\"@type\":\"EntryPoint\",\"urlTemplate\":\"https:\/\/ciavento.com.br\/2024\/?s={search_term_string}\"},\"query-input\":\"required name=search_term_string\"}],\"inLanguage\":\"pt-BR\"},{\"@type\":\"Organization\",\"@id\":\"https:\/\/ciavento.com.br\/2024\/#organization\",\"name\":\"Cia do Vento\",\"url\":\"https:\/\/ciavento.com.br\/2024\/\",\"logo\":{\"@type\":\"ImageObject\",\"inLanguage\":\"pt-BR\",\"@id\":\"https:\/\/ciavento.com.br\/2024\/#\/schema\/logo\/image\/\",\"url\":\"https:\/\/ciavento.com.br\/2024\/wp-content\/uploads\/2023\/09\/logo-22.jpg\",\"contentUrl\":\"https:\/\/ciavento.com.br\/2024\/wp-content\/uploads\/2023\/09\/logo-22.jpg\",\"width\":1280,\"height\":617,\"caption\":\"Cia do Vento\"},\"image\":{\"@id\":\"https:\/\/ciavento.com.br\/2024\/#\/schema\/logo\/image\/\"}}]}<\/script>\n<!-- \/ Yoast SEO plugin. -->","yoast_head_json":{"title":"Ventilador de Teto Aires Residencial Branco com Lustre Ventisol - Cia do Vento","robots":{"index":"index","follow":"follow","max-snippet":"max-snippet:-1","max-image-preview":"max-image-preview:large","max-video-preview":"max-video-preview:-1"},"canonical":"https:\/\/ciavento.com.br\/2024\/produto\/ventiladores\/ventiladores-de-teto-residencial\/ventilador-de-teto-aires-residencial-branco-com-lustre-ventisol\/","og_locale":"pt_BR","og_type":"article","og_title":"Ventilador de Teto Aires Residencial Branco com Lustre Ventisol - Cia do Vento","og_description":"Ar mais refrescante, num ambiente mais elegante para voc\u00ea e sua fam\u00edlia. Se voc\u00ea deseja um ambiente mais refrescante, bonito e agrad\u00e1vel, o Ventilador de Teto Ventisol Aires \u00e9 ideal. Acompanha chave de controle de velocidade, revers\u00e3o e ilumina\u00e7\u00e3o.  \u2022 Ideal para resid\u00eancias: O fluxo de vento ideal para o conforto da fam\u00edlia. \u2022 P\u00e1s em pl\u00e1stico: S\u00e3o leves e aumentam a vida \u00fatil do motor. \u2022 P\u00e1s com garras integradas:\u00a0 Facilidade na hora da montagem. \u2022 Motor e haste em a\u00e7o tratado: A\u00e7o tratado com pintura\u00a0que ajuda a proteger o aparelho e evitar a corros\u00e3o. \u2022 Lustre para duas l\u00e2mpadas: Lustre com alto brilho e perfeito acabamento. \u2022 Acompanha Chave de controle de parede com tr\u00eas velocidades: Chave de controle de velocidade de parede. Liga e desliga a revers\u00e3o e a ilumina\u00e7\u00e3o.","og_url":"https:\/\/ciavento.com.br\/2024\/produto\/ventiladores\/ventiladores-de-teto-residencial\/ventilador-de-teto-aires-residencial-branco-com-lustre-ventisol\/","og_site_name":"Cia do Vento","article_modified_time":"2023-11-21T14:43:36+00:00","og_image":[{"width":300,"height":300,"url":"https:\/\/ciavento.com.br\/2024\/wp-content\/uploads\/2023\/11\/aires-led-1.jpg","type":"image\/jpeg"}],"twitter_card":"summary_large_image","schema":{"@context":"https:\/\/schema.org","@graph":[{"@type":"WebPage","@id":"https:\/\/ciavento.com.br\/2024\/produto\/ventiladores\/ventiladores-de-teto-residencial\/ventilador-de-teto-aires-residencial-branco-com-lustre-ventisol\/","url":"https:\/\/ciavento.com.br\/2024\/produto\/ventiladores\/ventiladores-de-teto-residencial\/ventilador-de-teto-aires-residencial-branco-com-lustre-ventisol\/","name":"Ventilador de Teto Aires Residencial Branco com Lustre Ventisol - Cia do Vento","isPartOf":{"@id":"https:\/\/ciavento.com.br\/2024\/#website"},"datePublished":"2023-11-17T16:41:15+00:00","dateModified":"2023-11-21T14:43:36+00:00","breadcrumb":{"@id":"https:\/\/ciavento.com.br\/2024\/produto\/ventiladores\/ventiladores-de-teto-residencial\/ventilador-de-teto-aires-residencial-branco-com-lustre-ventisol\/#breadcrumb"},"inLanguage":"pt-BR","potentialAction":[{"@type":"ReadAction","target":["https:\/\/ciavento.com.br\/2024\/produto\/ventiladores\/ventiladores-de-teto-residencial\/ventilador-de-teto-aires-residencial-branco-com-lustre-ventisol\/"]}]},{"@type":"BreadcrumbList","@id":"https:\/\/ciavento.com.br\/2024\/produto\/ventiladores\/ventiladores-de-teto-residencial\/ventilador-de-teto-aires-residencial-branco-com-lustre-ventisol\/#breadcrumb","itemListElement":[{"@type":"ListItem","position":1,"name":"In\u00edcio","item":"https:\/\/ciavento.com.br\/2024\/"},{"@type":"ListItem","position":2,"name":"Linha de Produtos","item":"https:\/\/ciavento.com.br\/2024\/shop\/"},{"@type":"ListItem","position":3,"name":"Ventilador de Teto Aires Residencial Branco com Lustre Ventisol"}]},{"@type":"WebSite","@id":"https:\/\/ciavento.com.br\/2024\/#website","url":"https:\/\/ciavento.com.br\/2024\/","name":"Cia do Vento","description":"VENTILADORES \u00b7 Ver VENTILADORES \u00b7 Ventiladores de Parede \u00b7 Ventiladores de Coluna \u00b7 Ventiladores de Mesa \u00b7 Ventiladores de Teto \u00b7 Circuladores de Ar.","publisher":{"@id":"https:\/\/ciavento.com.br\/2024\/#organization"},"potentialAction":[{"@type":"SearchAction","target":{"@type":"EntryPoint","urlTemplate":"https:\/\/ciavento.com.br\/2024\/?s={search_term_string}"},"query-input":"required name=search_term_string"}],"inLanguage":"pt-BR"},{"@type":"Organization","@id":"https:\/\/ciavento.com.br\/2024\/#organization","name":"Cia do Vento","url":"https:\/\/ciavento.com.br\/2024\/","logo":{"@type":"ImageObject","inLanguage":"pt-BR","@id":"https:\/\/ciavento.com.br\/2024\/#\/schema\/logo\/image\/","url":"https:\/\/ciavento.com.br\/2024\/wp-content\/uploads\/2023\/09\/logo-22.jpg","contentUrl":"https:\/\/ciavento.com.br\/2024\/wp-content\/uploads\/2023\/09\/logo-22.jpg","width":1280,"height":617,"caption":"Cia do Vento"},"image":{"@id":"https:\/\/ciavento.com.br\/2024\/#\/schema\/logo\/image\/"}}]}},"_links":{"self":[{"href":"https:\/\/ciavento.com.br\/2024\/wp-json\/wp\/v2\/product\/4212"}],"collection":[{"href":"https:\/\/ciavento.com.br\/2024\/wp-json\/wp\/v2\/product"}],"about":[{"href":"https:\/\/ciavento.com.br\/2024\/wp-json\/wp\/v2\/types\/product"}],"wp:featuredmedia":[{"embeddable":true,"href":"https:\/\/ciavento.com.br\/2024\/wp-json\/wp\/v2\/media\/4037"}],"wp:attachment":[{"href":"https:\/\/ciavento.com.br\/2024\/wp-json\/wp\/v2\/media?parent=4212"}],"curies":[{"name":"wp","href":"https:\/\/api.w.org\/{rel}","templated":true}]}}