{"id":4227,"date":"2023-11-17T14:38:21","date_gmt":"2023-11-17T17:38:21","guid":{"rendered":"https:\/\/ciavento.com.br\/2024\/?post_type=product&#038;p=4227"},"modified":"2023-11-27T16:38:32","modified_gmt":"2023-11-27T19:38:32","slug":"ventilador-de-teto-sunny-controle-remoto-branco-cv3-ventisol-2","status":"publish","type":"product","link":"https:\/\/ciavento.com.br\/2024\/produto\/ventiladores\/ventiladores-de-parede\/ventilador-de-teto-sunny-controle-remoto-branco-cv3-ventisol-2\/","title":{"rendered":"Ventilador de Parede Ventisol New 50cm 127v e 220v"},"content":{"rendered":"","protected":false},"excerpt":{"rendered":"<p><strong>\u2022 Ideal para grandes espa\u00e7os:<\/strong><br \/>\nLojas, escolas, igrejas, restaurantes, ind\u00fastrias, ambientes que precisam de grande ventila\u00e7\u00e3o.<br \/>\n<strong>\u2022 H\u00e9lices em pl\u00e1stico:<\/strong><br \/>\nAl\u00e9m de fortes, s\u00e3o leves e aumentam a vida \u00fatil do motor.<br \/>\n<strong>\u2022 Oscila\u00e7\u00e3o horizontal:<\/strong><br \/>\nProporciona um fluxo de ar melhor distribu\u00eddo por todo o ambiente.<br \/>\n<strong>\u2022 Regulagem de Inclina\u00e7\u00e3o manual:<\/strong><br \/>\nPode ser ajustada.<br \/>\n<strong>\u2022 Pintura Eletrost\u00e1tica:<\/strong><br \/>\nGrade com pintura de alta resist\u00eancia.<br \/>\n<strong>\u2022 Chave CVV:<\/strong><br \/>\nAcompanha chave de controle deslizante de velocidade.<\/p>\n","protected":false},"featured_media":4337,"template":"","meta":[],"yoast_head":"<!-- This site is optimized with the Yoast SEO plugin v20.0 - https:\/\/yoast.com\/wordpress\/plugins\/seo\/ -->\n<title>Ventilador de Parede Ventisol New 50cm 127v e 220v - Cia do Vento<\/title>\n<meta name=\"robots\" content=\"index, follow, max-snippet:-1, max-image-preview:large, max-video-preview:-1\" \/>\n<link rel=\"canonical\" href=\"https:\/\/ciavento.com.br\/2024\/produto\/ventiladores\/ventiladores-de-parede\/ventilador-de-teto-sunny-controle-remoto-branco-cv3-ventisol-2\/\" \/>\n<meta property=\"og:locale\" content=\"pt_BR\" \/>\n<meta property=\"og:type\" content=\"article\" \/>\n<meta property=\"og:title\" content=\"Ventilador de Parede Ventisol New 50cm 127v e 220v - Cia do Vento\" \/>\n<meta property=\"og:description\" content=\"\u2022 Ideal para grandes espa\u00e7os: Lojas, escolas, igrejas, restaurantes, ind\u00fastrias, ambientes que precisam de grande ventila\u00e7\u00e3o. \u2022 H\u00e9lices em pl\u00e1stico: Al\u00e9m de fortes, s\u00e3o leves e aumentam a vida \u00fatil do motor. \u2022 Oscila\u00e7\u00e3o horizontal: Proporciona um fluxo de ar melhor distribu\u00eddo por todo o ambiente. \u2022 Regulagem de Inclina\u00e7\u00e3o manual: Pode ser ajustada. \u2022 Pintura Eletrost\u00e1tica: Grade com pintura de alta resist\u00eancia. \u2022 Chave CVV: Acompanha chave de controle deslizante de velocidade.\" \/>\n<meta property=\"og:url\" content=\"https:\/\/ciavento.com.br\/2024\/produto\/ventiladores\/ventiladores-de-parede\/ventilador-de-teto-sunny-controle-remoto-branco-cv3-ventisol-2\/\" \/>\n<meta property=\"og:site_name\" content=\"Cia do Vento\" \/>\n<meta property=\"article:modified_time\" content=\"2023-11-27T19:38:32+00:00\" \/>\n<meta property=\"og:image\" content=\"https:\/\/ciavento.com.br\/2024\/wp-content\/uploads\/2023\/11\/ventisol-parede.jpg\" \/>\n\t<meta property=\"og:image:width\" content=\"600\" \/>\n\t<meta property=\"og:image:height\" content=\"686\" \/>\n\t<meta property=\"og:image:type\" content=\"image\/jpeg\" \/>\n<meta name=\"twitter:card\" content=\"summary_large_image\" \/>\n<script type=\"application\/ld+json\" class=\"yoast-schema-graph\">{\"@context\":\"https:\/\/schema.org\",\"@graph\":[{\"@type\":\"WebPage\",\"@id\":\"https:\/\/ciavento.com.br\/2024\/produto\/ventiladores\/ventiladores-de-parede\/ventilador-de-teto-sunny-controle-remoto-branco-cv3-ventisol-2\/\",\"url\":\"https:\/\/ciavento.com.br\/2024\/produto\/ventiladores\/ventiladores-de-parede\/ventilador-de-teto-sunny-controle-remoto-branco-cv3-ventisol-2\/\",\"name\":\"Ventilador de Parede Ventisol New 50cm 127v e 220v - Cia do Vento\",\"isPartOf\":{\"@id\":\"https:\/\/ciavento.com.br\/2024\/#website\"},\"datePublished\":\"2023-11-17T17:38:21+00:00\",\"dateModified\":\"2023-11-27T19:38:32+00:00\",\"breadcrumb\":{\"@id\":\"https:\/\/ciavento.com.br\/2024\/produto\/ventiladores\/ventiladores-de-parede\/ventilador-de-teto-sunny-controle-remoto-branco-cv3-ventisol-2\/#breadcrumb\"},\"inLanguage\":\"pt-BR\",\"potentialAction\":[{\"@type\":\"ReadAction\",\"target\":[\"https:\/\/ciavento.com.br\/2024\/produto\/ventiladores\/ventiladores-de-parede\/ventilador-de-teto-sunny-controle-remoto-branco-cv3-ventisol-2\/\"]}]},{\"@type\":\"BreadcrumbList\",\"@id\":\"https:\/\/ciavento.com.br\/2024\/produto\/ventiladores\/ventiladores-de-parede\/ventilador-de-teto-sunny-controle-remoto-branco-cv3-ventisol-2\/#breadcrumb\",\"itemListElement\":[{\"@type\":\"ListItem\",\"position\":1,\"name\":\"In\u00edcio\",\"item\":\"https:\/\/ciavento.com.br\/2024\/\"},{\"@type\":\"ListItem\",\"position\":2,\"name\":\"Linha de Produtos\",\"item\":\"https:\/\/ciavento.com.br\/2024\/shop\/\"},{\"@type\":\"ListItem\",\"position\":3,\"name\":\"Ventilador de Parede Ventisol New 50cm 127v e 220v\"}]},{\"@type\":\"WebSite\",\"@id\":\"https:\/\/ciavento.com.br\/2024\/#website\",\"url\":\"https:\/\/ciavento.com.br\/2024\/\",\"name\":\"Cia do Vento\",\"description\":\"VENTILADORES \u00b7 Ver VENTILADORES \u00b7 Ventiladores de Parede \u00b7 Ventiladores de Coluna \u00b7 Ventiladores de Mesa \u00b7 Ventiladores de Teto \u00b7 Circuladores de Ar.\",\"publisher\":{\"@id\":\"https:\/\/ciavento.com.br\/2024\/#organization\"},\"potentialAction\":[{\"@type\":\"SearchAction\",\"target\":{\"@type\":\"EntryPoint\",\"urlTemplate\":\"https:\/\/ciavento.com.br\/2024\/?s={search_term_string}\"},\"query-input\":\"required name=search_term_string\"}],\"inLanguage\":\"pt-BR\"},{\"@type\":\"Organization\",\"@id\":\"https:\/\/ciavento.com.br\/2024\/#organization\",\"name\":\"Cia do Vento\",\"url\":\"https:\/\/ciavento.com.br\/2024\/\",\"logo\":{\"@type\":\"ImageObject\",\"inLanguage\":\"pt-BR\",\"@id\":\"https:\/\/ciavento.com.br\/2024\/#\/schema\/logo\/image\/\",\"url\":\"https:\/\/ciavento.com.br\/2024\/wp-content\/uploads\/2023\/09\/logo-22.jpg\",\"contentUrl\":\"https:\/\/ciavento.com.br\/2024\/wp-content\/uploads\/2023\/09\/logo-22.jpg\",\"width\":1280,\"height\":617,\"caption\":\"Cia do Vento\"},\"image\":{\"@id\":\"https:\/\/ciavento.com.br\/2024\/#\/schema\/logo\/image\/\"}}]}<\/script>\n<!-- \/ Yoast SEO plugin. -->","yoast_head_json":{"title":"Ventilador de Parede Ventisol New 50cm 127v e 220v - Cia do Vento","robots":{"index":"index","follow":"follow","max-snippet":"max-snippet:-1","max-image-preview":"max-image-preview:large","max-video-preview":"max-video-preview:-1"},"canonical":"https:\/\/ciavento.com.br\/2024\/produto\/ventiladores\/ventiladores-de-parede\/ventilador-de-teto-sunny-controle-remoto-branco-cv3-ventisol-2\/","og_locale":"pt_BR","og_type":"article","og_title":"Ventilador de Parede Ventisol New 50cm 127v e 220v - Cia do Vento","og_description":"\u2022 Ideal para grandes espa\u00e7os: Lojas, escolas, igrejas, restaurantes, ind\u00fastrias, ambientes que precisam de grande ventila\u00e7\u00e3o. \u2022 H\u00e9lices em pl\u00e1stico: Al\u00e9m de fortes, s\u00e3o leves e aumentam a vida \u00fatil do motor. \u2022 Oscila\u00e7\u00e3o horizontal: Proporciona um fluxo de ar melhor distribu\u00eddo por todo o ambiente. \u2022 Regulagem de Inclina\u00e7\u00e3o manual: Pode ser ajustada. \u2022 Pintura Eletrost\u00e1tica: Grade com pintura de alta resist\u00eancia. \u2022 Chave CVV: Acompanha chave de controle deslizante de velocidade.","og_url":"https:\/\/ciavento.com.br\/2024\/produto\/ventiladores\/ventiladores-de-parede\/ventilador-de-teto-sunny-controle-remoto-branco-cv3-ventisol-2\/","og_site_name":"Cia do Vento","article_modified_time":"2023-11-27T19:38:32+00:00","og_image":[{"width":600,"height":686,"url":"https:\/\/ciavento.com.br\/2024\/wp-content\/uploads\/2023\/11\/ventisol-parede.jpg","type":"image\/jpeg"}],"twitter_card":"summary_large_image","schema":{"@context":"https:\/\/schema.org","@graph":[{"@type":"WebPage","@id":"https:\/\/ciavento.com.br\/2024\/produto\/ventiladores\/ventiladores-de-parede\/ventilador-de-teto-sunny-controle-remoto-branco-cv3-ventisol-2\/","url":"https:\/\/ciavento.com.br\/2024\/produto\/ventiladores\/ventiladores-de-parede\/ventilador-de-teto-sunny-controle-remoto-branco-cv3-ventisol-2\/","name":"Ventilador de Parede Ventisol New 50cm 127v e 220v - Cia do Vento","isPartOf":{"@id":"https:\/\/ciavento.com.br\/2024\/#website"},"datePublished":"2023-11-17T17:38:21+00:00","dateModified":"2023-11-27T19:38:32+00:00","breadcrumb":{"@id":"https:\/\/ciavento.com.br\/2024\/produto\/ventiladores\/ventiladores-de-parede\/ventilador-de-teto-sunny-controle-remoto-branco-cv3-ventisol-2\/#breadcrumb"},"inLanguage":"pt-BR","potentialAction":[{"@type":"ReadAction","target":["https:\/\/ciavento.com.br\/2024\/produto\/ventiladores\/ventiladores-de-parede\/ventilador-de-teto-sunny-controle-remoto-branco-cv3-ventisol-2\/"]}]},{"@type":"BreadcrumbList","@id":"https:\/\/ciavento.com.br\/2024\/produto\/ventiladores\/ventiladores-de-parede\/ventilador-de-teto-sunny-controle-remoto-branco-cv3-ventisol-2\/#breadcrumb","itemListElement":[{"@type":"ListItem","position":1,"name":"In\u00edcio","item":"https:\/\/ciavento.com.br\/2024\/"},{"@type":"ListItem","position":2,"name":"Linha de Produtos","item":"https:\/\/ciavento.com.br\/2024\/shop\/"},{"@type":"ListItem","position":3,"name":"Ventilador de Parede Ventisol New 50cm 127v e 220v"}]},{"@type":"WebSite","@id":"https:\/\/ciavento.com.br\/2024\/#website","url":"https:\/\/ciavento.com.br\/2024\/","name":"Cia do Vento","description":"VENTILADORES \u00b7 Ver VENTILADORES \u00b7 Ventiladores de Parede \u00b7 Ventiladores de Coluna \u00b7 Ventiladores de Mesa \u00b7 Ventiladores de Teto \u00b7 Circuladores de Ar.","publisher":{"@id":"https:\/\/ciavento.com.br\/2024\/#organization"},"potentialAction":[{"@type":"SearchAction","target":{"@type":"EntryPoint","urlTemplate":"https:\/\/ciavento.com.br\/2024\/?s={search_term_string}"},"query-input":"required name=search_term_string"}],"inLanguage":"pt-BR"},{"@type":"Organization","@id":"https:\/\/ciavento.com.br\/2024\/#organization","name":"Cia do Vento","url":"https:\/\/ciavento.com.br\/2024\/","logo":{"@type":"ImageObject","inLanguage":"pt-BR","@id":"https:\/\/ciavento.com.br\/2024\/#\/schema\/logo\/image\/","url":"https:\/\/ciavento.com.br\/2024\/wp-content\/uploads\/2023\/09\/logo-22.jpg","contentUrl":"https:\/\/ciavento.com.br\/2024\/wp-content\/uploads\/2023\/09\/logo-22.jpg","width":1280,"height":617,"caption":"Cia do Vento"},"image":{"@id":"https:\/\/ciavento.com.br\/2024\/#\/schema\/logo\/image\/"}}]}},"_links":{"self":[{"href":"https:\/\/ciavento.com.br\/2024\/wp-json\/wp\/v2\/product\/4227"}],"collection":[{"href":"https:\/\/ciavento.com.br\/2024\/wp-json\/wp\/v2\/product"}],"about":[{"href":"https:\/\/ciavento.com.br\/2024\/wp-json\/wp\/v2\/types\/product"}],"wp:featuredmedia":[{"embeddable":true,"href":"https:\/\/ciavento.com.br\/2024\/wp-json\/wp\/v2\/media\/4337"}],"wp:attachment":[{"href":"https:\/\/ciavento.com.br\/2024\/wp-json\/wp\/v2\/media?parent=4227"}],"curies":[{"name":"wp","href":"https:\/\/api.w.org\/{rel}","templated":true}]}}