{"id":4230,"date":"2023-11-17T14:43:29","date_gmt":"2023-11-17T17:43:29","guid":{"rendered":"https:\/\/ciavento.com.br\/2024\/?post_type=product&#038;p=4230"},"modified":"2023-11-21T11:49:48","modified_gmt":"2023-11-21T14:49:48","slug":"ventilador-de-teto-sunny-branco-cv3-ventisol","status":"publish","type":"product","link":"https:\/\/ciavento.com.br\/2024\/produto\/ventiladores\/ventiladores-de-teto-residencial\/ventilador-de-teto-sunny-branco-cv3-ventisol\/","title":{"rendered":"Ventilador de Teto Sunny Branco CV3 Ventisol"},"content":{"rendered":"","protected":false},"excerpt":{"rendered":"<p><strong>\u2022 Ideal para resid\u00eancias:<\/strong><br \/>\nO fluxo de vento ideal para o conforto da fam\u00edlia.<br \/>\n<strong>\u2022 P\u00e1s em pl\u00e1stico:<\/strong><br \/>\nS\u00e3o leves e aumentam a vida \u00fatil do motor.<br \/>\n<strong>\u2022 P\u00e1s com garras integradas:\u00a0<\/strong><br \/>\nFacilidade na hora da montagem.<br \/>\n<strong>\u2022 Motor e haste em a\u00e7o tratado:<\/strong><br \/>\nA\u00e7o tratado com pintura que ajuda a proteger o aparelho e evita a corros\u00e3o.<br \/>\n<strong>\u2022 Lustre para duas l\u00e2mpadas:<\/strong><br \/>\nLustre fosco e perfeito acabamento.<br \/>\n<strong>\u2022 Acompanha Chave Cv3:<\/strong><br \/>\nChave de controle de velocidade de parede.<\/p>\n","protected":false},"featured_media":4234,"template":"","meta":[],"yoast_head":"<!-- This site is optimized with the Yoast SEO plugin v20.0 - https:\/\/yoast.com\/wordpress\/plugins\/seo\/ -->\n<title>Ventilador de Teto Sunny Branco CV3 Ventisol - Cia do Vento<\/title>\n<meta name=\"robots\" content=\"index, follow, max-snippet:-1, max-image-preview:large, max-video-preview:-1\" \/>\n<link rel=\"canonical\" href=\"https:\/\/ciavento.com.br\/2024\/produto\/ventiladores\/ventiladores-de-teto-residencial\/ventilador-de-teto-sunny-branco-cv3-ventisol\/\" \/>\n<meta property=\"og:locale\" content=\"pt_BR\" \/>\n<meta property=\"og:type\" content=\"article\" \/>\n<meta property=\"og:title\" content=\"Ventilador de Teto Sunny Branco CV3 Ventisol - Cia do Vento\" \/>\n<meta property=\"og:description\" content=\"\u2022 Ideal para resid\u00eancias: O fluxo de vento ideal para o conforto da fam\u00edlia. \u2022 P\u00e1s em pl\u00e1stico: S\u00e3o leves e aumentam a vida \u00fatil do motor. \u2022 P\u00e1s com garras integradas:\u00a0 Facilidade na hora da montagem. \u2022 Motor e haste em a\u00e7o tratado: A\u00e7o tratado com pintura que ajuda a proteger o aparelho e evita a corros\u00e3o. \u2022 Lustre para duas l\u00e2mpadas: Lustre fosco e perfeito acabamento. \u2022 Acompanha Chave Cv3: Chave de controle de velocidade de parede.\" \/>\n<meta property=\"og:url\" content=\"https:\/\/ciavento.com.br\/2024\/produto\/ventiladores\/ventiladores-de-teto-residencial\/ventilador-de-teto-sunny-branco-cv3-ventisol\/\" \/>\n<meta property=\"og:site_name\" content=\"Cia do Vento\" \/>\n<meta property=\"article:modified_time\" content=\"2023-11-21T14:49:48+00:00\" \/>\n<meta property=\"og:image\" content=\"https:\/\/ciavento.com.br\/2024\/wp-content\/uploads\/2023\/11\/Sunny-1-1.jpg\" \/>\n\t<meta property=\"og:image:width\" content=\"600\" \/>\n\t<meta property=\"og:image:height\" content=\"686\" \/>\n\t<meta property=\"og:image:type\" content=\"image\/jpeg\" \/>\n<meta name=\"twitter:card\" content=\"summary_large_image\" \/>\n<script type=\"application\/ld+json\" class=\"yoast-schema-graph\">{\"@context\":\"https:\/\/schema.org\",\"@graph\":[{\"@type\":\"WebPage\",\"@id\":\"https:\/\/ciavento.com.br\/2024\/produto\/ventiladores\/ventiladores-de-teto-residencial\/ventilador-de-teto-sunny-branco-cv3-ventisol\/\",\"url\":\"https:\/\/ciavento.com.br\/2024\/produto\/ventiladores\/ventiladores-de-teto-residencial\/ventilador-de-teto-sunny-branco-cv3-ventisol\/\",\"name\":\"Ventilador de Teto Sunny Branco CV3 Ventisol - Cia do Vento\",\"isPartOf\":{\"@id\":\"https:\/\/ciavento.com.br\/2024\/#website\"},\"datePublished\":\"2023-11-17T17:43:29+00:00\",\"dateModified\":\"2023-11-21T14:49:48+00:00\",\"breadcrumb\":{\"@id\":\"https:\/\/ciavento.com.br\/2024\/produto\/ventiladores\/ventiladores-de-teto-residencial\/ventilador-de-teto-sunny-branco-cv3-ventisol\/#breadcrumb\"},\"inLanguage\":\"pt-BR\",\"potentialAction\":[{\"@type\":\"ReadAction\",\"target\":[\"https:\/\/ciavento.com.br\/2024\/produto\/ventiladores\/ventiladores-de-teto-residencial\/ventilador-de-teto-sunny-branco-cv3-ventisol\/\"]}]},{\"@type\":\"BreadcrumbList\",\"@id\":\"https:\/\/ciavento.com.br\/2024\/produto\/ventiladores\/ventiladores-de-teto-residencial\/ventilador-de-teto-sunny-branco-cv3-ventisol\/#breadcrumb\",\"itemListElement\":[{\"@type\":\"ListItem\",\"position\":1,\"name\":\"In\u00edcio\",\"item\":\"https:\/\/ciavento.com.br\/2024\/\"},{\"@type\":\"ListItem\",\"position\":2,\"name\":\"Linha de Produtos\",\"item\":\"https:\/\/ciavento.com.br\/2024\/shop\/\"},{\"@type\":\"ListItem\",\"position\":3,\"name\":\"Ventilador de Teto Sunny Branco CV3 Ventisol\"}]},{\"@type\":\"WebSite\",\"@id\":\"https:\/\/ciavento.com.br\/2024\/#website\",\"url\":\"https:\/\/ciavento.com.br\/2024\/\",\"name\":\"Cia do Vento\",\"description\":\"VENTILADORES \u00b7 Ver VENTILADORES \u00b7 Ventiladores de Parede \u00b7 Ventiladores de Coluna \u00b7 Ventiladores de Mesa \u00b7 Ventiladores de Teto \u00b7 Circuladores de Ar.\",\"publisher\":{\"@id\":\"https:\/\/ciavento.com.br\/2024\/#organization\"},\"potentialAction\":[{\"@type\":\"SearchAction\",\"target\":{\"@type\":\"EntryPoint\",\"urlTemplate\":\"https:\/\/ciavento.com.br\/2024\/?s={search_term_string}\"},\"query-input\":\"required name=search_term_string\"}],\"inLanguage\":\"pt-BR\"},{\"@type\":\"Organization\",\"@id\":\"https:\/\/ciavento.com.br\/2024\/#organization\",\"name\":\"Cia do Vento\",\"url\":\"https:\/\/ciavento.com.br\/2024\/\",\"logo\":{\"@type\":\"ImageObject\",\"inLanguage\":\"pt-BR\",\"@id\":\"https:\/\/ciavento.com.br\/2024\/#\/schema\/logo\/image\/\",\"url\":\"https:\/\/ciavento.com.br\/2024\/wp-content\/uploads\/2023\/09\/logo-22.jpg\",\"contentUrl\":\"https:\/\/ciavento.com.br\/2024\/wp-content\/uploads\/2023\/09\/logo-22.jpg\",\"width\":1280,\"height\":617,\"caption\":\"Cia do Vento\"},\"image\":{\"@id\":\"https:\/\/ciavento.com.br\/2024\/#\/schema\/logo\/image\/\"}}]}<\/script>\n<!-- \/ Yoast SEO plugin. -->","yoast_head_json":{"title":"Ventilador de Teto Sunny Branco CV3 Ventisol - Cia do Vento","robots":{"index":"index","follow":"follow","max-snippet":"max-snippet:-1","max-image-preview":"max-image-preview:large","max-video-preview":"max-video-preview:-1"},"canonical":"https:\/\/ciavento.com.br\/2024\/produto\/ventiladores\/ventiladores-de-teto-residencial\/ventilador-de-teto-sunny-branco-cv3-ventisol\/","og_locale":"pt_BR","og_type":"article","og_title":"Ventilador de Teto Sunny Branco CV3 Ventisol - Cia do Vento","og_description":"\u2022 Ideal para resid\u00eancias: O fluxo de vento ideal para o conforto da fam\u00edlia. \u2022 P\u00e1s em pl\u00e1stico: S\u00e3o leves e aumentam a vida \u00fatil do motor. \u2022 P\u00e1s com garras integradas:\u00a0 Facilidade na hora da montagem. \u2022 Motor e haste em a\u00e7o tratado: A\u00e7o tratado com pintura que ajuda a proteger o aparelho e evita a corros\u00e3o. \u2022 Lustre para duas l\u00e2mpadas: Lustre fosco e perfeito acabamento. \u2022 Acompanha Chave Cv3: Chave de controle de velocidade de parede.","og_url":"https:\/\/ciavento.com.br\/2024\/produto\/ventiladores\/ventiladores-de-teto-residencial\/ventilador-de-teto-sunny-branco-cv3-ventisol\/","og_site_name":"Cia do Vento","article_modified_time":"2023-11-21T14:49:48+00:00","og_image":[{"width":600,"height":686,"url":"https:\/\/ciavento.com.br\/2024\/wp-content\/uploads\/2023\/11\/Sunny-1-1.jpg","type":"image\/jpeg"}],"twitter_card":"summary_large_image","schema":{"@context":"https:\/\/schema.org","@graph":[{"@type":"WebPage","@id":"https:\/\/ciavento.com.br\/2024\/produto\/ventiladores\/ventiladores-de-teto-residencial\/ventilador-de-teto-sunny-branco-cv3-ventisol\/","url":"https:\/\/ciavento.com.br\/2024\/produto\/ventiladores\/ventiladores-de-teto-residencial\/ventilador-de-teto-sunny-branco-cv3-ventisol\/","name":"Ventilador de Teto Sunny Branco CV3 Ventisol - Cia do Vento","isPartOf":{"@id":"https:\/\/ciavento.com.br\/2024\/#website"},"datePublished":"2023-11-17T17:43:29+00:00","dateModified":"2023-11-21T14:49:48+00:00","breadcrumb":{"@id":"https:\/\/ciavento.com.br\/2024\/produto\/ventiladores\/ventiladores-de-teto-residencial\/ventilador-de-teto-sunny-branco-cv3-ventisol\/#breadcrumb"},"inLanguage":"pt-BR","potentialAction":[{"@type":"ReadAction","target":["https:\/\/ciavento.com.br\/2024\/produto\/ventiladores\/ventiladores-de-teto-residencial\/ventilador-de-teto-sunny-branco-cv3-ventisol\/"]}]},{"@type":"BreadcrumbList","@id":"https:\/\/ciavento.com.br\/2024\/produto\/ventiladores\/ventiladores-de-teto-residencial\/ventilador-de-teto-sunny-branco-cv3-ventisol\/#breadcrumb","itemListElement":[{"@type":"ListItem","position":1,"name":"In\u00edcio","item":"https:\/\/ciavento.com.br\/2024\/"},{"@type":"ListItem","position":2,"name":"Linha de Produtos","item":"https:\/\/ciavento.com.br\/2024\/shop\/"},{"@type":"ListItem","position":3,"name":"Ventilador de Teto Sunny Branco CV3 Ventisol"}]},{"@type":"WebSite","@id":"https:\/\/ciavento.com.br\/2024\/#website","url":"https:\/\/ciavento.com.br\/2024\/","name":"Cia do Vento","description":"VENTILADORES \u00b7 Ver VENTILADORES \u00b7 Ventiladores de Parede \u00b7 Ventiladores de Coluna \u00b7 Ventiladores de Mesa \u00b7 Ventiladores de Teto \u00b7 Circuladores de Ar.","publisher":{"@id":"https:\/\/ciavento.com.br\/2024\/#organization"},"potentialAction":[{"@type":"SearchAction","target":{"@type":"EntryPoint","urlTemplate":"https:\/\/ciavento.com.br\/2024\/?s={search_term_string}"},"query-input":"required name=search_term_string"}],"inLanguage":"pt-BR"},{"@type":"Organization","@id":"https:\/\/ciavento.com.br\/2024\/#organization","name":"Cia do Vento","url":"https:\/\/ciavento.com.br\/2024\/","logo":{"@type":"ImageObject","inLanguage":"pt-BR","@id":"https:\/\/ciavento.com.br\/2024\/#\/schema\/logo\/image\/","url":"https:\/\/ciavento.com.br\/2024\/wp-content\/uploads\/2023\/09\/logo-22.jpg","contentUrl":"https:\/\/ciavento.com.br\/2024\/wp-content\/uploads\/2023\/09\/logo-22.jpg","width":1280,"height":617,"caption":"Cia do Vento"},"image":{"@id":"https:\/\/ciavento.com.br\/2024\/#\/schema\/logo\/image\/"}}]}},"_links":{"self":[{"href":"https:\/\/ciavento.com.br\/2024\/wp-json\/wp\/v2\/product\/4230"}],"collection":[{"href":"https:\/\/ciavento.com.br\/2024\/wp-json\/wp\/v2\/product"}],"about":[{"href":"https:\/\/ciavento.com.br\/2024\/wp-json\/wp\/v2\/types\/product"}],"wp:featuredmedia":[{"embeddable":true,"href":"https:\/\/ciavento.com.br\/2024\/wp-json\/wp\/v2\/media\/4234"}],"wp:attachment":[{"href":"https:\/\/ciavento.com.br\/2024\/wp-json\/wp\/v2\/media?parent=4230"}],"curies":[{"name":"wp","href":"https:\/\/api.w.org\/{rel}","templated":true}]}}