{"id":4328,"date":"2023-11-27T11:36:45","date_gmt":"2023-11-27T14:36:45","guid":{"rendered":"https:\/\/ciavento.com.br\/2024\/?post_type=product&#038;p=4328"},"modified":"2023-11-27T11:36:46","modified_gmt":"2023-11-27T14:36:46","slug":"exaustores-centrifugo-cia-do-vento-ecv-1-tar","status":"publish","type":"product","link":"https:\/\/ciavento.com.br\/2024\/produto\/locacao\/locacao-exaustores\/exaustores-centrifugo-cia-do-vento-ecv-1-tar\/","title":{"rendered":"Exaustores Centr\u00edfugo Cia do Vento ECV 1 TAR"},"content":{"rendered":"","protected":false},"excerpt":{"rendered":"<p><strong>Exaustores Centr\u00edfugo.<\/strong><br \/>\nExaustor com motor 1 hp, baixo n\u00edvel de ruido e excelente qualidade e durabilidade.<\/p>\n<p><strong>2 ANOS DE GARANTIA !!!<\/strong><\/p>\n","protected":false},"featured_media":4329,"template":"","meta":[],"yoast_head":"<!-- This site is optimized with the Yoast SEO plugin v20.0 - https:\/\/yoast.com\/wordpress\/plugins\/seo\/ -->\n<title>Exaustores Centr\u00edfugo Cia do Vento ECV 1 TAR - Cia do Vento<\/title>\n<meta name=\"robots\" content=\"index, follow, max-snippet:-1, max-image-preview:large, max-video-preview:-1\" \/>\n<link rel=\"canonical\" href=\"https:\/\/ciavento.com.br\/2024\/produto\/locacao\/locacao-exaustores\/exaustores-centrifugo-cia-do-vento-ecv-1-tar\/\" \/>\n<meta property=\"og:locale\" content=\"pt_BR\" \/>\n<meta property=\"og:type\" content=\"article\" \/>\n<meta property=\"og:title\" content=\"Exaustores Centr\u00edfugo Cia do Vento ECV 1 TAR - Cia do Vento\" \/>\n<meta property=\"og:description\" content=\"Exaustores Centr\u00edfugo. Exaustor com motor 1 hp, baixo n\u00edvel de ruido e excelente qualidade e durabilidade.  2 ANOS DE GARANTIA !!!\" \/>\n<meta property=\"og:url\" content=\"https:\/\/ciavento.com.br\/2024\/produto\/locacao\/locacao-exaustores\/exaustores-centrifugo-cia-do-vento-ecv-1-tar\/\" \/>\n<meta property=\"og:site_name\" content=\"Cia do Vento\" \/>\n<meta property=\"article:modified_time\" content=\"2023-11-27T14:36:46+00:00\" \/>\n<meta property=\"og:image\" content=\"https:\/\/ciavento.com.br\/2024\/wp-content\/uploads\/2023\/11\/ecv-1.jpg\" \/>\n\t<meta property=\"og:image:width\" content=\"804\" \/>\n\t<meta property=\"og:image:height\" content=\"804\" \/>\n\t<meta property=\"og:image:type\" content=\"image\/jpeg\" \/>\n<meta name=\"twitter:card\" content=\"summary_large_image\" \/>\n<script type=\"application\/ld+json\" class=\"yoast-schema-graph\">{\"@context\":\"https:\/\/schema.org\",\"@graph\":[{\"@type\":\"WebPage\",\"@id\":\"https:\/\/ciavento.com.br\/2024\/produto\/locacao\/locacao-exaustores\/exaustores-centrifugo-cia-do-vento-ecv-1-tar\/\",\"url\":\"https:\/\/ciavento.com.br\/2024\/produto\/locacao\/locacao-exaustores\/exaustores-centrifugo-cia-do-vento-ecv-1-tar\/\",\"name\":\"Exaustores Centr\u00edfugo Cia do Vento ECV 1 TAR - Cia do Vento\",\"isPartOf\":{\"@id\":\"https:\/\/ciavento.com.br\/2024\/#website\"},\"datePublished\":\"2023-11-27T14:36:45+00:00\",\"dateModified\":\"2023-11-27T14:36:46+00:00\",\"breadcrumb\":{\"@id\":\"https:\/\/ciavento.com.br\/2024\/produto\/locacao\/locacao-exaustores\/exaustores-centrifugo-cia-do-vento-ecv-1-tar\/#breadcrumb\"},\"inLanguage\":\"pt-BR\",\"potentialAction\":[{\"@type\":\"ReadAction\",\"target\":[\"https:\/\/ciavento.com.br\/2024\/produto\/locacao\/locacao-exaustores\/exaustores-centrifugo-cia-do-vento-ecv-1-tar\/\"]}]},{\"@type\":\"BreadcrumbList\",\"@id\":\"https:\/\/ciavento.com.br\/2024\/produto\/locacao\/locacao-exaustores\/exaustores-centrifugo-cia-do-vento-ecv-1-tar\/#breadcrumb\",\"itemListElement\":[{\"@type\":\"ListItem\",\"position\":1,\"name\":\"In\u00edcio\",\"item\":\"https:\/\/ciavento.com.br\/2024\/\"},{\"@type\":\"ListItem\",\"position\":2,\"name\":\"Linha de Produtos\",\"item\":\"https:\/\/ciavento.com.br\/2024\/shop\/\"},{\"@type\":\"ListItem\",\"position\":3,\"name\":\"Exaustores Centr\u00edfugo Cia do Vento ECV 1 TAR\"}]},{\"@type\":\"WebSite\",\"@id\":\"https:\/\/ciavento.com.br\/2024\/#website\",\"url\":\"https:\/\/ciavento.com.br\/2024\/\",\"name\":\"Cia do Vento\",\"description\":\"VENTILADORES \u00b7 Ver VENTILADORES \u00b7 Ventiladores de Parede \u00b7 Ventiladores de Coluna \u00b7 Ventiladores de Mesa \u00b7 Ventiladores de Teto \u00b7 Circuladores de Ar.\",\"publisher\":{\"@id\":\"https:\/\/ciavento.com.br\/2024\/#organization\"},\"potentialAction\":[{\"@type\":\"SearchAction\",\"target\":{\"@type\":\"EntryPoint\",\"urlTemplate\":\"https:\/\/ciavento.com.br\/2024\/?s={search_term_string}\"},\"query-input\":\"required name=search_term_string\"}],\"inLanguage\":\"pt-BR\"},{\"@type\":\"Organization\",\"@id\":\"https:\/\/ciavento.com.br\/2024\/#organization\",\"name\":\"Cia do Vento\",\"url\":\"https:\/\/ciavento.com.br\/2024\/\",\"logo\":{\"@type\":\"ImageObject\",\"inLanguage\":\"pt-BR\",\"@id\":\"https:\/\/ciavento.com.br\/2024\/#\/schema\/logo\/image\/\",\"url\":\"https:\/\/ciavento.com.br\/2024\/wp-content\/uploads\/2023\/09\/logo-22.jpg\",\"contentUrl\":\"https:\/\/ciavento.com.br\/2024\/wp-content\/uploads\/2023\/09\/logo-22.jpg\",\"width\":1280,\"height\":617,\"caption\":\"Cia do Vento\"},\"image\":{\"@id\":\"https:\/\/ciavento.com.br\/2024\/#\/schema\/logo\/image\/\"}}]}<\/script>\n<!-- \/ Yoast SEO plugin. -->","yoast_head_json":{"title":"Exaustores Centr\u00edfugo Cia do Vento ECV 1 TAR - Cia do Vento","robots":{"index":"index","follow":"follow","max-snippet":"max-snippet:-1","max-image-preview":"max-image-preview:large","max-video-preview":"max-video-preview:-1"},"canonical":"https:\/\/ciavento.com.br\/2024\/produto\/locacao\/locacao-exaustores\/exaustores-centrifugo-cia-do-vento-ecv-1-tar\/","og_locale":"pt_BR","og_type":"article","og_title":"Exaustores Centr\u00edfugo Cia do Vento ECV 1 TAR - Cia do Vento","og_description":"Exaustores Centr\u00edfugo. Exaustor com motor 1 hp, baixo n\u00edvel de ruido e excelente qualidade e durabilidade.  2 ANOS DE GARANTIA !!!","og_url":"https:\/\/ciavento.com.br\/2024\/produto\/locacao\/locacao-exaustores\/exaustores-centrifugo-cia-do-vento-ecv-1-tar\/","og_site_name":"Cia do Vento","article_modified_time":"2023-11-27T14:36:46+00:00","og_image":[{"width":804,"height":804,"url":"https:\/\/ciavento.com.br\/2024\/wp-content\/uploads\/2023\/11\/ecv-1.jpg","type":"image\/jpeg"}],"twitter_card":"summary_large_image","schema":{"@context":"https:\/\/schema.org","@graph":[{"@type":"WebPage","@id":"https:\/\/ciavento.com.br\/2024\/produto\/locacao\/locacao-exaustores\/exaustores-centrifugo-cia-do-vento-ecv-1-tar\/","url":"https:\/\/ciavento.com.br\/2024\/produto\/locacao\/locacao-exaustores\/exaustores-centrifugo-cia-do-vento-ecv-1-tar\/","name":"Exaustores Centr\u00edfugo Cia do Vento ECV 1 TAR - Cia do Vento","isPartOf":{"@id":"https:\/\/ciavento.com.br\/2024\/#website"},"datePublished":"2023-11-27T14:36:45+00:00","dateModified":"2023-11-27T14:36:46+00:00","breadcrumb":{"@id":"https:\/\/ciavento.com.br\/2024\/produto\/locacao\/locacao-exaustores\/exaustores-centrifugo-cia-do-vento-ecv-1-tar\/#breadcrumb"},"inLanguage":"pt-BR","potentialAction":[{"@type":"ReadAction","target":["https:\/\/ciavento.com.br\/2024\/produto\/locacao\/locacao-exaustores\/exaustores-centrifugo-cia-do-vento-ecv-1-tar\/"]}]},{"@type":"BreadcrumbList","@id":"https:\/\/ciavento.com.br\/2024\/produto\/locacao\/locacao-exaustores\/exaustores-centrifugo-cia-do-vento-ecv-1-tar\/#breadcrumb","itemListElement":[{"@type":"ListItem","position":1,"name":"In\u00edcio","item":"https:\/\/ciavento.com.br\/2024\/"},{"@type":"ListItem","position":2,"name":"Linha de Produtos","item":"https:\/\/ciavento.com.br\/2024\/shop\/"},{"@type":"ListItem","position":3,"name":"Exaustores Centr\u00edfugo Cia do Vento ECV 1 TAR"}]},{"@type":"WebSite","@id":"https:\/\/ciavento.com.br\/2024\/#website","url":"https:\/\/ciavento.com.br\/2024\/","name":"Cia do Vento","description":"VENTILADORES \u00b7 Ver VENTILADORES \u00b7 Ventiladores de Parede \u00b7 Ventiladores de Coluna \u00b7 Ventiladores de Mesa \u00b7 Ventiladores de Teto \u00b7 Circuladores de Ar.","publisher":{"@id":"https:\/\/ciavento.com.br\/2024\/#organization"},"potentialAction":[{"@type":"SearchAction","target":{"@type":"EntryPoint","urlTemplate":"https:\/\/ciavento.com.br\/2024\/?s={search_term_string}"},"query-input":"required name=search_term_string"}],"inLanguage":"pt-BR"},{"@type":"Organization","@id":"https:\/\/ciavento.com.br\/2024\/#organization","name":"Cia do Vento","url":"https:\/\/ciavento.com.br\/2024\/","logo":{"@type":"ImageObject","inLanguage":"pt-BR","@id":"https:\/\/ciavento.com.br\/2024\/#\/schema\/logo\/image\/","url":"https:\/\/ciavento.com.br\/2024\/wp-content\/uploads\/2023\/09\/logo-22.jpg","contentUrl":"https:\/\/ciavento.com.br\/2024\/wp-content\/uploads\/2023\/09\/logo-22.jpg","width":1280,"height":617,"caption":"Cia do Vento"},"image":{"@id":"https:\/\/ciavento.com.br\/2024\/#\/schema\/logo\/image\/"}}]}},"_links":{"self":[{"href":"https:\/\/ciavento.com.br\/2024\/wp-json\/wp\/v2\/product\/4328"}],"collection":[{"href":"https:\/\/ciavento.com.br\/2024\/wp-json\/wp\/v2\/product"}],"about":[{"href":"https:\/\/ciavento.com.br\/2024\/wp-json\/wp\/v2\/types\/product"}],"wp:featuredmedia":[{"embeddable":true,"href":"https:\/\/ciavento.com.br\/2024\/wp-json\/wp\/v2\/media\/4329"}],"wp:attachment":[{"href":"https:\/\/ciavento.com.br\/2024\/wp-json\/wp\/v2\/media?parent=4328"}],"curies":[{"name":"wp","href":"https:\/\/api.w.org\/{rel}","templated":true}]}}