{"id":4339,"date":"2023-11-27T16:55:09","date_gmt":"2023-11-27T19:55:09","guid":{"rendered":"https:\/\/ciavento.com.br\/2024\/?post_type=product&#038;p=4339"},"modified":"2024-05-02T16:41:41","modified_gmt":"2024-05-02T19:41:41","slug":"ventilador-de-parede-ventisol-monta-facil-50cm-127v","status":"publish","type":"product","link":"https:\/\/ciavento.com.br\/2024\/produto\/ventiladores\/ventiladores-de-parede\/ventilador-de-parede-ventisol-monta-facil-50cm-127v\/","title":{"rendered":"Ventilador de Parede Ventisol Monta F\u00e1cil 50cm 127v"},"content":{"rendered":"","protected":false},"excerpt":{"rendered":"<ul>\n<li><strong>Classe A Procel<\/strong><br \/>\nEm consumo de energia<\/li>\n<li><strong>H\u00e9lice 6 p\u00e1s<\/strong><br \/>\nAerodin\u00e2mica que gera maior ventila\u00e7\u00e3o<\/li>\n<li><strong>Grade pl\u00e1stica wind-line<\/strong><br \/>\nTecnologia e design que proporcionam melhor vaz\u00e3o e direcionamento de ar<\/li>\n<li><strong>Oscilante<\/strong><br \/>\nOscila\u00e7\u00e3o horizontal autom\u00e1tica<\/li>\n<li><strong>Motor turbo<\/strong><br \/>\nMaior \ufb02uxo de vento com mais economia<\/li>\n<li><strong>Inclina\u00e7\u00e3o regul\u00e1vel<\/strong><br \/>\nCom ajuste manual<\/li>\n<li><strong>Fus\u00edvel t\u00e9rmico<\/strong><br \/>\nDispositivo de prote\u00e7\u00e3o que garante a seguran\u00e7a do motor<\/li>\n<li><strong>Canopla de acabamento<\/strong><br \/>\nCom passa \ufb01o<\/li>\n<li><strong>Chave de controle para parede<\/strong><br \/>\nPossui tr\u00eas velocidades e cabo multi\ufb01lar de 2m de comprimento j\u00e1 conectado ao motor e mais plugue de conex\u00e3o el\u00e9trica<\/li>\n<\/ul>\n","protected":false},"featured_media":4340,"template":"","meta":[],"yoast_head":"<!-- This site is optimized with the Yoast SEO plugin v20.0 - https:\/\/yoast.com\/wordpress\/plugins\/seo\/ -->\n<title>Ventilador de Parede Ventisol Monta F\u00e1cil 50cm 127v - Cia do Vento<\/title>\n<meta name=\"robots\" content=\"index, follow, max-snippet:-1, max-image-preview:large, max-video-preview:-1\" \/>\n<link rel=\"canonical\" href=\"https:\/\/ciavento.com.br\/2024\/produto\/ventiladores\/ventiladores-de-parede\/ventilador-de-parede-ventisol-monta-facil-50cm-127v\/\" \/>\n<meta property=\"og:locale\" content=\"pt_BR\" \/>\n<meta property=\"og:type\" content=\"article\" \/>\n<meta property=\"og:title\" content=\"Ventilador de Parede Ventisol Monta F\u00e1cil 50cm 127v - Cia do Vento\" \/>\n<meta property=\"og:description\" content=\"Classe A Procel Em consumo de energia  H\u00e9lice 6 p\u00e1s Aerodin\u00e2mica que gera maior ventila\u00e7\u00e3o  Grade pl\u00e1stica wind-line Tecnologia e design que proporcionam melhor vaz\u00e3o e direcionamento de ar  Oscilante Oscila\u00e7\u00e3o horizontal autom\u00e1tica  Motor turbo Maior \ufb02uxo de vento com mais economia  Inclina\u00e7\u00e3o regul\u00e1vel Com ajuste manual  Fus\u00edvel t\u00e9rmico Dispositivo de prote\u00e7\u00e3o que garante a seguran\u00e7a do motor  Canopla de acabamento Com passa \ufb01o  Chave de controle para parede Possui tr\u00eas velocidades e cabo multi\ufb01lar de 2m de comprimento j\u00e1 conectado ao motor e mais plugue de conex\u00e3o el\u00e9trica\" \/>\n<meta property=\"og:url\" content=\"https:\/\/ciavento.com.br\/2024\/produto\/ventiladores\/ventiladores-de-parede\/ventilador-de-parede-ventisol-monta-facil-50cm-127v\/\" \/>\n<meta property=\"og:site_name\" content=\"Cia do Vento\" \/>\n<meta property=\"article:modified_time\" content=\"2024-05-02T19:41:41+00:00\" \/>\n<meta property=\"og:image\" content=\"https:\/\/ciavento.com.br\/2024\/wp-content\/uploads\/2023\/11\/monta-facil-ventisol.jpg\" \/>\n\t<meta property=\"og:image:width\" content=\"600\" \/>\n\t<meta property=\"og:image:height\" content=\"686\" \/>\n\t<meta property=\"og:image:type\" content=\"image\/jpeg\" \/>\n<meta name=\"twitter:card\" content=\"summary_large_image\" \/>\n<script type=\"application\/ld+json\" class=\"yoast-schema-graph\">{\"@context\":\"https:\/\/schema.org\",\"@graph\":[{\"@type\":\"WebPage\",\"@id\":\"https:\/\/ciavento.com.br\/2024\/produto\/ventiladores\/ventiladores-de-parede\/ventilador-de-parede-ventisol-monta-facil-50cm-127v\/\",\"url\":\"https:\/\/ciavento.com.br\/2024\/produto\/ventiladores\/ventiladores-de-parede\/ventilador-de-parede-ventisol-monta-facil-50cm-127v\/\",\"name\":\"Ventilador de Parede Ventisol Monta F\u00e1cil 50cm 127v - Cia do Vento\",\"isPartOf\":{\"@id\":\"https:\/\/ciavento.com.br\/2024\/#website\"},\"datePublished\":\"2023-11-27T19:55:09+00:00\",\"dateModified\":\"2024-05-02T19:41:41+00:00\",\"breadcrumb\":{\"@id\":\"https:\/\/ciavento.com.br\/2024\/produto\/ventiladores\/ventiladores-de-parede\/ventilador-de-parede-ventisol-monta-facil-50cm-127v\/#breadcrumb\"},\"inLanguage\":\"pt-BR\",\"potentialAction\":[{\"@type\":\"ReadAction\",\"target\":[\"https:\/\/ciavento.com.br\/2024\/produto\/ventiladores\/ventiladores-de-parede\/ventilador-de-parede-ventisol-monta-facil-50cm-127v\/\"]}]},{\"@type\":\"BreadcrumbList\",\"@id\":\"https:\/\/ciavento.com.br\/2024\/produto\/ventiladores\/ventiladores-de-parede\/ventilador-de-parede-ventisol-monta-facil-50cm-127v\/#breadcrumb\",\"itemListElement\":[{\"@type\":\"ListItem\",\"position\":1,\"name\":\"In\u00edcio\",\"item\":\"https:\/\/ciavento.com.br\/2024\/\"},{\"@type\":\"ListItem\",\"position\":2,\"name\":\"Linha de Produtos\",\"item\":\"https:\/\/ciavento.com.br\/2024\/shop\/\"},{\"@type\":\"ListItem\",\"position\":3,\"name\":\"Ventilador de Parede Ventisol Monta F\u00e1cil 50cm 127v\"}]},{\"@type\":\"WebSite\",\"@id\":\"https:\/\/ciavento.com.br\/2024\/#website\",\"url\":\"https:\/\/ciavento.com.br\/2024\/\",\"name\":\"Cia do Vento\",\"description\":\"VENTILADORES \u00b7 Ver VENTILADORES \u00b7 Ventiladores de Parede \u00b7 Ventiladores de Coluna \u00b7 Ventiladores de Mesa \u00b7 Ventiladores de Teto \u00b7 Circuladores de Ar.\",\"publisher\":{\"@id\":\"https:\/\/ciavento.com.br\/2024\/#organization\"},\"potentialAction\":[{\"@type\":\"SearchAction\",\"target\":{\"@type\":\"EntryPoint\",\"urlTemplate\":\"https:\/\/ciavento.com.br\/2024\/?s={search_term_string}\"},\"query-input\":\"required name=search_term_string\"}],\"inLanguage\":\"pt-BR\"},{\"@type\":\"Organization\",\"@id\":\"https:\/\/ciavento.com.br\/2024\/#organization\",\"name\":\"Cia do Vento\",\"url\":\"https:\/\/ciavento.com.br\/2024\/\",\"logo\":{\"@type\":\"ImageObject\",\"inLanguage\":\"pt-BR\",\"@id\":\"https:\/\/ciavento.com.br\/2024\/#\/schema\/logo\/image\/\",\"url\":\"https:\/\/ciavento.com.br\/2024\/wp-content\/uploads\/2023\/09\/logo-22.jpg\",\"contentUrl\":\"https:\/\/ciavento.com.br\/2024\/wp-content\/uploads\/2023\/09\/logo-22.jpg\",\"width\":1280,\"height\":617,\"caption\":\"Cia do Vento\"},\"image\":{\"@id\":\"https:\/\/ciavento.com.br\/2024\/#\/schema\/logo\/image\/\"}}]}<\/script>\n<!-- \/ Yoast SEO plugin. -->","yoast_head_json":{"title":"Ventilador de Parede Ventisol Monta F\u00e1cil 50cm 127v - Cia do Vento","robots":{"index":"index","follow":"follow","max-snippet":"max-snippet:-1","max-image-preview":"max-image-preview:large","max-video-preview":"max-video-preview:-1"},"canonical":"https:\/\/ciavento.com.br\/2024\/produto\/ventiladores\/ventiladores-de-parede\/ventilador-de-parede-ventisol-monta-facil-50cm-127v\/","og_locale":"pt_BR","og_type":"article","og_title":"Ventilador de Parede Ventisol Monta F\u00e1cil 50cm 127v - Cia do Vento","og_description":"Classe A Procel Em consumo de energia  H\u00e9lice 6 p\u00e1s Aerodin\u00e2mica que gera maior ventila\u00e7\u00e3o  Grade pl\u00e1stica wind-line Tecnologia e design que proporcionam melhor vaz\u00e3o e direcionamento de ar  Oscilante Oscila\u00e7\u00e3o horizontal autom\u00e1tica  Motor turbo Maior \ufb02uxo de vento com mais economia  Inclina\u00e7\u00e3o regul\u00e1vel Com ajuste manual  Fus\u00edvel t\u00e9rmico Dispositivo de prote\u00e7\u00e3o que garante a seguran\u00e7a do motor  Canopla de acabamento Com passa \ufb01o  Chave de controle para parede Possui tr\u00eas velocidades e cabo multi\ufb01lar de 2m de comprimento j\u00e1 conectado ao motor e mais plugue de conex\u00e3o el\u00e9trica","og_url":"https:\/\/ciavento.com.br\/2024\/produto\/ventiladores\/ventiladores-de-parede\/ventilador-de-parede-ventisol-monta-facil-50cm-127v\/","og_site_name":"Cia do Vento","article_modified_time":"2024-05-02T19:41:41+00:00","og_image":[{"width":600,"height":686,"url":"https:\/\/ciavento.com.br\/2024\/wp-content\/uploads\/2023\/11\/monta-facil-ventisol.jpg","type":"image\/jpeg"}],"twitter_card":"summary_large_image","schema":{"@context":"https:\/\/schema.org","@graph":[{"@type":"WebPage","@id":"https:\/\/ciavento.com.br\/2024\/produto\/ventiladores\/ventiladores-de-parede\/ventilador-de-parede-ventisol-monta-facil-50cm-127v\/","url":"https:\/\/ciavento.com.br\/2024\/produto\/ventiladores\/ventiladores-de-parede\/ventilador-de-parede-ventisol-monta-facil-50cm-127v\/","name":"Ventilador de Parede Ventisol Monta F\u00e1cil 50cm 127v - Cia do Vento","isPartOf":{"@id":"https:\/\/ciavento.com.br\/2024\/#website"},"datePublished":"2023-11-27T19:55:09+00:00","dateModified":"2024-05-02T19:41:41+00:00","breadcrumb":{"@id":"https:\/\/ciavento.com.br\/2024\/produto\/ventiladores\/ventiladores-de-parede\/ventilador-de-parede-ventisol-monta-facil-50cm-127v\/#breadcrumb"},"inLanguage":"pt-BR","potentialAction":[{"@type":"ReadAction","target":["https:\/\/ciavento.com.br\/2024\/produto\/ventiladores\/ventiladores-de-parede\/ventilador-de-parede-ventisol-monta-facil-50cm-127v\/"]}]},{"@type":"BreadcrumbList","@id":"https:\/\/ciavento.com.br\/2024\/produto\/ventiladores\/ventiladores-de-parede\/ventilador-de-parede-ventisol-monta-facil-50cm-127v\/#breadcrumb","itemListElement":[{"@type":"ListItem","position":1,"name":"In\u00edcio","item":"https:\/\/ciavento.com.br\/2024\/"},{"@type":"ListItem","position":2,"name":"Linha de Produtos","item":"https:\/\/ciavento.com.br\/2024\/shop\/"},{"@type":"ListItem","position":3,"name":"Ventilador de Parede Ventisol Monta F\u00e1cil 50cm 127v"}]},{"@type":"WebSite","@id":"https:\/\/ciavento.com.br\/2024\/#website","url":"https:\/\/ciavento.com.br\/2024\/","name":"Cia do Vento","description":"VENTILADORES \u00b7 Ver VENTILADORES \u00b7 Ventiladores de Parede \u00b7 Ventiladores de Coluna \u00b7 Ventiladores de Mesa \u00b7 Ventiladores de Teto \u00b7 Circuladores de Ar.","publisher":{"@id":"https:\/\/ciavento.com.br\/2024\/#organization"},"potentialAction":[{"@type":"SearchAction","target":{"@type":"EntryPoint","urlTemplate":"https:\/\/ciavento.com.br\/2024\/?s={search_term_string}"},"query-input":"required name=search_term_string"}],"inLanguage":"pt-BR"},{"@type":"Organization","@id":"https:\/\/ciavento.com.br\/2024\/#organization","name":"Cia do Vento","url":"https:\/\/ciavento.com.br\/2024\/","logo":{"@type":"ImageObject","inLanguage":"pt-BR","@id":"https:\/\/ciavento.com.br\/2024\/#\/schema\/logo\/image\/","url":"https:\/\/ciavento.com.br\/2024\/wp-content\/uploads\/2023\/09\/logo-22.jpg","contentUrl":"https:\/\/ciavento.com.br\/2024\/wp-content\/uploads\/2023\/09\/logo-22.jpg","width":1280,"height":617,"caption":"Cia do Vento"},"image":{"@id":"https:\/\/ciavento.com.br\/2024\/#\/schema\/logo\/image\/"}}]}},"_links":{"self":[{"href":"https:\/\/ciavento.com.br\/2024\/wp-json\/wp\/v2\/product\/4339"}],"collection":[{"href":"https:\/\/ciavento.com.br\/2024\/wp-json\/wp\/v2\/product"}],"about":[{"href":"https:\/\/ciavento.com.br\/2024\/wp-json\/wp\/v2\/types\/product"}],"wp:featuredmedia":[{"embeddable":true,"href":"https:\/\/ciavento.com.br\/2024\/wp-json\/wp\/v2\/media\/4340"}],"wp:attachment":[{"href":"https:\/\/ciavento.com.br\/2024\/wp-json\/wp\/v2\/media?parent=4339"}],"curies":[{"name":"wp","href":"https:\/\/api.w.org\/{rel}","templated":true}]}}