{"id":5233,"date":"2024-05-02T14:57:23","date_gmt":"2024-05-02T17:57:23","guid":{"rendered":"https:\/\/ciavento.com.br\/2024\/?post_type=product&#038;p=5233"},"modified":"2024-05-02T14:59:37","modified_gmt":"2024-05-02T17:59:37","slug":"aquafresh-intense-200-copia","status":"publish","type":"product","link":"https:\/\/ciavento.com.br\/2024\/produto\/purificadores-e-bebedouros\/aquafresh-intense-200-copia\/","title":{"rendered":"AQUAFRESH INTENSE 200"},"content":{"rendered":"","protected":false},"excerpt":{"rendered":"<p>PLD INICIAL \u2013 para filtragem f\u00edsica, como part\u00edculas s\u00f3lidas, barro, ferrugem, limo e redu\u00e7\u00e3o de acidez da \u00e1gua por conter dolomita em sua composi\u00e7\u00e3o e sua cadeia de pol\u00edmeros aglomerados proporciona maior filtra\u00e7\u00e3o e clarifica\u00e7\u00e3o da \u00e1gua. CARV\u00c3O ATIVADO \u2013 elimina cloro, cloraminas, fen\u00f3is, algas, inseticidas, pesticidas, gosto, odor e reduz mat\u00e9ria org\u00e2nica, inibindo a prolifera\u00e7\u00e3o de bact\u00e9rias no interior do filtro, por estar impregnado com prata coloidal. Possui granulometria adequada que proporciona excelente filtra\u00e7\u00e3o de contaminantes qu\u00edmicos da \u00e1gua. PLD POLIDOR \u2013 polimento, clarifica\u00e7\u00e3o final da \u00e1gua, regula o pH atrav\u00e9s da dolomita em sua composi\u00e7\u00e3o. \u00daltimo est\u00e1gio por onde passa a \u00e1gua, deixando-a mais leve e cristalina, pronta para beber e proporcionar mais sa\u00fade.<\/p>\n<div class=\"wpb_text_column wpb_content_element \">\n<div class=\"wpb_wrapper\">\n<div align=\"justify\"><strong>RECOMENDA\u00c7\u00d5ES:<\/strong><br \/>\n\u00c9 recomend\u00e1vel trocar o refil a cada 06 (seis) meses ou 3.000 litros de \u00e1gua, de acordo com a legisla\u00e7\u00e3o. Capacidade e vida \u00fatil 3.000 litros.<br \/>\nProduto de acordo com a norma ABNT NBR 16098:2012.<\/div>\n<\/div>\n<\/div>\n<div class=\"vc_empty_space\"><\/div>\n<div class=\"wpb_text_column wpb_content_element \">\n<div class=\"wpb_wrapper\">\n<div align=\"justify\"><strong>SISTEMA DE QUALIDADE<\/strong><br \/>\nExclusiva\u00a0tecnologia PLD Purity Max de reten\u00e7\u00e3o de part\u00edculas\u00a0(Pol\u00edmero\u00a0+ Dolomita).<\/div>\n<\/div>\n<\/div>\n<div class=\"vc_empty_space\"><\/div>\n<div class=\"wpb_text_column wpb_content_element \">\n<div class=\"wpb_wrapper\">\n<div align=\"justify\"><strong>COMPOSI\u00c7\u00c3O DO APARELHO:<\/strong><br \/>\n<strong>Copo e Tampa:<\/strong>\u00a0em polipropileno com carbonato de c\u00e1lcio.<br \/>\n<strong>Refil:<\/strong>\u00a0Copo em polipropileno, interno PLD e Carv\u00e3o Ativado<\/div>\n<\/div>\n<\/div>\n<div class=\"vc_empty_space\"><\/div>\n<div class=\"wpb_text_column wpb_content_element \">\n<div class=\"wpb_wrapper\">\n<div align=\"justify\"><strong>INSTRU\u00c7\u00c3O:<\/strong><br \/>\n<strong>1.<\/strong>\u00a0Desatarraxe a tampa da carca\u00e7a do filtro.<br \/>\n<strong>2.<\/strong>\u00a0Utilize um niple para fixar a tampa na parede ou local de uso.<br \/>\n<strong>3.<\/strong>\u00a0Observe a seta de indica\u00e7\u00e3o de sa\u00edda da \u00e1gua.<br \/>\n<strong>4.<\/strong>\u00a0Rosqueie o refil na tampa sem for\u00e7ar demais \/n\u00e3o \u00e9 necess\u00e1rio teflon.<br \/>\n<strong>5.<\/strong>\u00a0Rosqueie a carca\u00e7a na tampa.<br \/>\n<strong>6.<\/strong>\u00a0Coloque a torneira de sua prefer\u00eancia na sa\u00edda da tampa.<br \/>\n<strong>7.<\/strong>\u00a0Deixe escorrer aproximadamente 3 litros de \u00e1gua, at\u00e9 sair o excesso de<br \/>\ncarv\u00e3o ativado.<br \/>\n<strong>8.<\/strong>\u00a0Na troca do refil, pressione o bot\u00e3o despressurizador para facilitar a abertura<\/div>\n<\/div>\n<\/div>\n","protected":false},"featured_media":5229,"template":"","meta":[],"yoast_head":"<!-- This site is optimized with the Yoast SEO plugin v20.0 - https:\/\/yoast.com\/wordpress\/plugins\/seo\/ -->\n<title>AQUAFRESH INTENSE 200 - Cia do Vento<\/title>\n<meta name=\"robots\" content=\"index, follow, max-snippet:-1, max-image-preview:large, max-video-preview:-1\" \/>\n<link rel=\"canonical\" href=\"https:\/\/ciavento.com.br\/2024\/produto\/purificadores-e-bebedouros\/aquafresh-intense-200-copia\/\" \/>\n<meta property=\"og:locale\" content=\"pt_BR\" \/>\n<meta property=\"og:type\" content=\"article\" \/>\n<meta property=\"og:title\" content=\"AQUAFRESH INTENSE 200 - Cia do Vento\" \/>\n<meta property=\"og:description\" content=\"PLD INICIAL \u2013 para filtragem f\u00edsica, como part\u00edculas s\u00f3lidas, barro, ferrugem, limo e redu\u00e7\u00e3o de acidez da \u00e1gua por conter dolomita em sua composi\u00e7\u00e3o e sua cadeia de pol\u00edmeros aglomerados proporciona maior filtra\u00e7\u00e3o e clarifica\u00e7\u00e3o da \u00e1gua. CARV\u00c3O ATIVADO \u2013 elimina cloro, cloraminas, fen\u00f3is, algas, inseticidas, pesticidas, gosto, odor e reduz mat\u00e9ria org\u00e2nica, inibindo a prolifera\u00e7\u00e3o de bact\u00e9rias no interior do filtro, por estar impregnado com prata coloidal. Possui granulometria adequada que proporciona excelente filtra\u00e7\u00e3o de contaminantes qu\u00edmicos da \u00e1gua. PLD POLIDOR \u2013 polimento, clarifica\u00e7\u00e3o final da \u00e1gua, regula o pH atrav\u00e9s da dolomita em sua composi\u00e7\u00e3o. \u00daltimo est\u00e1gio por onde passa a \u00e1gua, deixando-a mais leve e cristalina, pronta para beber e proporcionar mais sa\u00fade.   RECOMENDA\u00c7\u00d5ES: \u00c9 recomend\u00e1vel trocar o refil a cada 06 (seis) meses ou 3.000 litros de \u00e1gua, de acordo com a legisla\u00e7\u00e3o. Capacidade e vida \u00fatil 3.000 litros. Produto de acordo com a norma ABNT NBR 16098:2012.      SISTEMA DE QUALIDADE Exclusiva\u00a0tecnologia PLD Purity Max de reten\u00e7\u00e3o de part\u00edculas\u00a0(Pol\u00edmero\u00a0+ Dolomita).      COMPOSI\u00c7\u00c3O DO APARELHO: Copo e Tampa:\u00a0em polipropileno com carbonato de c\u00e1lcio. Refil:\u00a0Copo em polipropileno, interno PLD e Carv\u00e3o Ativado      INSTRU\u00c7\u00c3O: 1.\u00a0Desatarraxe a tampa da carca\u00e7a do filtro. 2.\u00a0Utilize um niple para fixar a tampa na parede ou local de uso. 3.\u00a0Observe a seta de indica\u00e7\u00e3o de sa\u00edda da \u00e1gua. 4.\u00a0Rosqueie o refil na tampa sem for\u00e7ar demais \/n\u00e3o \u00e9 necess\u00e1rio teflon. 5.\u00a0Rosqueie a carca\u00e7a na tampa. 6.\u00a0Coloque a torneira de sua prefer\u00eancia na sa\u00edda da tampa. 7.\u00a0Deixe escorrer aproximadamente 3 litros de \u00e1gua, at\u00e9 sair o excesso de carv\u00e3o ativado. 8.\u00a0Na troca do refil, pressione o bot\u00e3o despressurizador para facilitar a abertura\" \/>\n<meta property=\"og:url\" content=\"https:\/\/ciavento.com.br\/2024\/produto\/purificadores-e-bebedouros\/aquafresh-intense-200-copia\/\" \/>\n<meta property=\"og:site_name\" content=\"Cia do Vento\" \/>\n<meta property=\"article:modified_time\" content=\"2024-05-02T17:59:37+00:00\" \/>\n<meta property=\"og:image\" content=\"https:\/\/ciavento.com.br\/2024\/wp-content\/uploads\/2024\/05\/aquafresh-intense200.jpg\" \/>\n\t<meta property=\"og:image:width\" content=\"600\" \/>\n\t<meta property=\"og:image:height\" content=\"686\" \/>\n\t<meta property=\"og:image:type\" content=\"image\/jpeg\" \/>\n<meta name=\"twitter:card\" content=\"summary_large_image\" \/>\n<script type=\"application\/ld+json\" class=\"yoast-schema-graph\">{\"@context\":\"https:\/\/schema.org\",\"@graph\":[{\"@type\":\"WebPage\",\"@id\":\"https:\/\/ciavento.com.br\/2024\/produto\/purificadores-e-bebedouros\/aquafresh-intense-200-copia\/\",\"url\":\"https:\/\/ciavento.com.br\/2024\/produto\/purificadores-e-bebedouros\/aquafresh-intense-200-copia\/\",\"name\":\"AQUAFRESH INTENSE 200 - Cia do Vento\",\"isPartOf\":{\"@id\":\"https:\/\/ciavento.com.br\/2024\/#website\"},\"datePublished\":\"2024-05-02T17:57:23+00:00\",\"dateModified\":\"2024-05-02T17:59:37+00:00\",\"breadcrumb\":{\"@id\":\"https:\/\/ciavento.com.br\/2024\/produto\/purificadores-e-bebedouros\/aquafresh-intense-200-copia\/#breadcrumb\"},\"inLanguage\":\"pt-BR\",\"potentialAction\":[{\"@type\":\"ReadAction\",\"target\":[\"https:\/\/ciavento.com.br\/2024\/produto\/purificadores-e-bebedouros\/aquafresh-intense-200-copia\/\"]}]},{\"@type\":\"BreadcrumbList\",\"@id\":\"https:\/\/ciavento.com.br\/2024\/produto\/purificadores-e-bebedouros\/aquafresh-intense-200-copia\/#breadcrumb\",\"itemListElement\":[{\"@type\":\"ListItem\",\"position\":1,\"name\":\"In\u00edcio\",\"item\":\"https:\/\/ciavento.com.br\/2024\/\"},{\"@type\":\"ListItem\",\"position\":2,\"name\":\"Linha de Produtos\",\"item\":\"https:\/\/ciavento.com.br\/2024\/shop\/\"},{\"@type\":\"ListItem\",\"position\":3,\"name\":\"AQUAFRESH INTENSE 200\"}]},{\"@type\":\"WebSite\",\"@id\":\"https:\/\/ciavento.com.br\/2024\/#website\",\"url\":\"https:\/\/ciavento.com.br\/2024\/\",\"name\":\"Cia do Vento\",\"description\":\"VENTILADORES \u00b7 Ver VENTILADORES \u00b7 Ventiladores de Parede \u00b7 Ventiladores de Coluna \u00b7 Ventiladores de Mesa \u00b7 Ventiladores de Teto \u00b7 Circuladores de Ar.\",\"publisher\":{\"@id\":\"https:\/\/ciavento.com.br\/2024\/#organization\"},\"potentialAction\":[{\"@type\":\"SearchAction\",\"target\":{\"@type\":\"EntryPoint\",\"urlTemplate\":\"https:\/\/ciavento.com.br\/2024\/?s={search_term_string}\"},\"query-input\":\"required name=search_term_string\"}],\"inLanguage\":\"pt-BR\"},{\"@type\":\"Organization\",\"@id\":\"https:\/\/ciavento.com.br\/2024\/#organization\",\"name\":\"Cia do Vento\",\"url\":\"https:\/\/ciavento.com.br\/2024\/\",\"logo\":{\"@type\":\"ImageObject\",\"inLanguage\":\"pt-BR\",\"@id\":\"https:\/\/ciavento.com.br\/2024\/#\/schema\/logo\/image\/\",\"url\":\"https:\/\/ciavento.com.br\/2024\/wp-content\/uploads\/2023\/09\/logo-22.jpg\",\"contentUrl\":\"https:\/\/ciavento.com.br\/2024\/wp-content\/uploads\/2023\/09\/logo-22.jpg\",\"width\":1280,\"height\":617,\"caption\":\"Cia do Vento\"},\"image\":{\"@id\":\"https:\/\/ciavento.com.br\/2024\/#\/schema\/logo\/image\/\"}}]}<\/script>\n<!-- \/ Yoast SEO plugin. -->","yoast_head_json":{"title":"AQUAFRESH INTENSE 200 - Cia do Vento","robots":{"index":"index","follow":"follow","max-snippet":"max-snippet:-1","max-image-preview":"max-image-preview:large","max-video-preview":"max-video-preview:-1"},"canonical":"https:\/\/ciavento.com.br\/2024\/produto\/purificadores-e-bebedouros\/aquafresh-intense-200-copia\/","og_locale":"pt_BR","og_type":"article","og_title":"AQUAFRESH INTENSE 200 - Cia do Vento","og_description":"PLD INICIAL \u2013 para filtragem f\u00edsica, como part\u00edculas s\u00f3lidas, barro, ferrugem, limo e redu\u00e7\u00e3o de acidez da \u00e1gua por conter dolomita em sua composi\u00e7\u00e3o e sua cadeia de pol\u00edmeros aglomerados proporciona maior filtra\u00e7\u00e3o e clarifica\u00e7\u00e3o da \u00e1gua. CARV\u00c3O ATIVADO \u2013 elimina cloro, cloraminas, fen\u00f3is, algas, inseticidas, pesticidas, gosto, odor e reduz mat\u00e9ria org\u00e2nica, inibindo a prolifera\u00e7\u00e3o de bact\u00e9rias no interior do filtro, por estar impregnado com prata coloidal. Possui granulometria adequada que proporciona excelente filtra\u00e7\u00e3o de contaminantes qu\u00edmicos da \u00e1gua. PLD POLIDOR \u2013 polimento, clarifica\u00e7\u00e3o final da \u00e1gua, regula o pH atrav\u00e9s da dolomita em sua composi\u00e7\u00e3o. \u00daltimo est\u00e1gio por onde passa a \u00e1gua, deixando-a mais leve e cristalina, pronta para beber e proporcionar mais sa\u00fade.   RECOMENDA\u00c7\u00d5ES: \u00c9 recomend\u00e1vel trocar o refil a cada 06 (seis) meses ou 3.000 litros de \u00e1gua, de acordo com a legisla\u00e7\u00e3o. Capacidade e vida \u00fatil 3.000 litros. Produto de acordo com a norma ABNT NBR 16098:2012.      SISTEMA DE QUALIDADE Exclusiva\u00a0tecnologia PLD Purity Max de reten\u00e7\u00e3o de part\u00edculas\u00a0(Pol\u00edmero\u00a0+ Dolomita).      COMPOSI\u00c7\u00c3O DO APARELHO: Copo e Tampa:\u00a0em polipropileno com carbonato de c\u00e1lcio. Refil:\u00a0Copo em polipropileno, interno PLD e Carv\u00e3o Ativado      INSTRU\u00c7\u00c3O: 1.\u00a0Desatarraxe a tampa da carca\u00e7a do filtro. 2.\u00a0Utilize um niple para fixar a tampa na parede ou local de uso. 3.\u00a0Observe a seta de indica\u00e7\u00e3o de sa\u00edda da \u00e1gua. 4.\u00a0Rosqueie o refil na tampa sem for\u00e7ar demais \/n\u00e3o \u00e9 necess\u00e1rio teflon. 5.\u00a0Rosqueie a carca\u00e7a na tampa. 6.\u00a0Coloque a torneira de sua prefer\u00eancia na sa\u00edda da tampa. 7.\u00a0Deixe escorrer aproximadamente 3 litros de \u00e1gua, at\u00e9 sair o excesso de carv\u00e3o ativado. 8.\u00a0Na troca do refil, pressione o bot\u00e3o despressurizador para facilitar a abertura","og_url":"https:\/\/ciavento.com.br\/2024\/produto\/purificadores-e-bebedouros\/aquafresh-intense-200-copia\/","og_site_name":"Cia do Vento","article_modified_time":"2024-05-02T17:59:37+00:00","og_image":[{"width":600,"height":686,"url":"https:\/\/ciavento.com.br\/2024\/wp-content\/uploads\/2024\/05\/aquafresh-intense200.jpg","type":"image\/jpeg"}],"twitter_card":"summary_large_image","schema":{"@context":"https:\/\/schema.org","@graph":[{"@type":"WebPage","@id":"https:\/\/ciavento.com.br\/2024\/produto\/purificadores-e-bebedouros\/aquafresh-intense-200-copia\/","url":"https:\/\/ciavento.com.br\/2024\/produto\/purificadores-e-bebedouros\/aquafresh-intense-200-copia\/","name":"AQUAFRESH INTENSE 200 - Cia do Vento","isPartOf":{"@id":"https:\/\/ciavento.com.br\/2024\/#website"},"datePublished":"2024-05-02T17:57:23+00:00","dateModified":"2024-05-02T17:59:37+00:00","breadcrumb":{"@id":"https:\/\/ciavento.com.br\/2024\/produto\/purificadores-e-bebedouros\/aquafresh-intense-200-copia\/#breadcrumb"},"inLanguage":"pt-BR","potentialAction":[{"@type":"ReadAction","target":["https:\/\/ciavento.com.br\/2024\/produto\/purificadores-e-bebedouros\/aquafresh-intense-200-copia\/"]}]},{"@type":"BreadcrumbList","@id":"https:\/\/ciavento.com.br\/2024\/produto\/purificadores-e-bebedouros\/aquafresh-intense-200-copia\/#breadcrumb","itemListElement":[{"@type":"ListItem","position":1,"name":"In\u00edcio","item":"https:\/\/ciavento.com.br\/2024\/"},{"@type":"ListItem","position":2,"name":"Linha de Produtos","item":"https:\/\/ciavento.com.br\/2024\/shop\/"},{"@type":"ListItem","position":3,"name":"AQUAFRESH INTENSE 200"}]},{"@type":"WebSite","@id":"https:\/\/ciavento.com.br\/2024\/#website","url":"https:\/\/ciavento.com.br\/2024\/","name":"Cia do Vento","description":"VENTILADORES \u00b7 Ver VENTILADORES \u00b7 Ventiladores de Parede \u00b7 Ventiladores de Coluna \u00b7 Ventiladores de Mesa \u00b7 Ventiladores de Teto \u00b7 Circuladores de Ar.","publisher":{"@id":"https:\/\/ciavento.com.br\/2024\/#organization"},"potentialAction":[{"@type":"SearchAction","target":{"@type":"EntryPoint","urlTemplate":"https:\/\/ciavento.com.br\/2024\/?s={search_term_string}"},"query-input":"required name=search_term_string"}],"inLanguage":"pt-BR"},{"@type":"Organization","@id":"https:\/\/ciavento.com.br\/2024\/#organization","name":"Cia do Vento","url":"https:\/\/ciavento.com.br\/2024\/","logo":{"@type":"ImageObject","inLanguage":"pt-BR","@id":"https:\/\/ciavento.com.br\/2024\/#\/schema\/logo\/image\/","url":"https:\/\/ciavento.com.br\/2024\/wp-content\/uploads\/2023\/09\/logo-22.jpg","contentUrl":"https:\/\/ciavento.com.br\/2024\/wp-content\/uploads\/2023\/09\/logo-22.jpg","width":1280,"height":617,"caption":"Cia do Vento"},"image":{"@id":"https:\/\/ciavento.com.br\/2024\/#\/schema\/logo\/image\/"}}]}},"_links":{"self":[{"href":"https:\/\/ciavento.com.br\/2024\/wp-json\/wp\/v2\/product\/5233"}],"collection":[{"href":"https:\/\/ciavento.com.br\/2024\/wp-json\/wp\/v2\/product"}],"about":[{"href":"https:\/\/ciavento.com.br\/2024\/wp-json\/wp\/v2\/types\/product"}],"wp:featuredmedia":[{"embeddable":true,"href":"https:\/\/ciavento.com.br\/2024\/wp-json\/wp\/v2\/media\/5229"}],"wp:attachment":[{"href":"https:\/\/ciavento.com.br\/2024\/wp-json\/wp\/v2\/media?parent=5233"}],"curies":[{"name":"wp","href":"https:\/\/api.w.org\/{rel}","templated":true}]}}