{"id":5323,"date":"2024-05-06T15:54:34","date_gmt":"2024-05-06T18:54:34","guid":{"rendered":"https:\/\/ciavento.com.br\/2024\/?post_type=product&#038;p=5323"},"modified":"2024-06-07T16:50:26","modified_gmt":"2024-06-07T19:50:26","slug":"exaustor-goar-50cm-tradicional","status":"publish","type":"product","link":"https:\/\/ciavento.com.br\/2024\/produto\/exaustores\/exaustores-axiais\/exaustor-goar-50cm-tradicional\/","title":{"rendered":"Exaustor Goar 50cm Pesado"},"content":{"rendered":"","protected":false},"excerpt":{"rendered":"<p>O exaustor industrial\u00a0<strong>GOAR<\/strong>, indicado para uso industrial e em espa\u00e7os que exigem grande circula\u00e7\u00e3o de ar, oferece maior durabilidade e resist\u00eancia.<\/p>\n<p><strong>Produto 100% fabricado no Brasil<\/strong>, garantindo mais efici\u00eancia e qualidade.<\/p>\n<p><strong>ALTA POT\u00caNCIA<br \/>\n<\/strong>Desenvolvido para aplica\u00e7\u00f5es mais severas.<\/p>\n<p><strong>MOTOR PR\u00d3PRIO<br \/>\n<\/strong>Motor de fabrica\u00e7\u00e3o pr\u00f3pria, maior pot\u00eancia e menor consumo.<\/p>\n<p><strong>H\u00e9lices galvanizadas.<\/strong><\/p>\n<p>Indicado para uso em empresas, f\u00e1bricas, padarias, cozinhas industriais, restaurantes, chapea\u00e7\u00f5es, funilarias, e quaisquer outros ambientes que exijam troca de ar constante.<\/p>\n<p>A estrutura e as h\u00e9lices s\u00e3o feitas com material de chapa galvanizada, entregando maior vida \u00fatil ao produto.<\/p>\n<p>Especifica\u00e7\u00f5es T\u00e9cnicas<br \/>\nDi\u00e2metro [cm]:50<br \/>\nProfundidade [cm]:24<br \/>\nAlimenta\u00e7\u00e3o: Monof\u00e1sico<br \/>\nTens\u00e3o: 127 \/ 220<br \/>\nPot\u00eancia [hp]: 1<br \/>\nVaz\u00e3o [m\u00b3\/min]: 135<br \/>\nPress\u00e3o [mmH20]:17<br \/>\nRota\u00e7\u00e3o [rpm]: 1600<br \/>\nRu\u00eddo [dB]: 82<br \/>\nP\u00e1s:6<br \/>\nPESO LIQU\u00cdDO [KG]: 12,62<br \/>\nPESO BRUTO [KG] 13.9<br \/>\nChave Revers\u00e3o: Inclusa<\/p>\n","protected":false},"featured_media":5639,"template":"","meta":[],"yoast_head":"<!-- This site is optimized with the Yoast SEO plugin v20.0 - https:\/\/yoast.com\/wordpress\/plugins\/seo\/ -->\n<title>Exaustor Goar 50cm Pesado - Cia do Vento<\/title>\n<meta name=\"robots\" content=\"index, follow, max-snippet:-1, max-image-preview:large, max-video-preview:-1\" \/>\n<link rel=\"canonical\" href=\"https:\/\/ciavento.com.br\/2024\/produto\/exaustores\/exaustores-axiais\/exaustor-goar-50cm-tradicional\/\" \/>\n<meta property=\"og:locale\" content=\"pt_BR\" \/>\n<meta property=\"og:type\" content=\"article\" \/>\n<meta property=\"og:title\" content=\"Exaustor Goar 50cm Pesado - Cia do Vento\" \/>\n<meta property=\"og:description\" content=\"O exaustor industrial\u00a0GOAR, indicado para uso industrial e em espa\u00e7os que exigem grande circula\u00e7\u00e3o de ar, oferece maior durabilidade e resist\u00eancia.  Produto 100% fabricado no Brasil, garantindo mais efici\u00eancia e qualidade.  ALTA POT\u00caNCIA Desenvolvido para aplica\u00e7\u00f5es mais severas.  MOTOR PR\u00d3PRIO Motor de fabrica\u00e7\u00e3o pr\u00f3pria, maior pot\u00eancia e menor consumo.  H\u00e9lices galvanizadas.  Indicado para uso em empresas, f\u00e1bricas, padarias, cozinhas industriais, restaurantes, chapea\u00e7\u00f5es, funilarias, e quaisquer outros ambientes que exijam troca de ar constante.  A estrutura e as h\u00e9lices s\u00e3o feitas com material de chapa galvanizada, entregando maior vida \u00fatil ao produto.  Especifica\u00e7\u00f5es T\u00e9cnicas Di\u00e2metro [cm]:50 Profundidade [cm]:24 Alimenta\u00e7\u00e3o: Monof\u00e1sico Tens\u00e3o: 127 \/ 220 Pot\u00eancia [hp]: 1 Vaz\u00e3o [m\u00b3\/min]: 135 Press\u00e3o [mmH20]:17 Rota\u00e7\u00e3o [rpm]: 1600 Ru\u00eddo [dB]: 82 P\u00e1s:6 PESO LIQU\u00cdDO [KG]: 12,62 PESO BRUTO [KG] 13.9 Chave Revers\u00e3o: Inclusa\" \/>\n<meta property=\"og:url\" content=\"https:\/\/ciavento.com.br\/2024\/produto\/exaustores\/exaustores-axiais\/exaustor-goar-50cm-tradicional\/\" \/>\n<meta property=\"og:site_name\" content=\"Cia do Vento\" \/>\n<meta property=\"article:modified_time\" content=\"2024-06-07T19:50:26+00:00\" \/>\n<meta property=\"og:image\" content=\"https:\/\/ciavento.com.br\/2024\/wp-content\/uploads\/2024\/05\/goar-50-pesado.jpg\" \/>\n\t<meta property=\"og:image:width\" content=\"600\" \/>\n\t<meta property=\"og:image:height\" content=\"686\" \/>\n\t<meta property=\"og:image:type\" content=\"image\/jpeg\" \/>\n<meta name=\"twitter:card\" content=\"summary_large_image\" \/>\n<script type=\"application\/ld+json\" class=\"yoast-schema-graph\">{\"@context\":\"https:\/\/schema.org\",\"@graph\":[{\"@type\":\"WebPage\",\"@id\":\"https:\/\/ciavento.com.br\/2024\/produto\/exaustores\/exaustores-axiais\/exaustor-goar-50cm-tradicional\/\",\"url\":\"https:\/\/ciavento.com.br\/2024\/produto\/exaustores\/exaustores-axiais\/exaustor-goar-50cm-tradicional\/\",\"name\":\"Exaustor Goar 50cm Pesado - Cia do Vento\",\"isPartOf\":{\"@id\":\"https:\/\/ciavento.com.br\/2024\/#website\"},\"datePublished\":\"2024-05-06T18:54:34+00:00\",\"dateModified\":\"2024-06-07T19:50:26+00:00\",\"breadcrumb\":{\"@id\":\"https:\/\/ciavento.com.br\/2024\/produto\/exaustores\/exaustores-axiais\/exaustor-goar-50cm-tradicional\/#breadcrumb\"},\"inLanguage\":\"pt-BR\",\"potentialAction\":[{\"@type\":\"ReadAction\",\"target\":[\"https:\/\/ciavento.com.br\/2024\/produto\/exaustores\/exaustores-axiais\/exaustor-goar-50cm-tradicional\/\"]}]},{\"@type\":\"BreadcrumbList\",\"@id\":\"https:\/\/ciavento.com.br\/2024\/produto\/exaustores\/exaustores-axiais\/exaustor-goar-50cm-tradicional\/#breadcrumb\",\"itemListElement\":[{\"@type\":\"ListItem\",\"position\":1,\"name\":\"In\u00edcio\",\"item\":\"https:\/\/ciavento.com.br\/2024\/\"},{\"@type\":\"ListItem\",\"position\":2,\"name\":\"Linha de Produtos\",\"item\":\"https:\/\/ciavento.com.br\/2024\/shop\/\"},{\"@type\":\"ListItem\",\"position\":3,\"name\":\"Exaustor Goar 50cm Pesado\"}]},{\"@type\":\"WebSite\",\"@id\":\"https:\/\/ciavento.com.br\/2024\/#website\",\"url\":\"https:\/\/ciavento.com.br\/2024\/\",\"name\":\"Cia do Vento\",\"description\":\"VENTILADORES \u00b7 Ver VENTILADORES \u00b7 Ventiladores de Parede \u00b7 Ventiladores de Coluna \u00b7 Ventiladores de Mesa \u00b7 Ventiladores de Teto \u00b7 Circuladores de Ar.\",\"publisher\":{\"@id\":\"https:\/\/ciavento.com.br\/2024\/#organization\"},\"potentialAction\":[{\"@type\":\"SearchAction\",\"target\":{\"@type\":\"EntryPoint\",\"urlTemplate\":\"https:\/\/ciavento.com.br\/2024\/?s={search_term_string}\"},\"query-input\":\"required name=search_term_string\"}],\"inLanguage\":\"pt-BR\"},{\"@type\":\"Organization\",\"@id\":\"https:\/\/ciavento.com.br\/2024\/#organization\",\"name\":\"Cia do Vento\",\"url\":\"https:\/\/ciavento.com.br\/2024\/\",\"logo\":{\"@type\":\"ImageObject\",\"inLanguage\":\"pt-BR\",\"@id\":\"https:\/\/ciavento.com.br\/2024\/#\/schema\/logo\/image\/\",\"url\":\"https:\/\/ciavento.com.br\/2024\/wp-content\/uploads\/2023\/09\/logo-22.jpg\",\"contentUrl\":\"https:\/\/ciavento.com.br\/2024\/wp-content\/uploads\/2023\/09\/logo-22.jpg\",\"width\":1280,\"height\":617,\"caption\":\"Cia do Vento\"},\"image\":{\"@id\":\"https:\/\/ciavento.com.br\/2024\/#\/schema\/logo\/image\/\"}}]}<\/script>\n<!-- \/ Yoast SEO plugin. -->","yoast_head_json":{"title":"Exaustor Goar 50cm Pesado - Cia do Vento","robots":{"index":"index","follow":"follow","max-snippet":"max-snippet:-1","max-image-preview":"max-image-preview:large","max-video-preview":"max-video-preview:-1"},"canonical":"https:\/\/ciavento.com.br\/2024\/produto\/exaustores\/exaustores-axiais\/exaustor-goar-50cm-tradicional\/","og_locale":"pt_BR","og_type":"article","og_title":"Exaustor Goar 50cm Pesado - Cia do Vento","og_description":"O exaustor industrial\u00a0GOAR, indicado para uso industrial e em espa\u00e7os que exigem grande circula\u00e7\u00e3o de ar, oferece maior durabilidade e resist\u00eancia.  Produto 100% fabricado no Brasil, garantindo mais efici\u00eancia e qualidade.  ALTA POT\u00caNCIA Desenvolvido para aplica\u00e7\u00f5es mais severas.  MOTOR PR\u00d3PRIO Motor de fabrica\u00e7\u00e3o pr\u00f3pria, maior pot\u00eancia e menor consumo.  H\u00e9lices galvanizadas.  Indicado para uso em empresas, f\u00e1bricas, padarias, cozinhas industriais, restaurantes, chapea\u00e7\u00f5es, funilarias, e quaisquer outros ambientes que exijam troca de ar constante.  A estrutura e as h\u00e9lices s\u00e3o feitas com material de chapa galvanizada, entregando maior vida \u00fatil ao produto.  Especifica\u00e7\u00f5es T\u00e9cnicas Di\u00e2metro [cm]:50 Profundidade [cm]:24 Alimenta\u00e7\u00e3o: Monof\u00e1sico Tens\u00e3o: 127 \/ 220 Pot\u00eancia [hp]: 1 Vaz\u00e3o [m\u00b3\/min]: 135 Press\u00e3o [mmH20]:17 Rota\u00e7\u00e3o [rpm]: 1600 Ru\u00eddo [dB]: 82 P\u00e1s:6 PESO LIQU\u00cdDO [KG]: 12,62 PESO BRUTO [KG] 13.9 Chave Revers\u00e3o: Inclusa","og_url":"https:\/\/ciavento.com.br\/2024\/produto\/exaustores\/exaustores-axiais\/exaustor-goar-50cm-tradicional\/","og_site_name":"Cia do Vento","article_modified_time":"2024-06-07T19:50:26+00:00","og_image":[{"width":600,"height":686,"url":"https:\/\/ciavento.com.br\/2024\/wp-content\/uploads\/2024\/05\/goar-50-pesado.jpg","type":"image\/jpeg"}],"twitter_card":"summary_large_image","schema":{"@context":"https:\/\/schema.org","@graph":[{"@type":"WebPage","@id":"https:\/\/ciavento.com.br\/2024\/produto\/exaustores\/exaustores-axiais\/exaustor-goar-50cm-tradicional\/","url":"https:\/\/ciavento.com.br\/2024\/produto\/exaustores\/exaustores-axiais\/exaustor-goar-50cm-tradicional\/","name":"Exaustor Goar 50cm Pesado - Cia do Vento","isPartOf":{"@id":"https:\/\/ciavento.com.br\/2024\/#website"},"datePublished":"2024-05-06T18:54:34+00:00","dateModified":"2024-06-07T19:50:26+00:00","breadcrumb":{"@id":"https:\/\/ciavento.com.br\/2024\/produto\/exaustores\/exaustores-axiais\/exaustor-goar-50cm-tradicional\/#breadcrumb"},"inLanguage":"pt-BR","potentialAction":[{"@type":"ReadAction","target":["https:\/\/ciavento.com.br\/2024\/produto\/exaustores\/exaustores-axiais\/exaustor-goar-50cm-tradicional\/"]}]},{"@type":"BreadcrumbList","@id":"https:\/\/ciavento.com.br\/2024\/produto\/exaustores\/exaustores-axiais\/exaustor-goar-50cm-tradicional\/#breadcrumb","itemListElement":[{"@type":"ListItem","position":1,"name":"In\u00edcio","item":"https:\/\/ciavento.com.br\/2024\/"},{"@type":"ListItem","position":2,"name":"Linha de Produtos","item":"https:\/\/ciavento.com.br\/2024\/shop\/"},{"@type":"ListItem","position":3,"name":"Exaustor Goar 50cm Pesado"}]},{"@type":"WebSite","@id":"https:\/\/ciavento.com.br\/2024\/#website","url":"https:\/\/ciavento.com.br\/2024\/","name":"Cia do Vento","description":"VENTILADORES \u00b7 Ver VENTILADORES \u00b7 Ventiladores de Parede \u00b7 Ventiladores de Coluna \u00b7 Ventiladores de Mesa \u00b7 Ventiladores de Teto \u00b7 Circuladores de Ar.","publisher":{"@id":"https:\/\/ciavento.com.br\/2024\/#organization"},"potentialAction":[{"@type":"SearchAction","target":{"@type":"EntryPoint","urlTemplate":"https:\/\/ciavento.com.br\/2024\/?s={search_term_string}"},"query-input":"required name=search_term_string"}],"inLanguage":"pt-BR"},{"@type":"Organization","@id":"https:\/\/ciavento.com.br\/2024\/#organization","name":"Cia do Vento","url":"https:\/\/ciavento.com.br\/2024\/","logo":{"@type":"ImageObject","inLanguage":"pt-BR","@id":"https:\/\/ciavento.com.br\/2024\/#\/schema\/logo\/image\/","url":"https:\/\/ciavento.com.br\/2024\/wp-content\/uploads\/2023\/09\/logo-22.jpg","contentUrl":"https:\/\/ciavento.com.br\/2024\/wp-content\/uploads\/2023\/09\/logo-22.jpg","width":1280,"height":617,"caption":"Cia do Vento"},"image":{"@id":"https:\/\/ciavento.com.br\/2024\/#\/schema\/logo\/image\/"}}]}},"_links":{"self":[{"href":"https:\/\/ciavento.com.br\/2024\/wp-json\/wp\/v2\/product\/5323"}],"collection":[{"href":"https:\/\/ciavento.com.br\/2024\/wp-json\/wp\/v2\/product"}],"about":[{"href":"https:\/\/ciavento.com.br\/2024\/wp-json\/wp\/v2\/types\/product"}],"wp:featuredmedia":[{"embeddable":true,"href":"https:\/\/ciavento.com.br\/2024\/wp-json\/wp\/v2\/media\/5639"}],"wp:attachment":[{"href":"https:\/\/ciavento.com.br\/2024\/wp-json\/wp\/v2\/media?parent=5323"}],"curies":[{"name":"wp","href":"https:\/\/api.w.org\/{rel}","templated":true}]}}