{"id":5329,"date":"2024-05-06T16:07:44","date_gmt":"2024-05-06T19:07:44","guid":{"rendered":"https:\/\/ciavento.com.br\/2024\/?post_type=product&#038;p=5329"},"modified":"2024-05-22T17:22:42","modified_gmt":"2024-05-22T20:22:42","slug":"exaustor-axial-para-alta-temperatura-eq300m4","status":"publish","type":"product","link":"https:\/\/ciavento.com.br\/2024\/produto\/exaustores\/exaustores-axiais\/exaustor-axial-para-alta-temperatura-eq300m4\/","title":{"rendered":"Exaustor Axial para Alta Temperatura EQ300M4"},"content":{"rendered":"","protected":false},"excerpt":{"rendered":"<p>O exaustor para alta temperatura EQ300M4 Qualitas \u00e9 fabricado com carca\u00e7a de constru\u00e7\u00e3o robusta em chapa de a\u00e7o carbono, pintados em ep\u00f3xi, conjunto h\u00e9lice (bico injetado em alum\u00ednio e paletas estampadas em A\u00e7o galvanizado ) motor IP 54, mancalizado com rolamentos especiais para trabalhos cont\u00ednuos em temperaturas de at\u00e9 100\u00b0C.<\/p>\n","protected":false},"featured_media":5332,"template":"","meta":[],"yoast_head":"<!-- This site is optimized with the Yoast SEO plugin v20.0 - https:\/\/yoast.com\/wordpress\/plugins\/seo\/ -->\n<title>Exaustor Axial para Alta Temperatura EQ300M4 - Cia do Vento<\/title>\n<meta name=\"robots\" content=\"index, follow, max-snippet:-1, max-image-preview:large, max-video-preview:-1\" \/>\n<link rel=\"canonical\" href=\"https:\/\/ciavento.com.br\/2024\/produto\/exaustores\/exaustores-axiais\/exaustor-axial-para-alta-temperatura-eq300m4\/\" \/>\n<meta property=\"og:locale\" content=\"pt_BR\" \/>\n<meta property=\"og:type\" content=\"article\" \/>\n<meta property=\"og:title\" content=\"Exaustor Axial para Alta Temperatura EQ300M4 - Cia do Vento\" \/>\n<meta property=\"og:description\" content=\"O exaustor para alta temperatura EQ300M4 Qualitas \u00e9 fabricado com carca\u00e7a de constru\u00e7\u00e3o robusta em chapa de a\u00e7o carbono, pintados em ep\u00f3xi, conjunto h\u00e9lice (bico injetado em alum\u00ednio e paletas estampadas em A\u00e7o galvanizado ) motor IP 54, mancalizado com rolamentos especiais para trabalhos cont\u00ednuos em temperaturas de at\u00e9 100\u00b0C.\" \/>\n<meta property=\"og:url\" content=\"https:\/\/ciavento.com.br\/2024\/produto\/exaustores\/exaustores-axiais\/exaustor-axial-para-alta-temperatura-eq300m4\/\" \/>\n<meta property=\"og:site_name\" content=\"Cia do Vento\" \/>\n<meta property=\"article:modified_time\" content=\"2024-05-22T20:22:42+00:00\" \/>\n<meta property=\"og:image\" content=\"https:\/\/ciavento.com.br\/2024\/wp-content\/uploads\/2024\/05\/exaustor-axial-para-alta-temperatura.jpg\" \/>\n\t<meta property=\"og:image:width\" content=\"600\" \/>\n\t<meta property=\"og:image:height\" content=\"686\" \/>\n\t<meta property=\"og:image:type\" content=\"image\/jpeg\" \/>\n<meta name=\"twitter:card\" content=\"summary_large_image\" \/>\n<script type=\"application\/ld+json\" class=\"yoast-schema-graph\">{\"@context\":\"https:\/\/schema.org\",\"@graph\":[{\"@type\":\"WebPage\",\"@id\":\"https:\/\/ciavento.com.br\/2024\/produto\/exaustores\/exaustores-axiais\/exaustor-axial-para-alta-temperatura-eq300m4\/\",\"url\":\"https:\/\/ciavento.com.br\/2024\/produto\/exaustores\/exaustores-axiais\/exaustor-axial-para-alta-temperatura-eq300m4\/\",\"name\":\"Exaustor Axial para Alta Temperatura EQ300M4 - Cia do Vento\",\"isPartOf\":{\"@id\":\"https:\/\/ciavento.com.br\/2024\/#website\"},\"datePublished\":\"2024-05-06T19:07:44+00:00\",\"dateModified\":\"2024-05-22T20:22:42+00:00\",\"breadcrumb\":{\"@id\":\"https:\/\/ciavento.com.br\/2024\/produto\/exaustores\/exaustores-axiais\/exaustor-axial-para-alta-temperatura-eq300m4\/#breadcrumb\"},\"inLanguage\":\"pt-BR\",\"potentialAction\":[{\"@type\":\"ReadAction\",\"target\":[\"https:\/\/ciavento.com.br\/2024\/produto\/exaustores\/exaustores-axiais\/exaustor-axial-para-alta-temperatura-eq300m4\/\"]}]},{\"@type\":\"BreadcrumbList\",\"@id\":\"https:\/\/ciavento.com.br\/2024\/produto\/exaustores\/exaustores-axiais\/exaustor-axial-para-alta-temperatura-eq300m4\/#breadcrumb\",\"itemListElement\":[{\"@type\":\"ListItem\",\"position\":1,\"name\":\"In\u00edcio\",\"item\":\"https:\/\/ciavento.com.br\/2024\/\"},{\"@type\":\"ListItem\",\"position\":2,\"name\":\"Linha de Produtos\",\"item\":\"https:\/\/ciavento.com.br\/2024\/shop\/\"},{\"@type\":\"ListItem\",\"position\":3,\"name\":\"Exaustor Axial para Alta Temperatura EQ300M4\"}]},{\"@type\":\"WebSite\",\"@id\":\"https:\/\/ciavento.com.br\/2024\/#website\",\"url\":\"https:\/\/ciavento.com.br\/2024\/\",\"name\":\"Cia do Vento\",\"description\":\"VENTILADORES \u00b7 Ver VENTILADORES \u00b7 Ventiladores de Parede \u00b7 Ventiladores de Coluna \u00b7 Ventiladores de Mesa \u00b7 Ventiladores de Teto \u00b7 Circuladores de Ar.\",\"publisher\":{\"@id\":\"https:\/\/ciavento.com.br\/2024\/#organization\"},\"potentialAction\":[{\"@type\":\"SearchAction\",\"target\":{\"@type\":\"EntryPoint\",\"urlTemplate\":\"https:\/\/ciavento.com.br\/2024\/?s={search_term_string}\"},\"query-input\":\"required name=search_term_string\"}],\"inLanguage\":\"pt-BR\"},{\"@type\":\"Organization\",\"@id\":\"https:\/\/ciavento.com.br\/2024\/#organization\",\"name\":\"Cia do Vento\",\"url\":\"https:\/\/ciavento.com.br\/2024\/\",\"logo\":{\"@type\":\"ImageObject\",\"inLanguage\":\"pt-BR\",\"@id\":\"https:\/\/ciavento.com.br\/2024\/#\/schema\/logo\/image\/\",\"url\":\"https:\/\/ciavento.com.br\/2024\/wp-content\/uploads\/2023\/09\/logo-22.jpg\",\"contentUrl\":\"https:\/\/ciavento.com.br\/2024\/wp-content\/uploads\/2023\/09\/logo-22.jpg\",\"width\":1280,\"height\":617,\"caption\":\"Cia do Vento\"},\"image\":{\"@id\":\"https:\/\/ciavento.com.br\/2024\/#\/schema\/logo\/image\/\"}}]}<\/script>\n<!-- \/ Yoast SEO plugin. -->","yoast_head_json":{"title":"Exaustor Axial para Alta Temperatura EQ300M4 - Cia do Vento","robots":{"index":"index","follow":"follow","max-snippet":"max-snippet:-1","max-image-preview":"max-image-preview:large","max-video-preview":"max-video-preview:-1"},"canonical":"https:\/\/ciavento.com.br\/2024\/produto\/exaustores\/exaustores-axiais\/exaustor-axial-para-alta-temperatura-eq300m4\/","og_locale":"pt_BR","og_type":"article","og_title":"Exaustor Axial para Alta Temperatura EQ300M4 - Cia do Vento","og_description":"O exaustor para alta temperatura EQ300M4 Qualitas \u00e9 fabricado com carca\u00e7a de constru\u00e7\u00e3o robusta em chapa de a\u00e7o carbono, pintados em ep\u00f3xi, conjunto h\u00e9lice (bico injetado em alum\u00ednio e paletas estampadas em A\u00e7o galvanizado ) motor IP 54, mancalizado com rolamentos especiais para trabalhos cont\u00ednuos em temperaturas de at\u00e9 100\u00b0C.","og_url":"https:\/\/ciavento.com.br\/2024\/produto\/exaustores\/exaustores-axiais\/exaustor-axial-para-alta-temperatura-eq300m4\/","og_site_name":"Cia do Vento","article_modified_time":"2024-05-22T20:22:42+00:00","og_image":[{"width":600,"height":686,"url":"https:\/\/ciavento.com.br\/2024\/wp-content\/uploads\/2024\/05\/exaustor-axial-para-alta-temperatura.jpg","type":"image\/jpeg"}],"twitter_card":"summary_large_image","schema":{"@context":"https:\/\/schema.org","@graph":[{"@type":"WebPage","@id":"https:\/\/ciavento.com.br\/2024\/produto\/exaustores\/exaustores-axiais\/exaustor-axial-para-alta-temperatura-eq300m4\/","url":"https:\/\/ciavento.com.br\/2024\/produto\/exaustores\/exaustores-axiais\/exaustor-axial-para-alta-temperatura-eq300m4\/","name":"Exaustor Axial para Alta Temperatura EQ300M4 - Cia do Vento","isPartOf":{"@id":"https:\/\/ciavento.com.br\/2024\/#website"},"datePublished":"2024-05-06T19:07:44+00:00","dateModified":"2024-05-22T20:22:42+00:00","breadcrumb":{"@id":"https:\/\/ciavento.com.br\/2024\/produto\/exaustores\/exaustores-axiais\/exaustor-axial-para-alta-temperatura-eq300m4\/#breadcrumb"},"inLanguage":"pt-BR","potentialAction":[{"@type":"ReadAction","target":["https:\/\/ciavento.com.br\/2024\/produto\/exaustores\/exaustores-axiais\/exaustor-axial-para-alta-temperatura-eq300m4\/"]}]},{"@type":"BreadcrumbList","@id":"https:\/\/ciavento.com.br\/2024\/produto\/exaustores\/exaustores-axiais\/exaustor-axial-para-alta-temperatura-eq300m4\/#breadcrumb","itemListElement":[{"@type":"ListItem","position":1,"name":"In\u00edcio","item":"https:\/\/ciavento.com.br\/2024\/"},{"@type":"ListItem","position":2,"name":"Linha de Produtos","item":"https:\/\/ciavento.com.br\/2024\/shop\/"},{"@type":"ListItem","position":3,"name":"Exaustor Axial para Alta Temperatura EQ300M4"}]},{"@type":"WebSite","@id":"https:\/\/ciavento.com.br\/2024\/#website","url":"https:\/\/ciavento.com.br\/2024\/","name":"Cia do Vento","description":"VENTILADORES \u00b7 Ver VENTILADORES \u00b7 Ventiladores de Parede \u00b7 Ventiladores de Coluna \u00b7 Ventiladores de Mesa \u00b7 Ventiladores de Teto \u00b7 Circuladores de Ar.","publisher":{"@id":"https:\/\/ciavento.com.br\/2024\/#organization"},"potentialAction":[{"@type":"SearchAction","target":{"@type":"EntryPoint","urlTemplate":"https:\/\/ciavento.com.br\/2024\/?s={search_term_string}"},"query-input":"required name=search_term_string"}],"inLanguage":"pt-BR"},{"@type":"Organization","@id":"https:\/\/ciavento.com.br\/2024\/#organization","name":"Cia do Vento","url":"https:\/\/ciavento.com.br\/2024\/","logo":{"@type":"ImageObject","inLanguage":"pt-BR","@id":"https:\/\/ciavento.com.br\/2024\/#\/schema\/logo\/image\/","url":"https:\/\/ciavento.com.br\/2024\/wp-content\/uploads\/2023\/09\/logo-22.jpg","contentUrl":"https:\/\/ciavento.com.br\/2024\/wp-content\/uploads\/2023\/09\/logo-22.jpg","width":1280,"height":617,"caption":"Cia do Vento"},"image":{"@id":"https:\/\/ciavento.com.br\/2024\/#\/schema\/logo\/image\/"}}]}},"_links":{"self":[{"href":"https:\/\/ciavento.com.br\/2024\/wp-json\/wp\/v2\/product\/5329"}],"collection":[{"href":"https:\/\/ciavento.com.br\/2024\/wp-json\/wp\/v2\/product"}],"about":[{"href":"https:\/\/ciavento.com.br\/2024\/wp-json\/wp\/v2\/types\/product"}],"wp:featuredmedia":[{"embeddable":true,"href":"https:\/\/ciavento.com.br\/2024\/wp-json\/wp\/v2\/media\/5332"}],"wp:attachment":[{"href":"https:\/\/ciavento.com.br\/2024\/wp-json\/wp\/v2\/media?parent=5329"}],"curies":[{"name":"wp","href":"https:\/\/api.w.org\/{rel}","templated":true}]}}