{"id":5395,"date":"2024-05-22T17:28:44","date_gmt":"2024-05-22T20:28:44","guid":{"rendered":"https:\/\/ciavento.com.br\/2024\/?post_type=product&#038;p=5395"},"modified":"2024-05-22T17:32:16","modified_gmt":"2024-05-22T20:32:16","slug":"exaustores-axiais-cia-do-vento-ecv-50-m4","status":"publish","type":"product","link":"https:\/\/ciavento.com.br\/2024\/produto\/exaustores\/exaustores-axiais\/exaustores-axiais-cia-do-vento-ecv-50-m4\/","title":{"rendered":"Exaustores Axiais Cia do Vento ECV 50 M4"},"content":{"rendered":"","protected":false},"excerpt":{"rendered":"<p>Exaustores Axiais s\u00e3o excelentes op\u00e7\u00f5es para troca e renova\u00e7\u00e3o de ar em qualquer ambiente. O<strong>\u00a0Exaustor Axial\u00a0<\/strong>Cia do vento garante a qualidade e efici\u00eancia na hora da limpeza do seu ambiente.<\/p>\n<ul class=\"caracteristicas\">\n<li>50cm de di\u00e2metro<\/li>\n<li>Motor 1\/3hp<\/li>\n<li>Rota\u00e7\u00e3o 1750 rpm<\/li>\n<li>Vaz\u00e3o 120m3\/min<\/li>\n<li>Monof\u00e1sico 110\/220v<\/li>\n<li>Press\u00e3o est\u00e1tica 8 (mmca)<\/li>\n<li>Ru\u00eddo 84 (dba)<\/li>\n<li>Peso 15kg<\/li>\n<li>3 p\u00e1s de nylon<\/li>\n<li>Modelo ecv 500 m4<\/li>\n<\/ul>\n","protected":false},"featured_media":5398,"template":"","meta":[],"yoast_head":"<!-- This site is optimized with the Yoast SEO plugin v20.0 - https:\/\/yoast.com\/wordpress\/plugins\/seo\/ -->\n<title>Exaustores Axiais Cia do Vento ECV 50 M4 - Cia do Vento<\/title>\n<meta name=\"robots\" content=\"index, follow, max-snippet:-1, max-image-preview:large, max-video-preview:-1\" \/>\n<link rel=\"canonical\" href=\"https:\/\/ciavento.com.br\/2024\/produto\/exaustores\/exaustores-axiais\/exaustores-axiais-cia-do-vento-ecv-50-m4\/\" \/>\n<meta property=\"og:locale\" content=\"pt_BR\" \/>\n<meta property=\"og:type\" content=\"article\" \/>\n<meta property=\"og:title\" content=\"Exaustores Axiais Cia do Vento ECV 50 M4 - Cia do Vento\" \/>\n<meta property=\"og:description\" content=\"Exaustores Axiais s\u00e3o excelentes op\u00e7\u00f5es para troca e renova\u00e7\u00e3o de ar em qualquer ambiente. O\u00a0Exaustor Axial\u00a0Cia do vento garante a qualidade e efici\u00eancia na hora da limpeza do seu ambiente.   50cm de di\u00e2metro  Motor 1\/3hp  Rota\u00e7\u00e3o 1750 rpm  Vaz\u00e3o 120m3\/min  Monof\u00e1sico 110\/220v  Press\u00e3o est\u00e1tica 8 (mmca)  Ru\u00eddo 84 (dba)  Peso 15kg  3 p\u00e1s de nylon  Modelo ecv 500 m4\" \/>\n<meta property=\"og:url\" content=\"https:\/\/ciavento.com.br\/2024\/produto\/exaustores\/exaustores-axiais\/exaustores-axiais-cia-do-vento-ecv-50-m4\/\" \/>\n<meta property=\"og:site_name\" content=\"Cia do Vento\" \/>\n<meta property=\"article:modified_time\" content=\"2024-05-22T20:32:16+00:00\" \/>\n<meta property=\"og:image\" content=\"https:\/\/ciavento.com.br\/2024\/wp-content\/uploads\/2024\/05\/exaustores-axiais-cia-do-vento.jpg\" \/>\n\t<meta property=\"og:image:width\" content=\"600\" \/>\n\t<meta property=\"og:image:height\" content=\"686\" \/>\n\t<meta property=\"og:image:type\" content=\"image\/jpeg\" \/>\n<meta name=\"twitter:card\" content=\"summary_large_image\" \/>\n<script type=\"application\/ld+json\" class=\"yoast-schema-graph\">{\"@context\":\"https:\/\/schema.org\",\"@graph\":[{\"@type\":\"WebPage\",\"@id\":\"https:\/\/ciavento.com.br\/2024\/produto\/exaustores\/exaustores-axiais\/exaustores-axiais-cia-do-vento-ecv-50-m4\/\",\"url\":\"https:\/\/ciavento.com.br\/2024\/produto\/exaustores\/exaustores-axiais\/exaustores-axiais-cia-do-vento-ecv-50-m4\/\",\"name\":\"Exaustores Axiais Cia do Vento ECV 50 M4 - Cia do Vento\",\"isPartOf\":{\"@id\":\"https:\/\/ciavento.com.br\/2024\/#website\"},\"datePublished\":\"2024-05-22T20:28:44+00:00\",\"dateModified\":\"2024-05-22T20:32:16+00:00\",\"breadcrumb\":{\"@id\":\"https:\/\/ciavento.com.br\/2024\/produto\/exaustores\/exaustores-axiais\/exaustores-axiais-cia-do-vento-ecv-50-m4\/#breadcrumb\"},\"inLanguage\":\"pt-BR\",\"potentialAction\":[{\"@type\":\"ReadAction\",\"target\":[\"https:\/\/ciavento.com.br\/2024\/produto\/exaustores\/exaustores-axiais\/exaustores-axiais-cia-do-vento-ecv-50-m4\/\"]}]},{\"@type\":\"BreadcrumbList\",\"@id\":\"https:\/\/ciavento.com.br\/2024\/produto\/exaustores\/exaustores-axiais\/exaustores-axiais-cia-do-vento-ecv-50-m4\/#breadcrumb\",\"itemListElement\":[{\"@type\":\"ListItem\",\"position\":1,\"name\":\"In\u00edcio\",\"item\":\"https:\/\/ciavento.com.br\/2024\/\"},{\"@type\":\"ListItem\",\"position\":2,\"name\":\"Linha de Produtos\",\"item\":\"https:\/\/ciavento.com.br\/2024\/shop\/\"},{\"@type\":\"ListItem\",\"position\":3,\"name\":\"Exaustores Axiais Cia do Vento ECV 50 M4\"}]},{\"@type\":\"WebSite\",\"@id\":\"https:\/\/ciavento.com.br\/2024\/#website\",\"url\":\"https:\/\/ciavento.com.br\/2024\/\",\"name\":\"Cia do Vento\",\"description\":\"VENTILADORES \u00b7 Ver VENTILADORES \u00b7 Ventiladores de Parede \u00b7 Ventiladores de Coluna \u00b7 Ventiladores de Mesa \u00b7 Ventiladores de Teto \u00b7 Circuladores de Ar.\",\"publisher\":{\"@id\":\"https:\/\/ciavento.com.br\/2024\/#organization\"},\"potentialAction\":[{\"@type\":\"SearchAction\",\"target\":{\"@type\":\"EntryPoint\",\"urlTemplate\":\"https:\/\/ciavento.com.br\/2024\/?s={search_term_string}\"},\"query-input\":\"required name=search_term_string\"}],\"inLanguage\":\"pt-BR\"},{\"@type\":\"Organization\",\"@id\":\"https:\/\/ciavento.com.br\/2024\/#organization\",\"name\":\"Cia do Vento\",\"url\":\"https:\/\/ciavento.com.br\/2024\/\",\"logo\":{\"@type\":\"ImageObject\",\"inLanguage\":\"pt-BR\",\"@id\":\"https:\/\/ciavento.com.br\/2024\/#\/schema\/logo\/image\/\",\"url\":\"https:\/\/ciavento.com.br\/2024\/wp-content\/uploads\/2023\/09\/logo-22.jpg\",\"contentUrl\":\"https:\/\/ciavento.com.br\/2024\/wp-content\/uploads\/2023\/09\/logo-22.jpg\",\"width\":1280,\"height\":617,\"caption\":\"Cia do Vento\"},\"image\":{\"@id\":\"https:\/\/ciavento.com.br\/2024\/#\/schema\/logo\/image\/\"}}]}<\/script>\n<!-- \/ Yoast SEO plugin. -->","yoast_head_json":{"title":"Exaustores Axiais Cia do Vento ECV 50 M4 - Cia do Vento","robots":{"index":"index","follow":"follow","max-snippet":"max-snippet:-1","max-image-preview":"max-image-preview:large","max-video-preview":"max-video-preview:-1"},"canonical":"https:\/\/ciavento.com.br\/2024\/produto\/exaustores\/exaustores-axiais\/exaustores-axiais-cia-do-vento-ecv-50-m4\/","og_locale":"pt_BR","og_type":"article","og_title":"Exaustores Axiais Cia do Vento ECV 50 M4 - Cia do Vento","og_description":"Exaustores Axiais s\u00e3o excelentes op\u00e7\u00f5es para troca e renova\u00e7\u00e3o de ar em qualquer ambiente. O\u00a0Exaustor Axial\u00a0Cia do vento garante a qualidade e efici\u00eancia na hora da limpeza do seu ambiente.   50cm de di\u00e2metro  Motor 1\/3hp  Rota\u00e7\u00e3o 1750 rpm  Vaz\u00e3o 120m3\/min  Monof\u00e1sico 110\/220v  Press\u00e3o est\u00e1tica 8 (mmca)  Ru\u00eddo 84 (dba)  Peso 15kg  3 p\u00e1s de nylon  Modelo ecv 500 m4","og_url":"https:\/\/ciavento.com.br\/2024\/produto\/exaustores\/exaustores-axiais\/exaustores-axiais-cia-do-vento-ecv-50-m4\/","og_site_name":"Cia do Vento","article_modified_time":"2024-05-22T20:32:16+00:00","og_image":[{"width":600,"height":686,"url":"https:\/\/ciavento.com.br\/2024\/wp-content\/uploads\/2024\/05\/exaustores-axiais-cia-do-vento.jpg","type":"image\/jpeg"}],"twitter_card":"summary_large_image","schema":{"@context":"https:\/\/schema.org","@graph":[{"@type":"WebPage","@id":"https:\/\/ciavento.com.br\/2024\/produto\/exaustores\/exaustores-axiais\/exaustores-axiais-cia-do-vento-ecv-50-m4\/","url":"https:\/\/ciavento.com.br\/2024\/produto\/exaustores\/exaustores-axiais\/exaustores-axiais-cia-do-vento-ecv-50-m4\/","name":"Exaustores Axiais Cia do Vento ECV 50 M4 - Cia do Vento","isPartOf":{"@id":"https:\/\/ciavento.com.br\/2024\/#website"},"datePublished":"2024-05-22T20:28:44+00:00","dateModified":"2024-05-22T20:32:16+00:00","breadcrumb":{"@id":"https:\/\/ciavento.com.br\/2024\/produto\/exaustores\/exaustores-axiais\/exaustores-axiais-cia-do-vento-ecv-50-m4\/#breadcrumb"},"inLanguage":"pt-BR","potentialAction":[{"@type":"ReadAction","target":["https:\/\/ciavento.com.br\/2024\/produto\/exaustores\/exaustores-axiais\/exaustores-axiais-cia-do-vento-ecv-50-m4\/"]}]},{"@type":"BreadcrumbList","@id":"https:\/\/ciavento.com.br\/2024\/produto\/exaustores\/exaustores-axiais\/exaustores-axiais-cia-do-vento-ecv-50-m4\/#breadcrumb","itemListElement":[{"@type":"ListItem","position":1,"name":"In\u00edcio","item":"https:\/\/ciavento.com.br\/2024\/"},{"@type":"ListItem","position":2,"name":"Linha de Produtos","item":"https:\/\/ciavento.com.br\/2024\/shop\/"},{"@type":"ListItem","position":3,"name":"Exaustores Axiais Cia do Vento ECV 50 M4"}]},{"@type":"WebSite","@id":"https:\/\/ciavento.com.br\/2024\/#website","url":"https:\/\/ciavento.com.br\/2024\/","name":"Cia do Vento","description":"VENTILADORES \u00b7 Ver VENTILADORES \u00b7 Ventiladores de Parede \u00b7 Ventiladores de Coluna \u00b7 Ventiladores de Mesa \u00b7 Ventiladores de Teto \u00b7 Circuladores de Ar.","publisher":{"@id":"https:\/\/ciavento.com.br\/2024\/#organization"},"potentialAction":[{"@type":"SearchAction","target":{"@type":"EntryPoint","urlTemplate":"https:\/\/ciavento.com.br\/2024\/?s={search_term_string}"},"query-input":"required name=search_term_string"}],"inLanguage":"pt-BR"},{"@type":"Organization","@id":"https:\/\/ciavento.com.br\/2024\/#organization","name":"Cia do Vento","url":"https:\/\/ciavento.com.br\/2024\/","logo":{"@type":"ImageObject","inLanguage":"pt-BR","@id":"https:\/\/ciavento.com.br\/2024\/#\/schema\/logo\/image\/","url":"https:\/\/ciavento.com.br\/2024\/wp-content\/uploads\/2023\/09\/logo-22.jpg","contentUrl":"https:\/\/ciavento.com.br\/2024\/wp-content\/uploads\/2023\/09\/logo-22.jpg","width":1280,"height":617,"caption":"Cia do Vento"},"image":{"@id":"https:\/\/ciavento.com.br\/2024\/#\/schema\/logo\/image\/"}}]}},"_links":{"self":[{"href":"https:\/\/ciavento.com.br\/2024\/wp-json\/wp\/v2\/product\/5395"}],"collection":[{"href":"https:\/\/ciavento.com.br\/2024\/wp-json\/wp\/v2\/product"}],"about":[{"href":"https:\/\/ciavento.com.br\/2024\/wp-json\/wp\/v2\/types\/product"}],"wp:featuredmedia":[{"embeddable":true,"href":"https:\/\/ciavento.com.br\/2024\/wp-json\/wp\/v2\/media\/5398"}],"wp:attachment":[{"href":"https:\/\/ciavento.com.br\/2024\/wp-json\/wp\/v2\/media?parent=5395"}],"curies":[{"name":"wp","href":"https:\/\/api.w.org\/{rel}","templated":true}]}}