{"id":5443,"date":"2024-05-28T11:52:01","date_gmt":"2024-05-28T14:52:01","guid":{"rendered":"https:\/\/ciavento.com.br\/2024\/?post_type=product&#038;p=5443"},"modified":"2024-05-28T11:55:43","modified_gmt":"2024-05-28T14:55:43","slug":"ecv-3-tn-3-cv-cia-do-vento-2","status":"publish","type":"product","link":"https:\/\/ciavento.com.br\/2024\/produto\/exaustores\/exaustores-centrifugos\/ecv-3-tn-3-cv-cia-do-vento-2\/","title":{"rendered":"ECV 3 TN 3 CV Cia do Vento"},"content":{"rendered":"","protected":false},"excerpt":{"rendered":"<p>Exaustores ECV 3 TN 3 CV s\u00e3o equipamentos da linha de exaustores centr\u00edfugos de alta resist\u00eancia e durabilidade. S\u00e3o ideais para limpeza de ambientes com ar contaminado por res\u00edduos. Nossos exaustores t\u00eam baixo n\u00edvel de ru\u00eddo e alta performance, o que garante o conforto na hora de sua utiliza\u00e7\u00e3o.<\/p>\n<h3 class=\"title35 azule Mb30\">Caracter\u00edsticas<\/h3>\n<ul class=\"caracteristicas\">\n<li>Dimens\u00e3o entrada: 220<\/li>\n<li>Dimens\u00e3o sa\u00edda: 210&#215;210<\/li>\n<li>Pot\u00eancia: 3 CV<\/li>\n<li>Voltagem: 220\/380<\/li>\n<li>Rota\u00e7\u00e3o: 1750 rpm<\/li>\n<li>Vaz\u00e3o: 55<\/li>\n<li>Press\u00e3o: 65<\/li>\n<li>Ru\u00eddo: 77<\/li>\n<li>H\u00e9lice (P\u00e1s): Siroco<\/li>\n<li>Peso: 58<\/li>\n<li>Trif\u00e1sico<\/li>\n<\/ul>\n","protected":false},"featured_media":5438,"template":"","meta":[],"yoast_head":"<!-- This site is optimized with the Yoast SEO plugin v20.0 - https:\/\/yoast.com\/wordpress\/plugins\/seo\/ -->\n<title>ECV 3 TN 3 CV Cia do Vento - Cia do Vento<\/title>\n<meta name=\"robots\" content=\"index, follow, max-snippet:-1, max-image-preview:large, max-video-preview:-1\" \/>\n<link rel=\"canonical\" href=\"https:\/\/ciavento.com.br\/2024\/produto\/exaustores\/exaustores-centrifugos\/ecv-3-tn-3-cv-cia-do-vento-2\/\" \/>\n<meta property=\"og:locale\" content=\"pt_BR\" \/>\n<meta property=\"og:type\" content=\"article\" \/>\n<meta property=\"og:title\" content=\"ECV 3 TN 3 CV Cia do Vento - Cia do Vento\" \/>\n<meta property=\"og:description\" content=\"Exaustores ECV 3 TN 3 CV s\u00e3o equipamentos da linha de exaustores centr\u00edfugos de alta resist\u00eancia e durabilidade. S\u00e3o ideais para limpeza de ambientes com ar contaminado por res\u00edduos. Nossos exaustores t\u00eam baixo n\u00edvel de ru\u00eddo e alta performance, o que garante o conforto na hora de sua utiliza\u00e7\u00e3o. Caracter\u00edsticas   Dimens\u00e3o entrada: 220  Dimens\u00e3o sa\u00edda: 210x210  Pot\u00eancia: 3 CV  Voltagem: 220\/380  Rota\u00e7\u00e3o: 1750 rpm  Vaz\u00e3o: 55  Press\u00e3o: 65  Ru\u00eddo: 77  H\u00e9lice (P\u00e1s): Siroco  Peso: 58  Trif\u00e1sico\" \/>\n<meta property=\"og:url\" content=\"https:\/\/ciavento.com.br\/2024\/produto\/exaustores\/exaustores-centrifugos\/ecv-3-tn-3-cv-cia-do-vento-2\/\" \/>\n<meta property=\"og:site_name\" content=\"Cia do Vento\" \/>\n<meta property=\"article:modified_time\" content=\"2024-05-28T14:55:43+00:00\" \/>\n<meta property=\"og:image\" content=\"https:\/\/ciavento.com.br\/2024\/wp-content\/uploads\/2024\/05\/ECV-2-TN.jpg\" \/>\n\t<meta property=\"og:image:width\" content=\"600\" \/>\n\t<meta property=\"og:image:height\" content=\"686\" \/>\n\t<meta property=\"og:image:type\" content=\"image\/jpeg\" \/>\n<meta name=\"twitter:card\" content=\"summary_large_image\" \/>\n<script type=\"application\/ld+json\" class=\"yoast-schema-graph\">{\"@context\":\"https:\/\/schema.org\",\"@graph\":[{\"@type\":\"WebPage\",\"@id\":\"https:\/\/ciavento.com.br\/2024\/produto\/exaustores\/exaustores-centrifugos\/ecv-3-tn-3-cv-cia-do-vento-2\/\",\"url\":\"https:\/\/ciavento.com.br\/2024\/produto\/exaustores\/exaustores-centrifugos\/ecv-3-tn-3-cv-cia-do-vento-2\/\",\"name\":\"ECV 3 TN 3 CV Cia do Vento - Cia do Vento\",\"isPartOf\":{\"@id\":\"https:\/\/ciavento.com.br\/2024\/#website\"},\"datePublished\":\"2024-05-28T14:52:01+00:00\",\"dateModified\":\"2024-05-28T14:55:43+00:00\",\"breadcrumb\":{\"@id\":\"https:\/\/ciavento.com.br\/2024\/produto\/exaustores\/exaustores-centrifugos\/ecv-3-tn-3-cv-cia-do-vento-2\/#breadcrumb\"},\"inLanguage\":\"pt-BR\",\"potentialAction\":[{\"@type\":\"ReadAction\",\"target\":[\"https:\/\/ciavento.com.br\/2024\/produto\/exaustores\/exaustores-centrifugos\/ecv-3-tn-3-cv-cia-do-vento-2\/\"]}]},{\"@type\":\"BreadcrumbList\",\"@id\":\"https:\/\/ciavento.com.br\/2024\/produto\/exaustores\/exaustores-centrifugos\/ecv-3-tn-3-cv-cia-do-vento-2\/#breadcrumb\",\"itemListElement\":[{\"@type\":\"ListItem\",\"position\":1,\"name\":\"In\u00edcio\",\"item\":\"https:\/\/ciavento.com.br\/2024\/\"},{\"@type\":\"ListItem\",\"position\":2,\"name\":\"Linha de Produtos\",\"item\":\"https:\/\/ciavento.com.br\/2024\/shop\/\"},{\"@type\":\"ListItem\",\"position\":3,\"name\":\"ECV 3 TN 3 CV Cia do Vento\"}]},{\"@type\":\"WebSite\",\"@id\":\"https:\/\/ciavento.com.br\/2024\/#website\",\"url\":\"https:\/\/ciavento.com.br\/2024\/\",\"name\":\"Cia do Vento\",\"description\":\"VENTILADORES \u00b7 Ver VENTILADORES \u00b7 Ventiladores de Parede \u00b7 Ventiladores de Coluna \u00b7 Ventiladores de Mesa \u00b7 Ventiladores de Teto \u00b7 Circuladores de Ar.\",\"publisher\":{\"@id\":\"https:\/\/ciavento.com.br\/2024\/#organization\"},\"potentialAction\":[{\"@type\":\"SearchAction\",\"target\":{\"@type\":\"EntryPoint\",\"urlTemplate\":\"https:\/\/ciavento.com.br\/2024\/?s={search_term_string}\"},\"query-input\":\"required name=search_term_string\"}],\"inLanguage\":\"pt-BR\"},{\"@type\":\"Organization\",\"@id\":\"https:\/\/ciavento.com.br\/2024\/#organization\",\"name\":\"Cia do Vento\",\"url\":\"https:\/\/ciavento.com.br\/2024\/\",\"logo\":{\"@type\":\"ImageObject\",\"inLanguage\":\"pt-BR\",\"@id\":\"https:\/\/ciavento.com.br\/2024\/#\/schema\/logo\/image\/\",\"url\":\"https:\/\/ciavento.com.br\/2024\/wp-content\/uploads\/2023\/09\/logo-22.jpg\",\"contentUrl\":\"https:\/\/ciavento.com.br\/2024\/wp-content\/uploads\/2023\/09\/logo-22.jpg\",\"width\":1280,\"height\":617,\"caption\":\"Cia do Vento\"},\"image\":{\"@id\":\"https:\/\/ciavento.com.br\/2024\/#\/schema\/logo\/image\/\"}}]}<\/script>\n<!-- \/ Yoast SEO plugin. -->","yoast_head_json":{"title":"ECV 3 TN 3 CV Cia do Vento - Cia do Vento","robots":{"index":"index","follow":"follow","max-snippet":"max-snippet:-1","max-image-preview":"max-image-preview:large","max-video-preview":"max-video-preview:-1"},"canonical":"https:\/\/ciavento.com.br\/2024\/produto\/exaustores\/exaustores-centrifugos\/ecv-3-tn-3-cv-cia-do-vento-2\/","og_locale":"pt_BR","og_type":"article","og_title":"ECV 3 TN 3 CV Cia do Vento - Cia do Vento","og_description":"Exaustores ECV 3 TN 3 CV s\u00e3o equipamentos da linha de exaustores centr\u00edfugos de alta resist\u00eancia e durabilidade. S\u00e3o ideais para limpeza de ambientes com ar contaminado por res\u00edduos. Nossos exaustores t\u00eam baixo n\u00edvel de ru\u00eddo e alta performance, o que garante o conforto na hora de sua utiliza\u00e7\u00e3o. Caracter\u00edsticas   Dimens\u00e3o entrada: 220  Dimens\u00e3o sa\u00edda: 210x210  Pot\u00eancia: 3 CV  Voltagem: 220\/380  Rota\u00e7\u00e3o: 1750 rpm  Vaz\u00e3o: 55  Press\u00e3o: 65  Ru\u00eddo: 77  H\u00e9lice (P\u00e1s): Siroco  Peso: 58  Trif\u00e1sico","og_url":"https:\/\/ciavento.com.br\/2024\/produto\/exaustores\/exaustores-centrifugos\/ecv-3-tn-3-cv-cia-do-vento-2\/","og_site_name":"Cia do Vento","article_modified_time":"2024-05-28T14:55:43+00:00","og_image":[{"width":600,"height":686,"url":"https:\/\/ciavento.com.br\/2024\/wp-content\/uploads\/2024\/05\/ECV-2-TN.jpg","type":"image\/jpeg"}],"twitter_card":"summary_large_image","schema":{"@context":"https:\/\/schema.org","@graph":[{"@type":"WebPage","@id":"https:\/\/ciavento.com.br\/2024\/produto\/exaustores\/exaustores-centrifugos\/ecv-3-tn-3-cv-cia-do-vento-2\/","url":"https:\/\/ciavento.com.br\/2024\/produto\/exaustores\/exaustores-centrifugos\/ecv-3-tn-3-cv-cia-do-vento-2\/","name":"ECV 3 TN 3 CV Cia do Vento - Cia do Vento","isPartOf":{"@id":"https:\/\/ciavento.com.br\/2024\/#website"},"datePublished":"2024-05-28T14:52:01+00:00","dateModified":"2024-05-28T14:55:43+00:00","breadcrumb":{"@id":"https:\/\/ciavento.com.br\/2024\/produto\/exaustores\/exaustores-centrifugos\/ecv-3-tn-3-cv-cia-do-vento-2\/#breadcrumb"},"inLanguage":"pt-BR","potentialAction":[{"@type":"ReadAction","target":["https:\/\/ciavento.com.br\/2024\/produto\/exaustores\/exaustores-centrifugos\/ecv-3-tn-3-cv-cia-do-vento-2\/"]}]},{"@type":"BreadcrumbList","@id":"https:\/\/ciavento.com.br\/2024\/produto\/exaustores\/exaustores-centrifugos\/ecv-3-tn-3-cv-cia-do-vento-2\/#breadcrumb","itemListElement":[{"@type":"ListItem","position":1,"name":"In\u00edcio","item":"https:\/\/ciavento.com.br\/2024\/"},{"@type":"ListItem","position":2,"name":"Linha de Produtos","item":"https:\/\/ciavento.com.br\/2024\/shop\/"},{"@type":"ListItem","position":3,"name":"ECV 3 TN 3 CV Cia do Vento"}]},{"@type":"WebSite","@id":"https:\/\/ciavento.com.br\/2024\/#website","url":"https:\/\/ciavento.com.br\/2024\/","name":"Cia do Vento","description":"VENTILADORES \u00b7 Ver VENTILADORES \u00b7 Ventiladores de Parede \u00b7 Ventiladores de Coluna \u00b7 Ventiladores de Mesa \u00b7 Ventiladores de Teto \u00b7 Circuladores de Ar.","publisher":{"@id":"https:\/\/ciavento.com.br\/2024\/#organization"},"potentialAction":[{"@type":"SearchAction","target":{"@type":"EntryPoint","urlTemplate":"https:\/\/ciavento.com.br\/2024\/?s={search_term_string}"},"query-input":"required name=search_term_string"}],"inLanguage":"pt-BR"},{"@type":"Organization","@id":"https:\/\/ciavento.com.br\/2024\/#organization","name":"Cia do Vento","url":"https:\/\/ciavento.com.br\/2024\/","logo":{"@type":"ImageObject","inLanguage":"pt-BR","@id":"https:\/\/ciavento.com.br\/2024\/#\/schema\/logo\/image\/","url":"https:\/\/ciavento.com.br\/2024\/wp-content\/uploads\/2023\/09\/logo-22.jpg","contentUrl":"https:\/\/ciavento.com.br\/2024\/wp-content\/uploads\/2023\/09\/logo-22.jpg","width":1280,"height":617,"caption":"Cia do Vento"},"image":{"@id":"https:\/\/ciavento.com.br\/2024\/#\/schema\/logo\/image\/"}}]}},"_links":{"self":[{"href":"https:\/\/ciavento.com.br\/2024\/wp-json\/wp\/v2\/product\/5443"}],"collection":[{"href":"https:\/\/ciavento.com.br\/2024\/wp-json\/wp\/v2\/product"}],"about":[{"href":"https:\/\/ciavento.com.br\/2024\/wp-json\/wp\/v2\/types\/product"}],"wp:featuredmedia":[{"embeddable":true,"href":"https:\/\/ciavento.com.br\/2024\/wp-json\/wp\/v2\/media\/5438"}],"wp:attachment":[{"href":"https:\/\/ciavento.com.br\/2024\/wp-json\/wp\/v2\/media?parent=5443"}],"curies":[{"name":"wp","href":"https:\/\/api.w.org\/{rel}","templated":true}]}}