{"id":5511,"date":"2024-05-29T10:30:25","date_gmt":"2024-05-29T13:30:25","guid":{"rendered":"https:\/\/ciavento.com.br\/2024\/?post_type=product&#038;p=5511"},"modified":"2024-05-29T11:32:27","modified_gmt":"2024-05-29T14:32:27","slug":"exaustor-itc-brisa","status":"publish","type":"product","link":"https:\/\/ciavento.com.br\/2024\/produto\/exaustores\/exaustores-para-banheiro\/exaustor-itc-brisa\/","title":{"rendered":"Exaustor de Banheiro ITC Brisa"},"content":{"rendered":"","protected":false},"excerpt":{"rendered":"<p class=\"font_7 wixui-rich-text__text\"><strong><span class=\"wixui-rich-text__text\">Caracter\u00edsticas:\u00a0<\/span><\/strong><span class=\"wixui-rich-text__text\"><span class=\"color_15 wixui-rich-text__text\">Renovador de ar, Silencioso e Eficaz, elimina o mau cheiro e o vapor.\u00a0<\/span><\/span><span class=\"wixui-rich-text__text\"><span class=\"color_15 wixui-rich-text__text\">Acompanha grade interna, e grade externa com aletas auto fechantes.\u00a0<\/span><\/span><span class=\"wixui-rich-text__text\"><span class=\"color_15 wixui-rich-text__text\">Pode ser instalado em paredes (madeira e alvenaria) , tetos, forros de gesso, PVC ou madeira.<\/span><\/span><\/p>\n<p class=\"font_7 wixui-rich-text__text\"><strong><span class=\"wixui-rich-text__text\"><span class=\"color_15 wixui-rich-text__text\"><span class=\"wixGuard wixui-rich-text__text\">\u200b<\/span><\/span><\/span><span class=\"wixui-rich-text__text\">Ideal para ambientes como:\u00a0<\/span><\/strong><span class=\"wixui-rich-text__text\">Banheiros, lavanderias, closets, salas e consult\u00f3rios<\/span><\/p>\n<p><strong>Especifica\u00e7\u00f5es T\u00e9cnicas:<\/strong><\/p>\n<p>Pot\u00eancia: 18 W<br \/>\nVaz\u00e3o de ar: 170 m\u00b3\/h<br \/>\nRota\u00e7\u00e3o do motor: 3000 rpm<br \/>\nTens\u00e3o: 127 V ou 220 V<br \/>\nFrequ\u00eancia: 60 Hz<br \/>\nH\u00e9lice: \u00d8 115 mm<br \/>\nSa\u00edda de ar: \u00d8 126 ou 100 mm<br \/>\nFuro de instala\u00e7\u00e3o: \u00d8 126 mm<br \/>\nGrade: 170 x 170 mm<br \/>\nPot\u00eancia sonora: 50 dB<br \/>\nPara \u00e1rea de at\u00e9: 10 m\u00b2<br \/>\nConsumo: 0,018 kW\/h<\/p>\n","protected":false},"featured_media":5514,"template":"","meta":[],"yoast_head":"<!-- This site is optimized with the Yoast SEO plugin v20.0 - https:\/\/yoast.com\/wordpress\/plugins\/seo\/ -->\n<title>Exaustor de Banheiro ITC Brisa - Cia do Vento<\/title>\n<meta name=\"robots\" content=\"index, follow, max-snippet:-1, max-image-preview:large, max-video-preview:-1\" \/>\n<link rel=\"canonical\" href=\"https:\/\/ciavento.com.br\/2024\/produto\/exaustores\/exaustores-para-banheiro\/exaustor-itc-brisa\/\" \/>\n<meta property=\"og:locale\" content=\"pt_BR\" \/>\n<meta property=\"og:type\" content=\"article\" \/>\n<meta property=\"og:title\" content=\"Exaustor de Banheiro ITC Brisa - Cia do Vento\" \/>\n<meta property=\"og:description\" content=\"Caracter\u00edsticas:\u00a0Renovador de ar, Silencioso e Eficaz, elimina o mau cheiro e o vapor.\u00a0Acompanha grade interna, e grade externa com aletas auto fechantes.\u00a0Pode ser instalado em paredes (madeira e alvenaria) , tetos, forros de gesso, PVC ou madeira. \u200bIdeal para ambientes como:\u00a0Banheiros, lavanderias, closets, salas e consult\u00f3rios Especifica\u00e7\u00f5es T\u00e9cnicas:  Pot\u00eancia: 18 W Vaz\u00e3o de ar: 170 m\u00b3\/h Rota\u00e7\u00e3o do motor: 3000 rpm Tens\u00e3o: 127 V ou 220 V Frequ\u00eancia: 60 Hz H\u00e9lice: \u00d8 115 mm Sa\u00edda de ar: \u00d8 126 ou 100 mm Furo de instala\u00e7\u00e3o: \u00d8 126 mm Grade: 170 x 170 mm Pot\u00eancia sonora: 50 dB Para \u00e1rea de at\u00e9: 10 m\u00b2 Consumo: 0,018 kW\/h\" \/>\n<meta property=\"og:url\" content=\"https:\/\/ciavento.com.br\/2024\/produto\/exaustores\/exaustores-para-banheiro\/exaustor-itc-brisa\/\" \/>\n<meta property=\"og:site_name\" content=\"Cia do Vento\" \/>\n<meta property=\"article:modified_time\" content=\"2024-05-29T14:32:27+00:00\" \/>\n<meta property=\"og:image\" content=\"https:\/\/ciavento.com.br\/2024\/wp-content\/uploads\/2024\/05\/exaustor-de-ar-residencial.jpg\" \/>\n\t<meta property=\"og:image:width\" content=\"600\" \/>\n\t<meta property=\"og:image:height\" content=\"686\" \/>\n\t<meta property=\"og:image:type\" content=\"image\/jpeg\" \/>\n<meta name=\"twitter:card\" content=\"summary_large_image\" \/>\n<script type=\"application\/ld+json\" class=\"yoast-schema-graph\">{\"@context\":\"https:\/\/schema.org\",\"@graph\":[{\"@type\":\"WebPage\",\"@id\":\"https:\/\/ciavento.com.br\/2024\/produto\/exaustores\/exaustores-para-banheiro\/exaustor-itc-brisa\/\",\"url\":\"https:\/\/ciavento.com.br\/2024\/produto\/exaustores\/exaustores-para-banheiro\/exaustor-itc-brisa\/\",\"name\":\"Exaustor de Banheiro ITC Brisa - Cia do Vento\",\"isPartOf\":{\"@id\":\"https:\/\/ciavento.com.br\/2024\/#website\"},\"datePublished\":\"2024-05-29T13:30:25+00:00\",\"dateModified\":\"2024-05-29T14:32:27+00:00\",\"breadcrumb\":{\"@id\":\"https:\/\/ciavento.com.br\/2024\/produto\/exaustores\/exaustores-para-banheiro\/exaustor-itc-brisa\/#breadcrumb\"},\"inLanguage\":\"pt-BR\",\"potentialAction\":[{\"@type\":\"ReadAction\",\"target\":[\"https:\/\/ciavento.com.br\/2024\/produto\/exaustores\/exaustores-para-banheiro\/exaustor-itc-brisa\/\"]}]},{\"@type\":\"BreadcrumbList\",\"@id\":\"https:\/\/ciavento.com.br\/2024\/produto\/exaustores\/exaustores-para-banheiro\/exaustor-itc-brisa\/#breadcrumb\",\"itemListElement\":[{\"@type\":\"ListItem\",\"position\":1,\"name\":\"In\u00edcio\",\"item\":\"https:\/\/ciavento.com.br\/2024\/\"},{\"@type\":\"ListItem\",\"position\":2,\"name\":\"Linha de Produtos\",\"item\":\"https:\/\/ciavento.com.br\/2024\/shop\/\"},{\"@type\":\"ListItem\",\"position\":3,\"name\":\"Exaustor de Banheiro ITC Brisa\"}]},{\"@type\":\"WebSite\",\"@id\":\"https:\/\/ciavento.com.br\/2024\/#website\",\"url\":\"https:\/\/ciavento.com.br\/2024\/\",\"name\":\"Cia do Vento\",\"description\":\"VENTILADORES \u00b7 Ver VENTILADORES \u00b7 Ventiladores de Parede \u00b7 Ventiladores de Coluna \u00b7 Ventiladores de Mesa \u00b7 Ventiladores de Teto \u00b7 Circuladores de Ar.\",\"publisher\":{\"@id\":\"https:\/\/ciavento.com.br\/2024\/#organization\"},\"potentialAction\":[{\"@type\":\"SearchAction\",\"target\":{\"@type\":\"EntryPoint\",\"urlTemplate\":\"https:\/\/ciavento.com.br\/2024\/?s={search_term_string}\"},\"query-input\":\"required name=search_term_string\"}],\"inLanguage\":\"pt-BR\"},{\"@type\":\"Organization\",\"@id\":\"https:\/\/ciavento.com.br\/2024\/#organization\",\"name\":\"Cia do Vento\",\"url\":\"https:\/\/ciavento.com.br\/2024\/\",\"logo\":{\"@type\":\"ImageObject\",\"inLanguage\":\"pt-BR\",\"@id\":\"https:\/\/ciavento.com.br\/2024\/#\/schema\/logo\/image\/\",\"url\":\"https:\/\/ciavento.com.br\/2024\/wp-content\/uploads\/2023\/09\/logo-22.jpg\",\"contentUrl\":\"https:\/\/ciavento.com.br\/2024\/wp-content\/uploads\/2023\/09\/logo-22.jpg\",\"width\":1280,\"height\":617,\"caption\":\"Cia do Vento\"},\"image\":{\"@id\":\"https:\/\/ciavento.com.br\/2024\/#\/schema\/logo\/image\/\"}}]}<\/script>\n<!-- \/ Yoast SEO plugin. -->","yoast_head_json":{"title":"Exaustor de Banheiro ITC Brisa - Cia do Vento","robots":{"index":"index","follow":"follow","max-snippet":"max-snippet:-1","max-image-preview":"max-image-preview:large","max-video-preview":"max-video-preview:-1"},"canonical":"https:\/\/ciavento.com.br\/2024\/produto\/exaustores\/exaustores-para-banheiro\/exaustor-itc-brisa\/","og_locale":"pt_BR","og_type":"article","og_title":"Exaustor de Banheiro ITC Brisa - Cia do Vento","og_description":"Caracter\u00edsticas:\u00a0Renovador de ar, Silencioso e Eficaz, elimina o mau cheiro e o vapor.\u00a0Acompanha grade interna, e grade externa com aletas auto fechantes.\u00a0Pode ser instalado em paredes (madeira e alvenaria) , tetos, forros de gesso, PVC ou madeira. \u200bIdeal para ambientes como:\u00a0Banheiros, lavanderias, closets, salas e consult\u00f3rios Especifica\u00e7\u00f5es T\u00e9cnicas:  Pot\u00eancia: 18 W Vaz\u00e3o de ar: 170 m\u00b3\/h Rota\u00e7\u00e3o do motor: 3000 rpm Tens\u00e3o: 127 V ou 220 V Frequ\u00eancia: 60 Hz H\u00e9lice: \u00d8 115 mm Sa\u00edda de ar: \u00d8 126 ou 100 mm Furo de instala\u00e7\u00e3o: \u00d8 126 mm Grade: 170 x 170 mm Pot\u00eancia sonora: 50 dB Para \u00e1rea de at\u00e9: 10 m\u00b2 Consumo: 0,018 kW\/h","og_url":"https:\/\/ciavento.com.br\/2024\/produto\/exaustores\/exaustores-para-banheiro\/exaustor-itc-brisa\/","og_site_name":"Cia do Vento","article_modified_time":"2024-05-29T14:32:27+00:00","og_image":[{"width":600,"height":686,"url":"https:\/\/ciavento.com.br\/2024\/wp-content\/uploads\/2024\/05\/exaustor-de-ar-residencial.jpg","type":"image\/jpeg"}],"twitter_card":"summary_large_image","schema":{"@context":"https:\/\/schema.org","@graph":[{"@type":"WebPage","@id":"https:\/\/ciavento.com.br\/2024\/produto\/exaustores\/exaustores-para-banheiro\/exaustor-itc-brisa\/","url":"https:\/\/ciavento.com.br\/2024\/produto\/exaustores\/exaustores-para-banheiro\/exaustor-itc-brisa\/","name":"Exaustor de Banheiro ITC Brisa - Cia do Vento","isPartOf":{"@id":"https:\/\/ciavento.com.br\/2024\/#website"},"datePublished":"2024-05-29T13:30:25+00:00","dateModified":"2024-05-29T14:32:27+00:00","breadcrumb":{"@id":"https:\/\/ciavento.com.br\/2024\/produto\/exaustores\/exaustores-para-banheiro\/exaustor-itc-brisa\/#breadcrumb"},"inLanguage":"pt-BR","potentialAction":[{"@type":"ReadAction","target":["https:\/\/ciavento.com.br\/2024\/produto\/exaustores\/exaustores-para-banheiro\/exaustor-itc-brisa\/"]}]},{"@type":"BreadcrumbList","@id":"https:\/\/ciavento.com.br\/2024\/produto\/exaustores\/exaustores-para-banheiro\/exaustor-itc-brisa\/#breadcrumb","itemListElement":[{"@type":"ListItem","position":1,"name":"In\u00edcio","item":"https:\/\/ciavento.com.br\/2024\/"},{"@type":"ListItem","position":2,"name":"Linha de Produtos","item":"https:\/\/ciavento.com.br\/2024\/shop\/"},{"@type":"ListItem","position":3,"name":"Exaustor de Banheiro ITC Brisa"}]},{"@type":"WebSite","@id":"https:\/\/ciavento.com.br\/2024\/#website","url":"https:\/\/ciavento.com.br\/2024\/","name":"Cia do Vento","description":"VENTILADORES \u00b7 Ver VENTILADORES \u00b7 Ventiladores de Parede \u00b7 Ventiladores de Coluna \u00b7 Ventiladores de Mesa \u00b7 Ventiladores de Teto \u00b7 Circuladores de Ar.","publisher":{"@id":"https:\/\/ciavento.com.br\/2024\/#organization"},"potentialAction":[{"@type":"SearchAction","target":{"@type":"EntryPoint","urlTemplate":"https:\/\/ciavento.com.br\/2024\/?s={search_term_string}"},"query-input":"required name=search_term_string"}],"inLanguage":"pt-BR"},{"@type":"Organization","@id":"https:\/\/ciavento.com.br\/2024\/#organization","name":"Cia do Vento","url":"https:\/\/ciavento.com.br\/2024\/","logo":{"@type":"ImageObject","inLanguage":"pt-BR","@id":"https:\/\/ciavento.com.br\/2024\/#\/schema\/logo\/image\/","url":"https:\/\/ciavento.com.br\/2024\/wp-content\/uploads\/2023\/09\/logo-22.jpg","contentUrl":"https:\/\/ciavento.com.br\/2024\/wp-content\/uploads\/2023\/09\/logo-22.jpg","width":1280,"height":617,"caption":"Cia do Vento"},"image":{"@id":"https:\/\/ciavento.com.br\/2024\/#\/schema\/logo\/image\/"}}]}},"_links":{"self":[{"href":"https:\/\/ciavento.com.br\/2024\/wp-json\/wp\/v2\/product\/5511"}],"collection":[{"href":"https:\/\/ciavento.com.br\/2024\/wp-json\/wp\/v2\/product"}],"about":[{"href":"https:\/\/ciavento.com.br\/2024\/wp-json\/wp\/v2\/types\/product"}],"wp:featuredmedia":[{"embeddable":true,"href":"https:\/\/ciavento.com.br\/2024\/wp-json\/wp\/v2\/media\/5514"}],"wp:attachment":[{"href":"https:\/\/ciavento.com.br\/2024\/wp-json\/wp\/v2\/media?parent=5511"}],"curies":[{"name":"wp","href":"https:\/\/api.w.org\/{rel}","templated":true}]}}