{"id":5537,"date":"2024-05-29T11:56:19","date_gmt":"2024-05-29T14:56:19","guid":{"rendered":"https:\/\/ciavento.com.br\/2024\/?post_type=product&#038;p=5537"},"modified":"2024-05-29T16:13:27","modified_gmt":"2024-05-29T19:13:27","slug":"exaustor-para-churrasqueira-com-iluminacao-itc","status":"publish","type":"product","link":"https:\/\/ciavento.com.br\/2024\/produto\/exaustores\/exaustor-churrasqueira\/exaustor-para-churrasqueira-com-iluminacao-itc\/","title":{"rendered":"Exaustor Para Churrasqueira com Ilumina\u00e7\u00e3o ITC"},"content":{"rendered":"","protected":false},"excerpt":{"rendered":"<p class=\"font_7 wixui-rich-text__text\"><strong><span class=\"wixui-rich-text__text\">Caracter\u00edsticas:\u00a0<\/span><\/strong><span class=\"wixui-rich-text__text\">Suporte em a\u00e7o galvanizado (n\u00e3o enferruja); Protetor t\u00e9rmico no motor (se desliga ao chegar a 130\u00b0C), evitando curto circuito devido ao aquecimento; Isolamento da fia\u00e7\u00e3o el\u00e9trica; Bucha de fixa\u00e7\u00e3o da h\u00e9lice em PBT (alta temperatura); H\u00e9lice de alum\u00ednio, facilidade na instala\u00e7\u00e3o;\u00a0<\/span><span class=\"wixui-rich-text__text\">A luz pode ser ligada junto com exaustor, ou de forma independente.\u00a0<\/span><span class=\"wixui-rich-text__text\">Agora voc\u00ea pode curtir seu churrasco.<\/span><\/p>\n<p class=\"font_7 wixui-rich-text__text\"><strong><span class=\"wixui-rich-text__text\"><span class=\"color_15 wixui-rich-text__text\"><span class=\"wixGuard wixui-rich-text__text\">\u200b<\/span><\/span><\/span><span class=\"wixui-rich-text__text\">Ideal para ambientes como:\u00a0<\/span><\/strong><span class=\"wixui-rich-text__text\">Qualquer tipo de churrasqueiras de casas ou apartamentos.<\/span><\/p>\n<p><strong>Especifica\u00e7\u00f5es T\u00e9cnicas:<\/strong>\u200b<\/p>\n<p>Motor: 55 W \/ Blindado<br \/>\nVaz\u00e3o de ar: 570 m\u00b3\/h<br \/>\nRota\u00e7\u00e3o do motor: 1540 rpm<br \/>\nVoltagem: 127 V ou 220 V<br \/>\nFrequ\u00eancia: 60 Hz<br \/>\nH\u00e9lice: \u00d8 200 mm<br \/>\nMaterial: A\u00e7o galvanizado e Alum\u00ednio<br \/>\nConsumo: 0,055 kW\/h<\/p>\n","protected":false},"featured_media":5540,"template":"","meta":[],"yoast_head":"<!-- This site is optimized with the Yoast SEO plugin v20.0 - https:\/\/yoast.com\/wordpress\/plugins\/seo\/ -->\n<title>Exaustor Para Churrasqueira com Ilumina\u00e7\u00e3o ITC - Cia do Vento<\/title>\n<meta name=\"robots\" content=\"index, follow, max-snippet:-1, max-image-preview:large, max-video-preview:-1\" \/>\n<link rel=\"canonical\" href=\"https:\/\/ciavento.com.br\/2024\/produto\/exaustores\/exaustor-churrasqueira\/exaustor-para-churrasqueira-com-iluminacao-itc\/\" \/>\n<meta property=\"og:locale\" content=\"pt_BR\" \/>\n<meta property=\"og:type\" content=\"article\" \/>\n<meta property=\"og:title\" content=\"Exaustor Para Churrasqueira com Ilumina\u00e7\u00e3o ITC - Cia do Vento\" \/>\n<meta property=\"og:description\" content=\"Caracter\u00edsticas:\u00a0Suporte em a\u00e7o galvanizado (n\u00e3o enferruja); Protetor t\u00e9rmico no motor (se desliga ao chegar a 130\u00b0C), evitando curto circuito devido ao aquecimento; Isolamento da fia\u00e7\u00e3o el\u00e9trica; Bucha de fixa\u00e7\u00e3o da h\u00e9lice em PBT (alta temperatura); H\u00e9lice de alum\u00ednio, facilidade na instala\u00e7\u00e3o;\u00a0A luz pode ser ligada junto com exaustor, ou de forma independente.\u00a0Agora voc\u00ea pode curtir seu churrasco. \u200bIdeal para ambientes como:\u00a0Qualquer tipo de churrasqueiras de casas ou apartamentos. Especifica\u00e7\u00f5es T\u00e9cnicas:\u200b  Motor: 55 W \/ Blindado Vaz\u00e3o de ar: 570 m\u00b3\/h Rota\u00e7\u00e3o do motor: 1540 rpm Voltagem: 127 V ou 220 V Frequ\u00eancia: 60 Hz H\u00e9lice: \u00d8 200 mm Material: A\u00e7o galvanizado e Alum\u00ednio Consumo: 0,055 kW\/h\" \/>\n<meta property=\"og:url\" content=\"https:\/\/ciavento.com.br\/2024\/produto\/exaustores\/exaustor-churrasqueira\/exaustor-para-churrasqueira-com-iluminacao-itc\/\" \/>\n<meta property=\"og:site_name\" content=\"Cia do Vento\" \/>\n<meta property=\"article:modified_time\" content=\"2024-05-29T19:13:27+00:00\" \/>\n<meta property=\"og:image\" content=\"https:\/\/ciavento.com.br\/2024\/wp-content\/uploads\/2024\/05\/exaustor-churrasqueira.jpg\" \/>\n\t<meta property=\"og:image:width\" content=\"600\" \/>\n\t<meta property=\"og:image:height\" content=\"686\" \/>\n\t<meta property=\"og:image:type\" content=\"image\/jpeg\" \/>\n<meta name=\"twitter:card\" content=\"summary_large_image\" \/>\n<script type=\"application\/ld+json\" class=\"yoast-schema-graph\">{\"@context\":\"https:\/\/schema.org\",\"@graph\":[{\"@type\":\"WebPage\",\"@id\":\"https:\/\/ciavento.com.br\/2024\/produto\/exaustores\/exaustor-churrasqueira\/exaustor-para-churrasqueira-com-iluminacao-itc\/\",\"url\":\"https:\/\/ciavento.com.br\/2024\/produto\/exaustores\/exaustor-churrasqueira\/exaustor-para-churrasqueira-com-iluminacao-itc\/\",\"name\":\"Exaustor Para Churrasqueira com Ilumina\u00e7\u00e3o ITC - Cia do Vento\",\"isPartOf\":{\"@id\":\"https:\/\/ciavento.com.br\/2024\/#website\"},\"datePublished\":\"2024-05-29T14:56:19+00:00\",\"dateModified\":\"2024-05-29T19:13:27+00:00\",\"breadcrumb\":{\"@id\":\"https:\/\/ciavento.com.br\/2024\/produto\/exaustores\/exaustor-churrasqueira\/exaustor-para-churrasqueira-com-iluminacao-itc\/#breadcrumb\"},\"inLanguage\":\"pt-BR\",\"potentialAction\":[{\"@type\":\"ReadAction\",\"target\":[\"https:\/\/ciavento.com.br\/2024\/produto\/exaustores\/exaustor-churrasqueira\/exaustor-para-churrasqueira-com-iluminacao-itc\/\"]}]},{\"@type\":\"BreadcrumbList\",\"@id\":\"https:\/\/ciavento.com.br\/2024\/produto\/exaustores\/exaustor-churrasqueira\/exaustor-para-churrasqueira-com-iluminacao-itc\/#breadcrumb\",\"itemListElement\":[{\"@type\":\"ListItem\",\"position\":1,\"name\":\"In\u00edcio\",\"item\":\"https:\/\/ciavento.com.br\/2024\/\"},{\"@type\":\"ListItem\",\"position\":2,\"name\":\"Linha de Produtos\",\"item\":\"https:\/\/ciavento.com.br\/2024\/shop\/\"},{\"@type\":\"ListItem\",\"position\":3,\"name\":\"Exaustor Para Churrasqueira com Ilumina\u00e7\u00e3o ITC\"}]},{\"@type\":\"WebSite\",\"@id\":\"https:\/\/ciavento.com.br\/2024\/#website\",\"url\":\"https:\/\/ciavento.com.br\/2024\/\",\"name\":\"Cia do Vento\",\"description\":\"VENTILADORES \u00b7 Ver VENTILADORES \u00b7 Ventiladores de Parede \u00b7 Ventiladores de Coluna \u00b7 Ventiladores de Mesa \u00b7 Ventiladores de Teto \u00b7 Circuladores de Ar.\",\"publisher\":{\"@id\":\"https:\/\/ciavento.com.br\/2024\/#organization\"},\"potentialAction\":[{\"@type\":\"SearchAction\",\"target\":{\"@type\":\"EntryPoint\",\"urlTemplate\":\"https:\/\/ciavento.com.br\/2024\/?s={search_term_string}\"},\"query-input\":\"required name=search_term_string\"}],\"inLanguage\":\"pt-BR\"},{\"@type\":\"Organization\",\"@id\":\"https:\/\/ciavento.com.br\/2024\/#organization\",\"name\":\"Cia do Vento\",\"url\":\"https:\/\/ciavento.com.br\/2024\/\",\"logo\":{\"@type\":\"ImageObject\",\"inLanguage\":\"pt-BR\",\"@id\":\"https:\/\/ciavento.com.br\/2024\/#\/schema\/logo\/image\/\",\"url\":\"https:\/\/ciavento.com.br\/2024\/wp-content\/uploads\/2023\/09\/logo-22.jpg\",\"contentUrl\":\"https:\/\/ciavento.com.br\/2024\/wp-content\/uploads\/2023\/09\/logo-22.jpg\",\"width\":1280,\"height\":617,\"caption\":\"Cia do Vento\"},\"image\":{\"@id\":\"https:\/\/ciavento.com.br\/2024\/#\/schema\/logo\/image\/\"}}]}<\/script>\n<!-- \/ Yoast SEO plugin. -->","yoast_head_json":{"title":"Exaustor Para Churrasqueira com Ilumina\u00e7\u00e3o ITC - Cia do Vento","robots":{"index":"index","follow":"follow","max-snippet":"max-snippet:-1","max-image-preview":"max-image-preview:large","max-video-preview":"max-video-preview:-1"},"canonical":"https:\/\/ciavento.com.br\/2024\/produto\/exaustores\/exaustor-churrasqueira\/exaustor-para-churrasqueira-com-iluminacao-itc\/","og_locale":"pt_BR","og_type":"article","og_title":"Exaustor Para Churrasqueira com Ilumina\u00e7\u00e3o ITC - Cia do Vento","og_description":"Caracter\u00edsticas:\u00a0Suporte em a\u00e7o galvanizado (n\u00e3o enferruja); Protetor t\u00e9rmico no motor (se desliga ao chegar a 130\u00b0C), evitando curto circuito devido ao aquecimento; Isolamento da fia\u00e7\u00e3o el\u00e9trica; Bucha de fixa\u00e7\u00e3o da h\u00e9lice em PBT (alta temperatura); H\u00e9lice de alum\u00ednio, facilidade na instala\u00e7\u00e3o;\u00a0A luz pode ser ligada junto com exaustor, ou de forma independente.\u00a0Agora voc\u00ea pode curtir seu churrasco. \u200bIdeal para ambientes como:\u00a0Qualquer tipo de churrasqueiras de casas ou apartamentos. Especifica\u00e7\u00f5es T\u00e9cnicas:\u200b  Motor: 55 W \/ Blindado Vaz\u00e3o de ar: 570 m\u00b3\/h Rota\u00e7\u00e3o do motor: 1540 rpm Voltagem: 127 V ou 220 V Frequ\u00eancia: 60 Hz H\u00e9lice: \u00d8 200 mm Material: A\u00e7o galvanizado e Alum\u00ednio Consumo: 0,055 kW\/h","og_url":"https:\/\/ciavento.com.br\/2024\/produto\/exaustores\/exaustor-churrasqueira\/exaustor-para-churrasqueira-com-iluminacao-itc\/","og_site_name":"Cia do Vento","article_modified_time":"2024-05-29T19:13:27+00:00","og_image":[{"width":600,"height":686,"url":"https:\/\/ciavento.com.br\/2024\/wp-content\/uploads\/2024\/05\/exaustor-churrasqueira.jpg","type":"image\/jpeg"}],"twitter_card":"summary_large_image","schema":{"@context":"https:\/\/schema.org","@graph":[{"@type":"WebPage","@id":"https:\/\/ciavento.com.br\/2024\/produto\/exaustores\/exaustor-churrasqueira\/exaustor-para-churrasqueira-com-iluminacao-itc\/","url":"https:\/\/ciavento.com.br\/2024\/produto\/exaustores\/exaustor-churrasqueira\/exaustor-para-churrasqueira-com-iluminacao-itc\/","name":"Exaustor Para Churrasqueira com Ilumina\u00e7\u00e3o ITC - Cia do Vento","isPartOf":{"@id":"https:\/\/ciavento.com.br\/2024\/#website"},"datePublished":"2024-05-29T14:56:19+00:00","dateModified":"2024-05-29T19:13:27+00:00","breadcrumb":{"@id":"https:\/\/ciavento.com.br\/2024\/produto\/exaustores\/exaustor-churrasqueira\/exaustor-para-churrasqueira-com-iluminacao-itc\/#breadcrumb"},"inLanguage":"pt-BR","potentialAction":[{"@type":"ReadAction","target":["https:\/\/ciavento.com.br\/2024\/produto\/exaustores\/exaustor-churrasqueira\/exaustor-para-churrasqueira-com-iluminacao-itc\/"]}]},{"@type":"BreadcrumbList","@id":"https:\/\/ciavento.com.br\/2024\/produto\/exaustores\/exaustor-churrasqueira\/exaustor-para-churrasqueira-com-iluminacao-itc\/#breadcrumb","itemListElement":[{"@type":"ListItem","position":1,"name":"In\u00edcio","item":"https:\/\/ciavento.com.br\/2024\/"},{"@type":"ListItem","position":2,"name":"Linha de Produtos","item":"https:\/\/ciavento.com.br\/2024\/shop\/"},{"@type":"ListItem","position":3,"name":"Exaustor Para Churrasqueira com Ilumina\u00e7\u00e3o ITC"}]},{"@type":"WebSite","@id":"https:\/\/ciavento.com.br\/2024\/#website","url":"https:\/\/ciavento.com.br\/2024\/","name":"Cia do Vento","description":"VENTILADORES \u00b7 Ver VENTILADORES \u00b7 Ventiladores de Parede \u00b7 Ventiladores de Coluna \u00b7 Ventiladores de Mesa \u00b7 Ventiladores de Teto \u00b7 Circuladores de Ar.","publisher":{"@id":"https:\/\/ciavento.com.br\/2024\/#organization"},"potentialAction":[{"@type":"SearchAction","target":{"@type":"EntryPoint","urlTemplate":"https:\/\/ciavento.com.br\/2024\/?s={search_term_string}"},"query-input":"required name=search_term_string"}],"inLanguage":"pt-BR"},{"@type":"Organization","@id":"https:\/\/ciavento.com.br\/2024\/#organization","name":"Cia do Vento","url":"https:\/\/ciavento.com.br\/2024\/","logo":{"@type":"ImageObject","inLanguage":"pt-BR","@id":"https:\/\/ciavento.com.br\/2024\/#\/schema\/logo\/image\/","url":"https:\/\/ciavento.com.br\/2024\/wp-content\/uploads\/2023\/09\/logo-22.jpg","contentUrl":"https:\/\/ciavento.com.br\/2024\/wp-content\/uploads\/2023\/09\/logo-22.jpg","width":1280,"height":617,"caption":"Cia do Vento"},"image":{"@id":"https:\/\/ciavento.com.br\/2024\/#\/schema\/logo\/image\/"}}]}},"_links":{"self":[{"href":"https:\/\/ciavento.com.br\/2024\/wp-json\/wp\/v2\/product\/5537"}],"collection":[{"href":"https:\/\/ciavento.com.br\/2024\/wp-json\/wp\/v2\/product"}],"about":[{"href":"https:\/\/ciavento.com.br\/2024\/wp-json\/wp\/v2\/types\/product"}],"wp:featuredmedia":[{"embeddable":true,"href":"https:\/\/ciavento.com.br\/2024\/wp-json\/wp\/v2\/media\/5540"}],"wp:attachment":[{"href":"https:\/\/ciavento.com.br\/2024\/wp-json\/wp\/v2\/media?parent=5537"}],"curies":[{"name":"wp","href":"https:\/\/api.w.org\/{rel}","templated":true}]}}