{"id":5553,"date":"2024-05-29T16:36:33","date_gmt":"2024-05-29T19:36:33","guid":{"rendered":"https:\/\/ciavento.com.br\/2024\/?post_type=product&#038;p=5553"},"modified":"2024-05-29T16:41:10","modified_gmt":"2024-05-29T19:41:10","slug":"duto-flexivel-aludec","status":"publish","type":"product","link":"https:\/\/ciavento.com.br\/2024\/produto\/acessorios\/duto-flexivel-aludec\/","title":{"rendered":"Duto Flex\u00edvel Aludec"},"content":{"rendered":"","protected":false},"excerpt":{"rendered":"<p>Acabamento com dupla parede de alum\u00ednio, poli\u00e9ster e espiral de arame bronzeado. Os di\u00e2metros dispon\u00edveis s\u00e3o de 3\u2033 \u00e0 24\u2033 (polegadas).<\/p>\n<h3 class=\"title35 azule Mb30\">Caracter\u00edsticas:<\/h3>\n<ul class=\"caracteristicas\">\n<li>Polegadas de 3 a 24<\/li>\n<\/ul>\n","protected":false},"featured_media":5556,"template":"","meta":[],"yoast_head":"<!-- This site is optimized with the Yoast SEO plugin v20.0 - https:\/\/yoast.com\/wordpress\/plugins\/seo\/ -->\n<title>Duto Flex\u00edvel Aludec - Cia do Vento<\/title>\n<meta name=\"robots\" content=\"index, follow, max-snippet:-1, max-image-preview:large, max-video-preview:-1\" \/>\n<link rel=\"canonical\" href=\"https:\/\/ciavento.com.br\/2024\/produto\/acessorios\/duto-flexivel-aludec\/\" \/>\n<meta property=\"og:locale\" content=\"pt_BR\" \/>\n<meta property=\"og:type\" content=\"article\" \/>\n<meta property=\"og:title\" content=\"Duto Flex\u00edvel Aludec - Cia do Vento\" \/>\n<meta property=\"og:description\" content=\"Acabamento com dupla parede de alum\u00ednio, poli\u00e9ster e espiral de arame bronzeado. Os di\u00e2metros dispon\u00edveis s\u00e3o de 3\u2033 \u00e0 24\u2033 (polegadas). Caracter\u00edsticas:   Polegadas de 3 a 24\" \/>\n<meta property=\"og:url\" content=\"https:\/\/ciavento.com.br\/2024\/produto\/acessorios\/duto-flexivel-aludec\/\" \/>\n<meta property=\"og:site_name\" content=\"Cia do Vento\" \/>\n<meta property=\"article:modified_time\" content=\"2024-05-29T19:41:10+00:00\" \/>\n<meta property=\"og:image\" content=\"https:\/\/ciavento.com.br\/2024\/wp-content\/uploads\/2024\/05\/duto-flexivel-audec.jpg\" \/>\n\t<meta property=\"og:image:width\" content=\"600\" \/>\n\t<meta property=\"og:image:height\" content=\"686\" \/>\n\t<meta property=\"og:image:type\" content=\"image\/jpeg\" \/>\n<meta name=\"twitter:card\" content=\"summary_large_image\" \/>\n<script type=\"application\/ld+json\" class=\"yoast-schema-graph\">{\"@context\":\"https:\/\/schema.org\",\"@graph\":[{\"@type\":\"WebPage\",\"@id\":\"https:\/\/ciavento.com.br\/2024\/produto\/acessorios\/duto-flexivel-aludec\/\",\"url\":\"https:\/\/ciavento.com.br\/2024\/produto\/acessorios\/duto-flexivel-aludec\/\",\"name\":\"Duto Flex\u00edvel Aludec - Cia do Vento\",\"isPartOf\":{\"@id\":\"https:\/\/ciavento.com.br\/2024\/#website\"},\"datePublished\":\"2024-05-29T19:36:33+00:00\",\"dateModified\":\"2024-05-29T19:41:10+00:00\",\"breadcrumb\":{\"@id\":\"https:\/\/ciavento.com.br\/2024\/produto\/acessorios\/duto-flexivel-aludec\/#breadcrumb\"},\"inLanguage\":\"pt-BR\",\"potentialAction\":[{\"@type\":\"ReadAction\",\"target\":[\"https:\/\/ciavento.com.br\/2024\/produto\/acessorios\/duto-flexivel-aludec\/\"]}]},{\"@type\":\"BreadcrumbList\",\"@id\":\"https:\/\/ciavento.com.br\/2024\/produto\/acessorios\/duto-flexivel-aludec\/#breadcrumb\",\"itemListElement\":[{\"@type\":\"ListItem\",\"position\":1,\"name\":\"In\u00edcio\",\"item\":\"https:\/\/ciavento.com.br\/2024\/\"},{\"@type\":\"ListItem\",\"position\":2,\"name\":\"Linha de Produtos\",\"item\":\"https:\/\/ciavento.com.br\/2024\/shop\/\"},{\"@type\":\"ListItem\",\"position\":3,\"name\":\"Duto Flex\u00edvel Aludec\"}]},{\"@type\":\"WebSite\",\"@id\":\"https:\/\/ciavento.com.br\/2024\/#website\",\"url\":\"https:\/\/ciavento.com.br\/2024\/\",\"name\":\"Cia do Vento\",\"description\":\"VENTILADORES \u00b7 Ver VENTILADORES \u00b7 Ventiladores de Parede \u00b7 Ventiladores de Coluna \u00b7 Ventiladores de Mesa \u00b7 Ventiladores de Teto \u00b7 Circuladores de Ar.\",\"publisher\":{\"@id\":\"https:\/\/ciavento.com.br\/2024\/#organization\"},\"potentialAction\":[{\"@type\":\"SearchAction\",\"target\":{\"@type\":\"EntryPoint\",\"urlTemplate\":\"https:\/\/ciavento.com.br\/2024\/?s={search_term_string}\"},\"query-input\":\"required name=search_term_string\"}],\"inLanguage\":\"pt-BR\"},{\"@type\":\"Organization\",\"@id\":\"https:\/\/ciavento.com.br\/2024\/#organization\",\"name\":\"Cia do Vento\",\"url\":\"https:\/\/ciavento.com.br\/2024\/\",\"logo\":{\"@type\":\"ImageObject\",\"inLanguage\":\"pt-BR\",\"@id\":\"https:\/\/ciavento.com.br\/2024\/#\/schema\/logo\/image\/\",\"url\":\"https:\/\/ciavento.com.br\/2024\/wp-content\/uploads\/2023\/09\/logo-22.jpg\",\"contentUrl\":\"https:\/\/ciavento.com.br\/2024\/wp-content\/uploads\/2023\/09\/logo-22.jpg\",\"width\":1280,\"height\":617,\"caption\":\"Cia do Vento\"},\"image\":{\"@id\":\"https:\/\/ciavento.com.br\/2024\/#\/schema\/logo\/image\/\"}}]}<\/script>\n<!-- \/ Yoast SEO plugin. -->","yoast_head_json":{"title":"Duto Flex\u00edvel Aludec - Cia do Vento","robots":{"index":"index","follow":"follow","max-snippet":"max-snippet:-1","max-image-preview":"max-image-preview:large","max-video-preview":"max-video-preview:-1"},"canonical":"https:\/\/ciavento.com.br\/2024\/produto\/acessorios\/duto-flexivel-aludec\/","og_locale":"pt_BR","og_type":"article","og_title":"Duto Flex\u00edvel Aludec - Cia do Vento","og_description":"Acabamento com dupla parede de alum\u00ednio, poli\u00e9ster e espiral de arame bronzeado. Os di\u00e2metros dispon\u00edveis s\u00e3o de 3\u2033 \u00e0 24\u2033 (polegadas). Caracter\u00edsticas:   Polegadas de 3 a 24","og_url":"https:\/\/ciavento.com.br\/2024\/produto\/acessorios\/duto-flexivel-aludec\/","og_site_name":"Cia do Vento","article_modified_time":"2024-05-29T19:41:10+00:00","og_image":[{"width":600,"height":686,"url":"https:\/\/ciavento.com.br\/2024\/wp-content\/uploads\/2024\/05\/duto-flexivel-audec.jpg","type":"image\/jpeg"}],"twitter_card":"summary_large_image","schema":{"@context":"https:\/\/schema.org","@graph":[{"@type":"WebPage","@id":"https:\/\/ciavento.com.br\/2024\/produto\/acessorios\/duto-flexivel-aludec\/","url":"https:\/\/ciavento.com.br\/2024\/produto\/acessorios\/duto-flexivel-aludec\/","name":"Duto Flex\u00edvel Aludec - Cia do Vento","isPartOf":{"@id":"https:\/\/ciavento.com.br\/2024\/#website"},"datePublished":"2024-05-29T19:36:33+00:00","dateModified":"2024-05-29T19:41:10+00:00","breadcrumb":{"@id":"https:\/\/ciavento.com.br\/2024\/produto\/acessorios\/duto-flexivel-aludec\/#breadcrumb"},"inLanguage":"pt-BR","potentialAction":[{"@type":"ReadAction","target":["https:\/\/ciavento.com.br\/2024\/produto\/acessorios\/duto-flexivel-aludec\/"]}]},{"@type":"BreadcrumbList","@id":"https:\/\/ciavento.com.br\/2024\/produto\/acessorios\/duto-flexivel-aludec\/#breadcrumb","itemListElement":[{"@type":"ListItem","position":1,"name":"In\u00edcio","item":"https:\/\/ciavento.com.br\/2024\/"},{"@type":"ListItem","position":2,"name":"Linha de Produtos","item":"https:\/\/ciavento.com.br\/2024\/shop\/"},{"@type":"ListItem","position":3,"name":"Duto Flex\u00edvel Aludec"}]},{"@type":"WebSite","@id":"https:\/\/ciavento.com.br\/2024\/#website","url":"https:\/\/ciavento.com.br\/2024\/","name":"Cia do Vento","description":"VENTILADORES \u00b7 Ver VENTILADORES \u00b7 Ventiladores de Parede \u00b7 Ventiladores de Coluna \u00b7 Ventiladores de Mesa \u00b7 Ventiladores de Teto \u00b7 Circuladores de Ar.","publisher":{"@id":"https:\/\/ciavento.com.br\/2024\/#organization"},"potentialAction":[{"@type":"SearchAction","target":{"@type":"EntryPoint","urlTemplate":"https:\/\/ciavento.com.br\/2024\/?s={search_term_string}"},"query-input":"required name=search_term_string"}],"inLanguage":"pt-BR"},{"@type":"Organization","@id":"https:\/\/ciavento.com.br\/2024\/#organization","name":"Cia do Vento","url":"https:\/\/ciavento.com.br\/2024\/","logo":{"@type":"ImageObject","inLanguage":"pt-BR","@id":"https:\/\/ciavento.com.br\/2024\/#\/schema\/logo\/image\/","url":"https:\/\/ciavento.com.br\/2024\/wp-content\/uploads\/2023\/09\/logo-22.jpg","contentUrl":"https:\/\/ciavento.com.br\/2024\/wp-content\/uploads\/2023\/09\/logo-22.jpg","width":1280,"height":617,"caption":"Cia do Vento"},"image":{"@id":"https:\/\/ciavento.com.br\/2024\/#\/schema\/logo\/image\/"}}]}},"_links":{"self":[{"href":"https:\/\/ciavento.com.br\/2024\/wp-json\/wp\/v2\/product\/5553"}],"collection":[{"href":"https:\/\/ciavento.com.br\/2024\/wp-json\/wp\/v2\/product"}],"about":[{"href":"https:\/\/ciavento.com.br\/2024\/wp-json\/wp\/v2\/types\/product"}],"wp:featuredmedia":[{"embeddable":true,"href":"https:\/\/ciavento.com.br\/2024\/wp-json\/wp\/v2\/media\/5556"}],"wp:attachment":[{"href":"https:\/\/ciavento.com.br\/2024\/wp-json\/wp\/v2\/media?parent=5553"}],"curies":[{"name":"wp","href":"https:\/\/api.w.org\/{rel}","templated":true}]}}