{"id":5588,"date":"2024-06-05T18:18:57","date_gmt":"2024-06-05T21:18:57","guid":{"rendered":"https:\/\/ciavento.com.br\/2024\/?post_type=product&#038;p=5588"},"modified":"2024-06-05T18:23:40","modified_gmt":"2024-06-05T21:23:40","slug":"ventilador-de-parede-goar-de-1-metro-oscilante-2","status":"publish","type":"product","link":"https:\/\/ciavento.com.br\/2024\/produto\/ventiladores\/ventiladores-de-parede\/ventilador-de-parede-goar-de-1-metro-oscilante-2\/","title":{"rendered":"Ventilador de Parede Goar de 1 Metro Oscilante"},"content":{"rendered":"","protected":false},"excerpt":{"rendered":"<p>A melhor solu\u00e7\u00e3o em ventila\u00e7\u00e3o de grandes ambientes e locais com grande concentra\u00e7\u00e3o de pessoas.<br \/>\nDi\u00e2metro da grade: 100cm. Grande vaz\u00e3o e velocidade de ar, proporcionando maior conforto aos usu\u00e1rios mesmo a dist\u00e2ncias maiores. Al\u00e9m disso, possui a melhor rela\u00e7\u00e3o custo-benef\u00edcio, combinando pot\u00eancia e menor consumo de energia.<br \/>\nVentilador oscilante para ventilar uma maior \u00e1rea poss\u00edvel.<br \/>\nEquipamento adequado para ambientes comerciais, granjas, viveiros, avi\u00e1rios, ind\u00fastrias, pavilh\u00f5es de exposi\u00e7\u00f5es, esta\u00e7\u00f5es de trem, metr\u00f4, \u00f4nibus, etc.<\/p>\n<p>Motor de fabrica\u00e7\u00e3o pr\u00f3pria, garantindo maior pot\u00eancia e menor consumo.<br \/>\nVers\u00f5es fixas e oscilantes, parede ou suspensas, monof\u00e1sicas e trif\u00e1sicas.<br \/>\nH\u00e9lices patenteadas que produzem 20% a menos de ru\u00eddo.<br \/>\nProduto 100% fabricado no Brasil, garantindo mais efici\u00eancia e qualidade.<br \/>\n* Modelo trif\u00e1sico n\u00e3o possui chave liga\/desliga.<\/p>\n<p><strong>Especifica\u00e7\u00f5es T\u00e9cnicas:<\/strong><\/p>\n<p>Modelo V100NOM<br \/>\nDi\u00e2metro grade(cm):100<br \/>\nDi\u00e2metro h\u00e9lice(cm):88<br \/>\nAlimenta\u00e7\u00e3o: Monof\u00e1sico\/Trif\u00e1sico<br \/>\nTens\u00e3o (V): 127 \/ 220<br \/>\nPot\u00eancia (cv):1\/2<br \/>\nVaz\u00e3o (m\u00b3\/s): 5,5<br \/>\nRota\u00e7\u00e3o (rpm): 1150<br \/>\nRu\u00eddo (dB): 55<br \/>\n\u00c1rea de abrang\u00eancia (m\u00b2): 100<br \/>\nPeso l\u00edquido (kg): 17,25<br \/>\nPeso bruto (kg): 18,5<\/p>\n","protected":false},"featured_media":5584,"template":"","meta":[],"yoast_head":"<!-- This site is optimized with the Yoast SEO plugin v20.0 - https:\/\/yoast.com\/wordpress\/plugins\/seo\/ -->\n<title>Ventilador de Parede Goar de 1 Metro Oscilante - Cia do Vento<\/title>\n<meta name=\"robots\" content=\"index, follow, max-snippet:-1, max-image-preview:large, max-video-preview:-1\" \/>\n<link rel=\"canonical\" href=\"https:\/\/ciavento.com.br\/2024\/produto\/ventiladores\/ventiladores-de-parede\/ventilador-de-parede-goar-de-1-metro-oscilante-2\/\" \/>\n<meta property=\"og:locale\" content=\"pt_BR\" \/>\n<meta property=\"og:type\" content=\"article\" \/>\n<meta property=\"og:title\" content=\"Ventilador de Parede Goar de 1 Metro Oscilante - Cia do Vento\" \/>\n<meta property=\"og:description\" content=\"A melhor solu\u00e7\u00e3o em ventila\u00e7\u00e3o de grandes ambientes e locais com grande concentra\u00e7\u00e3o de pessoas. Di\u00e2metro da grade: 100cm. Grande vaz\u00e3o e velocidade de ar, proporcionando maior conforto aos usu\u00e1rios mesmo a dist\u00e2ncias maiores. Al\u00e9m disso, possui a melhor rela\u00e7\u00e3o custo-benef\u00edcio, combinando pot\u00eancia e menor consumo de energia. Ventilador oscilante para ventilar uma maior \u00e1rea poss\u00edvel. Equipamento adequado para ambientes comerciais, granjas, viveiros, avi\u00e1rios, ind\u00fastrias, pavilh\u00f5es de exposi\u00e7\u00f5es, esta\u00e7\u00f5es de trem, metr\u00f4, \u00f4nibus, etc.  Motor de fabrica\u00e7\u00e3o pr\u00f3pria, garantindo maior pot\u00eancia e menor consumo. Vers\u00f5es fixas e oscilantes, parede ou suspensas, monof\u00e1sicas e trif\u00e1sicas. H\u00e9lices patenteadas que produzem 20% a menos de ru\u00eddo. Produto 100% fabricado no Brasil, garantindo mais efici\u00eancia e qualidade. * Modelo trif\u00e1sico n\u00e3o possui chave liga\/desliga.  Especifica\u00e7\u00f5es T\u00e9cnicas:  Modelo V100NOM Di\u00e2metro grade(cm):100 Di\u00e2metro h\u00e9lice(cm):88 Alimenta\u00e7\u00e3o: Monof\u00e1sico\/Trif\u00e1sico Tens\u00e3o (V): 127 \/ 220 Pot\u00eancia (cv):1\/2 Vaz\u00e3o (m\u00b3\/s): 5,5 Rota\u00e7\u00e3o (rpm): 1150 Ru\u00eddo (dB): 55 \u00c1rea de abrang\u00eancia (m\u00b2): 100 Peso l\u00edquido (kg): 17,25 Peso bruto (kg): 18,5\" \/>\n<meta property=\"og:url\" content=\"https:\/\/ciavento.com.br\/2024\/produto\/ventiladores\/ventiladores-de-parede\/ventilador-de-parede-goar-de-1-metro-oscilante-2\/\" \/>\n<meta property=\"og:site_name\" content=\"Cia do Vento\" \/>\n<meta property=\"article:modified_time\" content=\"2024-06-05T21:23:40+00:00\" \/>\n<meta property=\"og:image\" content=\"https:\/\/ciavento.com.br\/2024\/wp-content\/uploads\/2022\/09\/ventilador-goar1.jpg\" \/>\n\t<meta property=\"og:image:width\" content=\"600\" \/>\n\t<meta property=\"og:image:height\" content=\"686\" \/>\n\t<meta property=\"og:image:type\" content=\"image\/jpeg\" \/>\n<meta name=\"twitter:card\" content=\"summary_large_image\" \/>\n<script type=\"application\/ld+json\" class=\"yoast-schema-graph\">{\"@context\":\"https:\/\/schema.org\",\"@graph\":[{\"@type\":\"WebPage\",\"@id\":\"https:\/\/ciavento.com.br\/2024\/produto\/ventiladores\/ventiladores-de-parede\/ventilador-de-parede-goar-de-1-metro-oscilante-2\/\",\"url\":\"https:\/\/ciavento.com.br\/2024\/produto\/ventiladores\/ventiladores-de-parede\/ventilador-de-parede-goar-de-1-metro-oscilante-2\/\",\"name\":\"Ventilador de Parede Goar de 1 Metro Oscilante - Cia do Vento\",\"isPartOf\":{\"@id\":\"https:\/\/ciavento.com.br\/2024\/#website\"},\"datePublished\":\"2024-06-05T21:18:57+00:00\",\"dateModified\":\"2024-06-05T21:23:40+00:00\",\"breadcrumb\":{\"@id\":\"https:\/\/ciavento.com.br\/2024\/produto\/ventiladores\/ventiladores-de-parede\/ventilador-de-parede-goar-de-1-metro-oscilante-2\/#breadcrumb\"},\"inLanguage\":\"pt-BR\",\"potentialAction\":[{\"@type\":\"ReadAction\",\"target\":[\"https:\/\/ciavento.com.br\/2024\/produto\/ventiladores\/ventiladores-de-parede\/ventilador-de-parede-goar-de-1-metro-oscilante-2\/\"]}]},{\"@type\":\"BreadcrumbList\",\"@id\":\"https:\/\/ciavento.com.br\/2024\/produto\/ventiladores\/ventiladores-de-parede\/ventilador-de-parede-goar-de-1-metro-oscilante-2\/#breadcrumb\",\"itemListElement\":[{\"@type\":\"ListItem\",\"position\":1,\"name\":\"In\u00edcio\",\"item\":\"https:\/\/ciavento.com.br\/2024\/\"},{\"@type\":\"ListItem\",\"position\":2,\"name\":\"Linha de Produtos\",\"item\":\"https:\/\/ciavento.com.br\/2024\/shop\/\"},{\"@type\":\"ListItem\",\"position\":3,\"name\":\"Ventilador de Parede Goar de 1 Metro Oscilante\"}]},{\"@type\":\"WebSite\",\"@id\":\"https:\/\/ciavento.com.br\/2024\/#website\",\"url\":\"https:\/\/ciavento.com.br\/2024\/\",\"name\":\"Cia do Vento\",\"description\":\"VENTILADORES \u00b7 Ver VENTILADORES \u00b7 Ventiladores de Parede \u00b7 Ventiladores de Coluna \u00b7 Ventiladores de Mesa \u00b7 Ventiladores de Teto \u00b7 Circuladores de Ar.\",\"publisher\":{\"@id\":\"https:\/\/ciavento.com.br\/2024\/#organization\"},\"potentialAction\":[{\"@type\":\"SearchAction\",\"target\":{\"@type\":\"EntryPoint\",\"urlTemplate\":\"https:\/\/ciavento.com.br\/2024\/?s={search_term_string}\"},\"query-input\":\"required name=search_term_string\"}],\"inLanguage\":\"pt-BR\"},{\"@type\":\"Organization\",\"@id\":\"https:\/\/ciavento.com.br\/2024\/#organization\",\"name\":\"Cia do Vento\",\"url\":\"https:\/\/ciavento.com.br\/2024\/\",\"logo\":{\"@type\":\"ImageObject\",\"inLanguage\":\"pt-BR\",\"@id\":\"https:\/\/ciavento.com.br\/2024\/#\/schema\/logo\/image\/\",\"url\":\"https:\/\/ciavento.com.br\/2024\/wp-content\/uploads\/2023\/09\/logo-22.jpg\",\"contentUrl\":\"https:\/\/ciavento.com.br\/2024\/wp-content\/uploads\/2023\/09\/logo-22.jpg\",\"width\":1280,\"height\":617,\"caption\":\"Cia do Vento\"},\"image\":{\"@id\":\"https:\/\/ciavento.com.br\/2024\/#\/schema\/logo\/image\/\"}}]}<\/script>\n<!-- \/ Yoast SEO plugin. -->","yoast_head_json":{"title":"Ventilador de Parede Goar de 1 Metro Oscilante - Cia do Vento","robots":{"index":"index","follow":"follow","max-snippet":"max-snippet:-1","max-image-preview":"max-image-preview:large","max-video-preview":"max-video-preview:-1"},"canonical":"https:\/\/ciavento.com.br\/2024\/produto\/ventiladores\/ventiladores-de-parede\/ventilador-de-parede-goar-de-1-metro-oscilante-2\/","og_locale":"pt_BR","og_type":"article","og_title":"Ventilador de Parede Goar de 1 Metro Oscilante - Cia do Vento","og_description":"A melhor solu\u00e7\u00e3o em ventila\u00e7\u00e3o de grandes ambientes e locais com grande concentra\u00e7\u00e3o de pessoas. Di\u00e2metro da grade: 100cm. Grande vaz\u00e3o e velocidade de ar, proporcionando maior conforto aos usu\u00e1rios mesmo a dist\u00e2ncias maiores. Al\u00e9m disso, possui a melhor rela\u00e7\u00e3o custo-benef\u00edcio, combinando pot\u00eancia e menor consumo de energia. Ventilador oscilante para ventilar uma maior \u00e1rea poss\u00edvel. Equipamento adequado para ambientes comerciais, granjas, viveiros, avi\u00e1rios, ind\u00fastrias, pavilh\u00f5es de exposi\u00e7\u00f5es, esta\u00e7\u00f5es de trem, metr\u00f4, \u00f4nibus, etc.  Motor de fabrica\u00e7\u00e3o pr\u00f3pria, garantindo maior pot\u00eancia e menor consumo. Vers\u00f5es fixas e oscilantes, parede ou suspensas, monof\u00e1sicas e trif\u00e1sicas. H\u00e9lices patenteadas que produzem 20% a menos de ru\u00eddo. Produto 100% fabricado no Brasil, garantindo mais efici\u00eancia e qualidade. * Modelo trif\u00e1sico n\u00e3o possui chave liga\/desliga.  Especifica\u00e7\u00f5es T\u00e9cnicas:  Modelo V100NOM Di\u00e2metro grade(cm):100 Di\u00e2metro h\u00e9lice(cm):88 Alimenta\u00e7\u00e3o: Monof\u00e1sico\/Trif\u00e1sico Tens\u00e3o (V): 127 \/ 220 Pot\u00eancia (cv):1\/2 Vaz\u00e3o (m\u00b3\/s): 5,5 Rota\u00e7\u00e3o (rpm): 1150 Ru\u00eddo (dB): 55 \u00c1rea de abrang\u00eancia (m\u00b2): 100 Peso l\u00edquido (kg): 17,25 Peso bruto (kg): 18,5","og_url":"https:\/\/ciavento.com.br\/2024\/produto\/ventiladores\/ventiladores-de-parede\/ventilador-de-parede-goar-de-1-metro-oscilante-2\/","og_site_name":"Cia do Vento","article_modified_time":"2024-06-05T21:23:40+00:00","og_image":[{"width":600,"height":686,"url":"https:\/\/ciavento.com.br\/2024\/wp-content\/uploads\/2022\/09\/ventilador-goar1.jpg","type":"image\/jpeg"}],"twitter_card":"summary_large_image","schema":{"@context":"https:\/\/schema.org","@graph":[{"@type":"WebPage","@id":"https:\/\/ciavento.com.br\/2024\/produto\/ventiladores\/ventiladores-de-parede\/ventilador-de-parede-goar-de-1-metro-oscilante-2\/","url":"https:\/\/ciavento.com.br\/2024\/produto\/ventiladores\/ventiladores-de-parede\/ventilador-de-parede-goar-de-1-metro-oscilante-2\/","name":"Ventilador de Parede Goar de 1 Metro Oscilante - Cia do Vento","isPartOf":{"@id":"https:\/\/ciavento.com.br\/2024\/#website"},"datePublished":"2024-06-05T21:18:57+00:00","dateModified":"2024-06-05T21:23:40+00:00","breadcrumb":{"@id":"https:\/\/ciavento.com.br\/2024\/produto\/ventiladores\/ventiladores-de-parede\/ventilador-de-parede-goar-de-1-metro-oscilante-2\/#breadcrumb"},"inLanguage":"pt-BR","potentialAction":[{"@type":"ReadAction","target":["https:\/\/ciavento.com.br\/2024\/produto\/ventiladores\/ventiladores-de-parede\/ventilador-de-parede-goar-de-1-metro-oscilante-2\/"]}]},{"@type":"BreadcrumbList","@id":"https:\/\/ciavento.com.br\/2024\/produto\/ventiladores\/ventiladores-de-parede\/ventilador-de-parede-goar-de-1-metro-oscilante-2\/#breadcrumb","itemListElement":[{"@type":"ListItem","position":1,"name":"In\u00edcio","item":"https:\/\/ciavento.com.br\/2024\/"},{"@type":"ListItem","position":2,"name":"Linha de Produtos","item":"https:\/\/ciavento.com.br\/2024\/shop\/"},{"@type":"ListItem","position":3,"name":"Ventilador de Parede Goar de 1 Metro Oscilante"}]},{"@type":"WebSite","@id":"https:\/\/ciavento.com.br\/2024\/#website","url":"https:\/\/ciavento.com.br\/2024\/","name":"Cia do Vento","description":"VENTILADORES \u00b7 Ver VENTILADORES \u00b7 Ventiladores de Parede \u00b7 Ventiladores de Coluna \u00b7 Ventiladores de Mesa \u00b7 Ventiladores de Teto \u00b7 Circuladores de Ar.","publisher":{"@id":"https:\/\/ciavento.com.br\/2024\/#organization"},"potentialAction":[{"@type":"SearchAction","target":{"@type":"EntryPoint","urlTemplate":"https:\/\/ciavento.com.br\/2024\/?s={search_term_string}"},"query-input":"required name=search_term_string"}],"inLanguage":"pt-BR"},{"@type":"Organization","@id":"https:\/\/ciavento.com.br\/2024\/#organization","name":"Cia do Vento","url":"https:\/\/ciavento.com.br\/2024\/","logo":{"@type":"ImageObject","inLanguage":"pt-BR","@id":"https:\/\/ciavento.com.br\/2024\/#\/schema\/logo\/image\/","url":"https:\/\/ciavento.com.br\/2024\/wp-content\/uploads\/2023\/09\/logo-22.jpg","contentUrl":"https:\/\/ciavento.com.br\/2024\/wp-content\/uploads\/2023\/09\/logo-22.jpg","width":1280,"height":617,"caption":"Cia do Vento"},"image":{"@id":"https:\/\/ciavento.com.br\/2024\/#\/schema\/logo\/image\/"}}]}},"_links":{"self":[{"href":"https:\/\/ciavento.com.br\/2024\/wp-json\/wp\/v2\/product\/5588"}],"collection":[{"href":"https:\/\/ciavento.com.br\/2024\/wp-json\/wp\/v2\/product"}],"about":[{"href":"https:\/\/ciavento.com.br\/2024\/wp-json\/wp\/v2\/types\/product"}],"wp:featuredmedia":[{"embeddable":true,"href":"https:\/\/ciavento.com.br\/2024\/wp-json\/wp\/v2\/media\/5584"}],"wp:attachment":[{"href":"https:\/\/ciavento.com.br\/2024\/wp-json\/wp\/v2\/media?parent=5588"}],"curies":[{"name":"wp","href":"https:\/\/api.w.org\/{rel}","templated":true}]}}