{"id":5618,"date":"2024-06-06T16:57:57","date_gmt":"2024-06-06T19:57:57","guid":{"rendered":"https:\/\/ciavento.com.br\/2024\/?post_type=product&#038;p=5618"},"modified":"2024-06-06T16:57:58","modified_gmt":"2024-06-06T19:57:58","slug":"exaustores-industriais-limit-load-cli-550","status":"publish","type":"product","link":"https:\/\/ciavento.com.br\/2024\/produto\/exaustores\/exaustores-industriais\/exaustores-industriais-limit-load-cli-550\/","title":{"rendered":"Exaustores Industriais Limit Load CLI 550"},"content":{"rendered":"","protected":false},"excerpt":{"rendered":"<p>Os Exaustores Industriais Limit Load CLI 550 fazem parte da linha de exaustores centr\u00edfugos, com alta capacidade e baixo n\u00edvel de ru\u00eddo. S\u00e3o produtos ideais para renova\u00e7\u00e3o e limpeza do ar em ambientes industriais.<\/p>\n<h3 class=\"title35 azule Mb30\">Caracter\u00edsticas:<\/h3>\n<ul class=\"caracteristicas\">\n<li>Motor 5HP<\/li>\n<li>Rota\u00e7\u00e3o 1750 rpm<\/li>\n<li>Vaz\u00e3o 180 m3\/min<\/li>\n<li>Trif\u00e1sico 220\/380v<\/li>\n<li>Press\u00e3o est\u00e1tica 70 (mmca)<\/li>\n<li>Modelo CLI 550<\/li>\n<\/ul>\n","protected":false},"featured_media":5614,"template":"","meta":[],"yoast_head":"<!-- This site is optimized with the Yoast SEO plugin v20.0 - https:\/\/yoast.com\/wordpress\/plugins\/seo\/ -->\n<title>Exaustores Industriais Limit Load CLI 550 - Cia do Vento<\/title>\n<meta name=\"robots\" content=\"index, follow, max-snippet:-1, max-image-preview:large, max-video-preview:-1\" \/>\n<link rel=\"canonical\" href=\"https:\/\/ciavento.com.br\/2024\/produto\/exaustores\/exaustores-industriais\/exaustores-industriais-limit-load-cli-550\/\" \/>\n<meta property=\"og:locale\" content=\"pt_BR\" \/>\n<meta property=\"og:type\" content=\"article\" \/>\n<meta property=\"og:title\" content=\"Exaustores Industriais Limit Load CLI 550 - Cia do Vento\" \/>\n<meta property=\"og:description\" content=\"Os Exaustores Industriais Limit Load CLI 550 fazem parte da linha de exaustores centr\u00edfugos, com alta capacidade e baixo n\u00edvel de ru\u00eddo. S\u00e3o produtos ideais para renova\u00e7\u00e3o e limpeza do ar em ambientes industriais. Caracter\u00edsticas:   Motor 5HP  Rota\u00e7\u00e3o 1750 rpm  Vaz\u00e3o 180 m3\/min  Trif\u00e1sico 220\/380v  Press\u00e3o est\u00e1tica 70 (mmca)  Modelo CLI 550\" \/>\n<meta property=\"og:url\" content=\"https:\/\/ciavento.com.br\/2024\/produto\/exaustores\/exaustores-industriais\/exaustores-industriais-limit-load-cli-550\/\" \/>\n<meta property=\"og:site_name\" content=\"Cia do Vento\" \/>\n<meta property=\"article:modified_time\" content=\"2024-06-06T19:57:58+00:00\" \/>\n<meta property=\"og:image\" content=\"https:\/\/ciavento.com.br\/2024\/wp-content\/uploads\/2024\/06\/exaustores-industriais1.jpg\" \/>\n\t<meta property=\"og:image:width\" content=\"600\" \/>\n\t<meta property=\"og:image:height\" content=\"686\" \/>\n\t<meta property=\"og:image:type\" content=\"image\/jpeg\" \/>\n<meta name=\"twitter:card\" content=\"summary_large_image\" \/>\n<script type=\"application\/ld+json\" class=\"yoast-schema-graph\">{\"@context\":\"https:\/\/schema.org\",\"@graph\":[{\"@type\":\"WebPage\",\"@id\":\"https:\/\/ciavento.com.br\/2024\/produto\/exaustores\/exaustores-industriais\/exaustores-industriais-limit-load-cli-550\/\",\"url\":\"https:\/\/ciavento.com.br\/2024\/produto\/exaustores\/exaustores-industriais\/exaustores-industriais-limit-load-cli-550\/\",\"name\":\"Exaustores Industriais Limit Load CLI 550 - Cia do Vento\",\"isPartOf\":{\"@id\":\"https:\/\/ciavento.com.br\/2024\/#website\"},\"datePublished\":\"2024-06-06T19:57:57+00:00\",\"dateModified\":\"2024-06-06T19:57:58+00:00\",\"breadcrumb\":{\"@id\":\"https:\/\/ciavento.com.br\/2024\/produto\/exaustores\/exaustores-industriais\/exaustores-industriais-limit-load-cli-550\/#breadcrumb\"},\"inLanguage\":\"pt-BR\",\"potentialAction\":[{\"@type\":\"ReadAction\",\"target\":[\"https:\/\/ciavento.com.br\/2024\/produto\/exaustores\/exaustores-industriais\/exaustores-industriais-limit-load-cli-550\/\"]}]},{\"@type\":\"BreadcrumbList\",\"@id\":\"https:\/\/ciavento.com.br\/2024\/produto\/exaustores\/exaustores-industriais\/exaustores-industriais-limit-load-cli-550\/#breadcrumb\",\"itemListElement\":[{\"@type\":\"ListItem\",\"position\":1,\"name\":\"In\u00edcio\",\"item\":\"https:\/\/ciavento.com.br\/2024\/\"},{\"@type\":\"ListItem\",\"position\":2,\"name\":\"Linha de Produtos\",\"item\":\"https:\/\/ciavento.com.br\/2024\/shop\/\"},{\"@type\":\"ListItem\",\"position\":3,\"name\":\"Exaustores Industriais Limit Load CLI 550\"}]},{\"@type\":\"WebSite\",\"@id\":\"https:\/\/ciavento.com.br\/2024\/#website\",\"url\":\"https:\/\/ciavento.com.br\/2024\/\",\"name\":\"Cia do Vento\",\"description\":\"VENTILADORES \u00b7 Ver VENTILADORES \u00b7 Ventiladores de Parede \u00b7 Ventiladores de Coluna \u00b7 Ventiladores de Mesa \u00b7 Ventiladores de Teto \u00b7 Circuladores de Ar.\",\"publisher\":{\"@id\":\"https:\/\/ciavento.com.br\/2024\/#organization\"},\"potentialAction\":[{\"@type\":\"SearchAction\",\"target\":{\"@type\":\"EntryPoint\",\"urlTemplate\":\"https:\/\/ciavento.com.br\/2024\/?s={search_term_string}\"},\"query-input\":\"required name=search_term_string\"}],\"inLanguage\":\"pt-BR\"},{\"@type\":\"Organization\",\"@id\":\"https:\/\/ciavento.com.br\/2024\/#organization\",\"name\":\"Cia do Vento\",\"url\":\"https:\/\/ciavento.com.br\/2024\/\",\"logo\":{\"@type\":\"ImageObject\",\"inLanguage\":\"pt-BR\",\"@id\":\"https:\/\/ciavento.com.br\/2024\/#\/schema\/logo\/image\/\",\"url\":\"https:\/\/ciavento.com.br\/2024\/wp-content\/uploads\/2023\/09\/logo-22.jpg\",\"contentUrl\":\"https:\/\/ciavento.com.br\/2024\/wp-content\/uploads\/2023\/09\/logo-22.jpg\",\"width\":1280,\"height\":617,\"caption\":\"Cia do Vento\"},\"image\":{\"@id\":\"https:\/\/ciavento.com.br\/2024\/#\/schema\/logo\/image\/\"}}]}<\/script>\n<!-- \/ Yoast SEO plugin. -->","yoast_head_json":{"title":"Exaustores Industriais Limit Load CLI 550 - Cia do Vento","robots":{"index":"index","follow":"follow","max-snippet":"max-snippet:-1","max-image-preview":"max-image-preview:large","max-video-preview":"max-video-preview:-1"},"canonical":"https:\/\/ciavento.com.br\/2024\/produto\/exaustores\/exaustores-industriais\/exaustores-industriais-limit-load-cli-550\/","og_locale":"pt_BR","og_type":"article","og_title":"Exaustores Industriais Limit Load CLI 550 - Cia do Vento","og_description":"Os Exaustores Industriais Limit Load CLI 550 fazem parte da linha de exaustores centr\u00edfugos, com alta capacidade e baixo n\u00edvel de ru\u00eddo. S\u00e3o produtos ideais para renova\u00e7\u00e3o e limpeza do ar em ambientes industriais. Caracter\u00edsticas:   Motor 5HP  Rota\u00e7\u00e3o 1750 rpm  Vaz\u00e3o 180 m3\/min  Trif\u00e1sico 220\/380v  Press\u00e3o est\u00e1tica 70 (mmca)  Modelo CLI 550","og_url":"https:\/\/ciavento.com.br\/2024\/produto\/exaustores\/exaustores-industriais\/exaustores-industriais-limit-load-cli-550\/","og_site_name":"Cia do Vento","article_modified_time":"2024-06-06T19:57:58+00:00","og_image":[{"width":600,"height":686,"url":"https:\/\/ciavento.com.br\/2024\/wp-content\/uploads\/2024\/06\/exaustores-industriais1.jpg","type":"image\/jpeg"}],"twitter_card":"summary_large_image","schema":{"@context":"https:\/\/schema.org","@graph":[{"@type":"WebPage","@id":"https:\/\/ciavento.com.br\/2024\/produto\/exaustores\/exaustores-industriais\/exaustores-industriais-limit-load-cli-550\/","url":"https:\/\/ciavento.com.br\/2024\/produto\/exaustores\/exaustores-industriais\/exaustores-industriais-limit-load-cli-550\/","name":"Exaustores Industriais Limit Load CLI 550 - Cia do Vento","isPartOf":{"@id":"https:\/\/ciavento.com.br\/2024\/#website"},"datePublished":"2024-06-06T19:57:57+00:00","dateModified":"2024-06-06T19:57:58+00:00","breadcrumb":{"@id":"https:\/\/ciavento.com.br\/2024\/produto\/exaustores\/exaustores-industriais\/exaustores-industriais-limit-load-cli-550\/#breadcrumb"},"inLanguage":"pt-BR","potentialAction":[{"@type":"ReadAction","target":["https:\/\/ciavento.com.br\/2024\/produto\/exaustores\/exaustores-industriais\/exaustores-industriais-limit-load-cli-550\/"]}]},{"@type":"BreadcrumbList","@id":"https:\/\/ciavento.com.br\/2024\/produto\/exaustores\/exaustores-industriais\/exaustores-industriais-limit-load-cli-550\/#breadcrumb","itemListElement":[{"@type":"ListItem","position":1,"name":"In\u00edcio","item":"https:\/\/ciavento.com.br\/2024\/"},{"@type":"ListItem","position":2,"name":"Linha de Produtos","item":"https:\/\/ciavento.com.br\/2024\/shop\/"},{"@type":"ListItem","position":3,"name":"Exaustores Industriais Limit Load CLI 550"}]},{"@type":"WebSite","@id":"https:\/\/ciavento.com.br\/2024\/#website","url":"https:\/\/ciavento.com.br\/2024\/","name":"Cia do Vento","description":"VENTILADORES \u00b7 Ver VENTILADORES \u00b7 Ventiladores de Parede \u00b7 Ventiladores de Coluna \u00b7 Ventiladores de Mesa \u00b7 Ventiladores de Teto \u00b7 Circuladores de Ar.","publisher":{"@id":"https:\/\/ciavento.com.br\/2024\/#organization"},"potentialAction":[{"@type":"SearchAction","target":{"@type":"EntryPoint","urlTemplate":"https:\/\/ciavento.com.br\/2024\/?s={search_term_string}"},"query-input":"required name=search_term_string"}],"inLanguage":"pt-BR"},{"@type":"Organization","@id":"https:\/\/ciavento.com.br\/2024\/#organization","name":"Cia do Vento","url":"https:\/\/ciavento.com.br\/2024\/","logo":{"@type":"ImageObject","inLanguage":"pt-BR","@id":"https:\/\/ciavento.com.br\/2024\/#\/schema\/logo\/image\/","url":"https:\/\/ciavento.com.br\/2024\/wp-content\/uploads\/2023\/09\/logo-22.jpg","contentUrl":"https:\/\/ciavento.com.br\/2024\/wp-content\/uploads\/2023\/09\/logo-22.jpg","width":1280,"height":617,"caption":"Cia do Vento"},"image":{"@id":"https:\/\/ciavento.com.br\/2024\/#\/schema\/logo\/image\/"}}]}},"_links":{"self":[{"href":"https:\/\/ciavento.com.br\/2024\/wp-json\/wp\/v2\/product\/5618"}],"collection":[{"href":"https:\/\/ciavento.com.br\/2024\/wp-json\/wp\/v2\/product"}],"about":[{"href":"https:\/\/ciavento.com.br\/2024\/wp-json\/wp\/v2\/types\/product"}],"wp:featuredmedia":[{"embeddable":true,"href":"https:\/\/ciavento.com.br\/2024\/wp-json\/wp\/v2\/media\/5614"}],"wp:attachment":[{"href":"https:\/\/ciavento.com.br\/2024\/wp-json\/wp\/v2\/media?parent=5618"}],"curies":[{"name":"wp","href":"https:\/\/api.w.org\/{rel}","templated":true}]}}