{"id":5685,"date":"2024-06-11T16:25:30","date_gmt":"2024-06-11T19:25:30","guid":{"rendered":"https:\/\/ciavento.com.br\/2024\/?post_type=product&#038;p=5685"},"modified":"2024-06-11T16:32:36","modified_gmt":"2024-06-11T19:32:36","slug":"exaustor-fan-cooler-ecv-60-t4-fc","status":"publish","type":"product","link":"https:\/\/ciavento.com.br\/2024\/produto\/exaustores\/exaustores-fan-cooler\/exaustor-fan-cooler-ecv-60-t4-fc\/","title":{"rendered":"Exaustor Fan Cooler ECV 60 T4 FC"},"content":{"rendered":"","protected":false},"excerpt":{"rendered":"<p>Exaustor ECV 60 T4 FC \u00e9 um modelo de exaustor da linha dos Fan Coolers com baixo n\u00edvel de ru\u00eddo e ideal para ventila\u00e7\u00e3o e exaust\u00e3o direcionada e por serem equipamentos port\u00e1teis, permitem o uso dos ECV 60 T4 FC Fan Cooler em diferentes ambientes sem a necessidade de instala\u00e7\u00f5es.<\/p>\n<h3 class=\"title35 azule Mb30\">Caracter\u00edsticas:<\/h3>\n<ul class=\"caracteristicas\">\n<li>Dimens\u00e3o: 600&#215;350<\/li>\n<li>Pot\u00eancia: 1. \u00bd CV<\/li>\n<li>Voltagem: 220\/380<\/li>\n<li>Rota\u00e7\u00e3o: 1750 rpm<\/li>\n<li>Vaz\u00e3o: 190<\/li>\n<li>Press\u00e3o: 18<\/li>\n<li>Ru\u00eddo: 90<\/li>\n<li>H\u00e9lice (P\u00e1s): NY\/6<\/li>\n<li>Peso: 42<\/li>\n<li>Trif\u00e1sico<\/li>\n<\/ul>\n","protected":false},"featured_media":5688,"template":"","meta":[],"yoast_head":"<!-- This site is optimized with the Yoast SEO plugin v20.0 - https:\/\/yoast.com\/wordpress\/plugins\/seo\/ -->\n<title>Exaustor Fan Cooler ECV 60 T4 FC - Cia do Vento<\/title>\n<meta name=\"robots\" content=\"index, follow, max-snippet:-1, max-image-preview:large, max-video-preview:-1\" \/>\n<link rel=\"canonical\" href=\"https:\/\/ciavento.com.br\/2024\/produto\/exaustores\/exaustores-fan-cooler\/exaustor-fan-cooler-ecv-60-t4-fc\/\" \/>\n<meta property=\"og:locale\" content=\"pt_BR\" \/>\n<meta property=\"og:type\" content=\"article\" \/>\n<meta property=\"og:title\" content=\"Exaustor Fan Cooler ECV 60 T4 FC - Cia do Vento\" \/>\n<meta property=\"og:description\" content=\"Exaustor ECV 60 T4 FC \u00e9 um modelo de exaustor da linha dos Fan Coolers com baixo n\u00edvel de ru\u00eddo e ideal para ventila\u00e7\u00e3o e exaust\u00e3o direcionada e por serem equipamentos port\u00e1teis, permitem o uso dos ECV 60 T4 FC Fan Cooler em diferentes ambientes sem a necessidade de instala\u00e7\u00f5es. Caracter\u00edsticas:   Dimens\u00e3o: 600x350  Pot\u00eancia: 1. \u00bd CV  Voltagem: 220\/380  Rota\u00e7\u00e3o: 1750 rpm  Vaz\u00e3o: 190  Press\u00e3o: 18  Ru\u00eddo: 90  H\u00e9lice (P\u00e1s): NY\/6  Peso: 42  Trif\u00e1sico\" \/>\n<meta property=\"og:url\" content=\"https:\/\/ciavento.com.br\/2024\/produto\/exaustores\/exaustores-fan-cooler\/exaustor-fan-cooler-ecv-60-t4-fc\/\" \/>\n<meta property=\"og:site_name\" content=\"Cia do Vento\" \/>\n<meta property=\"article:modified_time\" content=\"2024-06-11T19:32:36+00:00\" \/>\n<meta property=\"og:image\" content=\"https:\/\/ciavento.com.br\/2024\/wp-content\/uploads\/2024\/06\/exaustor-fan-cooler1.jpg\" \/>\n\t<meta property=\"og:image:width\" content=\"600\" \/>\n\t<meta property=\"og:image:height\" content=\"686\" \/>\n\t<meta property=\"og:image:type\" content=\"image\/jpeg\" \/>\n<meta name=\"twitter:card\" content=\"summary_large_image\" \/>\n<script type=\"application\/ld+json\" class=\"yoast-schema-graph\">{\"@context\":\"https:\/\/schema.org\",\"@graph\":[{\"@type\":\"WebPage\",\"@id\":\"https:\/\/ciavento.com.br\/2024\/produto\/exaustores\/exaustores-fan-cooler\/exaustor-fan-cooler-ecv-60-t4-fc\/\",\"url\":\"https:\/\/ciavento.com.br\/2024\/produto\/exaustores\/exaustores-fan-cooler\/exaustor-fan-cooler-ecv-60-t4-fc\/\",\"name\":\"Exaustor Fan Cooler ECV 60 T4 FC - Cia do Vento\",\"isPartOf\":{\"@id\":\"https:\/\/ciavento.com.br\/2024\/#website\"},\"datePublished\":\"2024-06-11T19:25:30+00:00\",\"dateModified\":\"2024-06-11T19:32:36+00:00\",\"breadcrumb\":{\"@id\":\"https:\/\/ciavento.com.br\/2024\/produto\/exaustores\/exaustores-fan-cooler\/exaustor-fan-cooler-ecv-60-t4-fc\/#breadcrumb\"},\"inLanguage\":\"pt-BR\",\"potentialAction\":[{\"@type\":\"ReadAction\",\"target\":[\"https:\/\/ciavento.com.br\/2024\/produto\/exaustores\/exaustores-fan-cooler\/exaustor-fan-cooler-ecv-60-t4-fc\/\"]}]},{\"@type\":\"BreadcrumbList\",\"@id\":\"https:\/\/ciavento.com.br\/2024\/produto\/exaustores\/exaustores-fan-cooler\/exaustor-fan-cooler-ecv-60-t4-fc\/#breadcrumb\",\"itemListElement\":[{\"@type\":\"ListItem\",\"position\":1,\"name\":\"In\u00edcio\",\"item\":\"https:\/\/ciavento.com.br\/2024\/\"},{\"@type\":\"ListItem\",\"position\":2,\"name\":\"Linha de Produtos\",\"item\":\"https:\/\/ciavento.com.br\/2024\/shop\/\"},{\"@type\":\"ListItem\",\"position\":3,\"name\":\"Exaustor Fan Cooler ECV 60 T4 FC\"}]},{\"@type\":\"WebSite\",\"@id\":\"https:\/\/ciavento.com.br\/2024\/#website\",\"url\":\"https:\/\/ciavento.com.br\/2024\/\",\"name\":\"Cia do Vento\",\"description\":\"VENTILADORES \u00b7 Ver VENTILADORES \u00b7 Ventiladores de Parede \u00b7 Ventiladores de Coluna \u00b7 Ventiladores de Mesa \u00b7 Ventiladores de Teto \u00b7 Circuladores de Ar.\",\"publisher\":{\"@id\":\"https:\/\/ciavento.com.br\/2024\/#organization\"},\"potentialAction\":[{\"@type\":\"SearchAction\",\"target\":{\"@type\":\"EntryPoint\",\"urlTemplate\":\"https:\/\/ciavento.com.br\/2024\/?s={search_term_string}\"},\"query-input\":\"required name=search_term_string\"}],\"inLanguage\":\"pt-BR\"},{\"@type\":\"Organization\",\"@id\":\"https:\/\/ciavento.com.br\/2024\/#organization\",\"name\":\"Cia do Vento\",\"url\":\"https:\/\/ciavento.com.br\/2024\/\",\"logo\":{\"@type\":\"ImageObject\",\"inLanguage\":\"pt-BR\",\"@id\":\"https:\/\/ciavento.com.br\/2024\/#\/schema\/logo\/image\/\",\"url\":\"https:\/\/ciavento.com.br\/2024\/wp-content\/uploads\/2023\/09\/logo-22.jpg\",\"contentUrl\":\"https:\/\/ciavento.com.br\/2024\/wp-content\/uploads\/2023\/09\/logo-22.jpg\",\"width\":1280,\"height\":617,\"caption\":\"Cia do Vento\"},\"image\":{\"@id\":\"https:\/\/ciavento.com.br\/2024\/#\/schema\/logo\/image\/\"}}]}<\/script>\n<!-- \/ Yoast SEO plugin. -->","yoast_head_json":{"title":"Exaustor Fan Cooler ECV 60 T4 FC - Cia do Vento","robots":{"index":"index","follow":"follow","max-snippet":"max-snippet:-1","max-image-preview":"max-image-preview:large","max-video-preview":"max-video-preview:-1"},"canonical":"https:\/\/ciavento.com.br\/2024\/produto\/exaustores\/exaustores-fan-cooler\/exaustor-fan-cooler-ecv-60-t4-fc\/","og_locale":"pt_BR","og_type":"article","og_title":"Exaustor Fan Cooler ECV 60 T4 FC - Cia do Vento","og_description":"Exaustor ECV 60 T4 FC \u00e9 um modelo de exaustor da linha dos Fan Coolers com baixo n\u00edvel de ru\u00eddo e ideal para ventila\u00e7\u00e3o e exaust\u00e3o direcionada e por serem equipamentos port\u00e1teis, permitem o uso dos ECV 60 T4 FC Fan Cooler em diferentes ambientes sem a necessidade de instala\u00e7\u00f5es. Caracter\u00edsticas:   Dimens\u00e3o: 600x350  Pot\u00eancia: 1. \u00bd CV  Voltagem: 220\/380  Rota\u00e7\u00e3o: 1750 rpm  Vaz\u00e3o: 190  Press\u00e3o: 18  Ru\u00eddo: 90  H\u00e9lice (P\u00e1s): NY\/6  Peso: 42  Trif\u00e1sico","og_url":"https:\/\/ciavento.com.br\/2024\/produto\/exaustores\/exaustores-fan-cooler\/exaustor-fan-cooler-ecv-60-t4-fc\/","og_site_name":"Cia do Vento","article_modified_time":"2024-06-11T19:32:36+00:00","og_image":[{"width":600,"height":686,"url":"https:\/\/ciavento.com.br\/2024\/wp-content\/uploads\/2024\/06\/exaustor-fan-cooler1.jpg","type":"image\/jpeg"}],"twitter_card":"summary_large_image","schema":{"@context":"https:\/\/schema.org","@graph":[{"@type":"WebPage","@id":"https:\/\/ciavento.com.br\/2024\/produto\/exaustores\/exaustores-fan-cooler\/exaustor-fan-cooler-ecv-60-t4-fc\/","url":"https:\/\/ciavento.com.br\/2024\/produto\/exaustores\/exaustores-fan-cooler\/exaustor-fan-cooler-ecv-60-t4-fc\/","name":"Exaustor Fan Cooler ECV 60 T4 FC - Cia do Vento","isPartOf":{"@id":"https:\/\/ciavento.com.br\/2024\/#website"},"datePublished":"2024-06-11T19:25:30+00:00","dateModified":"2024-06-11T19:32:36+00:00","breadcrumb":{"@id":"https:\/\/ciavento.com.br\/2024\/produto\/exaustores\/exaustores-fan-cooler\/exaustor-fan-cooler-ecv-60-t4-fc\/#breadcrumb"},"inLanguage":"pt-BR","potentialAction":[{"@type":"ReadAction","target":["https:\/\/ciavento.com.br\/2024\/produto\/exaustores\/exaustores-fan-cooler\/exaustor-fan-cooler-ecv-60-t4-fc\/"]}]},{"@type":"BreadcrumbList","@id":"https:\/\/ciavento.com.br\/2024\/produto\/exaustores\/exaustores-fan-cooler\/exaustor-fan-cooler-ecv-60-t4-fc\/#breadcrumb","itemListElement":[{"@type":"ListItem","position":1,"name":"In\u00edcio","item":"https:\/\/ciavento.com.br\/2024\/"},{"@type":"ListItem","position":2,"name":"Linha de Produtos","item":"https:\/\/ciavento.com.br\/2024\/shop\/"},{"@type":"ListItem","position":3,"name":"Exaustor Fan Cooler ECV 60 T4 FC"}]},{"@type":"WebSite","@id":"https:\/\/ciavento.com.br\/2024\/#website","url":"https:\/\/ciavento.com.br\/2024\/","name":"Cia do Vento","description":"VENTILADORES \u00b7 Ver VENTILADORES \u00b7 Ventiladores de Parede \u00b7 Ventiladores de Coluna \u00b7 Ventiladores de Mesa \u00b7 Ventiladores de Teto \u00b7 Circuladores de Ar.","publisher":{"@id":"https:\/\/ciavento.com.br\/2024\/#organization"},"potentialAction":[{"@type":"SearchAction","target":{"@type":"EntryPoint","urlTemplate":"https:\/\/ciavento.com.br\/2024\/?s={search_term_string}"},"query-input":"required name=search_term_string"}],"inLanguage":"pt-BR"},{"@type":"Organization","@id":"https:\/\/ciavento.com.br\/2024\/#organization","name":"Cia do Vento","url":"https:\/\/ciavento.com.br\/2024\/","logo":{"@type":"ImageObject","inLanguage":"pt-BR","@id":"https:\/\/ciavento.com.br\/2024\/#\/schema\/logo\/image\/","url":"https:\/\/ciavento.com.br\/2024\/wp-content\/uploads\/2023\/09\/logo-22.jpg","contentUrl":"https:\/\/ciavento.com.br\/2024\/wp-content\/uploads\/2023\/09\/logo-22.jpg","width":1280,"height":617,"caption":"Cia do Vento"},"image":{"@id":"https:\/\/ciavento.com.br\/2024\/#\/schema\/logo\/image\/"}}]}},"_links":{"self":[{"href":"https:\/\/ciavento.com.br\/2024\/wp-json\/wp\/v2\/product\/5685"}],"collection":[{"href":"https:\/\/ciavento.com.br\/2024\/wp-json\/wp\/v2\/product"}],"about":[{"href":"https:\/\/ciavento.com.br\/2024\/wp-json\/wp\/v2\/types\/product"}],"wp:featuredmedia":[{"embeddable":true,"href":"https:\/\/ciavento.com.br\/2024\/wp-json\/wp\/v2\/media\/5688"}],"wp:attachment":[{"href":"https:\/\/ciavento.com.br\/2024\/wp-json\/wp\/v2\/media?parent=5685"}],"curies":[{"name":"wp","href":"https:\/\/api.w.org\/{rel}","templated":true}]}}